{"id":4378,"date":"2026-03-18T06:18:27","date_gmt":"2026-03-18T06:18:27","guid":{"rendered":"https:\/\/soydeaqui.ddns.net\/pachuca\/index.php\/producto\/detector-de-movimiento-prosix-patron-de-deteccion-12-m-x-17-m-rango-de-transmision-92-m-frecuencia-rf-2-4-ghz-cifrado-aes-128-bits-proteccion-anti-tamper-2\/"},"modified":"2026-03-18T06:18:30","modified_gmt":"2026-03-18T06:18:30","slug":"detector-de-movimiento-prosix-patron-de-deteccion-12-m-x-17-m-rango-de-transmision-92-m-frecuencia-rf-2-4-ghz-cifrado-aes-128-bits-proteccion-anti-tamper-2","status":"publish","type":"product","link":"https:\/\/soydeaqui.ddns.net\/pachuca\/index.php\/producto\/detector-de-movimiento-prosix-patron-de-deteccion-12-m-x-17-m-rango-de-transmision-92-m-frecuencia-rf-2-4-ghz-cifrado-aes-128-bits-proteccion-anti-tamper-2\/","title":{"rendered":"Detector de Movimiento ProSix \/ Patr\u00f3n de Detecci\u00f3n 12 m x 17 m \/ Rango de Transmisi\u00f3n 92 m \/ Frecuencia RF 2.4 GHz \/ Cifrado AES 128 bits \/ Protecci\u00f3n Anti-Tamper"},"content":{"rendered":"<div style='width: 100%; max-width: 1200px; margin: 0 auto; font-family: sans-serif; line-height: 1.6; color: inherit; background-color: transparent;'>\n<div style='display: flex; flex-wrap: wrap; gap: 30px; margin-bottom: 30px;'>\n<div style='flex: 1 1 300px; min-width: 280px;'>\n<h3 style='font-size: 22px; border-bottom: 2px solid currentColor; padding-bottom: 5px; margin-top: 0; color: inherit; opacity: 0.8;'>Descripci\u00f3n General<\/h3>\n<p style='font-size: 15px; color: inherit; margin-bottom: 15px;'>El detector de movimiento ProSix es una soluci\u00f3n avanzada para la seguridad del hogar&comma; aprovechando la tecnolog\u00eda inal\u00e1mbrica de \u00faltima generaci\u00f3n. Dise\u00f1ado para ofrecer una instalaci\u00f3n r\u00e1pida y mantenibilidad con funciones de diagn\u00f3stico remoto&comma; asegura el m\u00e1s alto nivel de protecci\u00f3n cifrada de datos con su tecnolog\u00eda AES de 128 bits. Compatible con la plataforma Resideo ProSeries&comma; permite accesos c\u00f3modos e inmediatos a funciones cruciales del sistema.<\/p>\n<\/p><\/div>\n<\/p><\/div>\n<div style='display: flex; flex-wrap: wrap; gap: 20px; margin-bottom: 30px;'>\n<div style='flex: 1 1 250px; border: 1px solid rgba(150&comma; 150&comma; 150&comma; 0.4); border-radius: 8px; overflow: hidden; display: flex; flex-direction: column;'>\n<div style='padding: 15px; border-bottom: 1px solid rgba(150&comma; 150&comma; 150&comma; 0.2); font-weight: bold; font-size: 18px; color: inherit;'>Caracter\u00edsticas Principales<\/div>\n<div style='padding: 15px; color: inherit;'>\n<ul style='padding-left: 20px; margin: 0; font-size: 14px; list-style-type: disc;'>\n<li style='margin-bottom: 5px;'>Patr\u00f3n de detecci\u00f3n: 12 m x 17 m<\/li>\n<li style='margin-bottom: 5px;'>Rango de transmisi\u00f3n: 92 m<\/li>\n<li style='margin-bottom: 5px;'>Indicadores LED<\/li>\n<li style='margin-bottom: 5px;'>Compensaci\u00f3n de temperatura<\/li>\n<li style='margin-bottom: 5px;'>Bater\u00eda de litio CR123A de 3 V<\/li>\n<li style='margin-bottom: 5px;'>Temperatura de funcionamiento: 32 \u00b0F a 122 \u00b0F (0 \u00b0C a 50 \u00b0C)<\/li>\n<li style='margin-bottom: 5px;'>Humedad relativa: 95% m\u00e1x.&comma; sin condensaci\u00f3n<\/li>\n<li style='margin-bottom: 5px;'>Compatibilidad con Resideo ProSeries<\/li>\n<\/ul><\/div>\n<\/p><\/div>\n<div style='flex: 1 1 250px; border: 1px solid rgba(150&comma; 150&comma; 150&comma; 0.4); border-radius: 8px; overflow: hidden; display: flex; flex-direction: column;'>\n<div style='padding: 15px; border-bottom: 1px solid rgba(150&comma; 150&comma; 150&comma; 0.2); font-weight: bold; font-size: 18px; color: inherit;'>Funcionalidades<\/div>\n<div style='padding: 15px; color: inherit;'>\n<ul style='padding-left: 20px; margin: 0; font-size: 14px; list-style-type: disc;'>\n<li style='margin-bottom: 5px;'>Cifrado seguro AES de 128 bits<\/li>\n<li style='margin-bottom: 5px;'>Protecci\u00f3n contra alteraciones (anti-tamper): cubierta<\/li>\n<li style='margin-bottom: 5px;'>Instalaci\u00f3n simple y r\u00e1pida<\/li>\n<li style='margin-bottom: 5px;'>Mantenimiento f\u00e1cil con diagn\u00f3stico remoto<\/li>\n<\/ul><\/div>\n<\/p><\/div>\n<div style='flex: 1 1 250px; border: 1px solid rgba(150&comma; 150&comma; 150&comma; 0.4); border-radius: 8px; overflow: hidden; display: flex; flex-direction: column;'>\n<div style='padding: 15px; border-bottom: 1px solid rgba(150&comma; 150&comma; 150&comma; 0.2); font-weight: bold; font-size: 18px; color: inherit;'>Conectividad<\/div>\n<div style='padding: 15px; color: inherit;'>\n<ul style='padding-left: 20px; margin: 0; font-size: 14px; list-style-type: disc;'>\n<li style='margin-bottom: 5px;'>Frecuencia RF: 2.4 GHz<\/li>\n<\/ul><\/div>\n<\/p><\/div>\n<div style='flex: 1 1 250px; border: 1px solid rgba(150&comma; 150&comma; 150&comma; 0.4); border-radius: 8px; overflow: hidden; display: flex; flex-direction: column;'>\n<div style='padding: 15px; border-bottom: 1px solid rgba(150&comma; 150&comma; 150&comma; 0.2); font-weight: bold; font-size: 18px; color: inherit;'>Aplicaciones y Casos de Uso<\/div>\n<div style='padding: 15px; color: inherit;'>\n<p style='margin: 0; font-size: 14px;'>La capacidad de transmisi\u00f3n cifrada y la detecci\u00f3n de intrusos del ProSix lo convierten en una opci\u00f3n ideal para la protecci\u00f3n del hogar y las conexiones inteligentes&comma; reduciendo las visitas de mantenimiento gracias a sus caracter\u00edsticas de mantenimiento remoto y bater\u00edas reemplazables por el usuario.<\/p>\n<\/p><\/div>\n<\/p><\/div>\n<\/p><\/div>\n<hr style='border: 0; border-top: 1px solid rgba(150&comma; 150&comma; 150&comma; 0.3); margin: 30px 0;'> <\/div>\n","protected":false},"excerpt":{"rendered":"<p>Detector de Movimiento ProSix \/ Patr\u00f3n de Detecci\u00f3n 12 m x 17 m \/ Rango de Transmisi\u00f3n 92 m \/ Frecuencia RF 2.4 GHz \/ Cifrado AES 128 bits \/ Protecci\u00f3n Anti-Tamper<\/p>\n","protected":false},"featured_media":4377,"comment_status":"open","ping_status":"closed","template":"","meta":[],"product_brand":[],"product_cat":[18],"product_tag":[19,45,20],"class_list":{"0":"post-4378","1":"product","2":"type-product","3":"status-publish","4":"has-post-thumbnail","6":"product_cat-movimiento-para-interior","7":"product_tag-detectores-sensores","8":"product_tag-honeywell-home-resideo","9":"product_tag-movimiento-para-interior","11":"first","12":"instock","13":"sale","14":"shipping-taxable","15":"purchasable","16":"product-type-simple"},"_links":{"self":[{"href":"https:\/\/soydeaqui.ddns.net\/pachuca\/index.php\/wp-json\/wp\/v2\/product\/4378","targetHints":{"allow":["GET"]}}],"collection":[{"href":"https:\/\/soydeaqui.ddns.net\/pachuca\/index.php\/wp-json\/wp\/v2\/product"}],"about":[{"href":"https:\/\/soydeaqui.ddns.net\/pachuca\/index.php\/wp-json\/wp\/v2\/types\/product"}],"replies":[{"embeddable":true,"href":"https:\/\/soydeaqui.ddns.net\/pachuca\/index.php\/wp-json\/wp\/v2\/comments?post=4378"}],"wp:featuredmedia":[{"embeddable":true,"href":"https:\/\/soydeaqui.ddns.net\/pachuca\/index.php\/wp-json\/wp\/v2\/media\/4377"}],"wp:attachment":[{"href":"https:\/\/soydeaqui.ddns.net\/pachuca\/index.php\/wp-json\/wp\/v2\/media?parent=4378"}],"wp:term":[{"taxonomy":"product_brand","embeddable":true,"href":"https:\/\/soydeaqui.ddns.net\/pachuca\/index.php\/wp-json\/wp\/v2\/product_brand?post=4378"},{"taxonomy":"product_cat","embeddable":true,"href":"https:\/\/soydeaqui.ddns.net\/pachuca\/index.php\/wp-json\/wp\/v2\/product_cat?post=4378"},{"taxonomy":"product_tag","embeddable":true,"href":"https:\/\/soydeaqui.ddns.net\/pachuca\/index.php\/wp-json\/wp\/v2\/product_tag?post=4378"}],"curies":[{"name":"wp","href":"https:\/\/api.w.org\/{rel}","templated":true}]}}