{"id":436,"date":"2026-03-18T05:39:41","date_gmt":"2026-03-18T05:39:41","guid":{"rendered":"https:\/\/soydeaqui.ddns.net\/pachuca\/index.php\/producto\/estacion-de-alarma-de-panico-de-emergencia-camara-4-megapixel-video-y-audio-sirena-y-estrobo-azul-y-rojo-filtro-ir-isup\/"},"modified":"2026-03-18T05:39:42","modified_gmt":"2026-03-18T05:39:42","slug":"estacion-de-alarma-de-panico-de-emergencia-camara-4-megapixel-video-y-audio-sirena-y-estrobo-azul-y-rojo-filtro-ir-isup","status":"publish","type":"product","link":"https:\/\/soydeaqui.ddns.net\/pachuca\/index.php\/producto\/estacion-de-alarma-de-panico-de-emergencia-camara-4-megapixel-video-y-audio-sirena-y-estrobo-azul-y-rojo-filtro-ir-isup\/","title":{"rendered":"Estaci\u00f3n de Alarma de Panico de Emergencia \/ C\u00e1mara 4 Megapixel \/ Video y Audio \/ Sirena y Estrobo (Azul y Rojo) \/ Filtro IR \/ ISUP"},"content":{"rendered":"<div style='width: 100%; max-width: 1200px; margin: 0 auto; font-family: sans-serif; line-height: 1.6; color: inherit; background-color: transparent;'> <!-- T\u00edtulo Principal --> <\/p>\n<div style='width: 100%; text-align: center; margin-bottom: 30px;'>\n<h1 style='color: #dc3545; font-size: 28px; margin: 0; color: inherit;'>Ciudad Segura&comma; con Hikvision<\/h1>\n<\/p><\/div>\n<p> <!-- Contenedor de 2 columnas --> <\/p>\n<div style='display: flex; flex-wrap: wrap; gap: 30px; margin-bottom: 30px;'> <!-- Columna Izquierda --> <\/p>\n<div style='flex: 1 1 300px; min-width: 280px;'>\n<div style='text-align: center; margin-bottom: 20px;'>\n<h2 style='color: #dc3545; font-size: 22px; margin: 0; font-weight: bold; color: inherit;'>Modelo: DS-KEB801X-C<\/h2>\n<\/p><\/div>\n<div style='border: 1px solid rgba(150&comma; 150&comma; 150&comma; 0.4); border-radius: 8px; overflow: hidden; box-shadow: 0 2px 8px rgba(0&comma;0&comma;0&comma;0.1);'>\n<div style='padding: 15px; border-bottom: 1px solid rgba(150&comma; 150&comma; 150&comma; 0.2); font-weight: bold; font-size: 18px; color: #dc3545; background-color: rgba(220&comma; 53&comma; 69&comma; 0.1); color: inherit;'>Caracter\u00edsticas Principales:<\/div>\n<ul style='padding: 15px 20px; margin: 0; font-size: 14px; list-style-type: disc; color: inherit;'>\n<li style='margin-bottom: 5px;'>Dise\u00f1o compacto de f\u00e1cil instalaci\u00f3n IP en forma de Caja<\/li>\n<li style='margin-bottom: 5px;'>Camara de 4 Megapixel (2560 x 1440)<\/li>\n<li style='margin-bottom: 5px;'>Compresi\u00f3n H.264 y H.265<\/li>\n<li style='margin-bottom: 5px;'>Soporta ehome para transmision a la red p\u00fablica<\/li>\n<li style='margin-bottom: 5px;'>Alarma de un solo toque y alarma de antimanipulaci\u00f3n<\/li>\n<li style='margin-bottom: 5px;'>Audio bidireccional hasta 5 metros de distancia<\/li>\n<li style='margin-bottom: 5px;'>Ranura para tarjetas Micro SD \/ SDHC \/ SDXC&comma; Max. 256 GB<\/li>\n<li style='margin-bottom: 5px;'>Soporta sirena&comma; el sonido puede configurarse por separado<\/li>\n<li style='margin-bottom: 5px;'>Lampara de alarma&comma; luz roja y azul<\/li>\n<li style='margin-bottom: 5px;'>Entrada de alarma de un toque<\/li>\n<li style='margin-bottom: 5px;'>Compatible con Hik-connect P2P (solo para demo)<\/li>\n<li style='margin-bottom: 5px;'>Requiere HikCentral<\/li>\n<li style='margin-bottom: 5px;'>Soporta RS-485<\/li>\n<li style='margin-bottom: 5px;'>Protocolo: TCP \/ IP Dos puertos de red&comma; 10\/100 Mbps&comma; RTSP&comma; SNMP&comma; SIP&comma; ONVIF<\/li>\n<\/ul><\/div>\n<\/p><\/div>\n<p> <!-- Columna Derecha --> <\/p>\n<div style='flex: 1 1 300px; min-width: 280px;'>\n<div style='text-align: center; margin-bottom: 20px;'>\n<h2 style='color: #dc3545; font-size: 22px; margin: 0; font-weight: bold; color: inherit;'>Integraci\u00f3n con HikCentral<\/h2>\n<\/p><\/div>\n<div style='border: 1px solid rgba(150&comma; 150&comma; 150&comma; 0.4); border-radius: 8px; overflow: hidden; box-shadow: 0 2px 8px rgba(0&comma;0&comma;0&comma;0.1);'>\n<div style='padding: 15px; border-bottom: 1px solid rgba(150&comma; 150&comma; 150&comma; 0.2); font-weight: bold; font-size: 18px; color: #dc3545; background-color: rgba(220&comma; 53&comma; 69&comma; 0.1); color: inherit;'>Caracter\u00edsticas F\u00edsicas y El\u00e9ctricas:<\/div>\n<ul style='padding: 15px 20px; margin: 0; font-size: 14px; list-style-type: disc; color: inherit;'>\n<li style='margin-bottom: 5px;'>Voltaje de operaci\u00f3n: 220 VCA<\/li>\n<li style='margin-bottom: 5px;'>Consumo el\u00e9ctrico: 24 W<\/li>\n<li style='margin-bottom: 5px;'>Temperatura de operaci\u00f3n: -40\u00b0 ~ 70\u00b0 C<\/li>\n<li style='margin-bottom: 5px;'>Dimensiones sin Bracket: 450 mm \u00d7 500 mm \u00d7 2205 mm<\/li>\n<li style='margin-bottom: 5px;'>Instalaci\u00f3n: Montaje en suelo y con abrazadera para poste<\/li>\n<\/ul><\/div>\n<\/p><\/div>\n<\/p><\/div>\n<p> <!-- Requisitos de Licencias --> <\/p>\n<div style='margin-bottom: 30px;'>\n<div style='border: 1px solid rgba(150&comma; 150&comma; 150&comma; 0.4); border-radius: 8px; overflow: hidden; box-shadow: 0 2px 8px rgba(0&comma;0&comma;0&comma;0.1);'>\n<div style='padding: 15px; border-bottom: 1px solid rgba(150&comma; 150&comma; 150&comma; 0.2); font-weight: bold; font-size: 18px; color: #dc3545; background-color: rgba(220&comma; 53&comma; 69&comma; 0.1); color: inherit;'>Para utilizar la estaci\u00f3n de p\u00e1nico con la plataforma de Hik-Central Profesional requiere las siguientes licencias:<\/div>\n<ul style='padding: 15px 20px; margin: 0; font-size: 14px; list-style-type: disc; color: inherit;'>\n<li style='margin-bottom: 5px;'><strong>HC-P-VSS-B\/0C:<\/strong> Permite tener el acceso a la plataforma de Hik-Central Professional (si ya existe un sistema activo&comma; no se requiere esta licencia)<\/li>\n<li style='margin-bottom: 5px;'><strong>HC-P-EMERGENCYALARM\/1U:<\/strong> Permite agregar la estaci\u00f3n de p\u00e1nico&comma; tener comunicaci\u00f3n bi-direccional (audio) y el video de la estaci\u00f3n de p\u00e1nico&comma; se requiere una licencia por cada estaci\u00f3n<\/li>\n<\/ul><\/div>\n<\/p><\/div>\n<p> <!-- Separador final --> <\/p>\n<hr style='border: 0; border-top: 1px solid rgba(150&comma; 150&comma; 150&comma; 0.3); margin: 30px 0;'> <\/div>\n","protected":false},"excerpt":{"rendered":"<p>Estaci\u00f3n de Alarma de Panico de Emergencia \/ C\u00e1mara 4 Megapixel \/ Video y Audio \/ Sirena y Estrobo (Azul y Rojo) \/ Filtro IR \/ ISUP<\/p>\n","protected":false},"featured_media":435,"comment_status":"open","ping_status":"closed","template":"","meta":[],"product_brand":[],"product_cat":[184],"product_tag":[54,69,185],"class_list":{"0":"post-436","1":"product","2":"type-product","3":"status-publish","4":"has-post-thumbnail","6":"product_cat-perimetrales-y-estaciones-de-panico","7":"product_tag-hikvision","8":"product_tag-paneles-de-alarma-y-accesorios-hikvision","9":"product_tag-perimetrales-y-estaciones-de-panico","11":"first","12":"outofstock","13":"sale","14":"shipping-taxable","15":"purchasable","16":"product-type-simple"},"_links":{"self":[{"href":"https:\/\/soydeaqui.ddns.net\/pachuca\/index.php\/wp-json\/wp\/v2\/product\/436","targetHints":{"allow":["GET"]}}],"collection":[{"href":"https:\/\/soydeaqui.ddns.net\/pachuca\/index.php\/wp-json\/wp\/v2\/product"}],"about":[{"href":"https:\/\/soydeaqui.ddns.net\/pachuca\/index.php\/wp-json\/wp\/v2\/types\/product"}],"replies":[{"embeddable":true,"href":"https:\/\/soydeaqui.ddns.net\/pachuca\/index.php\/wp-json\/wp\/v2\/comments?post=436"}],"wp:featuredmedia":[{"embeddable":true,"href":"https:\/\/soydeaqui.ddns.net\/pachuca\/index.php\/wp-json\/wp\/v2\/media\/435"}],"wp:attachment":[{"href":"https:\/\/soydeaqui.ddns.net\/pachuca\/index.php\/wp-json\/wp\/v2\/media?parent=436"}],"wp:term":[{"taxonomy":"product_brand","embeddable":true,"href":"https:\/\/soydeaqui.ddns.net\/pachuca\/index.php\/wp-json\/wp\/v2\/product_brand?post=436"},{"taxonomy":"product_cat","embeddable":true,"href":"https:\/\/soydeaqui.ddns.net\/pachuca\/index.php\/wp-json\/wp\/v2\/product_cat?post=436"},{"taxonomy":"product_tag","embeddable":true,"href":"https:\/\/soydeaqui.ddns.net\/pachuca\/index.php\/wp-json\/wp\/v2\/product_tag?post=436"}],"curies":[{"name":"wp","href":"https:\/\/api.w.org\/{rel}","templated":true}]}}