{"id":43581,"date":"2026-03-18T19:15:03","date_gmt":"2026-03-18T19:15:03","guid":{"rendered":"https:\/\/soydeaqui.ddns.net\/pachuca\/index.php\/producto\/modulo-solar-bifacial-portatil-y-flexible-de-160w-recomendado-para-estaciones-portatiles-ecoflow-ajuste-de-angulo-carga-eficiente-incluye-cable-xt60-a-mc4\/"},"modified":"2026-03-18T19:15:03","modified_gmt":"2026-03-18T19:15:03","slug":"modulo-solar-bifacial-portatil-y-flexible-de-160w-recomendado-para-estaciones-portatiles-ecoflow-ajuste-de-angulo-carga-eficiente-incluye-cable-xt60-a-mc4","status":"publish","type":"product","link":"https:\/\/soydeaqui.ddns.net\/pachuca\/index.php\/producto\/modulo-solar-bifacial-portatil-y-flexible-de-160w-recomendado-para-estaciones-portatiles-ecoflow-ajuste-de-angulo-carga-eficiente-incluye-cable-xt60-a-mc4\/","title":{"rendered":"M\u00f3dulo Solar Bifacial, Port\u00e1til y Flexible de 160W Recomendado para Estaciones Port\u00e1tiles EcoFlow \/ Ajuste de \u00c1ngulo \/ Carga Eficiente \/ Incluye Cable XT60 a MC4"},"content":{"rendered":"<div style='width: 100%; max-width: 1200px; margin: 0 auto; font-family: sans-serif; line-height: 1.6; color: inherit; background-color: transparent;'> <!-- Secci\u00f3n principal --> <\/p>\n<div style='margin-top: 1.5rem; margin-bottom: 1.5rem;'>\n<div style='text-align: center;'>\n<h2 style='font-size: 24px; color: inherit; margin: 0 0 15px;'> <strong>Potente y port\u00e1til<\/strong> <\/h2>\n<\/p><\/div>\n<div style='margin-bottom: 30px;'>\n<p style='font-size: 14px; color: inherit; text-align: center;'> El panel solar port\u00e1til bifacial EcoFlow EFFOLD160LW esta dise\u00f1ado para ser 10% m\u00e1s compacto que los paneles de 160W comparables <\/p>\n<\/p><\/div>\n<p> <!-- Im\u00e1genes --> <\/p>\n<div style='display: flex; flex-wrap: wrap; gap: 20px; margin-bottom: 30px;'>\n<div style='flex: 1 1 300px; min-width: 280px;'> <img style='width: 100%; height: auto; border: 1px solid rgba(150&comma;150&comma;150&comma;0.3); border-radius: 8px;' src='https:\/\/cdn.shopify.com\/s\/files\/1\/0651\/6922\/7998\/files\/220W_1_1800x.png?v=1659321409' alt='Panel solar EcoFlow 1'> <\/div>\n<div style='flex: 1 1 300px; min-width: 280px;'> <img style='width: 100%; height: auto; border: 1px solid rgba(150&comma;150&comma;150&comma;0.3); border-radius: 8px;' src='https:\/\/cdn.shopify.com\/s\/files\/1\/0651\/6922\/7998\/files\/220W_2_1800x.jpg?v=1659321409' alt='Panel solar EcoFlow 2'> <\/div>\n<\/p><\/div>\n<p> <!-- T\u00edtulo secci\u00f3n --> <\/p>\n<div style='text-align: center; margin: 30px 0;'>\n<h3 style='font-size: 18px; color: #3598db; margin: 0;'> <strong>MEN\u00da EXPANDIBLE<\/strong> <\/h3>\n<\/p><\/div>\n<p> <!-- Acorde\u00f3n - Protecci\u00f3n --> <\/p>\n<div style='margin-bottom: 30px;'>\n<div style='margin-bottom: 15px;'>\n<h4 style='font-size: 16px; margin: 0 0 10px; padding: 10px; background-color: rgba(53&comma; 152&comma; 219&comma; 0.1); color: inherit; border: 1px solid rgba(150&comma;150&comma;150&comma;0.3); border-radius: 8px; cursor: pointer;' onclick='toggleContent('proteccion')'> PROTECCI\u00d3N <\/h4>\n<div id='proteccion' class='accordion-content' style='padding: 15px; border: 1px solid rgba(150&comma;150&comma;150&comma;0.3); border-top: none; border-radius: 0 0 8px 8px; display: none;'>\n<div style='text-align: center; margin-bottom: 15px;'>\n<h4 style='font-size: 18px; color: #000000; margin: 0;'> <strong>\u00a1Y tambien es resistente al agua!<\/strong> <\/h4>\n<\/p><\/div>\n<p style='font-size: 14px; color: inherit; margin-bottom: 15px;'> Hemos subido el list\u00f3n con este panel. Es completamente resistente al agua y al polvo. Llueva&comma; haga viento o haga sol&comma; el panel es seguro al contar con un grado de impermeabilidad IP68 <\/p>\n<p> <img style='width: 100%; height: auto; border: 1px solid rgba(150&comma;150&comma;150&comma;0.3); border-radius: 8px;' src='https:\/\/cdn.shopify.com\/s\/files\/1\/0651\/6922\/7998\/files\/220W_6_1800x.png?v=1659320205' alt='Panel solar resistente al agua'> <\/div>\n<\/p><\/div>\n<p> <!-- Acorde\u00f3n - Contenido --> <\/p>\n<div style='margin-bottom: 15px;'>\n<h4 style='font-size: 16px; margin: 0 0 10px; padding: 10px; background-color: rgba(53&comma; 152&comma; 219&comma; 0.1); color: inherit; border: 1px solid rgba(150&comma;150&comma;150&comma;0.3); border-radius: 8px; cursor: pointer;' onclick='toggleContent('contenido')'> CONTENIDO <\/h4>\n<div id='contenido' class='accordion-content' style='padding: 15px; border: 1px solid rgba(150&comma;150&comma;150&comma;0.3); border-top: none; border-radius: 0 0 8px 8px; display: none;'>\n<div style='display: flex; flex-wrap: wrap; gap: 20px;'>\n<div style='flex: 1 1 300px; min-width: 280px;'> <img style='width: 100%; height: auto; border: 1px solid rgba(150&comma;150&comma;150&comma;0.3); border-radius: 8px;' src='https:\/\/cdn.shopify.com\/s\/files\/1\/0651\/6922\/7998\/files\/0001_220W_2400x.jpg?v=1658230070' alt='Contenido del paquete'> <\/div>\n<div style='flex: 1 1 300px; min-width: 280px;'>\n<div style='text-align: center; margin-bottom: 15px;'>\n<h4 style='font-size: 20px; margin: 0; color: inherit;'> <strong>EFFLEX220B<\/strong> <\/h4>\n<\/p><\/div>\n<ul style='padding-left: 20px; font-size: 14px; color: inherit;'>\n<li style='margin-bottom: 5px;'><strong>Panel Solar Bifacial 220W<\/strong><\/li>\n<li style='margin-bottom: 5px;'><strong>Funda protectore del panel solar Bifacial 220W (Kickstand)<\/strong><\/li>\n<li style='margin-bottom: 5px;'><strong>Cable de carga solar a XT60<\/strong><\/li>\n<li style='margin-bottom: 5px;'><strong>Manual de usuario y Tarjeta de Garant\u00eda del Panel Solar Bifacial 220W<\/strong><\/li>\n<li style='margin-bottom: 5px;'><strong>Ganchos Snap<\/strong><\/li>\n<\/ul><\/div>\n<\/p><\/div>\n<\/p><\/div>\n<\/p><\/div>\n<\/p><\/div>\n<p> <!-- Separador --> <\/p>\n<hr style='border: 0; border-top: 1px solid rgba(150&comma; 150&comma; 150&comma; 0.3); margin: 30px 0;'> <!-- Secci\u00f3n adicional --> <\/p>\n<div style='margin-bottom: 30px;'>\n<h2 style='font-size: 24px; text-align: center; color: inherit; margin: 0 0 15px;'> <strong>\u00a1M\u00e1s que una funda de transporte!<\/strong> <\/h2>\n<p style='font-size: 14px; color: inherit; margin-bottom: 20px;'> El panel solar port\u00e1til bifacial EcoFlow EFFOLD160LW incluye su propia funda de transporte para que puedas llevarlo a cualquier parte. Una vez que llegues a tu destino&comma; simplemente despli\u00e9gala y util\u00edzala como soporte para conseguir una exposici\u00f3n al sol perfecta. <\/p>\n<p> <!-- Im\u00e1genes adicionales --> <\/p>\n<div style='display: flex; flex-wrap: wrap; gap: 20px;'>\n<div style='flex: 1 1 300px; min-width: 280px;'> <img style='width: 100%; height: auto; border: 1px solid rgba(150&comma;150&comma;150&comma;0.3); border-radius: 8px;' src='https:\/\/ftp3.syscom.mx\/usuarios\/fotos\/EFFLEX220B\/216309-portatil.jpg' alt='Funda de transporte'> <\/div>\n<div style='flex: 1 1 300px; min-width: 280px;'> <img style='width: 100%; height: auto; border: 1px solid rgba(150&comma;150&comma;150&comma;0.3); border-radius: 8px;' src='https:\/\/ftp3.syscom.mx\/usuarios\/fotos\/EFFLEX220B\/216309-inlinacion.jpg' alt='Inclinaci\u00f3n del panel'> <\/div>\n<\/p><\/div>\n<\/p><\/div>\n<\/p><\/div>\n<p> <script> function toggleContent(id) { var content = document.getElementById(id); content.style.display = content.style.display === 'none' ? 'block' : 'none'; } <\/script> <\/div>\n","protected":false},"excerpt":{"rendered":"<p>M\u00f3dulo Solar Bifacial, Port\u00e1til y Flexible de 160W Recomendado para Estaciones Port\u00e1tiles EcoFlow \/ Ajuste de \u00c1ngulo \/ Carga Eficiente \/ Incluye Cable XT60 a MC4<\/p>\n","protected":false},"featured_media":43580,"comment_status":"open","ping_status":"closed","template":"","meta":[],"product_brand":[],"product_cat":[1100],"product_tag":[1116,1101,1102],"class_list":{"0":"post-43581","1":"product","2":"type-product","3":"status-publish","4":"has-post-thumbnail","6":"product_cat-ups-no-break","7":"product_tag-ecoflow","8":"product_tag-respaldo-de-energia","9":"product_tag-ups-no-break","11":"first","12":"instock","13":"sale","14":"shipping-taxable","15":"purchasable","16":"product-type-simple"},"_links":{"self":[{"href":"https:\/\/soydeaqui.ddns.net\/pachuca\/index.php\/wp-json\/wp\/v2\/product\/43581","targetHints":{"allow":["GET"]}}],"collection":[{"href":"https:\/\/soydeaqui.ddns.net\/pachuca\/index.php\/wp-json\/wp\/v2\/product"}],"about":[{"href":"https:\/\/soydeaqui.ddns.net\/pachuca\/index.php\/wp-json\/wp\/v2\/types\/product"}],"replies":[{"embeddable":true,"href":"https:\/\/soydeaqui.ddns.net\/pachuca\/index.php\/wp-json\/wp\/v2\/comments?post=43581"}],"wp:featuredmedia":[{"embeddable":true,"href":"https:\/\/soydeaqui.ddns.net\/pachuca\/index.php\/wp-json\/wp\/v2\/media\/43580"}],"wp:attachment":[{"href":"https:\/\/soydeaqui.ddns.net\/pachuca\/index.php\/wp-json\/wp\/v2\/media?parent=43581"}],"wp:term":[{"taxonomy":"product_brand","embeddable":true,"href":"https:\/\/soydeaqui.ddns.net\/pachuca\/index.php\/wp-json\/wp\/v2\/product_brand?post=43581"},{"taxonomy":"product_cat","embeddable":true,"href":"https:\/\/soydeaqui.ddns.net\/pachuca\/index.php\/wp-json\/wp\/v2\/product_cat?post=43581"},{"taxonomy":"product_tag","embeddable":true,"href":"https:\/\/soydeaqui.ddns.net\/pachuca\/index.php\/wp-json\/wp\/v2\/product_tag?post=43581"}],"curies":[{"name":"wp","href":"https:\/\/api.w.org\/{rel}","templated":true}]}}