{"id":4358,"date":"2026-03-18T06:18:11","date_gmt":"2026-03-18T06:18:11","guid":{"rendered":"https:\/\/soydeaqui.ddns.net\/pachuca\/index.php\/producto\/panel-de-alarma-con-pantalla-touch-de-7-compatible-con-total-connect-2-0-y-opcion-de-agregar-sensores-inalambricos-de-la-serie-5800-2gig-dsc-iti-y-bosh-agregando-takeover\/"},"modified":"2026-03-18T06:18:14","modified_gmt":"2026-03-18T06:18:14","slug":"panel-de-alarma-con-pantalla-touch-de-7-compatible-con-total-connect-2-0-y-opcion-de-agregar-sensores-inalambricos-de-la-serie-5800-2gig-dsc-iti-y-bosh-agregando-takeover","status":"publish","type":"product","link":"https:\/\/soydeaqui.ddns.net\/pachuca\/index.php\/producto\/panel-de-alarma-con-pantalla-touch-de-7-compatible-con-total-connect-2-0-y-opcion-de-agregar-sensores-inalambricos-de-la-serie-5800-2gig-dsc-iti-y-bosh-agregando-takeover\/","title":{"rendered":"Panel de Alarma con Pantalla Touch de 7&#8243; Compatible con Total Connect 2.0 y Opci\u00f3n de agregar Sensores Inal\u00e1mbricos de la serie 5800, 2GIG, DSC, ITI y BOSH (Agregando TAKEOVER)"},"content":{"rendered":"<div style='width: 100%; max-width: 1200px; margin: 0 auto; font-family: sans-serif; line-height: 1.6; color: inherit; background-color: transparent;'>\n<div style='display: flex; flex-wrap: wrap; gap: 30px; margin-bottom: 30px;'>\n<div style='flex: 1 1 300px; min-width: 280px;'>\n<h3 style='font-size: 22px; border-bottom: 2px solid currentColor; padding-bottom: 5px; margin-top: 0; color: inherit; opacity: 0.8;'>Toda nuestra tecnolog\u00eda<\/h3>\n<p style='font-size: 15px; color: inherit;'>La plataforma ProSeries PROA7PLUS&comma; nuestra \u00faltima soluci\u00f3n de seguridad conectada&comma; ofrece a sus clientes el sistema de seguridad m\u00e1s completo e integrado en un mismo lugar. Nuestra m\u00e1s amplia gama de soluciones para el hogar y para peque\u00f1os negocios es escalable&comma; modular y puede personalizarse para el estilo de vida y el nivel de precio de cada uno de sus clientes.<\/p>\n<\/p><\/div>\n<div style='flex: 1 1 300px; min-width: 280px;'>\n<h3 style='font-size: 22px; border-bottom: 2px solid currentColor; padding-bottom: 5px; margin-top: 0; color: inherit; opacity: 0.8;'>Plataforma ProSeries<\/h3>\n<p style='font-size: 15px; color: inherit;'>La plataforma ProSeries proporciona flexibilidad tanto a sus clientes como a usted con la incorporaci\u00f3n de Alexa de Amazon (PROA7PLUS)&comma; control de hogar inteligente desde una \u00fanica aplicaci\u00f3n y f\u00e1cil expansi\u00f3n a la medida que sus necesidades crecen. El ecosistema integral funciona con sistemas de otras marcas y modelos legacy&comma; permitiendo que las incorporaciones y actualizaciones sean sencillas&comma; rentables y sin estr\u00e9s.<\/p>\n<\/p><\/div>\n<\/p><\/div>\n<div style='display: flex; flex-wrap: wrap; gap: 30px; margin-bottom: 30px;'>\n<div style='flex: 1 1 300px; min-width: 280px;'>\n<h3 style='font-size: 22px; border-bottom: 2px solid currentColor; padding-bottom: 5px; margin-top: 0; color: inherit; opacity: 0.8;'>Caracter\u00edsticas<\/h3>\n<ul style='padding-left: 20px; font-size: 15px; color: inherit;'>\n<li style='margin-bottom: 5px;'>Pantalla de 7\u201d sensible al tacto<\/li>\n<li style='margin-bottom: 5px;'>Aviso de estatus del Sistema y por Zona<\/li>\n<li style='margin-bottom: 5px;'>Armado en Casa Autom\u00e1tico<\/li>\n<li style='margin-bottom: 5px;'>Armado en Casa (Noche)<\/li>\n<li style='margin-bottom: 5px;'>Funciones de P\u00e1nico (Policiaco&comma; Fuego&comma; Medica)<\/li>\n<li style='margin-bottom: 5px;'>Soporta teclados inal\u00e1mbricos Sensible al tacto (PROWLTOUCH) y teclados (PROSIXLCDKP)<\/li>\n<li style='margin-bottom: 5px;'>Soporta Video Verificaci\u00f3n de Alarma (Requiere Sensor de Movimiento con C\u00e1mara PROINDMV)<\/li>\n<li style='margin-bottom: 5px;'>Memoria de 4000 Eventos<\/li>\n<li style='margin-bottom: 5px;'>Detecci\u00f3n de Interferencia RF para todas las tecnolog\u00edas de sensores inal\u00e1mbricos<\/li>\n<li style='margin-bottom: 5px;'>Multi-lenguaje (Espa\u00f1ol&comma; Ingl\u00e9s&comma; Franc\u00e9s&comma; Portugu\u00e9s)<\/li>\n<li style='margin-bottom: 5px;'>Descriptores de voz precargados<\/li>\n<li style='margin-bottom: 5px;'>Programaci\u00f3n Local o por AlarmNet 360<\/li>\n<li style='margin-bottom: 5px;'>Sirena interna de 85dB<\/li>\n<li style='margin-bottom: 5px;'>Entrada de Alimentaci\u00f3n: 9Vcc\/2.5 A<\/li>\n<\/ul><\/div>\n<div style='flex: 1 1 300px; min-width: 280px;'>\n<h3 style='font-size: 22px; border-bottom: 2px solid currentColor; padding-bottom: 5px; margin-top: 0; color: inherit; opacity: 0.8;'>Zonas<\/h3>\n<ul style='padding-left: 20px; font-size: 15px; color: inherit;'>\n<li style='margin-bottom: 5px;'>127 Zonas Inal\u00e1mbricas programables<\/li>\n<li style='margin-bottom: 5px;'>Soporta sensores inal\u00e1mbricos de otras marcas&comma; 2GIG&comma; DSC&comma; ITI&comma; BOSH y la Serie 5800 (Requiere PROTAKEOVER)<\/li>\n<\/ul><\/div>\n<div style='flex: 1 1 300px; min-width: 280px;'>\n<h3 style='font-size: 22px; border-bottom: 2px solid currentColor; padding-bottom: 5px; margin-top: 0; color: inherit; opacity: 0.8;'>Usuarios<\/h3>\n<ul style='padding-left: 20px; font-size: 15px; color: inherit;'>\n<li style='margin-bottom: 5px;'>96 C\u00f3digos de Usuario (Maestro&comma; Est\u00e1ndar&comma; Invitado&comma; Solo Armar)<\/li>\n<li style='margin-bottom: 5px;'>Bloqueo de C\u00f3digo de Usuario<\/li>\n<li style='margin-bottom: 5px;'>Aviso de puerta abierta (Chime)<\/li>\n<li style='margin-bottom: 5px;'>Desarmado por Bluetooth<\/li>\n<\/ul><\/div>\n<\/p><\/div>\n<div style='display: flex; flex-wrap: wrap; gap: 30px; margin-bottom: 30px;'>\n<div style='flex: 1 1 300px; min-width: 280px;'>\n<h3 style='font-size: 22px; border-bottom: 2px solid currentColor; padding-bottom: 5px; margin-top: 0; color: inherit; opacity: 0.8;'>Comunicador<\/h3>\n<ul style='padding-left: 20px; font-size: 15px; color: inherit;'>\n<li style='margin-bottom: 5px;'>Acepta comunicador GSM PROLTE-A<\/li>\n<li style='margin-bottom: 5px;'>Incluye comunicador WiFi<\/li>\n<li style='margin-bottom: 5px;'>Se le pueden agregar un m\u00e1ximo de 78 dispositivos Z-Wave:<\/li>\n<ul style='padding-left: 20px; font-size: 15px; color: inherit;'>\n<li style='margin-bottom: 5px;'>M\u00f3dulos de luces: 60<\/li>\n<li style='margin-bottom: 5px;'>Cerraduras: 6<\/li>\n<li style='margin-bottom: 5px;'>Termostatos Z-Wave: 6*<\/li>\n<li style='margin-bottom: 5px;'>Termostatos WiFi: 4*<\/li>\n<\/ul>\n<li style='margin-bottom: 5px;'>*Combinaci\u00f3n de termostatos Z-Wave y WiFi = 6<\/li>\n<li style='margin-bottom: 5px;'>Alexa Integrada (No funciona en latinoamerica)<\/li>\n<\/ul><\/div>\n<div style='flex: 1 1 300px; min-width: 280px;'>\n<h3 style='font-size: 22px; border-bottom: 2px solid currentColor; padding-bottom: 5px; margin-top: 0; color: inherit; opacity: 0.8;'>Demo<\/h3>\n<p style='font-size: 15px; color: inherit;'><a href='https:\/\/resideo-proseries-demo.netlify.app\/disarmed.html' style='color: #007bff; text-decoration: none;'>https:\/\/resideo-proseries-demo.netlify.app\/disarmed.html<\/a><\/p>\n<\/p><\/div>\n<\/p><\/div>\n","protected":false},"excerpt":{"rendered":"<p>Panel de Alarma con Pantalla Touch de 7&#8243; Compatible con Total Connect 2.0 y Opci\u00f3n de agregar Sensores Inal\u00e1mbricos de la serie 5800, 2GIG, DSC, ITI y BOSH (Agregando TAKEOVER)<\/p>\n","protected":false},"featured_media":4357,"comment_status":"open","ping_status":"closed","template":"","meta":[],"product_brand":[],"product_cat":[179],"product_tag":[45,61,180],"class_list":{"0":"post-4358","1":"product","2":"type-product","3":"status-publish","4":"has-post-thumbnail","6":"product_cat-paneles-de-alarma-total-connect-honeywell","7":"product_tag-honeywell-home-resideo","8":"product_tag-paneles-de-alarma","9":"product_tag-total-connect-honeywell","11":"first","12":"outofstock","13":"sale","14":"shipping-taxable","15":"purchasable","16":"product-type-simple"},"_links":{"self":[{"href":"https:\/\/soydeaqui.ddns.net\/pachuca\/index.php\/wp-json\/wp\/v2\/product\/4358","targetHints":{"allow":["GET"]}}],"collection":[{"href":"https:\/\/soydeaqui.ddns.net\/pachuca\/index.php\/wp-json\/wp\/v2\/product"}],"about":[{"href":"https:\/\/soydeaqui.ddns.net\/pachuca\/index.php\/wp-json\/wp\/v2\/types\/product"}],"replies":[{"embeddable":true,"href":"https:\/\/soydeaqui.ddns.net\/pachuca\/index.php\/wp-json\/wp\/v2\/comments?post=4358"}],"wp:featuredmedia":[{"embeddable":true,"href":"https:\/\/soydeaqui.ddns.net\/pachuca\/index.php\/wp-json\/wp\/v2\/media\/4357"}],"wp:attachment":[{"href":"https:\/\/soydeaqui.ddns.net\/pachuca\/index.php\/wp-json\/wp\/v2\/media?parent=4358"}],"wp:term":[{"taxonomy":"product_brand","embeddable":true,"href":"https:\/\/soydeaqui.ddns.net\/pachuca\/index.php\/wp-json\/wp\/v2\/product_brand?post=4358"},{"taxonomy":"product_cat","embeddable":true,"href":"https:\/\/soydeaqui.ddns.net\/pachuca\/index.php\/wp-json\/wp\/v2\/product_cat?post=4358"},{"taxonomy":"product_tag","embeddable":true,"href":"https:\/\/soydeaqui.ddns.net\/pachuca\/index.php\/wp-json\/wp\/v2\/product_tag?post=4358"}],"curies":[{"name":"wp","href":"https:\/\/api.w.org\/{rel}","templated":true}]}}