{"id":43579,"date":"2026-03-18T19:15:00","date_gmt":"2026-03-18T19:15:00","guid":{"rendered":"https:\/\/soydeaqui.ddns.net\/pachuca\/index.php\/producto\/modulo-solar-portatil-y-flexible-de-400w-recomendado-para-estaciones-portatiles-ecoflow-ajuste-de-angulo-carga-eficiente-incluye-cable-xt60-a-mc4\/"},"modified":"2026-03-18T19:15:01","modified_gmt":"2026-03-18T19:15:01","slug":"modulo-solar-portatil-y-flexible-de-400w-recomendado-para-estaciones-portatiles-ecoflow-ajuste-de-angulo-carga-eficiente-incluye-cable-xt60-a-mc4","status":"publish","type":"product","link":"https:\/\/soydeaqui.ddns.net\/pachuca\/index.php\/producto\/modulo-solar-portatil-y-flexible-de-400w-recomendado-para-estaciones-portatiles-ecoflow-ajuste-de-angulo-carga-eficiente-incluye-cable-xt60-a-mc4\/","title":{"rendered":"M\u00f3dulo Solar Port\u00e1til y Flexible de 400W Recomendado para Estaciones Port\u00e1tiles EcoFlow \/ Ajuste de \u00c1ngulo \/ Carga Eficiente \/ Incluye Cable XT60 a MC4"},"content":{"rendered":"<div style='width: 100%; max-width: 1200px; margin: 0 auto; font-family: sans-serif; line-height: 1.6; color: inherit; background-color: transparent;'> <!-- Secci\u00f3n principal --> <\/p>\n<div style='margin-top: 1.5rem; margin-bottom: 1.5rem;'>\n<div style='margin-top: 3rem; margin-bottom: 3rem; padding-top: 60px; padding-bottom: 1rem; border-top: 1px solid rgba(224&comma; 224&comma; 224&comma; 0.3);'>\n<div style='width: 100%; max-width: 1224px; margin: 0 auto; padding: 0 15px;'>\n<div style='text-align: center;'>\n<h2 style='font-size: 24px; margin: 0 0 15px 0; color: inherit; opacity: 0.8;'>Potente y port\u00e1til<\/h2>\n<p style='font-size: 14px; color: inherit;'>El panel solar port\u00e1til bifacial EcoFlow EFFLEXM400 ofrece un alto rendimiento solar&comma; un \u00edndice de eficiencia de conversi\u00f3n y un pr\u00e1ctico dise\u00f1o plegable para poder agarrarlo y llev\u00e1rselo en cualquier momento.<\/p>\n<\/p><\/div>\n<p> <!-- Imagen --> <\/p>\n<div style='margin: 30px 0;'> <img style='width: 100%; height: auto; border: 1px solid rgba(150&comma;150&comma;150&comma;0.3); border-radius: 8px;' src='https:\/\/ftp3.syscom.mx\/usuarios\/fotos\/EFFLEXM400\/220637-caracteristicas_destacadas.jpg' alt=''> <\/div>\n<p> <!-- Secci\u00f3n de especificaciones --> <\/p>\n<div style='margin: 30px 0;'>\n<h2 style='text-align: center; font-size: 24px; margin: 0 0 30px 0; color: inherit; opacity: 0.8;'>Especificaciones<\/h2>\n<p> <!-- Grid de especificaciones --> <\/p>\n<div style='display: flex; flex-wrap: wrap; gap: 20px;'> <!-- Caracter\u00edsticas del Panel --> <\/p>\n<div style='flex: 1 1 250px; border: 1px solid rgba(150&comma; 150&comma; 150&comma; 0.4); border-radius: 8px; overflow: hidden; display: flex; flex-direction: column;'>\n<div style='padding: 15px; border-bottom: 1px solid rgba(150&comma; 150&comma; 150&comma; 0.2); font-weight: bold; font-size: 18px; color: inherit;'>Caracter\u00edsticas del Panel<\/div>\n<div style='padding: 15px; color: inherit;'>\n<ul style='padding-left: 20px; margin: 0; font-size: 14px; list-style-type: disc;'>\n<li style='margin-bottom: 5px;'><strong>Potencia nominal:<\/strong> 400W (+-10W)<\/li>\n<li style='margin-bottom: 5px;'><strong>Tensi\u00f3n de circuito abierto:<\/strong> 48 V(VMP: 41V)<\/li>\n<li style='margin-bottom: 5px;'><strong>Corriente de cortocircuito:<\/strong> 11 A (IMP: 9.8A)<\/li>\n<li style='margin-bottom: 5px;'><strong>Eficiencia:<\/strong> 22.6%<\/li>\n<li style='margin-bottom: 5px;'><strong>Tipo de celda:<\/strong> Silicio monocristalino<\/li>\n<li style='margin-bottom: 5px;'><strong>Tipo de conector:<\/strong> MC4<\/li>\n<\/ul><\/div>\n<\/p><\/div>\n<p> <!-- Caracter\u00edsticas Generales --> <\/p>\n<div style='flex: 1 1 250px; border: 1px solid rgba(150&comma; 150&comma; 150&comma; 0.4); border-radius: 8px; overflow: hidden; display: flex; flex-direction: column;'>\n<div style='padding: 15px; border-bottom: 1px solid rgba(150&comma; 150&comma; 150&comma; 0.2); font-weight: bold; font-size: 18px; color: inherit;'>Caracter\u00edsticas Generales<\/div>\n<div style='padding: 15px; color: inherit;'>\n<ul style='padding-left: 20px; margin: 0; font-size: 14px; list-style-type: disc;'>\n<li style='margin-bottom: 5px;'><strong>Peso:<\/strong> 16 kg<\/li>\n<li style='margin-bottom: 5px;'><strong>Dimensiones (sin plegar):<\/strong> 105.8 x 236.5 x 2.5 cm<\/li>\n<li style='margin-bottom: 5px;'><strong>Dimensiones (plegado):<\/strong> 105.8 x 62 x 2.5 cm<\/li>\n<li style='margin-bottom: 5px;'><strong>Garant\u00eda:<\/strong> 12 meses<\/li>\n<\/ul><\/div>\n<\/p><\/div>\n<\/p><\/div>\n<\/p><\/div>\n<p> <!-- Secci\u00f3n de protecci\u00f3n --> <\/p>\n<div style='margin: 30px 0;'>\n<h3 style='text-align: center; font-size: 18px; margin: 0 0 20px 0; color: inherit; opacity: 0.8;'>PROTECCI\u00d3N<\/h3>\n<div style='text-align: center;'>\n<h4 style='font-size: 18px; margin: 0 0 15px 0; color: inherit;'><strong>\u00a1Y tambi\u00e9n es resistente al agua!<\/strong><\/h4>\n<p style='font-size: 14px; color: inherit;'>Hemos subido el list\u00f3n con este panel. Es completamente resistente al agua y al polvo. Llueva&comma; haga viento o haga sol&comma; el panel es seguro al contar con un grado de impermeabilidad IP68.<\/p>\n<\/p><\/div>\n<p> <!-- Imagen --> <\/p>\n<div style='margin: 30px 0;'> <img style='width: 100%; height: auto; border: 1px solid rgba(150&comma;150&comma;150&comma;0.3); border-radius: 8px;' src='https:\/\/ftp3.syscom.mx\/usuarios\/fotos\/EFFLEXM400\/220637-grado_de_proteccion.jpg' alt=''> <\/div>\n<p style='font-size: 14px; color: inherit;'>Nuestro panel solar de 400W puede seguir almacenando energ\u00eda incluso durante un chaparr\u00f3n. Con una pel\u00edcula protectora de ETFE y un alto nivel de resistencia IP de 68&comma; las celdas solares pueden soportar tanto entornos h\u00famedos y mojados como secos y polvorientos.<\/p>\n<div style='margin-top: 15px; font-size: 8px; color: inherit; opacity: 0.6; text-align: center;'> *La resistencia al agua y al polvo se prob\u00f3 en condiciones controladas de laboratorio con una calificaci\u00f3n de IP68 seg\u00fan la norma IEC 50529 (profundidad m\u00e1xima de agua de 1 metro durante un m\u00e1ximo de 72 horas) <\/div>\n<\/p><\/div>\n<p> <!-- Secci\u00f3n de recarga --> <\/p>\n<div style='margin: 30px 0;'>\n<h3 style='text-align: center; font-size: 18px; margin: 0 0 20px 0; color: inherit; opacity: 0.8;'>RECARGA<\/h3>\n<div style='text-align: center;'>\n<h4 style='font-size: 24px; margin: 0 0 15px 0; color: inherit;'><strong>\u00a1M\u00e1s que una funda de transporte!<\/strong><\/h4>\n<p style='font-size: 14px; color: inherit;'>Nuestro panel solar EcoFlow EFFLEXM400&comma; con un dise\u00f1o plegable \u00fanico&comma; combina una potente producci\u00f3n de energ\u00eda con la portabilidad. Para lograr una mayor eficiencia de conversi\u00f3n solar de hasta el 23%&comma; utilizamos c\u00e9lulas monocristalinas de m\u00faltiples barras&comma; por lo que obtendr\u00e1 a\u00fan m\u00e1s energ\u00eda para recargar su estaci\u00f3n de energ\u00eda port\u00e1til.<\/p>\n<\/p><\/div>\n<p> <!-- Galer\u00eda de im\u00e1genes --> <\/p>\n<div style='display: flex; flex-wrap: wrap; gap: 20px; margin-top: 30px;'>\n<div style='flex: 1 1 45%; min-width: 300px;'> <img style='width: 100%; height: auto; border: 1px solid rgba(150&comma;150&comma;150&comma;0.3); border-radius: 8px;' src='https:\/\/ftp3.syscom.mx\/usuarios\/fotos\/EFFLEXM400\/220637-eficiencia.jpg' alt=''> <\/div>\n<div style='flex: 1 1 45%; min-width: 300px;'> <img style='width: 100%; height: auto; border: 1px solid rgba(150&comma;150&comma;150&comma;0.3); border-radius: 8px;' src='https:\/\/ftp3.syscom.mx\/usuarios\/fotos\/EFFLEXM400\/220637-tiempos_de_recarga.jpg' alt=''> <\/div>\n<\/p><\/div>\n<\/p><\/div>\n<p> <!-- Secci\u00f3n adicional --> <\/p>\n<div style='margin: 30px 0;'>\n<h4 style='text-align: center; font-size: 24px; margin: 0 0 15px 0; color: inherit;'><strong>\u00a1M\u00e1s que una funda de transporte!<\/strong><\/h4>\n<p style='font-size: 14px; color: inherit;'>Fabricado con materiales duraderos y flexibles&comma; este panel solar port\u00e1til es perfecto para vivir y viajar sin conexi\u00f3n a la red. Su dise\u00f1o de varias capas ofrece una gran resistencia a los impactos para resistir en los exteriores m\u00e1s exigentes&comma; mientras que su peso ligero de 12.5 kg permite llevarlo sin esfuerzo hasta el lugar de acampada. La funda de transporte cuenta con una copa r\u00edgida incorporada que protege el panel para que no se doble cuando lo guardes o mientras lo transportas.<\/p>\n<p> <!-- Imagen --> <\/p>\n<div style='margin: 30px 0;'> <img style='width: 100%; height: auto; border: 1px solid rgba(150&comma;150&comma;150&comma;0.3); border-radius: 8px;' src='https:\/\/ftp3.syscom.mx\/usuarios\/fotos\/EFFLEXM400\/220637-soporte.jpg' alt=''> <\/div>\n<\/p><\/div>\n<\/p><\/div>\n<\/p><\/div>\n<\/p><\/div>\n<\/p><\/div>\n","protected":false},"excerpt":{"rendered":"<p>M\u00f3dulo Solar Port\u00e1til y Flexible de 400W Recomendado para Estaciones Port\u00e1tiles EcoFlow \/ Ajuste de \u00c1ngulo \/ Carga Eficiente \/ Incluye Cable XT60 a MC4<\/p>\n","protected":false},"featured_media":32,"comment_status":"open","ping_status":"closed","template":"","meta":[],"product_brand":[],"product_cat":[1114],"product_tag":[1116,1115,1101],"class_list":{"0":"post-43579","1":"product","2":"type-product","3":"status-publish","4":"has-post-thumbnail","6":"product_cat-estaciones-de-energia-portables","7":"product_tag-ecoflow","8":"product_tag-estaciones-de-energia-portables","9":"product_tag-respaldo-de-energia","11":"first","12":"instock","13":"sale","14":"shipping-taxable","15":"purchasable","16":"product-type-simple"},"_links":{"self":[{"href":"https:\/\/soydeaqui.ddns.net\/pachuca\/index.php\/wp-json\/wp\/v2\/product\/43579","targetHints":{"allow":["GET"]}}],"collection":[{"href":"https:\/\/soydeaqui.ddns.net\/pachuca\/index.php\/wp-json\/wp\/v2\/product"}],"about":[{"href":"https:\/\/soydeaqui.ddns.net\/pachuca\/index.php\/wp-json\/wp\/v2\/types\/product"}],"replies":[{"embeddable":true,"href":"https:\/\/soydeaqui.ddns.net\/pachuca\/index.php\/wp-json\/wp\/v2\/comments?post=43579"}],"wp:featuredmedia":[{"embeddable":true,"href":"https:\/\/soydeaqui.ddns.net\/pachuca\/index.php\/wp-json\/wp\/v2\/media\/32"}],"wp:attachment":[{"href":"https:\/\/soydeaqui.ddns.net\/pachuca\/index.php\/wp-json\/wp\/v2\/media?parent=43579"}],"wp:term":[{"taxonomy":"product_brand","embeddable":true,"href":"https:\/\/soydeaqui.ddns.net\/pachuca\/index.php\/wp-json\/wp\/v2\/product_brand?post=43579"},{"taxonomy":"product_cat","embeddable":true,"href":"https:\/\/soydeaqui.ddns.net\/pachuca\/index.php\/wp-json\/wp\/v2\/product_cat?post=43579"},{"taxonomy":"product_tag","embeddable":true,"href":"https:\/\/soydeaqui.ddns.net\/pachuca\/index.php\/wp-json\/wp\/v2\/product_tag?post=43579"}],"curies":[{"name":"wp","href":"https:\/\/api.w.org\/{rel}","templated":true}]}}