{"id":43575,"date":"2026-03-18T19:14:51","date_gmt":"2026-03-18T19:14:51","guid":{"rendered":"https:\/\/soydeaqui.ddns.net\/pachuca\/index.php\/producto\/modulo-solar-bifacial-portatil-y-flexible-de-220w-recomendado-para-estaciones-portatiles-efd330-efd350-o-efd500-ajuste-de-angulo-carga-eficiente-incluye-cable-xt60-a-mc4-2\/"},"modified":"2026-03-18T19:14:57","modified_gmt":"2026-03-18T19:14:57","slug":"modulo-solar-bifacial-portatil-y-flexible-de-220w-recomendado-para-estaciones-portatiles-efd330-efd350-o-efd500-ajuste-de-angulo-carga-eficiente-incluye-cable-xt60-a-mc4-2","status":"publish","type":"product","link":"https:\/\/soydeaqui.ddns.net\/pachuca\/index.php\/producto\/modulo-solar-bifacial-portatil-y-flexible-de-220w-recomendado-para-estaciones-portatiles-efd330-efd350-o-efd500-ajuste-de-angulo-carga-eficiente-incluye-cable-xt60-a-mc4-2\/","title":{"rendered":"M\u00f3dulo Solar Bifacial, Port\u00e1til y Flexible de 220W Recomendado para Estaciones Port\u00e1tiles EFD330, EFD350 \u00f3 EFD500 \/ Ajuste de \u00c1ngulo \/ Carga Eficiente \/ Incluye Cable XT60 a MC4"},"content":{"rendered":"<div style=\"width: 100%; max-width: 1200px; margin: 0 auto; font-family: sans-serif; line-height: 1.6; color: inherit; background-color: transparent;\"><!-- Secci\u00f3n de introducci\u00f3n --> <\/p>\n<div style=\"margin: 30px 0;\">\n<p style=\"text-align: center;\"><span style=\"font-size: 24px; font-weight: bold; color: inherit;\">Potente y port&aacute;til<\/span><\/p>\n<p style=\"font-size: 15px; color: inherit;\">El panel solar port&aacute;til bifacial EcoFlow&nbsp;<span style=\"font-family: system-ui&comma; -apple-system&comma; 'Segoe UI'&comma; Roboto&comma; 'Helvetica Neue'&comma; 'Noto Sans'&comma; 'Liberation Sans'&comma; Arial&comma; sans-serif&comma; 'Apple Color Emoji'&comma; 'Segoe UI Emoji'&comma; 'Segoe UI Symbol'&comma; 'Noto Color Emoji'; font-size: medium; text-align: center; background-color: #ffffff;\">EFFOLD220LW<\/span> est&aacute; dise&ntilde;ado para ser 10% m&aacute;s compacto que los paneles de 220W comparables&comma; sin afectar la producci&oacute;n de energ&iacute;a. Este panel fue creado con un lado principal de 220W y un lado de 155W en la parte posterior para captar la luz ambiental&comma; de esta manera puedes captar hasta un 25% m&aacute;s de energ&iacute;a solar y cargar tu generador de energ&iacute;a port&aacute;til a&uacute;n m&aacute;s r&aacute;pido.<\/p>\n<\/p><\/div>\n<p> <!-- Im\u00e1genes principales --> <\/p>\n<div style=\"display: flex; flex-wrap: wrap; gap: 30px; margin: 30px 0;\">\n<div style=\"flex: 1 1 300px; min-width: 280px;\"><img decoding=\"async\" class=\"fr-fic fr-dii\" style=\"width: 100%; height: auto; border: 1px solid rgba(150&comma; 150&comma; 150&comma; 0.3); border-radius: 8px;\" src=\"https:\/\/cdn.shopify.com\/s\/files\/1\/0651\/6922\/7998\/files\/220W_1_1800x.png?v=1659321409\" alt=\"Panel solar EcoFlow EFFLEX220B frontal\" \/><\/div>\n<div style=\"flex: 1 1 300px; min-width: 280px;\"><img decoding=\"async\" class=\"fr-fic fr-dii\" style=\"width: 100%; height: auto; border: 1px solid rgba(150&comma; 150&comma; 150&comma; 0.3); border-radius: 8px;\" src=\"https:\/\/cdn.shopify.com\/s\/files\/1\/0651\/6922\/7998\/files\/220W_2_1800x.jpg?v=1659321409\" alt=\"Panel solar EcoFlow EFFLEX220B lateral\" \/><\/div>\n<\/p><\/div>\n<p> <!-- Separador --><\/p>\n<hr style=\"border: 0; border-top: 1px solid rgba(150&comma; 150&comma; 150&comma; 0.3); margin: 30px 0;\" \/><!-- Men\u00fa expandible --> <\/p>\n<div style=\"text-align: center; margin: 30px 0;\"><span style=\"font-size: 18px; font-weight: bold; color: #3598db;\">MEN&Uacute; EXPANDIBLE<\/span><\/div>\n<p> <!-- Secci\u00f3n de protecci\u00f3n --> <\/p>\n<div style=\"margin-bottom: 30px;\">\n<div style=\"border: 1px solid rgba(150&comma; 150&comma; 150&comma; 0.3); border-radius: 8px; overflow: hidden;\">\n<div style=\"padding: 15px; border-bottom: 1px solid rgba(150&comma; 150&comma; 150&comma; 0.2); font-weight: bold; font-size: 16px; color: inherit;\">PROTECCI&Oacute;N<\/div>\n<div style=\"padding: 15px; color: inherit;\">\n<p style=\"text-align: center; margin: 0 0 15px 0;\"><span style=\"font-size: 18px; font-weight: bold; color: #000000;\">&iexcl;Y tambi&eacute;n es resistente al agua!<\/span><\/p>\n<p style=\"font-size: 14px; color: inherit;\">Hemos subido el list&oacute;n con este panel. Es completamente resistente al agua y al polvo. Llueva&comma; haga viento o haga sol&comma; el panel es seguro al contar con un grado de impermeabilidad IP68<\/p>\n<p> <img decoding=\"async\" class=\"fr-fic fr-dib\" style=\"width: 100%; height: auto; border: 1px solid rgba(150&comma; 150&comma; 150&comma; 0.3); border-radius: 8px;\" src=\"https:\/\/cdn.shopify.com\/s\/files\/1\/0651\/6922\/7998\/files\/220W_6_1800x.png?v=1659320205\" alt=\"Panel solar EcoFlow EFFLEX220B resistencia al agua\" \/><\/div>\n<\/p><\/div>\n<\/p><\/div>\n<p> <!-- Secci\u00f3n de contenido --> <\/p>\n<div style=\"margin-bottom: 30px;\">\n<div style=\"border: 1px solid rgba(150&comma; 150&comma; 150&comma; 0.3); border-radius: 8px; overflow: hidden;\">\n<div style=\"padding: 15px; border-bottom: 1px solid rgba(150&comma; 150&comma; 150&comma; 0.2); font-weight: bold; font-size: 16px; color: inherit;\">CONTENIDO<\/div>\n<div style=\"padding: 15px; color: inherit;\">\n<div style=\"display: flex; flex-wrap: wrap; gap: 30px;\">\n<div style=\"flex: 1 1 300px; min-width: 280px;\"><img decoding=\"async\" class=\"fr-fic fr-dii\" style=\"width: 100%; height: auto; border: 1px solid rgba(150&comma; 150&comma; 150&comma; 0.3); border-radius: 8px;\" src=\"https:\/\/cdn.shopify.com\/s\/files\/1\/0651\/6922\/7998\/files\/0001_220W_2400x.jpg?v=1658230070\" alt=\"Contenido del paquete EcoFlow EFFLEX220B\" \/><\/div>\n<div style=\"flex: 1 1 300px; min-width: 280px;\">\n<h2 style=\"text-align: center; font-size: 20px; margin: 0 0 15px 0; color: inherit;\"><span style=\"font-family: system-ui&comma; -apple-system&comma; 'Segoe UI'&comma; Roboto&comma; 'Helvetica Neue'&comma; 'Noto Sans'&comma; 'Liberation Sans'&comma; Arial&comma; sans-serif&comma; 'Apple Color Emoji'&comma; 'Segoe UI Emoji'&comma; 'Segoe UI Symbol'&comma; 'Noto Color Emoji'; font-size: medium; font-weight: 400; background-color: #ffffff;\">EFFOLD220LW<\/span><\/h2>\n<ul style=\"padding-left: 20px; font-size: 14px; color: inherit; list-style-type: disc;\">\n<li style=\"margin-bottom: 8px;\"><strong>Panel Solar Bifacial 220W<\/strong><\/li>\n<li style=\"margin-bottom: 8px;\"><strong>Funda protectora del panel solar Bifacial 220W (Kickstand)<\/strong><\/li>\n<li style=\"margin-bottom: 8px;\"><strong>Cable de carga solar a XT60<\/strong><\/li>\n<li style=\"margin-bottom: 8px;\"><strong>Manual de usuario y Tarjeta de Garant&iacute;a del Panel Solar Bifacial 220W<\/strong><\/li>\n<li style=\"margin-bottom: 8px;\"><strong>Ganchos Snap<\/strong><\/li>\n<\/ul><\/div>\n<\/p><\/div>\n<\/p><\/div>\n<\/p><\/div>\n<\/p><\/div>\n<p> <!-- Secci\u00f3n de funda de transporte --> <\/p>\n<div style=\"margin: 30px 0;\">\n<p style=\"text-align: center; font-size: 24px; font-weight: bold; color: inherit;\">&iexcl;M&aacute;s que una funda de transporte!<\/p>\n<p style=\"font-size: 14px; color: inherit;\">El panel solar port&aacute;til bifacial EcoFlow <span style=\"color: #3598db; font-weight: bold;\">EFFLEX220B<\/span> incluye su propia funda de transporte para que puedas llevarlo a cualquier parte. Una vez que llegues a tu destino&comma; simplemente despli&eacute;gala y util&iacute;zala como soporte para conseguir una exposici&oacute;n al sol perfecta.<\/p>\n<\/p><\/div>\n<p> <!-- Im\u00e1genes de funda de transporte --> <\/p>\n<div style=\"display: flex; flex-wrap: wrap; gap: 30px; margin: 30px 0;\">\n<div style=\"flex: 1 1 300px; min-width: 280px;\"><img decoding=\"async\" class=\"fr-fic fr-dii\" style=\"width: 100%; height: auto; border: 1px solid rgba(150&comma; 150&comma; 150&comma; 0.3); border-radius: 8px;\" src=\"https:\/\/ftp3.syscom.mx\/usuarios\/fotos\/EFFLEX220B\/216309-portatil.jpg\" alt=\"Panel solar EcoFlow EFFLEX220B en funda de transporte\" \/><\/div>\n<div style=\"flex: 1 1 300px; min-width: 280px;\"><img decoding=\"async\" class=\"fr-fic fr-dii\" style=\"width: 100%; height: auto; border: 1px solid rgba(150&comma; 150&comma; 150&comma; 0.3); border-radius: 8px;\" src=\"https:\/\/ftp3.syscom.mx\/usuarios\/fotos\/EFFLEX220B\/216309-inlinacion.jpg\" alt=\"Panel solar EcoFlow EFFLEX220B con inclinaci&oacute;n\" \/><\/div>\n<\/p><\/div>\n<\/p><\/div>\n","protected":false},"excerpt":{"rendered":"<p>M\u00f3dulo Solar Bifacial, Port\u00e1til y Flexible de 220W Recomendado para Estaciones Port\u00e1tiles EFD330, EFD350 \u00f3 EFD500 \/ Ajuste de \u00c1ngulo \/ Carga Eficiente \/ Incluye Cable XT60 a MC4<\/p>\n","protected":false},"featured_media":43574,"comment_status":"open","ping_status":"closed","template":"","meta":[],"product_brand":[],"product_cat":[1100],"product_tag":[1116,1101,1102],"class_list":{"0":"post-43575","1":"product","2":"type-product","3":"status-publish","4":"has-post-thumbnail","6":"product_cat-ups-no-break","7":"product_tag-ecoflow","8":"product_tag-respaldo-de-energia","9":"product_tag-ups-no-break","11":"first","12":"outofstock","13":"sale","14":"shipping-taxable","15":"purchasable","16":"product-type-simple"},"_links":{"self":[{"href":"https:\/\/soydeaqui.ddns.net\/pachuca\/index.php\/wp-json\/wp\/v2\/product\/43575","targetHints":{"allow":["GET"]}}],"collection":[{"href":"https:\/\/soydeaqui.ddns.net\/pachuca\/index.php\/wp-json\/wp\/v2\/product"}],"about":[{"href":"https:\/\/soydeaqui.ddns.net\/pachuca\/index.php\/wp-json\/wp\/v2\/types\/product"}],"replies":[{"embeddable":true,"href":"https:\/\/soydeaqui.ddns.net\/pachuca\/index.php\/wp-json\/wp\/v2\/comments?post=43575"}],"wp:featuredmedia":[{"embeddable":true,"href":"https:\/\/soydeaqui.ddns.net\/pachuca\/index.php\/wp-json\/wp\/v2\/media\/43574"}],"wp:attachment":[{"href":"https:\/\/soydeaqui.ddns.net\/pachuca\/index.php\/wp-json\/wp\/v2\/media?parent=43575"}],"wp:term":[{"taxonomy":"product_brand","embeddable":true,"href":"https:\/\/soydeaqui.ddns.net\/pachuca\/index.php\/wp-json\/wp\/v2\/product_brand?post=43575"},{"taxonomy":"product_cat","embeddable":true,"href":"https:\/\/soydeaqui.ddns.net\/pachuca\/index.php\/wp-json\/wp\/v2\/product_cat?post=43575"},{"taxonomy":"product_tag","embeddable":true,"href":"https:\/\/soydeaqui.ddns.net\/pachuca\/index.php\/wp-json\/wp\/v2\/product_tag?post=43575"}],"curies":[{"name":"wp","href":"https:\/\/api.w.org\/{rel}","templated":true}]}}