{"id":43571,"date":"2026-03-18T19:14:46","date_gmt":"2026-03-18T19:14:46","guid":{"rendered":"https:\/\/soydeaqui.ddns.net\/pachuca\/index.php\/producto\/equipo-de-encendido-electronico-de-seguridad-v3-apliweld-e\/"},"modified":"2026-03-18T19:14:47","modified_gmt":"2026-03-18T19:14:47","slug":"equipo-de-encendido-electronico-de-seguridad-v3-apliweld-e","status":"publish","type":"product","link":"https:\/\/soydeaqui.ddns.net\/pachuca\/index.php\/producto\/equipo-de-encendido-electronico-de-seguridad-v3-apliweld-e\/","title":{"rendered":"Equipo de Encendido Electr\u00f3nico de Seguridad V3 APLIWELD\u00ae-E"},"content":{"rendered":"<div style='width: 100%; max-width: 1200px; margin: 0 auto; font-family: sans-serif; line-height: 1.6; color: inherit; background-color: transparent;'> <!-- Imagen principal --> <\/p>\n<div style='margin-bottom: 30px;'> <img style='width: 100%; height: auto; border: 1px solid rgba(150&comma;150&comma;150&comma;0.3); border-radius: 8px;' src='https:\/\/ftp3.syscom.mx\/usuarios\/fotos\/AT5360\/95182-ap_imagen.jpg' alt='Equipo de Encendido Electr\u00f3nico de Seguridad V3 APLIWELD\u00ae-E'> <\/div>\n<p> <!-- Descripci\u00f3n general --> <\/p>\n<div style='margin-bottom: 30px;'>\n<p style='text-align: justify; font-size: 15px; color: inherit;'> <strong style='color: #f29d12;'>La soldadura exot\u00e9rmica Apliweld\u00ae<\/strong> es un proceso que consigue la uni\u00f3n molecular de dos o m\u00e1s conductores met\u00e1licos mediante una reacci\u00f3n qu\u00edmica. Esta uni\u00f3n molecular mejora las propiedades mec\u00e1nicas&comma; el\u00e9ctricas y relativas a la corrosi\u00f3n respecto a cualquier uni\u00f3n mec\u00e1nica. La soldadura exot\u00e9rmica Apliweld\u00ae es el mejor modo de realizar conexiones permanentes&comma; fiables y de alta conductividad en cualquier instalaci\u00f3n que requiera toma de tierra. <\/p>\n<\/p><\/div>\n<p> <!-- Descripci\u00f3n del producto --> <\/p>\n<div style='margin-bottom: 30px;'>\n<p style='text-align: justify; font-size: 15px; color: inherit;'> Kit que activa a distancia&comma; de forma r\u00e1pida y segura&comma; el iniciador electr\u00f3nico de la soldadura exot\u00e9rmica APLIWELD\u00ae. <\/p>\n<\/p><\/div>\n<p> <!-- Contenido incluido --> <\/p>\n<div style='margin-bottom: 30px;'>\n<h3 style='font-size: 22px; border-bottom: 2px solid currentColor; padding-bottom: 5px; margin-top: 0; color: inherit; opacity: 0.8;'>Contenido del Kit<\/h3>\n<ul style='padding-left: 20px; font-size: 15px; color: inherit;'>\n<li style='margin-bottom: 5px;'>Equipo de encendido electr\u00f3nico (AT-123N)<\/li>\n<li style='margin-bottom: 5px;'>Mando de ignici\u00f3n remota (AT-124N)<\/li>\n<li style='margin-bottom: 5px;'>Cable de conexi\u00f3n (AT-098N)<\/li>\n<li style='margin-bottom: 5px;'>5 pinzas de conexi\u00f3n (AT-099N)<\/li>\n<li style='margin-bottom: 5px;'>Cable cargador bater\u00eda (AT-125N)<\/li>\n<li style='margin-bottom: 5px;'>Bolsa portaequipaje<\/li>\n<\/ul><\/div>\n<p> <!-- Especificaciones t\u00e9cnicas --> <\/p>\n<div style='margin-bottom: 30px;'>\n<h3 style='font-size: 22px; border-bottom: 2px solid currentColor; padding-bottom: 5px; margin-top: 0; color: inherit; opacity: 0.8;'>Caracter\u00edsticas T\u00e9cnicas<\/h3>\n<ul style='padding-left: 20px; font-size: 15px; color: inherit;'>\n<li style='margin-bottom: 5px;'><strong>Alimentaci\u00f3n:<\/strong> Bater\u00eda Plomo &#8211; \u00c1cido 12 V .08 AH<\/li>\n<li style='margin-bottom: 5px;'><strong>Tensi\u00f3n de funcionamiento:<\/strong> 12 Vcc<\/li>\n<li style='margin-bottom: 5px;'><strong>Carga:<\/strong> 5 Vcc<\/li>\n<li style='margin-bottom: 5px;'><strong>Autonom\u00eda:<\/strong> M\u00e1s de 100 soldaduras sin recargar<\/li>\n<li style='margin-bottom: 5px;'><strong>Dimensiones:<\/strong> 124 x 65 x 126 mm<\/li>\n<li style='margin-bottom: 5px;'><strong>Peso maleta:<\/strong> 1 kg<\/li>\n<li style='margin-bottom: 5px;'><strong>Dimensiones cable:<\/strong> 1.5 m<\/li>\n<li style='margin-bottom: 5px;'><strong>Peso total emblaje:<\/strong> 3.5 kg<\/li>\n<li style='margin-bottom: 5px;'><strong>Temperatura de trabajo:<\/strong> -10\u00b0C a +60\u00b0C<\/li>\n<\/ul><\/div>\n<p> <!-- Caracter\u00edstica adicional --> <\/p>\n<div style='margin-bottom: 30px;'>\n<p style='font-size: 15px; color: inherit;'> Permite el encendido de la reacci\u00f3n a distancia reduciendo riesgos laborales. <\/p>\n<\/p><\/div>\n<p> <!-- Video de YouTube --> <\/p>\n<div style='position: relative; padding-bottom: 56.25%; height: 0; overflow: hidden; margin-bottom: 30px;'>   <\/div>\n<\/p><\/div>\n","protected":false},"excerpt":{"rendered":"<p>Equipo de Encendido Electr\u00f3nico de Seguridad V3 APLIWELD\u00ae-E<\/p>\n","protected":false},"featured_media":43570,"comment_status":"open","ping_status":"closed","template":"","meta":[],"product_brand":[],"product_cat":[1090],"product_tag":[1091,1239,1088],"class_list":{"0":"post-43571","1":"product","2":"type-product","3":"status-publish","4":"has-post-thumbnail","6":"product_cat-accesorios-para-tierra-fisica","7":"product_tag-accesorios-para-tierra-fisica","8":"product_tag-aplicaciones-tecnologicas","9":"product_tag-calidad-de-la-energia","11":"first","12":"outofstock","13":"sale","14":"shipping-taxable","15":"purchasable","16":"product-type-simple"},"_links":{"self":[{"href":"https:\/\/soydeaqui.ddns.net\/pachuca\/index.php\/wp-json\/wp\/v2\/product\/43571","targetHints":{"allow":["GET"]}}],"collection":[{"href":"https:\/\/soydeaqui.ddns.net\/pachuca\/index.php\/wp-json\/wp\/v2\/product"}],"about":[{"href":"https:\/\/soydeaqui.ddns.net\/pachuca\/index.php\/wp-json\/wp\/v2\/types\/product"}],"replies":[{"embeddable":true,"href":"https:\/\/soydeaqui.ddns.net\/pachuca\/index.php\/wp-json\/wp\/v2\/comments?post=43571"}],"wp:featuredmedia":[{"embeddable":true,"href":"https:\/\/soydeaqui.ddns.net\/pachuca\/index.php\/wp-json\/wp\/v2\/media\/43570"}],"wp:attachment":[{"href":"https:\/\/soydeaqui.ddns.net\/pachuca\/index.php\/wp-json\/wp\/v2\/media?parent=43571"}],"wp:term":[{"taxonomy":"product_brand","embeddable":true,"href":"https:\/\/soydeaqui.ddns.net\/pachuca\/index.php\/wp-json\/wp\/v2\/product_brand?post=43571"},{"taxonomy":"product_cat","embeddable":true,"href":"https:\/\/soydeaqui.ddns.net\/pachuca\/index.php\/wp-json\/wp\/v2\/product_cat?post=43571"},{"taxonomy":"product_tag","embeddable":true,"href":"https:\/\/soydeaqui.ddns.net\/pachuca\/index.php\/wp-json\/wp\/v2\/product_tag?post=43571"}],"curies":[{"name":"wp","href":"https:\/\/api.w.org\/{rel}","templated":true}]}}