{"id":43562,"date":"2026-03-18T19:14:33","date_gmt":"2026-03-18T19:14:33","guid":{"rendered":"https:\/\/soydeaqui.ddns.net\/pachuca\/index.php\/producto\/kit-solar-de-28-w-con-poe-pasivo-24-vcc-para-2-radios-de-ubiquiti-airmax-cambium-epmp\/"},"modified":"2026-03-18T19:14:36","modified_gmt":"2026-03-18T19:14:36","slug":"kit-solar-de-28-w-con-poe-pasivo-24-vcc-para-2-radios-de-ubiquiti-airmax-cambium-epmp","status":"publish","type":"product","link":"https:\/\/soydeaqui.ddns.net\/pachuca\/index.php\/producto\/kit-solar-de-28-w-con-poe-pasivo-24-vcc-para-2-radios-de-ubiquiti-airmax-cambium-epmp\/","title":{"rendered":"Kit Solar de 28 W con PoE Pasivo 24 Vcc para 2 Radios de Ubiquiti airMAX, Cambium ePMP"},"content":{"rendered":"<div style='width: 100%; max-width: 1200px; margin: 0 auto; font-family: sans-serif; line-height: 1.6; color: inherit; background-color: transparent;'> <!-- Secci\u00f3n de compatibilidad Ubiquiti --> <\/p>\n<div style='display: flex; flex-wrap: wrap; gap: 30px; margin-bottom: 30px;'>\n<div style='flex: 1 1 300px; min-width: 280px;'>\n<h3 style='font-size: 22px; border-bottom: 2px solid currentColor; padding-bottom: 5px; margin-top: 0; color: inherit; opacity: 0.8;'>Lista de compatibilidad Ubiquiti Networks<\/h3>\n<ul style='padding-left: 20px; font-size: 15px; color: inherit;'>\n<li style='margin-bottom: 5px;'><a href='https:\/\/www.syscom.mx\/producto\/LOCOM2-UBIQUITI-NETWORKS-39791.html' style='color: inherit; text-decoration: none; border-bottom: 1px dotted rgba(0&comma;0&comma;0&comma;0.5);'>LOCOM2<\/a><\/li>\n<li style='margin-bottom: 5px;'><a href='https:\/\/www.syscom.mx\/producto\/LOCOM5-UBIQUITI-NETWORKS-21757.html' style='color: inherit; text-decoration: none; border-bottom: 1px dotted rgba(0&comma;0&comma;0&comma;0.5);'>LOCOM5<\/a><\/li>\n<li style='margin-bottom: 5px;'><a href='https:\/\/www.syscom.mx\/producto\/ROCKET-M2-UBIQUITI-NETWORKS-28234.html' style='color: inherit; text-decoration: none; border-bottom: 1px dotted rgba(0&comma;0&comma;0&comma;0.5);'>ROCKETM2<\/a>&comma; <a href='https:\/\/www.syscom.mx\/producto\/ROCKET-M5-UBIQUITI-NETWORKS-28236.html' style='color: inherit; text-decoration: none; border-bottom: 1px dotted rgba(0&comma;0&comma;0&comma;0.5);'>ROCKETM5<\/a>&comma; <a href='https:\/\/www.syscom.mx\/producto\/R5AC-LITE-UBIQUITI-NETWORKS-72469.html' style='color: inherit; text-decoration: none; border-bottom: 1px dotted rgba(0&comma;0&comma;0&comma;0.5);'>R5AC-Lite<\/a><\/li>\n<\/ul>\n<p style='margin-top: 20px; font-size: 15px; color: inherit;'><strong>Pinout de cable para alimentar equipos Ubiquiti Networks:<\/strong> Se usa un cable con configuraci\u00f3n directa.<\/p>\n<\/p><\/div>\n<p> <!-- Secci\u00f3n de compatibilidad Cambium --> <\/p>\n<div style='flex: 1 1 300px; min-width: 280px;'>\n<h3 style='font-size: 22px; border-bottom: 2px solid currentColor; padding-bottom: 5px; margin-top: 0; color: inherit; opacity: 0.8;'>Lista de compatibilidad Cambium Networks<\/h3>\n<ul style='padding-left: 20px; font-size: 15px; color: inherit;'>\n<li style='margin-bottom: 5px;'><a href='https:\/\/www.syscom.mx\/producto\/EPMP-5C-CAMBIUM-NETWORKS-69867.html' style='color: inherit; text-decoration: none; border-bottom: 1px dotted rgba(0&comma;0&comma;0&comma;0.5);'>EPMP-5C<\/a>&comma; <a href='https:\/\/www.syscom.mx\/producto\/EPMP-5I-CAMBIUM-NETWORKS-69863.html' style='color: inherit; text-decoration: none; border-bottom: 1px dotted rgba(0&comma;0&comma;0&comma;0.5);'>EPMP-5I<\/a><\/li>\n<\/ul>\n<p style='margin-top: 20px; font-size: 15px; color: inherit;'><strong>Pinout de cable para alimentar equipos Cambium Networks:<\/strong> Se usa un cable con configuraci\u00f3n PoE cruzada (No es un cable de datos cruzado).<\/p>\n<\/p><\/div>\n<\/p><\/div>\n<p> <!-- Imagen --> <\/p>\n<div style='margin: 30px 0;'> <img style='width: 100%; height: auto; border: 1px solid rgba(150&comma;150&comma;150&comma;0.3); border-radius: 8px;' src='https:\/\/ftp3.syscom.mx\/usuarios\/fotos\/PL1224G1R\/87829-captura_de_pantalla_2018-11-30_a_la(s)_12.19.22.png' alt=''> <\/div>\n<p> <!-- Secci\u00f3n de componentes --> <\/p>\n<div style='display: flex; flex-wrap: wrap; gap: 20px; margin-bottom: 30px;'>\n<div style='flex: 1 1 250px; border: 1px solid rgba(150&comma; 150&comma; 150&comma; 0.4); border-radius: 8px; overflow: hidden; display: flex; flex-direction: column;'>\n<div style='padding: 15px; border-bottom: 1px solid rgba(150&comma; 150&comma; 150&comma; 0.2); font-weight: bold; font-size: 18px; color: inherit;'>Lista de componentes incluidos en el kit<\/div>\n<div style='padding: 15px; color: inherit;'>\n<ul style='padding-left: 20px; margin: 0; font-size: 14px; list-style-type: disc;'>\n<li style='margin-bottom: 5px;'>1 x <span style='color: inherit; font-family: verdana&comma; sans-serif; font-size: 13px;'>EPL22512A<\/span> &#8211; M\u00f3dulo fotovoltaico de 225 W&comma; 12 Vcc.<\/li>\n<li style='margin-bottom: 5px;'>1 x <span style='color: inherit; font-family: verdana&comma; sans-serif; font-size: 13px;'>LS3024EU<\/span> &#8211; Controlador de carga 30 A&comma; 12 Vcc.<\/li>\n<li style='margin-bottom: 5px;'>2 x <span style='color: inherit; font-family: verdana&comma; sans-serif; font-size: 13px;'>WIPOE6224<\/span> &#8211; Convertidor CD con PoE Pasivo de 12-24 Vcc&comma; 0.8 A.<\/li>\n<li style='margin-bottom: 5px;'>2 x PL120D12 &#8211; Acumulador ciclo profundo VRLA 12 Vcc&comma; 120 Ah.<\/li>\n<li style='margin-bottom: 5px;'>1 x <span style='color: inherit; font-family: verdana&comma; sans-serif; font-size: 13px;'>EPIMB225V1<\/span> &#8211; Montaje para poste<\/li>\n<li style='margin-bottom: 5px;'>1 x SVR-1419-G &#8211; Gabinete met\u00e1lico para bater\u00edas.<\/li>\n<li style='margin-bottom: 5px;'>No incluye el montaje MP-1419-V4 de gabinete para poste.<\/li>\n<\/ul><\/div>\n<\/p><\/div>\n<p> <!-- Nota importante --> <\/p>\n<div style='flex: 1 1 250px; border: 1px solid rgba(150&comma; 150&comma; 150&comma; 0.4); border-radius: 8px; overflow: hidden; display: flex; flex-direction: column;'>\n<div style='padding: 15px; border-bottom: 1px solid rgba(150&comma; 150&comma; 150&comma; 0.2); font-weight: bold; font-size: 18px; color: inherit;'>Nota Importante<\/div>\n<div style='padding: 15px; color: inherit;'>\n<p style='margin: 0 0 10px; font-size: 14px; color: inherit;'>Este KIT no incluye el supresor LA302DC&comma; no es necesario pero es muy recomendable su instalaci\u00f3n para protecci\u00f3n contra descargas atmosf\u00e9ricas<\/p>\n<\/p><\/div>\n<\/p><\/div>\n<\/p><\/div>\n<p> <!-- Separador --> <\/p>\n<hr style='border: 0; border-top: 1px solid rgba(150&comma; 150&comma; 150&comma; 0.3); margin: 30px 0;'> <\/div>\n","protected":false},"excerpt":{"rendered":"<p>Kit Solar de 28 W con PoE Pasivo 24 Vcc para 2 Radios de Ubiquiti airMAX, Cambium ePMP<\/p>\n","protected":false},"featured_media":43561,"comment_status":"open","ping_status":"closed","template":"","meta":[],"product_brand":[],"product_cat":[1196],"product_tag":[964,454,1197],"class_list":{"0":"post-43562","1":"product","2":"type-product","3":"status-publish","4":"has-post-thumbnail","6":"product_cat-kit-solar-sistema-aislado","7":"product_tag-energia-solar","8":"product_tag-epcom-powerline","9":"product_tag-kit-solar-sistema-aislado","11":"first","12":"outofstock","13":"sale","14":"shipping-taxable","15":"purchasable","16":"product-type-simple"},"_links":{"self":[{"href":"https:\/\/soydeaqui.ddns.net\/pachuca\/index.php\/wp-json\/wp\/v2\/product\/43562","targetHints":{"allow":["GET"]}}],"collection":[{"href":"https:\/\/soydeaqui.ddns.net\/pachuca\/index.php\/wp-json\/wp\/v2\/product"}],"about":[{"href":"https:\/\/soydeaqui.ddns.net\/pachuca\/index.php\/wp-json\/wp\/v2\/types\/product"}],"replies":[{"embeddable":true,"href":"https:\/\/soydeaqui.ddns.net\/pachuca\/index.php\/wp-json\/wp\/v2\/comments?post=43562"}],"wp:featuredmedia":[{"embeddable":true,"href":"https:\/\/soydeaqui.ddns.net\/pachuca\/index.php\/wp-json\/wp\/v2\/media\/43561"}],"wp:attachment":[{"href":"https:\/\/soydeaqui.ddns.net\/pachuca\/index.php\/wp-json\/wp\/v2\/media?parent=43562"}],"wp:term":[{"taxonomy":"product_brand","embeddable":true,"href":"https:\/\/soydeaqui.ddns.net\/pachuca\/index.php\/wp-json\/wp\/v2\/product_brand?post=43562"},{"taxonomy":"product_cat","embeddable":true,"href":"https:\/\/soydeaqui.ddns.net\/pachuca\/index.php\/wp-json\/wp\/v2\/product_cat?post=43562"},{"taxonomy":"product_tag","embeddable":true,"href":"https:\/\/soydeaqui.ddns.net\/pachuca\/index.php\/wp-json\/wp\/v2\/product_tag?post=43562"}],"curies":[{"name":"wp","href":"https:\/\/api.w.org\/{rel}","templated":true}]}}