{"id":4354,"date":"2026-03-18T06:18:09","date_gmt":"2026-03-18T06:18:09","guid":{"rendered":"https:\/\/soydeaqui.ddns.net\/pachuca\/index.php\/producto\/teclado-inalambrico-para-panel-de-alarma-proseries\/"},"modified":"2026-03-18T06:18:09","modified_gmt":"2026-03-18T06:18:09","slug":"teclado-inalambrico-para-panel-de-alarma-proseries","status":"publish","type":"product","link":"https:\/\/soydeaqui.ddns.net\/pachuca\/index.php\/producto\/teclado-inalambrico-para-panel-de-alarma-proseries\/","title":{"rendered":"Teclado Inal\u00e1mbrico para panel de Alarma ProSeries"},"content":{"rendered":"<div style='width: 100%; max-width: 1200px; margin: 0 auto; font-family: sans-serif; line-height: 1.6; color: inherit; background-color: transparent;'>\n<div style='display: flex; flex-wrap: wrap; gap: 30px; margin-bottom: 30px;'>\n<div style='flex: 1 1 300px; min-width: 280px;'>\n<h3 style='font-size: 22px; border-bottom: 2px solid currentColor; padding-bottom: 5px; margin-top: 0; color: inherit; opacity: 0.8;'>Caracter\u00edsticas<\/h3>\n<ul style='padding-left: 20px; font-size: 15px; color: inherit;'>\n<li style='margin-bottom: 5px;'>Pantalla alfanum\u00e9rica de 2 x 16 con botones dedicados a bomberos&comma; polic\u00eda y m\u00e9dicos<\/li>\n<li style='margin-bottom: 5px;'>La pantalla multiling\u00fce ofrece una visualizaci\u00f3n en ingl\u00e9s&comma; espa\u00f1ol&comma; portugu\u00e9s o franc\u00e9s de los descriptores de zona seleccionados en el panel de control<\/li>\n<li style='margin-bottom: 5px;'>El teclado alfa inal\u00e1mbrico sirve como teclado remoto inal\u00e1mbrico para controlar las funciones de seguridad del controlador ProSeries<\/li>\n<li style='margin-bottom: 5px;'>F\u00e1cil inscripci\u00f3n en el Panel<\/li>\n<li style='margin-bottom: 5px;'>Armado con un solo bot\u00f3n<\/li>\n<li style='margin-bottom: 5px;'>Se monta en una pared o en un soporte de escritorio opcional (PROSIXLCDDM)<\/li>\n<li style='margin-bottom: 5px;'>Supervisado<\/li>\n<li style='margin-bottom: 5px;'>Alcance de 300 pies<\/li>\n<li style='margin-bottom: 5px;'>Alimentado por un adaptador de corriente externo de entrada de 110 VCA \/ salida de 9 VCC (incluido)<\/li>\n<li style='margin-bottom: 5px;'>El paquete de bater\u00eda (7&comma;2 V CC) proporciona energ\u00eda de respaldo las 24 horas (incluido)<\/li>\n<\/ul><\/div>\n<\/p><\/div>\n<hr style='border: 0; border-top: 1px solid rgba(150&comma; 150&comma; 150&comma; 0.3); margin: 30px 0;'> <\/div>\n","protected":false},"excerpt":{"rendered":"<p>Teclado Inal\u00e1mbrico para panel de Alarma ProSeries<\/p>\n","protected":false},"featured_media":4353,"comment_status":"open","ping_status":"closed","template":"","meta":[],"product_brand":[],"product_cat":[134],"product_tag":[45,135,62],"class_list":{"0":"post-4354","1":"product","2":"type-product","3":"status-publish","4":"has-post-thumbnail","6":"product_cat-todos-teclados","7":"product_tag-honeywell-home-resideo","8":"product_tag-teclados","9":"product_tag-todos","11":"first","12":"outofstock","13":"sale","14":"shipping-taxable","15":"purchasable","16":"product-type-simple"},"_links":{"self":[{"href":"https:\/\/soydeaqui.ddns.net\/pachuca\/index.php\/wp-json\/wp\/v2\/product\/4354","targetHints":{"allow":["GET"]}}],"collection":[{"href":"https:\/\/soydeaqui.ddns.net\/pachuca\/index.php\/wp-json\/wp\/v2\/product"}],"about":[{"href":"https:\/\/soydeaqui.ddns.net\/pachuca\/index.php\/wp-json\/wp\/v2\/types\/product"}],"replies":[{"embeddable":true,"href":"https:\/\/soydeaqui.ddns.net\/pachuca\/index.php\/wp-json\/wp\/v2\/comments?post=4354"}],"wp:featuredmedia":[{"embeddable":true,"href":"https:\/\/soydeaqui.ddns.net\/pachuca\/index.php\/wp-json\/wp\/v2\/media\/4353"}],"wp:attachment":[{"href":"https:\/\/soydeaqui.ddns.net\/pachuca\/index.php\/wp-json\/wp\/v2\/media?parent=4354"}],"wp:term":[{"taxonomy":"product_brand","embeddable":true,"href":"https:\/\/soydeaqui.ddns.net\/pachuca\/index.php\/wp-json\/wp\/v2\/product_brand?post=4354"},{"taxonomy":"product_cat","embeddable":true,"href":"https:\/\/soydeaqui.ddns.net\/pachuca\/index.php\/wp-json\/wp\/v2\/product_cat?post=4354"},{"taxonomy":"product_tag","embeddable":true,"href":"https:\/\/soydeaqui.ddns.net\/pachuca\/index.php\/wp-json\/wp\/v2\/product_tag?post=4354"}],"curies":[{"name":"wp","href":"https:\/\/api.w.org\/{rel}","templated":true}]}}