{"id":43422,"date":"2026-03-18T19:09:01","date_gmt":"2026-03-18T19:09:01","guid":{"rendered":"https:\/\/soydeaqui.ddns.net\/pachuca\/index.php\/producto\/relevador-contacto-seco-interruptor-wifi-industrial-y-residencial-inteligente-hasta-16a-soporta-google-y-alexa-nube-p2p-y-control-local-1-canal-y-puerto-ethernet-2\/"},"modified":"2026-03-18T19:09:04","modified_gmt":"2026-03-18T19:09:04","slug":"relevador-contacto-seco-interruptor-wifi-industrial-y-residencial-inteligente-hasta-16a-soporta-google-y-alexa-nube-p2p-y-control-local-1-canal-y-puerto-ethernet-2","status":"publish","type":"product","link":"https:\/\/soydeaqui.ddns.net\/pachuca\/index.php\/producto\/relevador-contacto-seco-interruptor-wifi-industrial-y-residencial-inteligente-hasta-16a-soporta-google-y-alexa-nube-p2p-y-control-local-1-canal-y-puerto-ethernet-2\/","title":{"rendered":"Relevador \/ Contacto Seco \/ Interruptor WIFI\/ Industrial y residencial inteligente \/ Hasta 16A \/ Soporta Google y Alexa \/ Nube P2P y control Local \/ 1 canal y puerto ethernet"},"content":{"rendered":"<div style='width: 100%; max-width: 1200px; margin: 0 auto; font-family: sans-serif; line-height: 1.6; color: inherit; background-color: transparent;'>\n<div style='display: flex; flex-direction: column; gap: 30px;'>\n<div style='text-align: center;'>\n<h3 style='font-size: 22px; font-weight: bold; margin: 0; color: inherit; opacity: 0.8;'>\u00bfPor qu\u00e9 Shelly Pro Dimmer 1PM?<\/h3>\n<\/p><\/div>\n<div style='display: flex; flex-wrap: wrap; gap: 30px;'>\n<div style='flex: 1 1 300px; min-width: 280px;'>\n<p style='text-align: justify; margin: 0; color: inherit; font-size: 15px;'> La mejor soluci\u00f3n de atenuaci\u00f3n para nuevos edificios residenciales e instalaciones comerciales. El regulador Shelly Pro Dimmer 1PM es un regulador inteligente de un canal&comma; montable en carril DIN y con monitorizaci\u00f3n de potencia. \u00daselo para controlar&comma; regular y medir la potencia de una amplia gama de luces hal\u00f3genas&comma; LED regulables y transformadores ferromagn\u00e9ticos de 110 a 240 V. <\/p>\n<\/p><\/div>\n<div style='flex: 1 1 300px; min-width: 280px;'>\n<p style='text-align: justify; margin: 0; color: inherit; font-size: 15px;'> Permite configurar diferentes tipos de acciones&comma; escenarios y programaciones para adaptar su entorno de iluminaci\u00f3n a sus actividades diarias o necesidades comerciales. <\/p>\n<\/p><\/div>\n<\/p><\/div>\n<div style='display: grid; grid-template-columns: repeat(auto-fit&comma; minmax(280px&comma; 1fr)); gap: 20px;'>\n<div style='border: 1px solid rgba(150&comma; 150&comma; 150&comma; 0.4); border-radius: 8px; overflow: hidden; display: flex; flex-direction: column;'>\n<div style='padding: 15px; border-bottom: 1px solid rgba(150&comma; 150&comma; 150&comma; 0.2); font-weight: bold; font-size: 18px; color: inherit; background-color: rgba(0&comma; 145&comma; 255&comma; 0.1);'>Caracter\u00edsticas principales<\/div>\n<div style='padding: 15px; color: inherit;'>\n<ul style='padding-left: 20px; margin: 0; font-size: 14px; list-style-type: disc;'>\n<li style='margin-bottom: 5px; color: inherit;'><strong>No requiere HUB<\/strong><\/li>\n<li style='margin-bottom: 5px; color: inherit;'><strong>Canales:<\/strong> 1<\/li>\n<li style='margin-bottom: 5px; color: inherit;'>Medici\u00f3n de consumo<\/li>\n<li style='margin-bottom: 5px; color: inherit;'>Conectividad Wifi 2.4GHz&comma; Bluetooth y Ethernet<\/li>\n<li style='margin-bottom: 5px; color: inherit;'>Montable en riel DIN<\/li>\n<li style='margin-bottom: 5px; color: inherit;'>Protecci\u00f3n de Temperatura<\/li>\n<li style='margin-bottom: 5px; color: inherit;'>Protecci\u00f3n de sobrecarga<\/li>\n<\/ul><\/div>\n<\/p><\/div>\n<div style='border: 1px solid rgba(150&comma; 150&comma; 150&comma; 0.4); border-radius: 8px; overflow: hidden; display: flex; flex-direction: column;'>\n<div style='padding: 15px; border-bottom: 1px solid rgba(150&comma; 150&comma; 150&comma; 0.2); font-weight: bold; font-size: 18px; color: inherit; background-color: rgba(0&comma; 145&comma; 255&comma; 0.1);'>Caracter\u00edsticas F\u00edsicas y El\u00e9ctricas<\/div>\n<div style='padding: 15px; color: inherit;'>\n<ul style='padding-left: 20px; margin: 0; font-size: 14px; list-style-type: disc;'>\n<li style='margin-bottom: 5px; color: inherit;'><strong>Alimentaci\u00f3n AC:<\/strong> 110-230V&comma; 50\/60Hz<\/li>\n<li style='margin-bottom: 5px; color: inherit;'><strong>Carga m\u00e1xima:<\/strong> 10A<\/li>\n<li style='margin-bottom: 5px; color: inherit;'><strong>Temperatura de operaci\u00f3n:<\/strong> -20\u00b0C a +40\u00b0C<\/li>\n<li style='margin-bottom: 5px; color: inherit;'><strong>Corriente de consumo:<\/strong> <2W<\/li>\n<li style='margin-bottom: 5px; color: inherit;'><strong>Dimensiones:<\/strong> 68.5mm \u00d7 18.5mm \u00d7 89.5mm<\/li>\n<\/ul><\/div>\n<\/p><\/div>\n<div style='border: 1px solid rgba(150&comma; 150&comma; 150&comma; 0.4); border-radius: 8px; overflow: hidden; display: flex; flex-direction: column;'>\n<div style='padding: 15px; border-bottom: 1px solid rgba(150&comma; 150&comma; 150&comma; 0.2); font-weight: bold; font-size: 18px; color: inherit; background-color: rgba(0&comma; 145&comma; 255&comma; 0.1);'>Caracter\u00edsticas Destacadas<\/div>\n<div style='padding: 15px; color: inherit;'>\n<p style='margin: 0 0 15px 0; color: inherit; font-size: 14px; text-align: justify;'> SHELLYPRO1 de 1 canal con conexi\u00f3n Wi-Fi&comma; LAN y Bluetooth&comma; apto para dom\u00f3tica e instalaciones con mando a distancia. Montable en riel DIN dentro de una caja de interruptores. Funciones de seguridad mejoradas y compatible con las plataformas de dom\u00f3tica m\u00e1s utilizadas. <\/p>\n<ul style='padding-left: 20px; margin: 0; font-size: 14px; list-style-type: disc;'>\n<li style='margin-bottom: 5px; color: inherit;'><a href='https:\/\/us.shelly.com\/blogs\/documentation\/shelly-pro-dimmer-1pm' style='color: #0091ff; text-decoration: none;'>Base de datos material de apoyo<\/a><\/li>\n<\/ul><\/div>\n<\/p><\/div>\n<\/p><\/div>\n<div style='display: flex; flex-direction: column; align-items: center; gap: 20px; margin-top: 30px;'> <img style='width: 100%; height: auto; border: 1px solid rgba(150&comma;150&comma;150&comma;0.3); border-radius: 8px;' src='https:\/\/ftp3.syscom.mx\/usuarios\/mbarrio\/shelly\/shellyprodi_3.JPG' alt=''> <img style='width: 100%; height: auto; border: 1px solid rgba(150&comma;150&comma;150&comma;0.3); border-radius: 8px;' src='https:\/\/i.ibb.co\/HDBc9xQ\/tabla-shelly.jpg' alt=''> <\/div>\n<\/p><\/div>\n<\/p><\/div>\n","protected":false},"excerpt":{"rendered":"<p>Relevador \/ Contacto Seco \/ Interruptor WIFI\/ Industrial y residencial inteligente \/ Hasta 16A \/ Soporta Google y Alexa \/ Nube P2P y control Local \/ 1 canal y puerto ethernet<\/p>\n","protected":false},"featured_media":43421,"comment_status":"open","ping_status":"closed","template":"","meta":[],"product_brand":[],"product_cat":[56],"product_tag":[30,57,58],"class_list":{"0":"post-43422","1":"product","2":"type-product","3":"status-publish","4":"has-post-thumbnail","6":"product_cat-control-de-iluminacion","7":"product_tag-automatizacion-casa-inteligente","8":"product_tag-control-de-iluminacion","9":"product_tag-shelly","11":"first","12":"outofstock","13":"sale","14":"shipping-taxable","15":"purchasable","16":"product-type-simple"},"_links":{"self":[{"href":"https:\/\/soydeaqui.ddns.net\/pachuca\/index.php\/wp-json\/wp\/v2\/product\/43422","targetHints":{"allow":["GET"]}}],"collection":[{"href":"https:\/\/soydeaqui.ddns.net\/pachuca\/index.php\/wp-json\/wp\/v2\/product"}],"about":[{"href":"https:\/\/soydeaqui.ddns.net\/pachuca\/index.php\/wp-json\/wp\/v2\/types\/product"}],"replies":[{"embeddable":true,"href":"https:\/\/soydeaqui.ddns.net\/pachuca\/index.php\/wp-json\/wp\/v2\/comments?post=43422"}],"wp:featuredmedia":[{"embeddable":true,"href":"https:\/\/soydeaqui.ddns.net\/pachuca\/index.php\/wp-json\/wp\/v2\/media\/43421"}],"wp:attachment":[{"href":"https:\/\/soydeaqui.ddns.net\/pachuca\/index.php\/wp-json\/wp\/v2\/media?parent=43422"}],"wp:term":[{"taxonomy":"product_brand","embeddable":true,"href":"https:\/\/soydeaqui.ddns.net\/pachuca\/index.php\/wp-json\/wp\/v2\/product_brand?post=43422"},{"taxonomy":"product_cat","embeddable":true,"href":"https:\/\/soydeaqui.ddns.net\/pachuca\/index.php\/wp-json\/wp\/v2\/product_cat?post=43422"},{"taxonomy":"product_tag","embeddable":true,"href":"https:\/\/soydeaqui.ddns.net\/pachuca\/index.php\/wp-json\/wp\/v2\/product_tag?post=43422"}],"curies":[{"name":"wp","href":"https:\/\/api.w.org\/{rel}","templated":true}]}}