{"id":43339,"date":"2026-03-18T19:06:46","date_gmt":"2026-03-18T19:06:46","guid":{"rendered":"https:\/\/soydeaqui.ddns.net\/pachuca\/index.php\/producto\/microinversor-2-kw-wifi-220-vca-para-interconexion-a-red-electrica-ip67-conexion-para-cable-troncal-soporta-oversizing-a-4-modulos-de-hasta-670-w-2\/"},"modified":"2026-03-18T19:06:47","modified_gmt":"2026-03-18T19:06:47","slug":"microinversor-2-kw-wifi-220-vca-para-interconexion-a-red-electrica-ip67-conexion-para-cable-troncal-soporta-oversizing-a-4-modulos-de-hasta-670-w-2","status":"publish","type":"product","link":"https:\/\/soydeaqui.ddns.net\/pachuca\/index.php\/producto\/microinversor-2-kw-wifi-220-vca-para-interconexion-a-red-electrica-ip67-conexion-para-cable-troncal-soporta-oversizing-a-4-modulos-de-hasta-670-w-2\/","title":{"rendered":"Microinversor 2 Kw, WIFI,  220 Vca, para Interconexi\u00f3n a Red El\u00e9ctrica, IP67, Conexi\u00f3n para Cable Troncal, soporta oversizing a 4 M\u00f3dulos de Hasta 670 W"},"content":{"rendered":"<div style='width: 100%; max-width: 1200px; margin: 0 auto; font-family: sans-serif; line-height: 1.6; color: inherit; background-color: transparent;'>\n<div style='display: flex; flex-wrap: wrap; gap: 30px; margin-bottom: 30px;'>\n<div style='flex: 1 1 300px; min-width: 280px;'>\n<div style='display: flex; justify-content: center; margin-bottom: 20px;'> <img style='width: 100%; max-width: 350px; height: auto; border: 1px solid rgba(150&comma;150&comma;150&comma;0.3); border-radius: 8px;' src='https:\/\/ftp3.syscom.mx\/usuarios\/mchaparro\/HOYMILES\/SINGLE1.png' alt=''> <\/div>\n<p style='text-align: center; font-size: 16px; color: inherit;'> Monitoreo y administraci\u00f3n v\u00eda app o PC por medio del <span style='color: #005cb9; font-weight: 600; font-size: 14px;'>DTUPROS<\/span> <\/p>\n<\/p><\/div>\n<div style='flex: 1 1 300px; min-width: 280px;'>\n<div style='display: flex; justify-content: center; margin-bottom: 20px;'> <img style='width: 100%; max-width: 350px; height: auto; border: 1px solid rgba(150&comma;150&comma;150&comma;0.3); border-radius: 8px;' src='https:\/\/ftp3.syscom.mx\/usuarios\/mchaparro\/HOYMILES\/SINGLE2.png' alt=''> <\/div>\n<p style='text-align: center; font-size: 16px; color: inherit;'> IP67 Ideal para instalar a la intemperie debajo del mismo montaje de los m\u00f3dulos. <\/p>\n<\/p><\/div>\n<div style='flex: 1 1 300px; min-width: 280px;'>\n<div style='display: flex; justify-content: center; margin-bottom: 20px;'> <img style='width: 100%; max-width: 350px; height: auto; border: 1px solid rgba(150&comma;150&comma;150&comma;0.3); border-radius: 8px;' src='https:\/\/ftp3.syscom.mx\/usuarios\/mchaparro\/HOYMILES\/SINGLE3.png' alt=''> <\/div>\n<p style='text-align: center; font-size: 16px; color: inherit;'> Plataforma de monitoreo por medio de <span style='color: #005cb9; font-size: 14px; font-weight: 600; text-align: start;'>DTUPROS<\/span> con gr\u00e1ficas de generaci\u00f3n diaria. <\/p>\n<\/p><\/div>\n<\/p><\/div>\n<div style='text-align: center; margin: 30px 0;'>\n<h3 style='display: inline-block; font-size: 18px; font-weight: 400; color: inherit; border: 1px solid rgba(150&comma;150&comma;150&comma;0.3); padding: 8px 20px; border-radius: 25px;'> Incluye WIFI <\/h3>\n<\/p><\/div>\n<div style='display: flex; flex-wrap: wrap; gap: 20px; margin-bottom: 30px;'>\n<div style='flex: 1 1 300px; min-width: 280px;'>\n<div style='border: 1px solid rgba(150&comma;150&comma;150&comma;0.4); border-radius: 8px; overflow: hidden;'>\n<div style='padding: 15px; border-bottom: 1px solid rgba(150&comma;150&comma;150&comma;0.2); font-weight: bold; font-size: 18px; color: inherit;'>Datos de entrada de Corriente Directa (CD)<\/div>\n<div style='padding: 15px; color: inherit;'>\n<ul style='padding-left: 20px; margin: 0; font-size: 14px; list-style-type: disc;'>\n<li style='margin-bottom: 8px;'><strong>Potencia M\u00e1xima Fotovoltaica en Watts:<\/strong> 4 x 670 W<\/li>\n<li style='margin-bottom: 8px;'><strong>Voltaje M\u00e1ximo de entrada (Voc):<\/strong> 65 Vcc<\/li>\n<li style='margin-bottom: 8px;'><strong>Corriente m\u00e1xima de corriente directa:<\/strong> 4 x 16 A<\/li>\n<\/ul><\/div>\n<\/p><\/div>\n<\/p><\/div>\n<div style='flex: 1 1 300px; min-width: 280px;'>\n<div style='border: 1px solid rgba(150&comma;150&comma;150&comma;0.4); border-radius: 8px; overflow: hidden;'>\n<div style='padding: 15px; border-bottom: 1px solid rgba(150&comma;150&comma;150&comma;0.2); font-weight: bold; font-size: 18px; color: inherit;'>Parametros de Salida de Corriente Alterna (CA)<\/div>\n<div style='padding: 15px; color: inherit;'>\n<ul style='padding-left: 20px; margin: 0; font-size: 14px; list-style-type: disc;'>\n<li style='margin-bottom: 8px;'><strong>Potencia m\u00e1xima de salida:<\/strong> 2000 W<\/li>\n<li style='margin-bottom: 8px;'><strong>Voltaje nominal de salida CA:<\/strong> 220 Vca<\/li>\n<li style='margin-bottom: 8px;'><strong>Corriente m\u00e1xima CA:<\/strong> 9.09 A<\/li>\n<\/ul><\/div>\n<\/p><\/div>\n<\/p><\/div>\n<div style='flex: 1 1 300px; min-width: 280px;'>\n<div style='border: 1px solid rgba(150&comma;150&comma;150&comma;0.4); border-radius: 8px; overflow: hidden;'>\n<div style='padding: 15px; border-bottom: 1px solid rgba(150&comma;150&comma;150&comma;0.2); font-weight: bold; font-size: 18px; color: inherit;'>Datos Generales<\/div>\n<div style='padding: 15px; color: inherit;'>\n<ul style='padding-left: 20px; margin: 0; font-size: 14px; list-style-type: disc;'>\n<li style='margin-bottom: 8px;'><strong>Eficiencia m\u00e1xima:<\/strong> 99.8 %<\/li>\n<li style='margin-bottom: 8px;'><strong>Frecuencia nominal\/rangos:<\/strong> 55 &#8211; 65 Hz<\/li>\n<li style='margin-bottom: 8px;'><strong>Dimensiones:<\/strong> 310 x 185 x 40.6 mm<\/li>\n<li style='margin-bottom: 8px;'><strong>Peso:<\/strong> 4.5 Kg<\/li>\n<li style='margin-bottom: 8px;'><strong>N\u00famero de unidades por ramal:<\/strong> 3 Microinversores<\/li>\n<li style='margin-bottom: 8px;'><strong>Certificados:<\/strong> UL1741&comma; IEEE1547<\/li>\n<\/ul><\/div>\n<\/p><\/div>\n<\/p><\/div>\n<\/p><\/div>\n<div style='border-top: 1px solid rgba(150&comma;150&comma;150&comma;0.3); margin: 30px 0; padding-top: 30px;'>\n<h3 style='font-size: 20px; margin-bottom: 15px; color: inherit;'>Microinversores HOYMILES<\/h3>\n<p style='margin-bottom: 15px; color: inherit;'>Se encargan de convertir la corriente generada por los m\u00f3dulos solares (CD) en corriente alterna (CA) para entregarla a nuestro sistema de red el\u00e9ctrica.<\/p>\n<ul style='padding-left: 20px; font-size: 14px; color: inherit; list-style-type: disc;'>\n<li style='margin-bottom: 5px;'>Dual MPPT<\/li>\n<li style='margin-bottom: 5px;'>Disipador de calor de aluminio<\/li>\n<li style='margin-bottom: 5px;'>4 pares de conectores MC4<\/li>\n<li style='margin-bottom: 5px;'>Instalaci\u00f3n en zonas reducidas o dif\u00edciles<\/li>\n<li style='margin-bottom: 5px;'>Escalable<\/li>\n<li style='margin-bottom: 5px;'>Super ligero<\/li>\n<\/ul><\/div>\n<div style='border-top: 1px solid rgba(150&comma;150&comma;150&comma;0.3); margin: 30px 0; padding-top: 30px;'>\n<h3 style='font-size: 20px; margin-bottom: 15px; color: inherit;'>Microinversor MHS-2000-4T<\/h3>\n<p style='margin-bottom: 15px; color: inherit;'>El Microinversor Hoymiles es el primer microinversor del mundo en 220 Vca para hasta 4 m\u00f3dulos de 625 W con MPPT duales que nos ofrecen:<\/p>\n<ul style='padding-left: 20px; font-size: 14px; color: inherit; list-style-type: disc;'>\n<li style='margin-bottom: 5px;'>Bajo costo de inversi\u00f3n<\/li>\n<li style='margin-bottom: 5px;'>Conexi\u00f3n y generaci\u00f3n de paneles independiente<\/li>\n<li style='margin-bottom: 5px;'>Encendido ultrarr\u00e1pido<\/li>\n<li style='margin-bottom: 5px;'>Notificaciones en tiempo real<\/li>\n<li style='margin-bottom: 5px;'>Monitoreo de rendimiento de forma remota con DTU<\/li>\n<\/ul><\/div>\n<div style='border-top: 1px solid rgba(150&comma;150&comma;150&comma;0.3); margin: 30px 0; padding-top: 30px;'>\n<h3 style='font-size: 20px; margin-bottom: 15px; color: inherit;'>M\u00e1s Potencia<\/h3>\n<p style='margin-bottom: 15px; color: inherit;'>Los microinversores se montan sobre la misma estructura de los m\u00f3dulos y las conexiones de los m\u00f3dulos son por medio de sus propios conectores&comma; por lo que hace una instalaci\u00f3n realmente sencilla.<\/p>\n<ul style='padding-left: 20px; font-size: 14px; color: inherit; list-style-type: disc;'>\n<li style='margin-bottom: 5px;'>Alta eficiencia&comma; excelente beneficio<\/li>\n<li style='margin-bottom: 5px;'>M\u00e1xima eficiencia de conversi\u00f3n&comma; hasta 95%<\/li>\n<li style='margin-bottom: 5px;'>Aproveche al m\u00e1ximo la potencia del sol con tecnolog\u00eda MPPT<\/li>\n<\/ul><\/div>\n<div style='text-align: center; margin: 30px 0;'>\n<h3 style='display: inline-block; font-size: 18px; font-weight: 600; color: #18a085; padding: 8px 20px; border-radius: 25px; background: rgba(24&comma; 160&comma; 133&comma; 0.1);'> DIAGRAMA DE CONEXI\u00d3N <\/h3>\n<\/p><\/div>\n<\/p><\/div>\n","protected":false},"excerpt":{"rendered":"<p>Microinversor 2 Kw, WIFI,  220 Vca, para Interconexi\u00f3n a Red El\u00e9ctrica, IP67, Conexi\u00f3n para Cable Troncal, soporta oversizing a 4 M\u00f3dulos de Hasta 670 W<\/p>\n","protected":false},"featured_media":32,"comment_status":"open","ping_status":"closed","template":"","meta":[],"product_brand":[],"product_cat":[1092],"product_tag":[964,1094,1093],"class_list":{"0":"post-43339","1":"product","2":"type-product","3":"status-publish","4":"has-post-thumbnail","6":"product_cat-inversores-interconexion-on-grid","7":"product_tag-energia-solar","8":"product_tag-hoymiles","9":"product_tag-inversores-interconexion-on-grid","11":"first","12":"outofstock","13":"sale","14":"shipping-taxable","15":"purchasable","16":"product-type-simple"},"_links":{"self":[{"href":"https:\/\/soydeaqui.ddns.net\/pachuca\/index.php\/wp-json\/wp\/v2\/product\/43339","targetHints":{"allow":["GET"]}}],"collection":[{"href":"https:\/\/soydeaqui.ddns.net\/pachuca\/index.php\/wp-json\/wp\/v2\/product"}],"about":[{"href":"https:\/\/soydeaqui.ddns.net\/pachuca\/index.php\/wp-json\/wp\/v2\/types\/product"}],"replies":[{"embeddable":true,"href":"https:\/\/soydeaqui.ddns.net\/pachuca\/index.php\/wp-json\/wp\/v2\/comments?post=43339"}],"wp:featuredmedia":[{"embeddable":true,"href":"https:\/\/soydeaqui.ddns.net\/pachuca\/index.php\/wp-json\/wp\/v2\/media\/32"}],"wp:attachment":[{"href":"https:\/\/soydeaqui.ddns.net\/pachuca\/index.php\/wp-json\/wp\/v2\/media?parent=43339"}],"wp:term":[{"taxonomy":"product_brand","embeddable":true,"href":"https:\/\/soydeaqui.ddns.net\/pachuca\/index.php\/wp-json\/wp\/v2\/product_brand?post=43339"},{"taxonomy":"product_cat","embeddable":true,"href":"https:\/\/soydeaqui.ddns.net\/pachuca\/index.php\/wp-json\/wp\/v2\/product_cat?post=43339"},{"taxonomy":"product_tag","embeddable":true,"href":"https:\/\/soydeaqui.ddns.net\/pachuca\/index.php\/wp-json\/wp\/v2\/product_tag?post=43339"}],"curies":[{"name":"wp","href":"https:\/\/api.w.org\/{rel}","templated":true}]}}