{"id":43335,"date":"2026-03-18T19:06:40","date_gmt":"2026-03-18T19:06:40","guid":{"rendered":"https:\/\/soydeaqui.ddns.net\/pachuca\/index.php\/producto\/interruptor-de-desconexin-sin-fusible-de-100-a-max\/"},"modified":"2026-03-18T19:06:41","modified_gmt":"2026-03-18T19:06:41","slug":"interruptor-de-desconexin-sin-fusible-de-100-a-max","status":"publish","type":"product","link":"https:\/\/soydeaqui.ddns.net\/pachuca\/index.php\/producto\/interruptor-de-desconexin-sin-fusible-de-100-a-max\/","title":{"rendered":"Interruptor de Desconexi?n sin Fusible de 100 A Max."},"content":{"rendered":"<div style='width: 100%; max-width: 1200px; margin: 0 auto; font-family: sans-serif; line-height: 1.6; color: inherit; background-color: transparent;'>\n<div style='display: flex; flex-wrap: wrap; gap: 30px; margin-bottom: 30px;'>\n<div style='flex: 1 1 300px; min-width: 280px;'>\n<h3 style='font-size: 22px; border-bottom: 2px solid currentColor; padding-bottom: 5px; margin-top: 0; color: inherit; opacity: 0.8;'>Caracter\u00edsticas Principales<\/h3>\n<ul style='padding-left: 20px; font-size: 15px; color: inherit;'>\n<li style='margin-bottom: 5px;'>Enclosure y manija externa de aleaci\u00f3n de aluminio sin cobre<\/li>\n<li style='margin-bottom: 5px;'>Tornillos de cubierta de acero inoxidable<\/li>\n<li style='margin-bottom: 5px;'>Mecanismo interno de desconexi\u00f3n montado en placa deslizante<\/li>\n<li style='margin-bottom: 5px;'>Dos conexiones de tuber\u00eda fundidas&comma; una superior y una inferior<\/li>\n<li style='margin-bottom: 5px;'>Provisi\u00f3n para bloqueo en posici\u00f3n OFF con hasta tres candados<\/li>\n<li style='margin-bottom: 5px;'>Provisi\u00f3n para bloqueo en posici\u00f3n ON como modificaci\u00f3n de f\u00e1brica (sufijo SU40)<\/li>\n<\/ul><\/div>\n<div style='flex: 1 1 300px; min-width: 280px;'>\n<h3 style='font-size: 22px; border-bottom: 2px solid currentColor; padding-bottom: 5px; margin-top: 0; color: inherit; opacity: 0.8;'>Aplicaciones<\/h3>\n<ul style='padding-left: 20px; font-size: 15px; color: inherit;'>\n<li style='margin-bottom: 5px;'>\u00c1reas peligrosas con presencia de gases o vapores inflamables<\/li>\n<li style='margin-bottom: 5px;'>Ambientes con polvos combustibles<\/li>\n<li style='margin-bottom: 5px;'>\u00c1reas con fibras o part\u00edculas f\u00e1cilmente ignitables<\/li>\n<li style='margin-bottom: 5px;'>Uso seg\u00fan NEC\/CEC donde se permita una desconexi\u00f3n r\u00e1pida de motor y su controlador<\/li>\n<\/ul><\/div>\n<div style='flex: 1 1 300px; min-width: 280px;'>\n<h3 style='font-size: 22px; border-bottom: 2px solid currentColor; padding-bottom: 5px; margin-top: 0; color: inherit; opacity: 0.8;'>Certificaciones<\/h3>\n<ul style='padding-left: 20px; font-size: 15px; color: inherit;'>\n<li style='margin-bottom: 5px;'>Clase I&comma; Div. 1 &#038; 2&comma; Grupos C&comma; D<\/li>\n<li style='margin-bottom: 5px;'>Clase I&comma; Zonas 1 &#038; 2&comma; Grupos llB&comma; llA<\/li>\n<li style='margin-bottom: 5px;'>Clase II&comma; Div. 1 &#038; 2&comma; Grupos E&comma; F&comma; G<\/li>\n<li style='margin-bottom: 5px;'>Clase III<\/li>\n<li style='margin-bottom: 5px;'>NEMA 7 (C&comma; D) 9 (E&comma; F&comma; G)<\/li>\n<li style='margin-bottom: 5px;'>Listado &#8211; Archivo E53290<\/li>\n<li style='margin-bottom: 5px;'>Certificado &#8211; Archivo LR1171<\/li>\n<\/ul><\/div>\n<\/p><\/div>\n<div style='display: flex; flex-wrap: wrap; gap: 20px; margin-bottom: 30px;'>\n<div style='flex: 1 1 250px; border: 1px solid rgba(150&comma; 150&comma; 150&comma; 0.4); border-radius: 8px; overflow: hidden; display: flex; flex-direction: column;'>\n<div style='padding: 15px; border-bottom: 1px solid rgba(150&comma; 150&comma; 150&comma; 0.2); font-weight: bold; font-size: 18px; color: inherit;'>Clasificaci\u00f3n El\u00e9ctrica<\/div>\n<div style='padding: 15px; color: inherit;'>\n<ul style='padding-left: 20px; margin: 0; font-size: 14px; list-style-type: disc;'>\n<li style='margin-bottom: 5px;'>30-60-100 Amperios<\/li>\n<li style='margin-bottom: 5px;'>15 HP a 120 VAC<\/li>\n<li style='margin-bottom: 5px;'>30 HP a 240 VAC<\/li>\n<li style='margin-bottom: 5px;'>75 HP a 480 VAC<\/li>\n<li style='margin-bottom: 5px;'>75 HP a 600 VAC<\/li>\n<li style='margin-bottom: 5px;'>25 HP a 250 VDC<\/li>\n<\/ul><\/div>\n<\/p><\/div>\n<div style='flex: 1 1 250px; border: 1px solid rgba(150&comma; 150&comma; 150&comma; 0.4); border-radius: 8px; overflow: hidden; display: flex; flex-direction: column;'>\n<div style='padding: 15px; border-bottom: 1px solid rgba(150&comma; 150&comma; 150&comma; 0.2); font-weight: bold; font-size: 18px; color: inherit;'>Modificaciones Disponibles<\/div>\n<div style='padding: 15px; color: inherit;'>\n<ul style='padding-left: 20px; margin: 0; font-size: 14px; list-style-type: disc;'>\n<li style='margin-bottom: 5px;'>SU3: Drenaje y respiradero<\/li>\n<li style='margin-bottom: 5px;'>SU17: Neutro s\u00f3lido de 100 A<\/li>\n<li style='margin-bottom: 5px;'>SU18: Neutro s\u00f3lido de 225 A<\/li>\n<li style='margin-bottom: 5px;'>SU40: Bloqueo en ON (requiere kit KIT-251)<\/li>\n<li style='margin-bottom: 5px;'>KIT-251: Terminal de tierra de 100 A<\/li>\n<\/ul><\/div>\n<\/p><\/div>\n<div style='flex: 1 1 250px; border: 1px solid rgba(150&comma; 150&comma; 150&comma; 0.4); border-radius: 8px; overflow: hidden; display: flex; flex-direction: column;'>\n<div style='padding: 15px; border-bottom: 1px solid rgba(150&comma; 150&comma; 150&comma; 0.2); font-weight: bold; font-size: 18px; color: inherit;'>Dimensiones<\/div>\n<div style='padding: 15px; color: inherit;'>\n<ul style='padding-left: 20px; margin: 0; font-size: 14px; list-style-type: disc;'>\n<li style='margin-bottom: 5px;'>Tama\u00f1o de tuber\u00eda: 2&#8242; para XEDS-60+100<\/li>\n<li style='margin-bottom: 5px;'>Peso: 17.0 lbs (7.71 kg)<\/li>\n<li style='margin-bottom: 5px;'>Dimensiones: 10-7\/8&#8242; (276 mm) de altura<\/li>\n<li style='margin-bottom: 5px;'>Profundidad: 9-1\/8&#8242; (232 mm)<\/li>\n<li style='margin-bottom: 5px;'>Ancho: 7\/16&#8242; (11 mm)<\/li>\n<\/ul><\/div>\n<\/p><\/div>\n<\/p><\/div>\n<hr style='border: 0; border-top: 1px solid rgba(150&comma; 150&comma; 150&comma; 0.3); margin: 30px 0;'>\n<div style='display: flex; flex-wrap: wrap; gap: 20px; margin-bottom: 30px;'>\n<div style='flex: 1 1 250px; border: 1px solid rgba(150&comma; 150&comma; 150&comma; 0.4); border-radius: 8px; overflow: hidden; display: flex; flex-direction: column;'>\n<div style='padding: 15px; border-bottom: 1px solid rgba(150&comma; 150&comma; 150&comma; 0.2); font-weight: bold; font-size: 18px; color: inherit;'>Switches Auxiliares<\/div>\n<div style='padding: 15px; color: inherit;'>\n<ul style='padding-left: 20px; margin: 0; font-size: 14px; list-style-type: disc;'>\n<li style='margin-bottom: 5px;'>Kits disponibles para aplicaciones de control separado<\/li>\n<li style='margin-bottom: 5px;'>Cada switch auxiliar tiene un contacto normalmente abierto y otro normalmente cerrado<\/li>\n<li style='margin-bottom: 5px;'>Cada switch incluye tres cables identificados soldados<\/li>\n<li style='margin-bottom: 5px;'>Clasificaci\u00f3n: 15 A a 250 V m\u00e1x.<\/li>\n<\/ul><\/div>\n<\/p><\/div>\n<div style='flex: 1 1 250px; border: 1px solid rgba(150&comma; 150&comma; 150&comma; 0.4); border-radius: 8px; overflow: hidden; display: flex; flex-direction: column;'>\n<div style='padding: 15px; border-bottom: 1px solid rgba(150&comma; 150&comma; 150&comma; 0.2); font-weight: bold; font-size: 18px; color: inherit;'>Conexiones<\/div>\n<div style='padding: 15px; color: inherit;'>\n<ul style='padding-left: 20px; margin: 0; font-size: 14px; list-style-type: disc;'>\n<li style='margin-bottom: 5px;'>Conexi\u00f3n de l\u00ednea (incoming) a trav\u00e9s del hub superior<\/li>\n<li style='margin-bottom: 5px;'>Conexi\u00f3n de carga (outgoing) al hub inferior<\/li>\n<\/ul><\/div>\n<\/p><\/div>\n<\/p><\/div>\n<\/p><\/div>\n","protected":false},"excerpt":{"rendered":"<p>Interruptor de Desconexi?n sin Fusible de 100 A Max.<\/p>\n","protected":false},"featured_media":32,"comment_status":"open","ping_status":"closed","template":"","meta":[],"product_brand":[],"product_cat":[1076],"product_tag":[1078,1077,704],"class_list":{"0":"post-43335","1":"product","2":"type-product","3":"status-publish","4":"has-post-thumbnail","6":"product_cat-gabinetes-y-accesorios-antiexplosion","7":"product_tag-gabinetes-y-accesorios-antiexplosion","8":"product_tag-gabinetes-y-cajas","9":"product_tag-hubbell-killark","11":"first","12":"outofstock","13":"sale","14":"shipping-taxable","15":"purchasable","16":"product-type-simple"},"_links":{"self":[{"href":"https:\/\/soydeaqui.ddns.net\/pachuca\/index.php\/wp-json\/wp\/v2\/product\/43335","targetHints":{"allow":["GET"]}}],"collection":[{"href":"https:\/\/soydeaqui.ddns.net\/pachuca\/index.php\/wp-json\/wp\/v2\/product"}],"about":[{"href":"https:\/\/soydeaqui.ddns.net\/pachuca\/index.php\/wp-json\/wp\/v2\/types\/product"}],"replies":[{"embeddable":true,"href":"https:\/\/soydeaqui.ddns.net\/pachuca\/index.php\/wp-json\/wp\/v2\/comments?post=43335"}],"wp:featuredmedia":[{"embeddable":true,"href":"https:\/\/soydeaqui.ddns.net\/pachuca\/index.php\/wp-json\/wp\/v2\/media\/32"}],"wp:attachment":[{"href":"https:\/\/soydeaqui.ddns.net\/pachuca\/index.php\/wp-json\/wp\/v2\/media?parent=43335"}],"wp:term":[{"taxonomy":"product_brand","embeddable":true,"href":"https:\/\/soydeaqui.ddns.net\/pachuca\/index.php\/wp-json\/wp\/v2\/product_brand?post=43335"},{"taxonomy":"product_cat","embeddable":true,"href":"https:\/\/soydeaqui.ddns.net\/pachuca\/index.php\/wp-json\/wp\/v2\/product_cat?post=43335"},{"taxonomy":"product_tag","embeddable":true,"href":"https:\/\/soydeaqui.ddns.net\/pachuca\/index.php\/wp-json\/wp\/v2\/product_tag?post=43335"}],"curies":[{"name":"wp","href":"https:\/\/api.w.org\/{rel}","templated":true}]}}