{"id":43332,"date":"2026-03-18T19:06:33","date_gmt":"2026-03-18T19:06:33","guid":{"rendered":"https:\/\/soydeaqui.ddns.net\/pachuca\/index.php\/producto\/multicontacto-con-supresor-de-picos-450-joules-voltaje-de-entrada-127-vca-nema-5-15p-con-6-salidas-nema-5-15r\/"},"modified":"2026-03-18T19:06:36","modified_gmt":"2026-03-18T19:06:36","slug":"multicontacto-con-supresor-de-picos-450-joules-voltaje-de-entrada-127-vca-nema-5-15p-con-6-salidas-nema-5-15r","status":"publish","type":"product","link":"https:\/\/soydeaqui.ddns.net\/pachuca\/index.php\/producto\/multicontacto-con-supresor-de-picos-450-joules-voltaje-de-entrada-127-vca-nema-5-15p-con-6-salidas-nema-5-15r\/","title":{"rendered":"Multicontacto con Supresor de Picos 450 Joules, Voltaje de Entrada: 127 Vca NEMA 5-15P, Con 6 Salidas NEMA 5-15R."},"content":{"rendered":"<div style='width: 100%; max-width: 1200px; margin: 0 auto; font-family: sans-serif; line-height: 1.6; color: inherit; background-color: transparent;'> <!-- Secci\u00f3n de caracter\u00edsticas destacadas --> <\/p>\n<div style='display: flex; flex-wrap: wrap; gap: 30px; margin-bottom: 30px;'>\n<div style='flex: 1 1 300px; min-width: 280px;'>\n<h3 style='font-size: 22px; border-bottom: 2px solid currentColor; padding-bottom: 5px; margin-top: 0; color: inherit; opacity: 0.8;'>Caracter\u00edsticas Destacadas<\/h3>\n<ul style='padding-left: 20px; font-size: 15px; color: inherit;'>\n<li style='margin-bottom: 5px;'>Interruptor iluminado<\/li>\n<li style='margin-bottom: 5px;'>Contacto separado para conectar eliminadores sin bloquear otros contactos<\/li>\n<li style='margin-bottom: 5px;'>Cable con conexi\u00f3n a tierra<\/li>\n<li style='margin-bottom: 5px;'>Dise\u00f1ado para uso en interiores<\/li>\n<li style='margin-bottom: 5px;'>Ideal para: Electrodom\u00e9sticos&comma; videjuegos&comma; monitores&comma; equipo de c\u00f3mputo&comma; equipo de audio&comma; equipo de telecomunicaciones en general<\/li>\n<\/ul><\/div>\n<\/p><\/div>\n<p> <!-- Secci\u00f3n de caracter\u00edsticas el\u00e9ctricas --> <\/p>\n<div style='display: flex; flex-wrap: wrap; gap: 30px; margin-bottom: 30px;'>\n<div style='flex: 1 1 300px; min-width: 280px;'>\n<h3 style='font-size: 22px; border-bottom: 2px solid currentColor; padding-bottom: 5px; margin-top: 0; color: inherit; opacity: 0.8;'>Caracter\u00edsticas El\u00e9ctricas<\/h3>\n<ul style='padding-left: 20px; font-size: 15px; color: inherit;'>\n<li style='margin-bottom: 5px;'><strong>Tensi\u00f3n nominal:<\/strong> 127 Vca \/ 60 Hz (1875W)<\/li>\n<li style='margin-bottom: 5px;'><strong>Clavija de entrada:<\/strong> 1 clavija NEMA 5-15P<\/li>\n<li style='margin-bottom: 5px;'><strong>Salidas:<\/strong> 6 (NEMA 5-15R)<\/li>\n<li style='margin-bottom: 5px;'><strong>Corriente m\u00e1xima:<\/strong> 15 A<\/li>\n<li style='margin-bottom: 5px;'><strong>Rango de supresi\u00f3n de voltaje UL:<\/strong> 400V<\/li>\n<li style='margin-bottom: 5px;'><strong>Tiempo de respuesta:<\/strong> menor a 1 nanosegundo<\/li>\n<li style='margin-bottom: 5px;'><strong>M\u00e1xima capacidad de disipaci\u00f3n:<\/strong> 450 Joule<\/li>\n<\/ul><\/div>\n<\/p><\/div>\n<p> <!-- Secci\u00f3n de garant\u00eda --> <\/p>\n<div style='display: flex; flex-wrap: wrap; gap: 30px; margin-bottom: 30px;'>\n<div style='flex: 1 1 300px; min-width: 280px;'>\n<h3 style='font-size: 22px; border-bottom: 2px solid currentColor; padding-bottom: 5px; margin-top: 0; color: inherit; opacity: 0.8;'>Garant\u00eda<\/h3>\n<ul style='padding-left: 20px; font-size: 15px; color: inherit;'>\n<li style='margin-bottom: 5px; font-weight: bold; font-size: 16px;'>2 A\u00d1OS<\/li>\n<\/ul><\/div>\n<\/p><\/div>\n<p> <!-- Secci\u00f3n de caracter\u00edsticas f\u00edsicas --> <\/p>\n<div style='display: flex; flex-wrap: wrap; gap: 30px; margin-bottom: 30px;'>\n<div style='flex: 1 1 300px; min-width: 280px;'>\n<h3 style='font-size: 22px; border-bottom: 2px solid currentColor; padding-bottom: 5px; margin-top: 0; color: inherit; opacity: 0.8;'>Caracter\u00edsticas F\u00edsicas<\/h3>\n<ul style='padding-left: 20px; font-size: 15px; color: inherit;'>\n<li style='margin-bottom: 5px;'><strong>Longitud de cable:<\/strong> 45 cm<\/li>\n<li style='margin-bottom: 5px;'><strong>Material de carcaza:<\/strong> Pl\u00e1stico ABS<\/li>\n<li style='margin-bottom: 5px;'><strong>Dimensiones:<\/strong> 32.20 x 9.80 x 4.40 cm (largo&comma; ancho&comma; alto)<\/li>\n<\/ul><\/div>\n<\/p><\/div>\n<p> <!-- Separador --> <\/p>\n<hr style='border: 0; border-top: 1px solid rgba(150&comma; 150&comma; 150&comma; 0.3); margin: 30px 0;'> <\/div>\n","protected":false},"excerpt":{"rendered":"<p>Multicontacto con Supresor de Picos 450 Joules, Voltaje de Entrada: 127 Vca NEMA 5-15P, Con 6 Salidas NEMA 5-15R.<\/p>\n","protected":false},"featured_media":43331,"comment_status":"open","ping_status":"closed","template":"","meta":[],"product_brand":[],"product_cat":[24],"product_tag":[26,25,446],"class_list":{"0":"post-43332","1":"product","2":"type-product","3":"status-publish","4":"has-post-thumbnail","6":"product_cat-accesorios-de-instalacion","7":"product_tag-accesorios-de-instalacion","8":"product_tag-herramientas","9":"product_tag-surtek","11":"first","12":"instock","13":"sale","14":"shipping-taxable","15":"purchasable","16":"product-type-simple"},"_links":{"self":[{"href":"https:\/\/soydeaqui.ddns.net\/pachuca\/index.php\/wp-json\/wp\/v2\/product\/43332","targetHints":{"allow":["GET"]}}],"collection":[{"href":"https:\/\/soydeaqui.ddns.net\/pachuca\/index.php\/wp-json\/wp\/v2\/product"}],"about":[{"href":"https:\/\/soydeaqui.ddns.net\/pachuca\/index.php\/wp-json\/wp\/v2\/types\/product"}],"replies":[{"embeddable":true,"href":"https:\/\/soydeaqui.ddns.net\/pachuca\/index.php\/wp-json\/wp\/v2\/comments?post=43332"}],"wp:featuredmedia":[{"embeddable":true,"href":"https:\/\/soydeaqui.ddns.net\/pachuca\/index.php\/wp-json\/wp\/v2\/media\/43331"}],"wp:attachment":[{"href":"https:\/\/soydeaqui.ddns.net\/pachuca\/index.php\/wp-json\/wp\/v2\/media?parent=43332"}],"wp:term":[{"taxonomy":"product_brand","embeddable":true,"href":"https:\/\/soydeaqui.ddns.net\/pachuca\/index.php\/wp-json\/wp\/v2\/product_brand?post=43332"},{"taxonomy":"product_cat","embeddable":true,"href":"https:\/\/soydeaqui.ddns.net\/pachuca\/index.php\/wp-json\/wp\/v2\/product_cat?post=43332"},{"taxonomy":"product_tag","embeddable":true,"href":"https:\/\/soydeaqui.ddns.net\/pachuca\/index.php\/wp-json\/wp\/v2\/product_tag?post=43332"}],"curies":[{"name":"wp","href":"https:\/\/api.w.org\/{rel}","templated":true}]}}