{"id":43324,"date":"2026-03-18T19:06:25","date_gmt":"2026-03-18T19:06:25","guid":{"rendered":"https:\/\/soydeaqui.ddns.net\/pachuca\/index.php\/producto\/cable-de-alimentacion-electrica-con-bloqueo-de-seguridad-de-iec-c19-a-iec-c20-1-8-metros-de-largo-color-negro-1-pieza\/"},"modified":"2026-03-18T19:06:25","modified_gmt":"2026-03-18T19:06:25","slug":"cable-de-alimentacion-electrica-con-bloqueo-de-seguridad-de-iec-c19-a-iec-c20-1-8-metros-de-largo-color-negro-1-pieza","status":"publish","type":"product","link":"https:\/\/soydeaqui.ddns.net\/pachuca\/index.php\/producto\/cable-de-alimentacion-electrica-con-bloqueo-de-seguridad-de-iec-c19-a-iec-c20-1-8-metros-de-largo-color-negro-1-pieza\/","title":{"rendered":"Cable de Alimentaci\u00f3n El\u00e9ctrica Con Bloqueo de Seguridad, de IEC C19 a IEC C20, 1.8 Metros de Largo, Color Negro, 1 Pieza"},"content":{"rendered":"<div style='width: 100%; max-width: 1200px; margin: 0 auto; font-family: sans-serif; line-height: 1.6; color: inherit; background-color: transparent;'> <!-- Descripci\u00f3n principal --> <\/p>\n<div style='margin-bottom: 30px; font-size: 15px; color: inherit;'>\n<p style='margin-bottom: 15px;'> Los cables de alimentaci\u00f3n duales seguros W-Lock brindan una retenci\u00f3n mejorada del cable entre la PDU y el equipo de TI. Ambas conexiones requieren una acci\u00f3n deliberada para liberar los botones de bloqueo y evitar que las conexiones de alimentaci\u00f3n se desconecten accidentalmente. Los cables funcionan con cualquier recept\u00e1culo IEC est\u00e1ndar correspondiente&comma; pero la funci\u00f3n de bloqueo requiere tomas de corriente W-lock o V-lock compatibles. <\/p>\n<\/p><\/div>\n<p> <!-- Secci\u00f3n de caracter\u00edsticas --> <\/p>\n<div style='display: flex; flex-wrap: wrap; gap: 30px; margin-bottom: 30px;'>\n<div style='flex: 1 1 300px; min-width: 280px;'>\n<h3 style='font-size: 22px; border-bottom: 2px solid currentColor; padding-bottom: 5px; margin-top: 0; color: inherit; opacity: 0.8;'>Caracter\u00edsticas principales<\/h3>\n<ul style='padding-left: 20px; font-size: 15px; color: inherit;'>\n<li style='margin-bottom: 5px;'>Cables de alimentaci\u00f3n con bloqueo doble seguro<\/li>\n<li style='margin-bottom: 5px;'>El enchufe IEC C20 se bloquear\u00e1 en cualquier PDU RackPower<\/li>\n<li style='margin-bottom: 5px;'>El conector IEC de bloqueo universal se bloquear\u00e1 de forma segura en cualquier entrada de alimentaci\u00f3n est\u00e1ndar C20<\/li>\n<li style='margin-bottom: 5px;'>Ambas conexiones requieren una acci\u00f3n deliberada para liberar los botones de bloqueo y desconectar la alimentaci\u00f3n<\/li>\n<\/ul><\/div>\n<\/p><\/div>\n<p> <!-- Secci\u00f3n de especificaciones --> <\/p>\n<div style='display: flex; flex-wrap: wrap; gap: 20px; margin-bottom: 30px;'>\n<div style='flex: 1 1 250px; border: 1px solid rgba(150&comma; 150&comma; 150&comma; 0.4); border-radius: 8px; overflow: hidden; display: flex; flex-direction: column;'>\n<div style='padding: 15px; border-bottom: 1px solid rgba(150&comma; 150&comma; 150&comma; 0.2); font-weight: bold; font-size: 18px; color: inherit;'>Especificaciones T\u00e9cnicas<\/div>\n<div style='padding: 15px; color: inherit;'>\n<ul style='padding-left: 20px; margin: 0; font-size: 14px; list-style-type: disc; color: inherit;'>\n<li style='margin-bottom: 5px;'><strong>Color:<\/strong> Negro<\/li>\n<li style='margin-bottom: 5px;'><strong>Tipo de conector:<\/strong> IEC60320 C19<\/li>\n<li style='margin-bottom: 5px;'><strong>Tipo de enchufe:<\/strong> IEC60320 C20<\/li>\n<li style='margin-bottom: 5px;'><strong>Longitud total (pies):<\/strong> 6<\/li>\n<li style='margin-bottom: 5px;'><strong>Longitud total (m):<\/strong> 1.8<\/li>\n<li style='margin-bottom: 5px;'><strong>Normas cumplidas:<\/strong> UL&comma; CE y EAC<\/li>\n<\/ul><\/div>\n<\/p><\/div>\n<\/p><\/div>\n<p> <!-- Separador --> <\/p>\n<hr style='border: 0; border-top: 1px solid rgba(150&comma; 150&comma; 150&comma; 0.3); margin: 30px 0;'> <\/div>\n","protected":false},"excerpt":{"rendered":"<p>Cable de Alimentaci\u00f3n El\u00e9ctrica Con Bloqueo de Seguridad, de IEC C19 a IEC C20, 1.8 Metros de Largo, Color Negro, 1 Pieza<\/p>\n","protected":false},"featured_media":43323,"comment_status":"open","ping_status":"closed","template":"","meta":[],"product_brand":[],"product_cat":[645],"product_tag":[647,698,646],"class_list":{"0":"post-43324","1":"product","2":"type-product","3":"status-publish","4":"has-post-thumbnail","6":"product_cat-basicos","7":"product_tag-basicos","8":"product_tag-hoffman","9":"product_tag-pdu","11":"first","12":"instock","13":"sale","14":"shipping-taxable","15":"purchasable","16":"product-type-simple"},"_links":{"self":[{"href":"https:\/\/soydeaqui.ddns.net\/pachuca\/index.php\/wp-json\/wp\/v2\/product\/43324","targetHints":{"allow":["GET"]}}],"collection":[{"href":"https:\/\/soydeaqui.ddns.net\/pachuca\/index.php\/wp-json\/wp\/v2\/product"}],"about":[{"href":"https:\/\/soydeaqui.ddns.net\/pachuca\/index.php\/wp-json\/wp\/v2\/types\/product"}],"replies":[{"embeddable":true,"href":"https:\/\/soydeaqui.ddns.net\/pachuca\/index.php\/wp-json\/wp\/v2\/comments?post=43324"}],"wp:featuredmedia":[{"embeddable":true,"href":"https:\/\/soydeaqui.ddns.net\/pachuca\/index.php\/wp-json\/wp\/v2\/media\/43323"}],"wp:attachment":[{"href":"https:\/\/soydeaqui.ddns.net\/pachuca\/index.php\/wp-json\/wp\/v2\/media?parent=43324"}],"wp:term":[{"taxonomy":"product_brand","embeddable":true,"href":"https:\/\/soydeaqui.ddns.net\/pachuca\/index.php\/wp-json\/wp\/v2\/product_brand?post=43324"},{"taxonomy":"product_cat","embeddable":true,"href":"https:\/\/soydeaqui.ddns.net\/pachuca\/index.php\/wp-json\/wp\/v2\/product_cat?post=43324"},{"taxonomy":"product_tag","embeddable":true,"href":"https:\/\/soydeaqui.ddns.net\/pachuca\/index.php\/wp-json\/wp\/v2\/product_tag?post=43324"}],"curies":[{"name":"wp","href":"https:\/\/api.w.org\/{rel}","templated":true}]}}