{"id":43320,"date":"2026-03-18T19:06:18","date_gmt":"2026-03-18T19:06:18","guid":{"rendered":"https:\/\/soydeaqui.ddns.net\/pachuca\/index.php\/producto\/ponchadora-crimpadora-hidraulica-de-12-toneladas-opera-a-bateria-con-conectividad-bluetooth-y-estuche-portatil\/"},"modified":"2026-03-18T19:06:23","modified_gmt":"2026-03-18T19:06:23","slug":"ponchadora-crimpadora-hidraulica-de-12-toneladas-opera-a-bateria-con-conectividad-bluetooth-y-estuche-portatil","status":"publish","type":"product","link":"https:\/\/soydeaqui.ddns.net\/pachuca\/index.php\/producto\/ponchadora-crimpadora-hidraulica-de-12-toneladas-opera-a-bateria-con-conectividad-bluetooth-y-estuche-portatil\/","title":{"rendered":"Ponchadora (Crimpadora) Hidr\u00e1ulica de 12 Toneladas, opera a Bater\u00eda. Con Conectividad Bluetooth y Estuche Port\u00e1til"},"content":{"rendered":"<div style='width: 100%; max-width: 1200px; margin: 0 auto; font-family: sans-serif; line-height: 1.6; color: inherit; background-color: transparent;'>\n<div style='display: flex; flex-wrap: wrap; gap: 30px; margin-bottom: 30px;'>\n<div style='flex: 1 1 300px; min-width: 280px;'> <img style='width: 100%; height: auto; border: 1px solid rgba(150&comma;150&comma;150&comma;0.3); border-radius: 8px;' src='https:\/\/ftp3.syscom.mx\/usuarios\/fotos\/SCL2\/0X\/214870-217843-panduit-logo-tm-negro-fondo_trans30-01_(002)_(1).png' alt='Logo Panduit'> <\/div>\n<\/p><\/div>\n<div style='display: flex; flex-wrap: wrap; gap: 30px; margin-bottom: 30px;'>\n<div style='flex: 1 1 300px; min-width: 280px;'>\n<h3 style='font-size: 22px; border-bottom: 2px solid currentColor; padding-bottom: 5px; margin-top: 0; color: inherit; opacity: 0.8;'>Descripci\u00f3n<\/h3>\n<p style='font-size: 15px; color: inherit;'>La herramienta para prensar BlackFin\u2122 CT-2931\/STBT funciona con bater\u00edas y prensa con solo tocar un bot\u00f3n. Los cables pueden terminarse r\u00e1pida y f\u00e1cilmente con un cabezal de prensado abatible que gira 355 grados. La herramienta para prensar tiene una fuerza de 12 toneladas y prensa la mayor\u00eda de los terminales&comma; empalmes&comma; terminales de desconexi\u00f3n&comma; f\u00e9rulas y algunos talones de cobre Pan-Term\u2122. Esta herramienta cumple con las normas de seguridad para productos el\u00e9ctricos y mec\u00e1nicos establecidas por la OSHA para herramientas el\u00e9ctricas manuales y accionadas por motor.<\/p>\n<p style='font-size: 15px; color: inherit;'><a href='https:\/\/www.syscom.mx\/principal\/buscar?global_search=dado%20codigo&#038;ordenar=Relevancia&#038;pag=1&#038;marca=panduit' style='color: inherit; text-decoration: underline;'>** Matrices de Prensado (DADOS) No Incluidos. <\/a><\/p>\n<p style='font-size: 15px; color: inherit;'><strong><span style='color: #2880b9;'>Ver accesorios para la correcta selecci\u00f3n de Dados y Terminales de compresi\u00f3n dependiendo del cable a crimpar.<\/span><\/strong><\/p>\n<\/p><\/div>\n<\/p><\/div>\n<div style='display: flex; flex-wrap: wrap; gap: 20px; margin-bottom: 30px;'>\n<div style='flex: 1 1 250px; border: 1px solid rgba(150&comma; 150&comma; 150&comma; 0.4); border-radius: 8px; overflow: hidden; display: flex; flex-direction: column;'>\n<div style='padding: 15px; border-bottom: 1px solid rgba(150&comma; 150&comma; 150&comma; 0.2); font-weight: bold; font-size: 18px; color: inherit;'>Especificaciones T\u00e9cnicas<\/div>\n<div style='padding: 15px; color: inherit;'>\n<ul style='padding-left: 20px; margin: 0; font-size: 14px; list-style-type: disc;'>\n<li style='margin-bottom: 5px;'><strong>Tipo de herramienta:<\/strong> Herramienta de engarce hidr\u00e1ulica<\/li>\n<li style='margin-bottom: 5px;'><strong>Tipo de matriz:<\/strong> Circunferencial<\/li>\n<li style='margin-bottom: 5px;'><strong>Tama\u00f1o m\u00ednimo del conductor:<\/strong> 6 AWG (Aluminio)&comma; 8 AWG (Cobre)&comma; 8 AWG (Flexible)<\/li>\n<li style='margin-bottom: 5px;'><strong>Tama\u00f1o m\u00ednimo del cable m\u00e9trico:<\/strong> 10 mm\u00b2 (Clase 2r&comma; 5f&comma; 6f)<\/li>\n<li style='margin-bottom: 5px;'><strong>Tama\u00f1o m\u00e1ximo del conductor:<\/strong> 600 kcmil (Aluminio)&comma; 750 kcmil (Cobre)&comma; 535 kcmil (Flexible)<\/li>\n<li style='margin-bottom: 5px;'><strong>Tama\u00f1o m\u00e1ximo del cable m\u00e9trico:<\/strong> 400 mm\u00b2 (Clase 2r)&comma; 300 mm\u00b2 (Clase 5f y 6f)<\/li>\n<li style='margin-bottom: 5px;'><strong>Fuerza de engarzado:<\/strong> 12 toneladas<\/li>\n<li style='margin-bottom: 5px;'><strong>Tiempo de ciclo:<\/strong> 9 segundos<\/li>\n<li style='margin-bottom: 5px;'><strong>Bater\u00eda:<\/strong> 18 V CC&comma; iones de litio&comma; 4 Ah (2 unidades)<\/li>\n<li style='margin-bottom: 5px;'><strong>Tiempo de carga:<\/strong> 40 minutos<\/li>\n<li style='margin-bottom: 5px;'><strong>Dimensiones:<\/strong> 428 mm (Altura) x 324 mm (Longitud) x 75 mm (Ancho)<\/li>\n<li style='margin-bottom: 5px;'><strong>Peso:<\/strong> 7.2 kg (15.9 lb)<\/li>\n<li style='margin-bottom: 5px;'><strong>Est\u00e1ndares:<\/strong> OSHA&comma; UL 60745-1&comma; CSA C22.2 No. 60745-1<\/li>\n<li style='margin-bottom: 5px;'><strong>Material:<\/strong> Acero<\/li>\n<\/ul><\/div>\n<\/p><\/div>\n<div style='flex: 1 1 250px; border: 1px solid rgba(150&comma; 150&comma; 150&comma; 0.4); border-radius: 8px; overflow: hidden; display: flex; flex-direction: column;'>\n<div style='padding: 15px; border-bottom: 1px solid rgba(150&comma; 150&comma; 150&comma; 0.2); font-weight: bold; font-size: 18px; color: inherit;'>Incluye<\/div>\n<div style='padding: 15px; color: inherit;'>\n<ul style='padding-left: 20px; margin: 0; font-size: 14px; list-style-type: disc;'>\n<li style='margin-bottom: 5px;'>2 bater\u00edas recargables Makita de iones de litio de 18 V CC&comma; 4 Ah<\/li>\n<li style='margin-bottom: 5px;'>1 cargador de bater\u00eda Makita &#8211; 120 V CA (con configuraci\u00f3n de enchufe de EE. UU.)<\/li>\n<li style='margin-bottom: 5px;'>1 caja de herramientas<\/li>\n<\/ul><\/div>\n<\/p><\/div>\n<div style='flex: 1 1 250px; border: 1px solid rgba(150&comma; 150&comma; 150&comma; 0.4); border-radius: 8px; overflow: hidden; display: flex; flex-direction: column;'>\n<div style='padding: 15px; border-bottom: 1px solid rgba(150&comma; 150&comma; 150&comma; 0.2); font-weight: bold; font-size: 18px; color: inherit;'>Caracter\u00edsticas<\/div>\n<div style='padding: 15px; color: inherit;'>\n<ul style='padding-left: 20px; margin: 0; font-size: 14px; list-style-type: disc;'>\n<li style='margin-bottom: 5px;'>Operaci\u00f3n con un solo bot\u00f3n<\/li>\n<li style='margin-bottom: 5px;'>Cabezal de prensado abatible con rotaci\u00f3n de 355\u00b0<\/li>\n<li style='margin-bottom: 5px;'>Dise\u00f1o ergon\u00f3mico para trabajo en espacios reducidos<\/li>\n<li style='margin-bottom: 5px;'>Conectividad Bluetooth para monitoreo y configuraci\u00f3n<\/li>\n<li style='margin-bottom: 5px;'>Sistema hidr\u00e1ulico de alto rendimiento<\/li>\n<li style='margin-bottom: 5px;'>Indicadores LED de estado y carga<\/li>\n<\/ul><\/div>\n<\/p><\/div>\n<\/p><\/div>\n<div style='display: flex; flex-wrap: wrap; gap: 30px; margin-bottom: 30px;'>\n<div style='flex: 1 1 300px; min-width: 280px;'>\n<div style='position: relative; padding-bottom: 56.25%; height: 0; overflow: hidden; margin-bottom: 30px;'>   <\/div>\n<\/p><\/div>\n<\/p><\/div>\n<hr style='border: 0; border-top: 1px solid rgba(150&comma; 150&comma; 150&comma; 0.3); margin: 30px 0;'> <\/div>\n","protected":false},"excerpt":{"rendered":"<p>Ponchadora (Crimpadora) Hidr\u00e1ulica de 12 Toneladas, opera a Bater\u00eda. Con Conectividad Bluetooth y Estuche Port\u00e1til<\/p>\n","protected":false},"featured_media":43319,"comment_status":"open","ping_status":"closed","template":"","meta":[],"product_brand":[],"product_cat":[130],"product_tag":[25,131,445],"class_list":{"0":"post-43320","1":"product","2":"type-product","3":"status-publish","4":"has-post-thumbnail","6":"product_cat-herramientas-electricas","7":"product_tag-herramientas","8":"product_tag-herramientas-electricas","9":"product_tag-panduit","11":"first","12":"outofstock","13":"sale","14":"shipping-taxable","15":"purchasable","16":"product-type-simple"},"_links":{"self":[{"href":"https:\/\/soydeaqui.ddns.net\/pachuca\/index.php\/wp-json\/wp\/v2\/product\/43320","targetHints":{"allow":["GET"]}}],"collection":[{"href":"https:\/\/soydeaqui.ddns.net\/pachuca\/index.php\/wp-json\/wp\/v2\/product"}],"about":[{"href":"https:\/\/soydeaqui.ddns.net\/pachuca\/index.php\/wp-json\/wp\/v2\/types\/product"}],"replies":[{"embeddable":true,"href":"https:\/\/soydeaqui.ddns.net\/pachuca\/index.php\/wp-json\/wp\/v2\/comments?post=43320"}],"wp:featuredmedia":[{"embeddable":true,"href":"https:\/\/soydeaqui.ddns.net\/pachuca\/index.php\/wp-json\/wp\/v2\/media\/43319"}],"wp:attachment":[{"href":"https:\/\/soydeaqui.ddns.net\/pachuca\/index.php\/wp-json\/wp\/v2\/media?parent=43320"}],"wp:term":[{"taxonomy":"product_brand","embeddable":true,"href":"https:\/\/soydeaqui.ddns.net\/pachuca\/index.php\/wp-json\/wp\/v2\/product_brand?post=43320"},{"taxonomy":"product_cat","embeddable":true,"href":"https:\/\/soydeaqui.ddns.net\/pachuca\/index.php\/wp-json\/wp\/v2\/product_cat?post=43320"},{"taxonomy":"product_tag","embeddable":true,"href":"https:\/\/soydeaqui.ddns.net\/pachuca\/index.php\/wp-json\/wp\/v2\/product_tag?post=43320"}],"curies":[{"name":"wp","href":"https:\/\/api.w.org\/{rel}","templated":true}]}}