{"id":43308,"date":"2026-03-18T19:05:57","date_gmt":"2026-03-18T19:05:57","guid":{"rendered":"https:\/\/soydeaqui.ddns.net\/pachuca\/index.php\/producto\/terminal-tipo-lengueta-recta-de-aluminio-con-agujero-1-4-y-barril-para-cable-14-2-0-awg-2\/"},"modified":"2026-03-18T19:06:02","modified_gmt":"2026-03-18T19:06:02","slug":"terminal-tipo-lengueta-recta-de-aluminio-con-agujero-1-4-y-barril-para-cable-14-2-0-awg-2","status":"publish","type":"product","link":"https:\/\/soydeaqui.ddns.net\/pachuca\/index.php\/producto\/terminal-tipo-lengueta-recta-de-aluminio-con-agujero-1-4-y-barril-para-cable-14-2-0-awg-2\/","title":{"rendered":"Terminal tipo Leng\u00fceta Recta de Aluminio con Agujero 1\/4&#8243;, y Barril para Cable #14 &#8211; 2\/0 AWG"},"content":{"rendered":"<div style='width: 100%; max-width: 1200px; margin: 0 auto; font-family: sans-serif; line-height: 1.6; color: inherit; background-color: transparent;'>\n<div style='display: flex; flex-wrap: wrap; gap: 30px; margin-bottom: 30px;'>\n<div style='flex: 1 1 300px; min-width: 280px;'> <img style='width: 100%; height: auto; border: 1px solid rgba(150&comma;150&comma;150&comma;0.3); border-radius: 8px;' src='https:\/\/ftp3.syscom.mx\/usuarios\/fotos\/SCL2\/0X\/214870-217843-panduit-logo-tm-negro-fondo_trans30-01_(002)_(1).png' alt=''> <\/div>\n<\/p><\/div>\n<div style='display: flex; flex-wrap: wrap; gap: 30px; margin-bottom: 30px;'>\n<div style='flex: 1 1 300px; min-width: 280px;'>\n<h3 style='font-size: 22px; border-bottom: 2px solid currentColor; padding-bottom: 5px; margin-top: 0; color: inherit; opacity: 0.8;'>LAMA2\/0-14-L<\/h3>\n<p style='font-size: 15px; color: inherit;'>La orejeta mec\u00e1nica de aluminio esta\u00f1ado LAMA2\/0-14-L&comma; de un solo orificio y de un solo cilindro&comma; est\u00e1 hecha de una aleaci\u00f3n de aluminio extruido para proporcionar un rendimiento el\u00e9ctrico y mec\u00e1nico superior para una amplia capacidad de toma de cables que ayuda a minimizar los requisitos de inventario. El tornillo de fijaci\u00f3n de acero chapado o aluminio proporciona un contrato el\u00e9ctrico duradero entre el conductor y la terminal. Listado por UL y certificado CSA para uso hasta 600 V y temperatura nominal UL de 90 grados Celsius.<\/p>\n<\/p><\/div>\n<\/p><\/div>\n<div style='display: flex; flex-wrap: wrap; gap: 20px; margin-bottom: 30px;'>\n<div style='flex: 1 1 250px; border: 1px solid rgba(150&comma; 150&comma; 150&comma; 0.4); border-radius: 8px; overflow: hidden; display: flex; flex-direction: column;'>\n<div style='padding: 15px; border-bottom: 1px solid rgba(150&comma; 150&comma; 150&comma; 0.2); font-weight: bold; font-size: 18px; color: inherit;'>Especificaciones<\/div>\n<div style='padding: 15px; color: inherit;'>\n<ul style='padding-left: 20px; margin: 0; font-size: 14px; list-style-type: disc;'>\n<li style='margin-bottom: 5px;'><strong>Aplicaci\u00f3n:<\/strong> Conductor de c\u00f3digo de cobre o aluminio trenzado<\/li>\n<li style='margin-bottom: 5px;'><strong>Tipo de producto:<\/strong> Terminal mec\u00e1nico<\/li>\n<li style='margin-bottom: 5px;'><strong>Material de base:<\/strong> Aluminio<\/li>\n<li style='margin-bottom: 5px;'><strong>Tama\u00f1o m\u00ednimo de conductor de aluminio (AWG):<\/strong> 14<\/li>\n<li style='margin-bottom: 5px;'><strong>Tama\u00f1o m\u00ednimo de conductor de cobre (AWG STR):<\/strong> 14<\/li>\n<li style='margin-bottom: 5px;'><strong>Tama\u00f1o m\u00e1ximo de conductor de aluminio (AWG):<\/strong> 2\/0<\/li>\n<li style='margin-bottom: 5px;'><strong>Tama\u00f1o m\u00e1ximo de conductor de cobre (AWG STR):<\/strong> 2\/0<\/li>\n<li style='margin-bottom: 5px;'><strong>Tama\u00f1o de orificio para tornillo prisionero (pulg.):<\/strong> 1\/4<\/li>\n<li style='margin-bottom: 5px;'><strong>Longitud de lengua (pulg):<\/strong> 0&comma;83<\/li>\n<li style='margin-bottom: 5px;'><strong>Longitud de lengua (mm):<\/strong> 21<\/li>\n<li style='margin-bottom: 5px;'><strong>Grosor de leng\u00fceta (en):<\/strong> 0&comma;19<\/li>\n<li style='margin-bottom: 5px;'><strong>Grosor de leng\u00fceta (mm):<\/strong> 4.8<\/li>\n<li style='margin-bottom: 5px;'><strong>Ancho de leng\u00fceta (pulg):<\/strong> 0&comma;63<\/li>\n<li style='margin-bottom: 5px;'><strong>Ancho de leng\u00fceta (mm):<\/strong> diecis\u00e9is<\/li>\n<li style='margin-bottom: 5px;'><strong>Altura total (pulg.):<\/strong> 0&comma;77<\/li>\n<li style='margin-bottom: 5px;'><strong>Altura total (mm):<\/strong> 19.5<\/li>\n<li style='margin-bottom: 5px;'><strong>Longitud total (pulg.):<\/strong> 1.46<\/li>\n<li style='margin-bottom: 5px;'><strong>Longitud total (mm):<\/strong> 37<\/li>\n<li style='margin-bottom: 5px;'><strong>total de Anchura (pulg.):<\/strong> 0&comma;63<\/li>\n<li style='margin-bottom: 5px;'><strong>Ancho total (mm):<\/strong> diecis\u00e9is<\/li>\n<li style='margin-bottom: 5px;'><strong>Tipo de tambor:<\/strong> Un solo barril<\/li>\n<li style='margin-bottom: 5px;'><strong>Largo de tambor (en):<\/strong> 0&comma;63<\/li>\n<li style='margin-bottom: 5px;'><strong>Longitud del tambor (mm):<\/strong> diecis\u00e9is<\/li>\n<li style='margin-bottom: 5px;'><strong>Material de aislamiento:<\/strong> Sin aislamiento<\/li>\n<li style='margin-bottom: 5px;'><strong>Acabado\/recubrimiento:<\/strong> Esta\u00f1ado<\/li>\n<li style='margin-bottom: 5px;'><strong>Cumplir las normas:<\/strong> Listado cULus para uso hasta 600 V y temperatura nominal de hasta 90 \u00b0C<\/li>\n<li style='margin-bottom: 5px;'><strong>Clasificaci\u00f3n de temperatura CSA (\u00b0C):<\/strong> 90<\/li>\n<li style='margin-bottom: 5px;'><strong>Clasificaci\u00f3n de temperatura UL (\u00b0C):<\/strong> 90<\/li>\n<li style='margin-bottom: 5px;'><strong>Tensi\u00f3n m\u00e1xima (V):<\/strong> 600<\/li>\n<li style='margin-bottom: 5px;'><strong>Tama\u00f1o hexagonal (pulg):<\/strong> 3\/16<\/li>\n<li style='margin-bottom: 5px;'><strong>Tama\u00f1o hexagonal (mm):<\/strong> 4.76<\/li>\n<li style='margin-bottom: 5px;'><strong>Submarca:<\/strong> Pan-Lug\u2122<\/li>\n<li style='margin-bottom: 5px;'><strong>Longitud de la banda del cable (pulg):<\/strong> 0&comma;62<\/li>\n<li style='margin-bottom: 5px;'><strong>Longitud de la banda del cable (mm):<\/strong> 15.7<\/li>\n<\/ul><\/div>\n<\/p><\/div>\n<\/p><\/div>\n<hr style='border: 0; border-top: 1px solid rgba(150&comma; 150&comma; 150&comma; 0.3); margin: 30px 0;'> <\/div>\n","protected":false},"excerpt":{"rendered":"<p>Terminal tipo Leng\u00fceta Recta de Aluminio con Agujero 1\/4&#8243;, y Barril para Cable #14 &#8211; 2\/0 AWG<\/p>\n","protected":false},"featured_media":43307,"comment_status":"open","ping_status":"closed","template":"","meta":[],"product_brand":[],"product_cat":[1090],"product_tag":[1091,1088,445],"class_list":{"0":"post-43308","1":"product","2":"type-product","3":"status-publish","4":"has-post-thumbnail","6":"product_cat-accesorios-para-tierra-fisica","7":"product_tag-accesorios-para-tierra-fisica","8":"product_tag-calidad-de-la-energia","9":"product_tag-panduit","11":"first","12":"instock","13":"sale","14":"shipping-taxable","15":"purchasable","16":"product-type-simple"},"_links":{"self":[{"href":"https:\/\/soydeaqui.ddns.net\/pachuca\/index.php\/wp-json\/wp\/v2\/product\/43308","targetHints":{"allow":["GET"]}}],"collection":[{"href":"https:\/\/soydeaqui.ddns.net\/pachuca\/index.php\/wp-json\/wp\/v2\/product"}],"about":[{"href":"https:\/\/soydeaqui.ddns.net\/pachuca\/index.php\/wp-json\/wp\/v2\/types\/product"}],"replies":[{"embeddable":true,"href":"https:\/\/soydeaqui.ddns.net\/pachuca\/index.php\/wp-json\/wp\/v2\/comments?post=43308"}],"wp:featuredmedia":[{"embeddable":true,"href":"https:\/\/soydeaqui.ddns.net\/pachuca\/index.php\/wp-json\/wp\/v2\/media\/43307"}],"wp:attachment":[{"href":"https:\/\/soydeaqui.ddns.net\/pachuca\/index.php\/wp-json\/wp\/v2\/media?parent=43308"}],"wp:term":[{"taxonomy":"product_brand","embeddable":true,"href":"https:\/\/soydeaqui.ddns.net\/pachuca\/index.php\/wp-json\/wp\/v2\/product_brand?post=43308"},{"taxonomy":"product_cat","embeddable":true,"href":"https:\/\/soydeaqui.ddns.net\/pachuca\/index.php\/wp-json\/wp\/v2\/product_cat?post=43308"},{"taxonomy":"product_tag","embeddable":true,"href":"https:\/\/soydeaqui.ddns.net\/pachuca\/index.php\/wp-json\/wp\/v2\/product_tag?post=43308"}],"curies":[{"name":"wp","href":"https:\/\/api.w.org\/{rel}","templated":true}]}}