{"id":43264,"date":"2026-03-18T19:04:46","date_gmt":"2026-03-18T19:04:46","guid":{"rendered":"https:\/\/soydeaqui.ddns.net\/pachuca\/index.php\/producto\/luminaria-led-de-150-w-100-265-v-ca-50-60-hz-fotocelda-color-blanco-dimensiones-525-x-215-x-78-mm-angulo-de-luz-135\/"},"modified":"2026-03-18T19:04:47","modified_gmt":"2026-03-18T19:04:47","slug":"luminaria-led-de-150-w-100-265-v-ca-50-60-hz-fotocelda-color-blanco-dimensiones-525-x-215-x-78-mm-angulo-de-luz-135","status":"publish","type":"product","link":"https:\/\/soydeaqui.ddns.net\/pachuca\/index.php\/producto\/luminaria-led-de-150-w-100-265-v-ca-50-60-hz-fotocelda-color-blanco-dimensiones-525-x-215-x-78-mm-angulo-de-luz-135\/","title":{"rendered":"Luminaria LED de 150 W\/ 100 &#8211; 265 V CA ~50\/60 Hz \/ Fotocelda \/ Color Blanco\/ Dimensiones 525 x 215 x 78 mm \/ \u00c1ngulo de Luz 135\u00b0."},"content":{"rendered":"<div style='width: 100%; max-width: 1200px; margin: 0 auto; font-family: sans-serif; line-height: 1.6; color: inherit; background-color: transparent;'>\n<div style='display: flex; flex-wrap: wrap; gap: 30px; margin-bottom: 30px;'>\n<div style='flex: 1 1 300px; min-width: 280px;'>\n<h3 style='font-size: 22px; border-bottom: 2px solid currentColor; padding-bottom: 5px; margin-top: 0; color: inherit; opacity: 0.8;'>Caracter\u00edsticas Principales<\/h3>\n<ul style='padding-left: 20px; font-size: 15px; color: inherit;'>\n<li style='margin-bottom: 5px;'><strong>Modelo:<\/strong> JALP02<\/li>\n<li style='margin-bottom: 5px;'><strong>Material:<\/strong> Aluminio y pantalla de acr\u00edlico<\/li>\n<li style='margin-bottom: 5px;'><strong>Instalaci\u00f3n:<\/strong> En poste o base<\/li>\n<li style='margin-bottom: 5px;'><strong>\u00c1ngulo de Luz:<\/strong> 65 &#8211; 135\u00b0<\/li>\n<li style='margin-bottom: 5px;'><strong>Vida \u00datil:<\/strong> 50&comma;000 horas<\/li>\n<li style='margin-bottom: 5px;'><strong>Temperatura de Color:<\/strong> 6500 K<\/li>\n<li style='margin-bottom: 5px;'><strong>Flujo Luminoso:<\/strong> 15&comma;000 lm<\/li>\n<\/ul><\/div>\n<div style='flex: 1 1 300px; min-width: 280px;'>\n<h3 style='font-size: 22px; border-bottom: 2px solid currentColor; padding-bottom: 5px; margin-top: 0; color: inherit; opacity: 0.8;'>Caracter\u00edsticas F\u00edsicas y El\u00e9ctricas<\/h3>\n<ul style='padding-left: 20px; font-size: 15px; color: inherit;'>\n<li style='margin-bottom: 5px;'><strong>Voltaje:<\/strong> 100-265 V CA ~50\/60 Hz<\/li>\n<li style='margin-bottom: 5px;'><strong>Corriente El\u00e9ctrica:<\/strong> 0.634 A<\/li>\n<li style='margin-bottom: 5px;'><strong>Potencia:<\/strong> 150 W<\/li>\n<li style='margin-bottom: 5px;'><strong>Dimensiones:<\/strong> 525 x 215 x 78 mm<\/li>\n<\/ul><\/div>\n<div style='flex: 1 1 300px; min-width: 280px;'>\n<h3 style='font-size: 22px; border-bottom: 2px solid currentColor; padding-bottom: 5px; margin-top: 0; color: inherit; opacity: 0.8;'>Caracter\u00edsticas Destacadas<\/h3>\n<ul style='padding-left: 20px; font-size: 15px; color: inherit;'>\n<li style='margin-bottom: 5px;'><strong>Tipo de Luz:<\/strong> Blanco fr\u00edo<\/li>\n<li style='margin-bottom: 5px;'><strong>Protecci\u00f3n:<\/strong> Dise\u00f1ada especialmente para zonas al exterior cuenta con mejor cobertura de protecci\u00f3n&comma; tiene un grado de protecci\u00f3n de IP66 completamente herm\u00e9tico a lluvia constante<\/li>\n<li style='margin-bottom: 5px;'><strong>Control:<\/strong> Cuenta con encendido autom\u00e1tico al oscurecer y apagado al detectar luz de d\u00eda gracias a su sensor fotocelda&comma; lo cual permite ahorrar el m\u00e1ximo de energ\u00eda<\/li>\n<\/ul><\/div>\n<\/p><\/div>\n<hr style='border: 0; border-top: 1px solid rgba(150&comma; 150&comma; 150&comma; 0.3); margin: 30px 0;'> <\/div>\n","protected":false},"excerpt":{"rendered":"<p>Luminaria LED de 150 W\/ 100 &#8211; 265 V CA ~50\/60 Hz \/ Fotocelda \/ Color Blanco\/ Dimensiones 525 x 215 x 78 mm \/ \u00c1ngulo de Luz 135\u00b0.<\/p>\n","protected":false},"featured_media":43263,"comment_status":"open","ping_status":"closed","template":"","meta":[],"product_brand":[],"product_cat":[1198],"product_tag":[1167,1169,1199],"class_list":{"0":"post-43264","1":"product","2":"type-product","3":"status-publish","4":"has-post-thumbnail","6":"product_cat-uso-exterior","7":"product_tag-iluminacion","8":"product_tag-jwj","9":"product_tag-uso-exterior","11":"first","12":"outofstock","13":"sale","14":"shipping-taxable","15":"purchasable","16":"product-type-simple"},"_links":{"self":[{"href":"https:\/\/soydeaqui.ddns.net\/pachuca\/index.php\/wp-json\/wp\/v2\/product\/43264","targetHints":{"allow":["GET"]}}],"collection":[{"href":"https:\/\/soydeaqui.ddns.net\/pachuca\/index.php\/wp-json\/wp\/v2\/product"}],"about":[{"href":"https:\/\/soydeaqui.ddns.net\/pachuca\/index.php\/wp-json\/wp\/v2\/types\/product"}],"replies":[{"embeddable":true,"href":"https:\/\/soydeaqui.ddns.net\/pachuca\/index.php\/wp-json\/wp\/v2\/comments?post=43264"}],"wp:featuredmedia":[{"embeddable":true,"href":"https:\/\/soydeaqui.ddns.net\/pachuca\/index.php\/wp-json\/wp\/v2\/media\/43263"}],"wp:attachment":[{"href":"https:\/\/soydeaqui.ddns.net\/pachuca\/index.php\/wp-json\/wp\/v2\/media?parent=43264"}],"wp:term":[{"taxonomy":"product_brand","embeddable":true,"href":"https:\/\/soydeaqui.ddns.net\/pachuca\/index.php\/wp-json\/wp\/v2\/product_brand?post=43264"},{"taxonomy":"product_cat","embeddable":true,"href":"https:\/\/soydeaqui.ddns.net\/pachuca\/index.php\/wp-json\/wp\/v2\/product_cat?post=43264"},{"taxonomy":"product_tag","embeddable":true,"href":"https:\/\/soydeaqui.ddns.net\/pachuca\/index.php\/wp-json\/wp\/v2\/product_tag?post=43264"}],"curies":[{"name":"wp","href":"https:\/\/api.w.org\/{rel}","templated":true}]}}