{"id":43227,"date":"2026-03-18T19:03:44","date_gmt":"2026-03-18T19:03:44","guid":{"rendered":"https:\/\/soydeaqui.ddns.net\/pachuca\/index.php\/producto\/reflector-con-sensor-de-movimiento-30-w-160-x-180-mm-85-265-vca-50-60hz-ultra-delgado-uso-en-exterior-interior\/"},"modified":"2026-03-18T19:03:52","modified_gmt":"2026-03-18T19:03:52","slug":"reflector-con-sensor-de-movimiento-30-w-160-x-180-mm-85-265-vca-50-60hz-ultra-delgado-uso-en-exterior-interior","status":"publish","type":"product","link":"https:\/\/soydeaqui.ddns.net\/pachuca\/index.php\/producto\/reflector-con-sensor-de-movimiento-30-w-160-x-180-mm-85-265-vca-50-60hz-ultra-delgado-uso-en-exterior-interior\/","title":{"rendered":"Reflector con Sensor de Movimiento 30 W \/160 x 180 mm \/ 85 &#8211; 265 Vca~ 50\/60Hz \/ Ultra delgado \/ Uso en exterior &#8211; interior."},"content":{"rendered":"<div style='width: 100%; max-width: 1200px; margin: 0 auto; font-family: sans-serif; line-height: 1.6; color: inherit; background-color: transparent;'>\n<div style='display: flex; flex-wrap: wrap; gap: 30px; margin-bottom: 30px;'>\n<div style='flex: 1 1 300px; min-width: 280px;'>\n<h3 style='font-size: 22px; border-bottom: 2px solid currentColor; padding-bottom: 5px; margin-top: 0; color: inherit; opacity: 0.8;'>Caracter\u00edsticas Principales:<\/h3>\n<ul style='padding-left: 20px; font-size: 15px; color: inherit;'>\n<li style='margin-bottom: 5px;'>Modelo: JLRE-SM<\/li>\n<li style='margin-bottom: 5px;'>Potencia de 30 W<\/li>\n<li style='margin-bottom: 5px;'>Flujo luminoso de 27 00 l\u00famenes<\/li>\n<li style='margin-bottom: 5px;'>Vida \u00fatil de hasta 50&comma;000 horas<\/li>\n<li style='margin-bottom: 5px;'>Garant\u00eda de 3 a\u00f1os<\/li>\n<\/ul><\/div>\n<div style='flex: 1 1 300px; min-width: 280px;'>\n<h3 style='font-size: 22px; border-bottom: 2px solid currentColor; padding-bottom: 5px; margin-top: 0; color: inherit; opacity: 0.8;'>Caracter\u00edsticas F\u00edsicas y El\u00e9ctricas:<\/h3>\n<ul style='padding-left: 20px; font-size: 15px; color: inherit;'>\n<li style='margin-bottom: 5px;'>Luz blanca<\/li>\n<li style='margin-bottom: 5px;'>Voltaje de 85-265V~ 50\/60Hz<\/li>\n<li style='margin-bottom: 5px;'>Material: Aluminio y vidrio templado<\/li>\n<li style='margin-bottom: 5px;'>\u00c1ngulo de luz de 120\u00b0<\/li>\n<\/ul><\/div>\n<div style='flex: 1 1 300px; min-width: 280px;'>\n<h3 style='font-size: 22px; border-bottom: 2px solid currentColor; padding-bottom: 5px; margin-top: 0; color: inherit; opacity: 0.8;'>Caracter\u00edsticas Destacadas:<\/h3>\n<ul style='padding-left: 20px; font-size: 15px; color: inherit;'>\n<li style='margin-bottom: 5px;'>Ideal para iluminar ambientes generales.<\/li>\n<li style='margin-bottom: 5px;'>Reflector de LED con Sensor de Movimiento&comma; enciende al detectar el movimiento de personas y autom\u00f3viles en un rango de 6 m aproximadamente.<\/li>\n<li style='margin-bottom: 5px;'>Ideal para mantener un per\u00edmetro m\u00e1s seguro e iluminado en exteriores o interiores&comma; que permite el ahorro de energ\u00eda al encender cuando es necesario.<\/li>\n<\/ul><\/div>\n<\/p><\/div>\n<hr style='border: 0; border-top: 1px solid rgba(150&comma; 150&comma; 150&comma; 0.3); margin: 30px 0;'> <\/div>\n","protected":false},"excerpt":{"rendered":"<p>Reflector con Sensor de Movimiento 30 W \/160 x 180 mm \/ 85 &#8211; 265 Vca~ 50\/60Hz \/ Ultra delgado \/ Uso en exterior &#8211; interior.<\/p>\n","protected":false},"featured_media":43226,"comment_status":"open","ping_status":"closed","template":"","meta":[],"product_brand":[],"product_cat":[1198],"product_tag":[1167,1169,1199],"class_list":{"0":"post-43227","1":"product","2":"type-product","3":"status-publish","4":"has-post-thumbnail","6":"product_cat-uso-exterior","7":"product_tag-iluminacion","8":"product_tag-jwj","9":"product_tag-uso-exterior","11":"first","12":"outofstock","13":"sale","14":"shipping-taxable","15":"purchasable","16":"product-type-simple"},"_links":{"self":[{"href":"https:\/\/soydeaqui.ddns.net\/pachuca\/index.php\/wp-json\/wp\/v2\/product\/43227","targetHints":{"allow":["GET"]}}],"collection":[{"href":"https:\/\/soydeaqui.ddns.net\/pachuca\/index.php\/wp-json\/wp\/v2\/product"}],"about":[{"href":"https:\/\/soydeaqui.ddns.net\/pachuca\/index.php\/wp-json\/wp\/v2\/types\/product"}],"replies":[{"embeddable":true,"href":"https:\/\/soydeaqui.ddns.net\/pachuca\/index.php\/wp-json\/wp\/v2\/comments?post=43227"}],"wp:featuredmedia":[{"embeddable":true,"href":"https:\/\/soydeaqui.ddns.net\/pachuca\/index.php\/wp-json\/wp\/v2\/media\/43226"}],"wp:attachment":[{"href":"https:\/\/soydeaqui.ddns.net\/pachuca\/index.php\/wp-json\/wp\/v2\/media?parent=43227"}],"wp:term":[{"taxonomy":"product_brand","embeddable":true,"href":"https:\/\/soydeaqui.ddns.net\/pachuca\/index.php\/wp-json\/wp\/v2\/product_brand?post=43227"},{"taxonomy":"product_cat","embeddable":true,"href":"https:\/\/soydeaqui.ddns.net\/pachuca\/index.php\/wp-json\/wp\/v2\/product_cat?post=43227"},{"taxonomy":"product_tag","embeddable":true,"href":"https:\/\/soydeaqui.ddns.net\/pachuca\/index.php\/wp-json\/wp\/v2\/product_tag?post=43227"}],"curies":[{"name":"wp","href":"https:\/\/api.w.org\/{rel}","templated":true}]}}