{"id":43213,"date":"2026-03-18T19:03:22","date_gmt":"2026-03-18T19:03:22","guid":{"rendered":"https:\/\/soydeaqui.ddns.net\/pachuca\/index.php\/producto\/modulo-solar-horizon-225-w-12-vcc-teorico-monocristalino-hpbc\/"},"modified":"2026-03-18T19:03:30","modified_gmt":"2026-03-18T19:03:30","slug":"modulo-solar-horizon-225-w-12-vcc-teorico-monocristalino-hpbc","status":"publish","type":"product","link":"https:\/\/soydeaqui.ddns.net\/pachuca\/index.php\/producto\/modulo-solar-horizon-225-w-12-vcc-teorico-monocristalino-hpbc\/","title":{"rendered":"M\u00f3dulo Solar HORIZON,  225 W, 12 Vcc te\u00f3rico, Monocristalino HPBC"},"content":{"rendered":"<div style='width: 100%; max-width: 1200px; margin: 0 auto; font-family: sans-serif; line-height: 1.6; color: inherit; background-color: transparent;'>\n<div style='display: flex; flex-direction: column; align-items: center; margin-bottom: 30px;'>\n<h1 style='font-size: 28px; margin: 0 0 15px; color: inherit;'>Nueva serie de productos HORIZON<\/h1>\n<h2 style='font-size: 24px; margin: 0 0 20px; color: inherit;'>Una nueva evoluci\u00f3n<\/h2>\n<div style='width: 52px; height: 8px; background-color: #e60012; margin-bottom: 20px;'><\/div>\n<\/p><\/div>\n<div style='margin-bottom: 30px;'>\n<p style='font-size: 15px; color: inherit; margin: 0 0 15px;'>La tecnolog\u00eda de celdas HPBC de nueva generaci\u00f3n de LONGi&comma; abre un nuevo cap\u00edtulo en la producci\u00f3n en masa de celdas de alta eficiencia y contin\u00faa liderando la transformaci\u00f3n de la industria. La eficiencia de las celdas HPBC de LONGi supera 25.5%. La eficiencia de las celdas HPBC+ supera el 25.8%.<\/p>\n<p style='font-size: 24px; font-weight: bold; color: inherit; margin: 30px 0;'>Iluminando posibilidades<\/p>\n<\/p><\/div>\n<div style='display: grid; grid-template-columns: 1fr; gap: 30px; margin-bottom: 40px;'>\n<div style='border: 1px solid rgba(150&comma;150&comma;150&comma;0.3); border-radius: 8px; padding: 20px;'>\n<div style='font-size: 18px; font-weight: bold; color: inherit; margin-bottom: 15px;'>Caracter\u00edsticas principales<\/div>\n<div style='display: grid; grid-template-columns: repeat(auto-fill&comma; minmax(250px&comma; 1fr)); gap: 20px;'>\n<div style='display: flex; flex-direction: column; align-items: center; text-align: center;'> <img style='width: 72px; height: 72px; margin-bottom: 16px; border: 1px solid rgba(150&comma;150&comma;150&comma;0.3); border-radius: 8px;' src='https:\/\/static.longi.com\/1_6012705834.png' alt='Celdas de alta eficiencia'> <\/p>\n<div style='font-size: 20px; font-weight: bold; color: inherit; margin-bottom: 12px;'>Celdas de alta eficiencia<\/div>\n<div style='font-size: 14px; color: inherit;'>La eficiencia de la celda HPBC es superior al 25.5%.<\/div>\n<\/p><\/div>\n<div style='display: flex; flex-direction: column; align-items: center; text-align: center;'> <img style='width: 72px; height: 72px; margin-bottom: 16px; border: 1px solid rgba(150&comma;150&comma;150&comma;0.3); border-radius: 8px;' src='https:\/\/static.longi.com\/1_fafec785b3.png' alt='Rendimiento excepcional'> <\/p>\n<div style='font-size: 20px; font-weight: bold; color: inherit; margin-bottom: 12px;'>Rendimiento excepcional<\/div>\n<div style='font-size: 14px; color: inherit;'>HORIZON mejora significativamente la capacidad de generaci\u00f3n de energ\u00eda con una actualizaci\u00f3n integral de las celdas y m\u00f3dulos HPBC.<\/div>\n<\/p><\/div>\n<div style='display: flex; flex-direction: column; align-items: center; text-align: center;'> <img style='width: 72px; height: 72px; margin-bottom: 16px; border: 1px solid rgba(150&comma;150&comma;150&comma;0.3); border-radius: 8px;' src='https:\/\/static.longi.com\/1_0528524109.png' alt='Apariencia est\u00e9tica'> <\/p>\n<div style='font-size: 20px; font-weight: bold; color: inherit; margin-bottom: 12px;'>Apariencia est\u00e9tica<\/div>\n<div style='font-size: 14px; color: inherit;'>Hi-MO X6 simplifica la complejidad y redefine el concepto est\u00e9tico de los m\u00f3dulos fotovoltaicos.<\/div>\n<\/p><\/div>\n<div style='display: flex; flex-direction: column; align-items: center; text-align: center;'> <img style='width: 72px; height: 72px; margin-bottom: 16px; border: 1px solid rgba(150&comma;150&comma;150&comma;0.3); border-radius: 8px;' src='https:\/\/static.longi.com\/1_f634296284.png' alt='Confiabilidad - L\u00edder del mercado'> <\/p>\n<div style='font-size: 20px; font-weight: bold; color: inherit; margin-bottom: 12px;'>Confiabilidad &#8211; L\u00edder del mercado<\/div>\n<div style='font-size: 14px; color: inherit;'>Hi-MO X6 es pionera en la adopci\u00f3n de la tecnolog\u00eda de soldadura por contacto posterior&comma; que reduce el estr\u00e9s del borde de las celdas y aumenta la resistencia al agrietamiento de los m\u00f3dulos.<\/div>\n<\/p><\/div>\n<\/p><\/div>\n<\/p><\/div>\n<\/p><\/div>\n<div style='display: flex; flex-direction: column; align-items: center; margin-bottom: 40px;'> <img style='width: 100%; max-width: 630px; height: auto; border: 1px solid rgba(150&comma;150&comma;150&comma;0.3); border-radius: 8px;' src='https:\/\/static.longi.com\/Explorer_04_8b2c959558.png' alt='M\u00f3dulo HORIZON'> <\/div>\n<div style='margin-bottom: 40px;'>\n<h2 style='font-size: 24px; border-bottom: 2px solid currentColor; padding-bottom: 8px; margin: 0 0 15px; color: inherit;'>Born for Light<\/h2>\n<div style='width: 52px; height: 8px; background-color: #e60012; margin-bottom: 20px;'><\/div>\n<p style='font-size: 15px; color: inherit;'>Con una tecnolog\u00eda innovadora&comma; la familia de productos Hi-MO X6 se ha creado para potenciar la vida futura de todos los usuarios. Siguiendo la tendencia del minimalismo&comma; LONGi HORIZON ha redefinido la est\u00e9tica del m\u00f3dulo fotovoltaico.<\/p>\n<\/p><\/div>\n<div style='margin-bottom: 40px;'>\n<h2 style='font-size: 24px; border-bottom: 2px solid currentColor; padding-bottom: 8px; margin: 0 0 15px; color: inherit;'>Iluminando posibilidades<\/h2>\n<div style='width: 52px; height: 8px; background-color: #e60012; margin-bottom: 20px;'><\/div>\n<p style='font-size: 15px; color: inherit;'>Las cuatro l\u00edneas de producto de la serie HORIZON pueden adaptarse a las diversas necesidades de nuestros clientes para ofrecer una nueva experiencia de energ\u00eda renovable.<\/p>\n<\/p><\/div>\n<div style='margin-bottom: 40px;'>\n<h2 style='font-size: 24px; border-bottom: 2px solid currentColor; padding-bottom: 8px; margin: 0 0 20px; color: inherit;'>Par\u00e1metros El\u00e9ctricos<\/h2>\n<div style='display: grid; grid-template-columns: repeat(auto-fill&comma; minmax(250px&comma; 1fr)); gap: 15px;'>\n<div style='padding: 15px; border: 1px solid rgba(150&comma;150&comma;150&comma;0.3); border-radius: 8px;'>\n<div style='font-size: 14px; color: inherit;'><strong>Potencia M\u00e1xima:<\/strong> 225 W<\/div>\n<\/p><\/div>\n<div style='padding: 15px; border: 1px solid rgba(150&comma;150&comma;150&comma;0.3); border-radius: 8px;'>\n<div style='font-size: 14px; color: inherit;'><strong>Tolerancia de Potencia:<\/strong> 0~5 W<\/div>\n<\/p><\/div>\n<div style='padding: 15px; border: 1px solid rgba(150&comma;150&comma;150&comma;0.3); border-radius: 8px;'>\n<div style='font-size: 14px; color: inherit;'><strong>Eficiencia del M\u00f3dulo:<\/strong> 21.6%<\/div>\n<\/p><\/div>\n<div style='padding: 15px; border: 1px solid rgba(150&comma;150&comma;150&comma;0.3); border-radius: 8px;'>\n<div style='font-size: 14px; color: inherit;'><strong>M\u00e1xima Capacidad de Voltaje (Vmp):<\/strong> 17.24 V<\/div>\n<\/p><\/div>\n<div style='padding: 15px; border: 1px solid rgba(150&comma;150&comma;150&comma;0.3); border-radius: 8px;'>\n<div style='font-size: 14px; color: inherit;'><strong>M\u00e1xima Capacidad de Corriente (Imp):<\/strong> 13.06 A<\/div>\n<\/p><\/div>\n<div style='padding: 15px; border: 1px solid rgba(150&comma;150&comma;150&comma;0.3); border-radius: 8px;'>\n<div style='font-size: 14px; color: inherit;'><strong>Voltaje de Circuito Abierto (Voc):<\/strong> 20.5 V<\/div>\n<\/p><\/div>\n<div style='padding: 15px; border: 1px solid rgba(150&comma;150&comma;150&comma;0.3); border-radius: 8px;'>\n<div style='font-size: 14px; color: inherit;'><strong>Corriente de Cortocircuito (Isc):<\/strong> 14.1 A<\/div>\n<\/p><\/div>\n<div style='padding: 15px; border: 1px solid rgba(150&comma;150&comma;150&comma;0.3); border-radius: 8px;'>\n<div style='font-size: 14px; color: inherit;'><strong>Dimensiones:<\/strong> 1354x767x30 mm<\/div>\n<\/p><\/div>\n<\/p><\/div>\n<\/p><\/div>\n<div style='margin-bottom: 40px;'>\n<h2 style='font-size: 24px; border-bottom: 2px solid currentColor; padding-bottom: 8px; margin: 0 0 20px; color: inherit;'>Par\u00e1metros Mec\u00e1nicos<\/h2>\n<div style='display: grid; grid-template-columns: repeat(auto-fill&comma; minmax(250px&comma; 1fr)); gap: 15px;'>\n<div style='padding: 15px; border: 1px solid rgba(150&comma;150&comma;150&comma;0.3); border-radius: 8px;'>\n<div style='font-size: 14px; color: inherit;'><strong>Vidrio:<\/strong> 3.2 mm templado<\/div>\n<\/p><\/div>\n<div style='padding: 15px; border: 1px solid rgba(150&comma;150&comma;150&comma;0.3); border-radius: 8px;'>\n<div style='font-size: 14px; color: inherit;'><strong>Caja de conexiones:<\/strong> Caja de conexiones dividida&comma; IP68<\/div>\n<\/p><\/div>\n<div style='padding: 15px; border: 1px solid rgba(150&comma;150&comma;150&comma;0.3); border-radius: 8px;'>\n<div style='font-size: 14px; color: inherit;'><strong>Peso:<\/strong> 12.1kg<\/div>\n<\/p><\/div>\n<div style='padding: 15px; border: 1px solid rgba(150&comma;150&comma;150&comma;0.3); border-radius: 8px;'>\n<div style='font-size: 14px; color: inherit;'><strong>Dimensi\u00f3n:<\/strong> 1354X767X30mm<\/div>\n<\/p><\/div>\n<\/p><\/div>\n<\/p><\/div>\n<div style='margin-bottom: 40px;'>\n<h2 style='font-size: 24px; border-bottom: 2px solid currentColor; padding-bottom: 8px; margin: 0 0 20px; color: inherit;'>Capacidad de carga mec\u00e1nica<\/h2>\n<div style='display: grid; grid-template-columns: repeat(auto-fill&comma; minmax(250px&comma; 1fr)); gap: 15px;'>\n<div style='padding: 15px; border: 1px solid rgba(150&comma;150&comma;150&comma;0.3); border-radius: 8px;'>\n<div style='font-size: 14px; color: inherit;'><strong>M\u00e1xima carga est\u00e1tica en superficie frontal:<\/strong> 5400Pa<\/div>\n<\/p><\/div>\n<div style='padding: 15px; border: 1px solid rgba(150&comma;150&comma;150&comma;0.3); border-radius: 8px;'>\n<div style='font-size: 14px; color: inherit;'><strong>M\u00e1xima carga est\u00e1tica en superficie posterior:<\/strong> 2400Pa<\/div>\n<\/p><\/div>\n<div style='padding: 15px; border: 1px solid rgba(150&comma;150&comma;150&comma;0.3); border-radius: 8px;'>\n<div style='font-size: 14px; color: inherit;'><strong>Test de granizo:<\/strong> Di\u00e1metro de 25mm&comma; velocidad de impacto de 23m\/s<\/div>\n<\/p><\/div>\n<\/p><\/div>\n<\/p><\/div>\n<div style='margin-bottom: 40px;'>\n<h2 style='font-size: 24px; border-bottom: 2px solid currentColor; padding-bottom: 8px; margin: 0 0 20px; color: inherit;'>Coeficientes de temperatura (STC)<\/h2>\n<div style='display: grid; grid-template-columns: repeat(auto-fill&comma; minmax(250px&comma; 1fr)); gap: 15px;'>\n<div style='padding: 15px; border: 1px solid rgba(150&comma;150&comma;150&comma;0.3); border-radius: 8px;'>\n<div style='font-size: 14px; color: inherit;'><strong>Coeficiente de temperatura Isc:<\/strong> +0.050%\/\u00b0C<\/div>\n<\/p><\/div>\n<div style='padding: 15px; border: 1px solid rgba(150&comma;150&comma;150&comma;0.3); border-radius: 8px;'>\n<div style='font-size: 14px; color: inherit;'><strong>Coeficiente de temperatura Voc:<\/strong> -0.230%\/\u00b0C<\/div>\n<\/p><\/div>\n<div style='padding: 15px; border: 1px solid rgba(150&comma;150&comma;150&comma;0.3); border-radius: 8px;'>\n<div style='font-size: 14px; color: inherit;'><strong>Coeficiente de temperatura Pmax:<\/strong> -0.290%\/\u00b0C<\/div>\n<\/p><\/div>\n<\/p><\/div>\n<\/p><\/div>\n<div style='margin-bottom: 40px;'>\n<h2 style='font-size: 24px; border-bottom: 2px solid currentColor; padding-bottom: 8px; margin: 0 0 20px; color: inherit;'>Aplicaciones<\/h2>\n<ul style='padding-left: 20px; font-size: 15px; color: inherit;'>\n<li style='margin-bottom: 8px;'>Para Sistemas OFF-GRID (aislados de la red)<\/li>\n<li style='margin-bottom: 8px;'>Sistemas de respaldo de energ\u00eda<\/li>\n<li style='margin-bottom: 8px;'>Sistemas aislados en poste con ayuda de <a href='https:\/\/www.syscom.mx\/principal\/searchcont?route=SS-PBL-V5-EPCOM-INDUSTRIAL-93306&#038;autodetect=sspblv5' target='_blank' rel='noopener nofollow noreferrer' style='color: #0066cc; text-decoration: underline;'>SS-PBL-V5<\/a><\/li>\n<\/ul><\/div>\n<div style='margin-bottom: 40px;'>\n<h2 style='font-size: 24px; border-bottom: 2px solid currentColor; padding-bottom: 8px; margin: 0 0 20px; color: inherit;'>Garant\u00eda<\/h2>\n<\/p><\/div>\n<\/p><\/div>\n","protected":false},"excerpt":{"rendered":"<p>M\u00f3dulo Solar HORIZON,  225 W, 12 Vcc te\u00f3rico, Monocristalino HPBC<\/p>\n","protected":false},"featured_media":43212,"comment_status":"open","ping_status":"closed","template":"","meta":[],"product_brand":[],"product_cat":[1152],"product_tag":[964,1154,1153],"class_list":{"0":"post-43213","1":"product","2":"type-product","3":"status-publish","4":"has-post-thumbnail","6":"product_cat-modulos-solares","7":"product_tag-energia-solar","8":"product_tag-longi","9":"product_tag-modulos-solares","11":"first","12":"outofstock","13":"sale","14":"shipping-taxable","15":"purchasable","16":"product-type-simple"},"_links":{"self":[{"href":"https:\/\/soydeaqui.ddns.net\/pachuca\/index.php\/wp-json\/wp\/v2\/product\/43213","targetHints":{"allow":["GET"]}}],"collection":[{"href":"https:\/\/soydeaqui.ddns.net\/pachuca\/index.php\/wp-json\/wp\/v2\/product"}],"about":[{"href":"https:\/\/soydeaqui.ddns.net\/pachuca\/index.php\/wp-json\/wp\/v2\/types\/product"}],"replies":[{"embeddable":true,"href":"https:\/\/soydeaqui.ddns.net\/pachuca\/index.php\/wp-json\/wp\/v2\/comments?post=43213"}],"wp:featuredmedia":[{"embeddable":true,"href":"https:\/\/soydeaqui.ddns.net\/pachuca\/index.php\/wp-json\/wp\/v2\/media\/43212"}],"wp:attachment":[{"href":"https:\/\/soydeaqui.ddns.net\/pachuca\/index.php\/wp-json\/wp\/v2\/media?parent=43213"}],"wp:term":[{"taxonomy":"product_brand","embeddable":true,"href":"https:\/\/soydeaqui.ddns.net\/pachuca\/index.php\/wp-json\/wp\/v2\/product_brand?post=43213"},{"taxonomy":"product_cat","embeddable":true,"href":"https:\/\/soydeaqui.ddns.net\/pachuca\/index.php\/wp-json\/wp\/v2\/product_cat?post=43213"},{"taxonomy":"product_tag","embeddable":true,"href":"https:\/\/soydeaqui.ddns.net\/pachuca\/index.php\/wp-json\/wp\/v2\/product_tag?post=43213"}],"curies":[{"name":"wp","href":"https:\/\/api.w.org\/{rel}","templated":true}]}}