{"id":43211,"date":"2026-03-18T19:03:20","date_gmt":"2026-03-18T19:03:20","guid":{"rendered":"https:\/\/soydeaqui.ddns.net\/pachuca\/index.php\/producto\/modulo-solar-hi-mo-x6-anti-dust-anti-polvo-580-w-52-06-vcc-monocristalino-hpbc\/"},"modified":"2026-03-18T19:03:21","modified_gmt":"2026-03-18T19:03:21","slug":"modulo-solar-hi-mo-x6-anti-dust-anti-polvo-580-w-52-06-vcc-monocristalino-hpbc","status":"publish","type":"product","link":"https:\/\/soydeaqui.ddns.net\/pachuca\/index.php\/producto\/modulo-solar-hi-mo-x6-anti-dust-anti-polvo-580-w-52-06-vcc-monocristalino-hpbc\/","title":{"rendered":"M\u00f3dulo Solar HI-MO X6 ANTI-DUST (ANTI-POLVO),  580 W, 52.06 Vcc, Monocristalino HPBC"},"content":{"rendered":"<div style='width: 100%; max-width: 1200px; margin: 0 auto; font-family: sans-serif; line-height: 1.6; color: inherit; background-color: transparent;'>\n<div style='display: flex; flex-direction: column; align-items: center; text-align: center; margin-bottom: 40px;'> <img style='width: 100%; max-width: 600px; height: auto; border: 1px solid rgba(150&comma;150&comma;150&comma;0.3); border-radius: 8px; margin-bottom: 20px;' src='https:\/\/static.longi.com\/Hi_MO_X6_Guardian_Concept_Horizontal_Spanish_6e5dc1e3bb.png' alt='Icono'> <\/p>\n<h1 style='font-size: 28px; margin: 10px 0; color: inherit;'>Nueva serie de productos Hi-MO X6 GUARDIAN<\/h1>\n<h2 style='font-size: 24px; margin: 10px 0; color: inherit;'>Una nueva evoluci\u00f3n<\/h2>\n<div style='width: 52px; height: 8px; background: #e60012; margin: 20px 0;'><\/div>\n<\/p><\/div>\n<div style='margin: 30px 0; padding: 0 20px;'>\n<p style='font-size: 15px; margin: 15px 0; color: inherit;'> La tecnolog\u00eda de celdas HPBC de nueva generaci\u00f3n de LONGi&comma; abre un nuevo cap\u00edtulo en la producci\u00f3n en masa de celdas de alta eficiencia y contin\u00faa liderando la transformaci\u00f3n de la industria. La eficiencia de las celdas HPBC de LONGi supera 25.5%. La eficiencia de las celdas HPBC+ supera el 25.8%. <\/p>\n<h2 style='font-size: 24px; margin: 30px 0 15px; color: inherit; border-bottom: 2px solid currentColor; padding-bottom: 5px; opacity: 0.8;'>Iluminando posibilidades<\/h2>\n<\/p><\/div>\n<div style='display: grid; grid-template-columns: 1fr; gap: 30px; margin: 40px 0;'>\n<div style='display: flex; flex-direction: column; align-items: center; text-align: center;'> <img style='width: 100%; max-width: 100px; height: auto; border: 1px solid rgba(150&comma;150&comma;150&comma;0.3); border-radius: 8px; margin-bottom: 15px;' src='https:\/\/static.longi.com\/1_6012705834.png' alt=''> <\/p>\n<h3 style='font-size: 20px; margin: 10px 0; color: inherit; opacity: 0.8;'>Celdas de alta eficiencia<\/h3>\n<p style='font-size: 14px; color: inherit; margin: 0;'> La eficiencia de la celda HPBC es superior al 25.5%. <\/p>\n<\/p><\/div>\n<div style='display: flex; flex-direction: column; align-items: center; text-align: center;'> <img style='width: 100%; max-width: 100px; height: auto; border: 1px solid rgba(150&comma;150&comma;150&comma;0.3); border-radius: 8px; margin-bottom: 15px;' src='https:\/\/static.longi.com\/1_fafec785b3.png' alt=''> <\/p>\n<h3 style='font-size: 20px; margin: 10px 0; color: inherit; opacity: 0.8;'>Anti dust<\/h3>\n<p style='font-size: 14px; color: inherit; margin: 0;'> Hi-MO X6 El dise\u00f1o de borde \u00fanico reduce efectivamente el impacto de la acumulaci\u00f3n de polvo y mejora la ganancia de generaci\u00f3n de energ\u00eda durante todo el ciclo de vida. <\/p>\n<\/p><\/div>\n<div style='display: flex; flex-direction: column; align-items: center; text-align: center;'> <img style='width: 100%; max-width: 100px; height: auto; border: 1px solid rgba(150&comma;150&comma;150&comma;0.3); border-radius: 8px; margin-bottom: 15px;' src='https:\/\/static.longi.com\/1_0528524109.png' alt=''> <\/p>\n<h3 style='font-size: 20px; margin: 10px 0; color: inherit; opacity: 0.8;'>Apariencia est\u00e9tica<\/h3>\n<p style='font-size: 14px; color: inherit; margin: 0;'> Hi-MO X6 simplifica la complejidad y redefine el concepto est\u00e9tico de los m\u00f3dulos fotovoltaicos. <\/p>\n<\/p><\/div>\n<div style='display: flex; flex-direction: column; align-items: center; text-align: center;'> <img style='width: 100%; max-width: 100px; height: auto; border: 1px solid rgba(150&comma;150&comma;150&comma;0.3); border-radius: 8px; margin-bottom: 15px;' src='https:\/\/static.longi.com\/1_f634296284.png' alt=''> <\/p>\n<h3 style='font-size: 20px; margin: 10px 0; color: inherit; opacity: 0.8;'>Confiabilidad &#8211; L\u00edder del mercado<\/h3>\n<p style='font-size: 14px; color: inherit; margin: 0;'> Hi-MO X6 es pionera en la adopci\u00f3n de la tecnolog\u00eda de soldadura por contacto posterior&comma; que reduce el estr\u00e9s del borde de las celdas y aumenta la resistencia al agrietamiento de los m\u00f3dulos. <\/p>\n<\/p><\/div>\n<\/p><\/div>\n<p> <img style='width: 100%; max-width: 600px; height: auto; border: 1px solid rgba(150&comma;150&comma;150&comma;0.3); border-radius: 8px; margin: 40px 0;' src='https:\/\/static.longi.com\/product_en_1134_487_20ebc6bd40.jpg' alt=''> <\/p>\n<div style='margin: 40px 0;'>\n<h2 style='font-size: 24px; margin: 30px 0 15px; color: inherit; border-bottom: 2px solid currentColor; padding-bottom: 5px; opacity: 0.8;'>Born for Light<\/h2>\n<p style='font-size: 15px; color: inherit; margin: 15px 0;'> Con una tecnolog\u00eda innovadora&comma; la familia de productos Hi-MO X6 se ha creado para potenciar la vida futura de todos los usuarios. Siguiendo la tendencia del minimalismo&comma; LONGi Hi-MO X6 ha redefinido la est\u00e9tica del m\u00f3dulo fotovoltaico. <\/p>\n<\/p><\/div>\n<div style='margin: 40px 0;'>\n<h2 style='font-size: 24px; margin: 30px 0 15px; color: inherit; border-bottom: 2px solid currentColor; padding-bottom: 5px; opacity: 0.8;'>Par\u00e1metros mec\u00e1nicos<\/h2>\n<div style='display: flex; flex-wrap: wrap; gap: 20px; margin-top: 20px;'>\n<div style='flex: 1 1 250px; border: 1px solid rgba(150&comma;150&comma;150&comma;0.4); border-radius: 8px; overflow: hidden; display: flex; flex-direction: column;'>\n<div style='padding: 15px; border-bottom: 1px solid rgba(150&comma;150&comma;150&comma;0.2); font-weight: bold; font-size: 18px; color: inherit;'>Distribuci\u00f3n de las celdas<\/div>\n<div style='padding: 15px; color: inherit;'>\n<p style='font-size: 14px; margin: 5px 0; color: inherit;'>144 (6X24)<\/p>\n<\/p><\/div>\n<\/p><\/div>\n<div style='flex: 1 1 250px; border: 1px solid rgba(150&comma;150&comma;150&comma;0.4); border-radius: 8px; overflow: hidden; display: flex; flex-direction: column;'>\n<div style='padding: 15px; border-bottom: 1px solid rgba(150&comma;150&comma;150&comma;0.2); font-weight: bold; font-size: 18px; color: inherit;'>Caja de conexiones<\/div>\n<div style='padding: 15px; color: inherit;'>\n<p style='font-size: 14px; margin: 5px 0; color: inherit;'>Caja de conexiones dividida&comma; IP68<\/p>\n<\/p><\/div>\n<\/p><\/div>\n<div style='flex: 1 1 250px; border: 1px solid rgba(150&comma;150&comma;150&comma;0.4); border-radius: 8px; overflow: hidden; display: flex; flex-direction: column;'>\n<div style='padding: 15px; border-bottom: 1px solid rgba(150&comma;150&comma;150&comma;0.2); font-weight: bold; font-size: 18px; color: inherit;'>Peso<\/div>\n<div style='padding: 15px; color: inherit;'>\n<p style='font-size: 14px; margin: 5px 0; color: inherit;'>27.2kg<\/p>\n<\/p><\/div>\n<\/p><\/div>\n<div style='flex: 1 1 250px; border: 1px solid rgba(150&comma;150&comma;150&comma;0.4); border-radius: 8px; overflow: hidden; display: flex; flex-direction: column;'>\n<div style='padding: 15px; border-bottom: 1px solid rgba(150&comma;150&comma;150&comma;0.2); font-weight: bold; font-size: 18px; color: inherit;'>Dimensi\u00f3n<\/div>\n<div style='padding: 15px; color: inherit;'>\n<p style='font-size: 14px; margin: 5px 0; color: inherit;'>2281X1134X30mm<\/p>\n<\/p><\/div>\n<\/p><\/div>\n<div style='flex: 1 1 250px; border: 1px solid rgba(150&comma;150&comma;150&comma;0.4); border-radius: 8px; overflow: hidden; display: flex; flex-direction: column;'>\n<div style='padding: 15px; border-bottom: 1px solid rgba(150&comma;150&comma;150&comma;0.2); font-weight: bold; font-size: 18px; color: inherit;'>Embalaje<\/div>\n<div style='padding: 15px; color: inherit;'>\n<p style='font-size: 14px; margin: 5px 0; color: inherit;'>35 piezas por palet 175 piezas\/20GP 700 piezas\/40HC<\/p>\n<\/p><\/div>\n<\/p><\/div>\n<\/p><\/div>\n<\/p><\/div>\n<div style='margin: 40px 0;'>\n<h2 style='font-size: 24px; margin: 30px 0 15px; color: inherit; border-bottom: 2px solid currentColor; padding-bottom: 5px; opacity: 0.8;'>Par\u00e1metros el\u00e9ctricos<\/h2>\n<div style='display: flex; flex-wrap: wrap; gap: 20px; margin-top: 20px;'>\n<div style='flex: 1 1 250px; border: 1px solid rgba(150&comma;150&comma;150&comma;0.4); border-radius: 8px; overflow: hidden; display: flex; flex-direction: column;'>\n<div style='padding: 15px; border-bottom: 1px solid rgba(150&comma;150&comma;150&comma;0.2); font-weight: bold; font-size: 18px; color: inherit;'>Potencia M\u00e1xima<\/div>\n<div style='padding: 15px; color: inherit;'>\n<p style='font-size: 14px; margin: 5px 0; color: inherit;'>580 W<\/p>\n<\/p><\/div>\n<\/p><\/div>\n<div style='flex: 1 1 250px; border: 1px solid rgba(150&comma;150&comma;150&comma;0.4); border-radius: 8px; overflow: hidden; display: flex; flex-direction: column;'>\n<div style='padding: 15px; border-bottom: 1px solid rgba(150&comma;150&comma;150&comma;0.2); font-weight: bold; font-size: 18px; color: inherit;'>Tolerancia de Potencia<\/div>\n<div style='padding: 15px; color: inherit;'>\n<p style='font-size: 14px; margin: 5px 0; color: inherit;'>0~5 W<\/p>\n<\/p><\/div>\n<\/p><\/div>\n<div style='flex: 1 1 250px; border: 1px solid rgba(150&comma;150&comma;150&comma;0.4); border-radius: 8px; overflow: hidden; display: flex; flex-direction: column;'>\n<div style='padding: 15px; border-bottom: 1px solid rgba(150&comma;150&comma;150&comma;0.2); font-weight: bold; font-size: 18px; color: inherit;'>Eficiencia del M\u00f3dulo<\/div>\n<div style='padding: 15px; color: inherit;'>\n<p style='font-size: 14px; margin: 5px 0; color: inherit;'>22.4%<\/p>\n<\/p><\/div>\n<\/p><\/div>\n<div style='flex: 1 1 250px; border: 1px solid rgba(150&comma;150&comma;150&comma;0.4); border-radius: 8px; overflow: hidden; display: flex; flex-direction: column;'>\n<div style='padding: 15px; border-bottom: 1px solid rgba(150&comma;150&comma;150&comma;0.2); font-weight: bold; font-size: 18px; color: inherit;'>M\u00e1xima Capacidad de Voltaje (Vmp)<\/div>\n<div style='padding: 15px; color: inherit;'>\n<p style='font-size: 14px; margin: 5px 0; color: inherit;'>44.6 V<\/p>\n<\/p><\/div>\n<\/p><\/div>\n<div style='flex: 1 1 250px; border: 1px solid rgba(150&comma;150&comma;150&comma;0.4); border-radius: 8px; overflow: hidden; display: flex; flex-direction: column;'>\n<div style='padding: 15px; border-bottom: 1px solid rgba(150&comma;150&comma;150&comma;0.2); font-weight: bold; font-size: 18px; color: inherit;'>M\u00e1xima Capacidad de Corriente (Imp)<\/div>\n<div style='padding: 15px; color: inherit;'>\n<p style='font-size: 14px; margin: 5px 0; color: inherit;'>13.17 A<\/p>\n<\/p><\/div>\n<\/p><\/div>\n<div style='flex: 1 1 250px; border: 1px solid rgba(150&comma;150&comma;150&comma;0.4); border-radius: 8px; overflow: hidden; display: flex; flex-direction: column;'>\n<div style='padding: 15px; border-bottom: 1px solid rgba(150&comma;150&comma;150&comma;0.2); font-weight: bold; font-size: 18px; color: inherit;'>Voltaje de Circuito Abierto (Voc)<\/div>\n<div style='padding: 15px; color: inherit;'>\n<p style='font-size: 14px; margin: 5px 0; color: inherit;'>52.21 V<\/p>\n<\/p><\/div>\n<\/p><\/div>\n<div style='flex: 1 1 250px; border: 1px solid rgba(150&comma;150&comma;150&comma;0.4); border-radius: 8px; overflow: hidden; display: flex; flex-direction: column;'>\n<div style='padding: 15px; border-bottom: 1px solid rgba(150&comma;150&comma;150&comma;0.2); font-weight: bold; font-size: 18px; color: inherit;'>Corriente de Cortocircuito (Isc)<\/div>\n<div style='padding: 15px; color: inherit;'>\n<p style='font-size: 14px; margin: 5px 0; color: inherit;'>14.2 A<\/p>\n<\/p><\/div>\n<\/p><\/div>\n<\/p><\/div>\n<\/p><\/div>\n<div style='margin: 40px 0;'>\n<h2 style='font-size: 24px; margin: 30px 0 15px; color: inherit; border-bottom: 2px solid currentColor; padding-bottom: 5px; opacity: 0.8;'>Capacidad de carga mec\u00e1nica<\/h2>\n<div style='display: flex; flex-wrap: wrap; gap: 20px; margin-top: 20px;'>\n<div style='flex: 1 1 250px; border: 1px solid rgba(150&comma;150&comma;150&comma;0.4); border-radius: 8px; overflow: hidden; display: flex; flex-direction: column;'>\n<div style='padding: 15px; border-bottom: 1px solid rgba(150&comma;150&comma;150&comma;0.2); font-weight: bold; font-size: 18px; color: inherit;'>M\u00e1xima carga est\u00e1tica en superficie frontal<\/div>\n<div style='padding: 15px; color: inherit;'>\n<p style='font-size: 14px; margin: 5px 0; color: inherit;'>5400Pa<\/p>\n<\/p><\/div>\n<\/p><\/div>\n<div style='flex: 1 1 250px; border: 1px solid rgba(150&comma;150&comma;150&comma;0.4); border-radius: 8px; overflow: hidden; display: flex; flex-direction: column;'>\n<div style='padding: 15px; border-bottom: 1px solid rgba(150&comma;150&comma;150&comma;0.2); font-weight: bold; font-size: 18px; color: inherit;'>M\u00e1xima carga est\u00e1tica en superficie posterior<\/div>\n<div style='padding: 15px; color: inherit;'>\n<p style='font-size: 14px; margin: 5px 0; color: inherit;'>2400Pa<\/p>\n<\/p><\/div>\n<\/p><\/div>\n<div style='flex: 1 1 250px; border: 1px solid rgba(150&comma;150&comma;150&comma;0.4); border-radius: 8px; overflow: hidden; display: flex; flex-direction: column;'>\n<div style='padding: 15px; border-bottom: 1px solid rgba(150&comma;150&comma;150&comma;0.2); font-weight: bold; font-size: 18px; color: inherit;'>Test de granizo<\/div>\n<div style='padding: 15px; color: inherit;'>\n<p style='font-size: 14px; margin: 5px 0; color: inherit;'>Di\u00e1metro de 25mm&comma; velocidad de impacto de 23m\/s<\/p>\n<\/p><\/div>\n<\/p><\/div>\n<\/p><\/div>\n<\/p><\/div>\n<div style='margin: 40px 0;'>\n<h2 style='font-size: 24px; margin: 30px 0 15px; color: inherit; border-bottom: 2px solid currentColor; padding-bottom: 5px; opacity: 0.8;'>Coeficientes de temperatura (STC)<\/h2>\n<div style='display: flex; flex-wrap: wrap; gap: 20px; margin-top: 20px;'>\n<div style='flex: 1 1 250px; border: 1px solid rgba(150&comma;150&comma;150&comma;0.4); border-radius: 8px; overflow: hidden; display: flex; flex-direction: column;'>\n<div style='padding: 15px; border-bottom: 1px solid rgba(150&comma;150&comma;150&comma;0.2); font-weight: bold; font-size: 18px; color: inherit;'>Coeficiente de temperatura Isc<\/div>\n<div style='padding: 15px; color: inherit;'>\n<p style='font-size: 14px; margin: 5px 0; color: inherit;'>+0.050%\/\u00b0C<\/p>\n<\/p><\/div>\n<\/p><\/div>\n<div style='flex: 1 1 250px; border: 1px solid rgba(150&comma;150&comma;150&comma;0.4); border-radius: 8px; overflow: hidden; display: flex; flex-direction: column;'>\n<div style='padding: 15px; border-bottom: 1px solid rgba(150&comma;150&comma;150&comma;0.2); font-weight: bold; font-size: 18px; color: inherit;'>Coeficiente de temperatura Voc<\/div>\n<div style='padding: 15px; color: inherit;'>\n<p style='font-size: 14px; margin: 5px 0; color: inherit;'>-0.230%\/\u00b0C<\/p>\n<\/p><\/div>\n<\/p><\/div>\n<div style='flex: 1 1 250px; border: 1px solid rgba(150&comma;150&comma;150&comma;0.4); border-radius: 8px; overflow: hidden; display: flex; flex-direction: column;'>\n<div style='padding: 15px; border-bottom: 1px solid rgba(150&comma;150&comma;150&comma;0.2); font-weight: bold; font-size: 18px; color: inherit;'>Coeficiente de temperatura Pmax<\/div>\n<div style='padding: 15px; color: inherit;'>\n<p style='font-size: 14px; margin: 5px 0; color: inherit;'>-0.290%\/\u00b0C<\/p>\n<\/p><\/div>\n<\/p><\/div>\n<\/p><\/div>\n<\/p><\/div>\n<div style='margin: 40px 0;'>\n<h2 style='font-size: 24px; margin: 30px 0 15px; color: inherit; border-bottom: 2px solid currentColor; padding-bottom: 5px; opacity: 0.8;'>Aplicaciones<\/h2>\n<ul style='padding-left: 20px; margin: 20px 0; color: inherit;'>\n<li style='margin: 8px 0; font-size: 14px;'><strong style='color: inherit;'>\u2022<\/strong> Para interconexi\u00f3n a la red el\u00e9ctrica<\/li>\n<li style='margin: 8px 0; font-size: 14px;'><strong style='color: inherit;'>\u2022<\/strong> Sistemas aislados con controladores MPPT<\/li>\n<\/ul><\/div>\n<div style='margin: 40px 0;'>\n<h2 style='font-size: 24px; margin: 30px 0 15px; color: inherit; border-bottom: 2px solid currentColor; padding-bottom: 5px; opacity: 0.8;'>Garant\u00eda<\/h2>\n<p style='font-size: 14px; margin: 15px 0; color: inherit;'> Se ofrece una garant\u00eda de 15 a\u00f1os contra defectos de fabricaci\u00f3n&comma; as\u00ed como una vida \u00fatil de 25 a\u00f1os en t\u00e9rminos de salida de potencia. <\/p>\n<\/p><\/div>\n<\/p><\/div>\n","protected":false},"excerpt":{"rendered":"<p>M\u00f3dulo Solar HI-MO X6 ANTI-DUST (ANTI-POLVO),  580 W, 52.06 Vcc, Monocristalino HPBC<\/p>\n","protected":false},"featured_media":43210,"comment_status":"open","ping_status":"closed","template":"","meta":[],"product_brand":[],"product_cat":[1152],"product_tag":[964,1154,1153],"class_list":{"0":"post-43211","1":"product","2":"type-product","3":"status-publish","4":"has-post-thumbnail","6":"product_cat-modulos-solares","7":"product_tag-energia-solar","8":"product_tag-longi","9":"product_tag-modulos-solares","11":"first","12":"outofstock","13":"sale","14":"shipping-taxable","15":"purchasable","16":"product-type-simple"},"_links":{"self":[{"href":"https:\/\/soydeaqui.ddns.net\/pachuca\/index.php\/wp-json\/wp\/v2\/product\/43211","targetHints":{"allow":["GET"]}}],"collection":[{"href":"https:\/\/soydeaqui.ddns.net\/pachuca\/index.php\/wp-json\/wp\/v2\/product"}],"about":[{"href":"https:\/\/soydeaqui.ddns.net\/pachuca\/index.php\/wp-json\/wp\/v2\/types\/product"}],"replies":[{"embeddable":true,"href":"https:\/\/soydeaqui.ddns.net\/pachuca\/index.php\/wp-json\/wp\/v2\/comments?post=43211"}],"wp:featuredmedia":[{"embeddable":true,"href":"https:\/\/soydeaqui.ddns.net\/pachuca\/index.php\/wp-json\/wp\/v2\/media\/43210"}],"wp:attachment":[{"href":"https:\/\/soydeaqui.ddns.net\/pachuca\/index.php\/wp-json\/wp\/v2\/media?parent=43211"}],"wp:term":[{"taxonomy":"product_brand","embeddable":true,"href":"https:\/\/soydeaqui.ddns.net\/pachuca\/index.php\/wp-json\/wp\/v2\/product_brand?post=43211"},{"taxonomy":"product_cat","embeddable":true,"href":"https:\/\/soydeaqui.ddns.net\/pachuca\/index.php\/wp-json\/wp\/v2\/product_cat?post=43211"},{"taxonomy":"product_tag","embeddable":true,"href":"https:\/\/soydeaqui.ddns.net\/pachuca\/index.php\/wp-json\/wp\/v2\/product_tag?post=43211"}],"curies":[{"name":"wp","href":"https:\/\/api.w.org\/{rel}","templated":true}]}}