{"id":43189,"date":"2026-03-18T19:02:44","date_gmt":"2026-03-18T19:02:44","guid":{"rendered":"https:\/\/soydeaqui.ddns.net\/pachuca\/index.php\/producto\/manometro-de-4-vias-con-accesorios-para-gas-refrigerante-r410a-r32-r134a-r22\/"},"modified":"2026-03-18T19:02:48","modified_gmt":"2026-03-18T19:02:48","slug":"manometro-de-4-vias-con-accesorios-para-gas-refrigerante-r410a-r32-r134a-r22","status":"publish","type":"product","link":"https:\/\/soydeaqui.ddns.net\/pachuca\/index.php\/producto\/manometro-de-4-vias-con-accesorios-para-gas-refrigerante-r410a-r32-r134a-r22\/","title":{"rendered":"Man\u00f3metro de 4 v\u00edas con Accesorios para Gas refrigerante  R410A\/ R32\/ R134A\/R22"},"content":{"rendered":"<div style='width: 100%; max-width: 1200px; margin: 0 auto; font-family: sans-serif; line-height: 1.6; color: inherit; background-color: transparent;'> <!-- Imagen principal --> <\/p>\n<div style='display: flex; justify-content: center; margin-bottom: 30px;'> <img style='width: 100%; max-width: 400px; height: auto; border: 1px solid rgba(150&comma;150&comma;150&comma;0.3); border-radius: 8px;' src='data:image\/png;base64&comma;iVBORw0KGgoAAAANSUhEUgAAASYAAABICAIAAADUL88TAAAXZElEQVR4Ae2diVsUR97H9x\/RiGI097Xv5s2+eZ993t0c+77Z3US6Z3pmmOG+QeXwIBpXBVTibbyPqIBihOFGwCtBI17cp4DcBoYbQWCurqrX6gKenmFmBCQ+klQ\/9UBNd1397frU8avqmT8gelAFqAIvUIE\/vMC8aFZUAaoAVSALVQAA\/\/8DAJasjJ1oM7o8AAAAAElFTkSuQmCC' alt='Man\u00f3metro de 4 v\u00edas'> <\/div>\n<p> <!-- Descripci\u00f3n principal --> <\/p>\n<div style='margin-bottom: 30px; font-size: 15px;'>\n<p>Juego de medidores de diagn\u00f3stico de colector de aire acondicionado profesional para refrigerantes R410A&comma; R134A&comma; R22&comma; R32. Dise\u00f1ado para carga de aire acondicionado&comma; pruebas de diagn\u00f3stico&comma; trabajos de recuperaci\u00f3n y evacuaci\u00f3n. Fabricado en materiales de alta calidad y resistencia.<\/p>\n<\/p><\/div>\n<p> <!-- Secci\u00f3n de caracter\u00edsticas&comma; aplicaciones y contenido del kit --> <\/p>\n<div style='display: flex; flex-wrap: wrap; gap: 30px; margin-bottom: 30px;'> <!-- Caracter\u00edsticas --> <\/p>\n<div style='flex: 1 1 300px; min-width: 280px;'>\n<h3 style='font-size: 22px; border-bottom: 2px solid currentColor; padding-bottom: 5px; margin-top: 0; color: inherit; opacity: 0.8;'>Caracter\u00edsticas<\/h3>\n<ul style='padding-left: 20px; font-size: 15px; color: inherit;'>\n<li style='margin-bottom: 5px;'><span style='font-weight: bold; color: inherit;'>Material:<\/span> Cobre y ABS<\/li>\n<li style='margin-bottom: 5px;'><span style='font-weight: bold; color: inherit;'>Tama\u00f1o:<\/span> 18.50 x 16 x 6 cm<\/li>\n<li style='margin-bottom: 5px;'>Fabricado en materiales de alta calidad lo que garantiza su durabilidad<\/li>\n<li style='margin-bottom: 5px;'>Dise\u00f1ado para trabajar con refrigerantes R134a&comma; R22&comma; R32 y R410a<\/li>\n<li style='margin-bottom: 5px;'>Este juego de medici\u00f3n de colector de CA es ideal para mantenimiento profesional de HVAC<\/li>\n<li style='margin-bottom: 5px;'>Incluye un pr\u00e1ctico estuche de transporte para facilitar su almacenamiento y transporte entre trabajos<\/li>\n<\/ul><\/div>\n<p> <!-- Aplicaciones --> <\/p>\n<div style='flex: 1 1 300px; min-width: 280px;'>\n<h3 style='font-size: 22px; border-bottom: 2px solid currentColor; padding-bottom: 5px; margin-top: 0; color: inherit; opacity: 0.8;'>Aplicaciones<\/h3>\n<ul style='padding-left: 20px; font-size: 15px; color: inherit;'>\n<li style='margin-bottom: 5px;'>Carga de Refrigerante<\/li>\n<li style='margin-bottom: 5px;'>Pruebas de Diagn\u00f3stico<\/li>\n<li style='margin-bottom: 5px;'>Recuperaci\u00f3n de Refrigerante<\/li>\n<li style='margin-bottom: 5px;'>Evacuaci\u00f3n del Sistema<\/li>\n<li style='margin-bottom: 5px;'>Mantenimiento Preventivo<\/li>\n<li style='margin-bottom: 5px;'>Verificaci\u00f3n de Eficiencia<\/li>\n<\/ul><\/div>\n<p> <!-- Contenido del Kit --> <\/p>\n<div style='flex: 1 1 300px; min-width: 280px;'>\n<h3 style='font-size: 22px; border-bottom: 2px solid currentColor; padding-bottom: 5px; margin-top: 0; color: inherit; opacity: 0.8;'>Contenido del Kit<\/h3>\n<ul style='padding-left: 20px; font-size: 15px; color: inherit;'>\n<li style='margin-bottom: 5px;'>4 Mangueras de 1.5 m de largo con conectores de 1\/4&#8242;<\/li>\n<li style='margin-bottom: 5px;'>2 Puertos de conexi\u00f3n ajustables<\/li>\n<li style='margin-bottom: 5px;'>2 V\u00e1lvulas de seguridad<\/li>\n<li style='margin-bottom: 5px;'>1 Llave para botellas de refrigerante<\/li>\n<li style='margin-bottom: 5px;'>1 Caja de herramientas adaptadora<\/li>\n<li style='margin-bottom: 5px;'>1 Destornillador de doble prop\u00f3sito<\/li>\n<li style='margin-bottom: 5px;'>1 Llave central (para R410A\/R32\/R134AR22)<\/li>\n<li style='margin-bottom: 5px;'>1 Manometro de diagn\u00f3stico de 4 v\u00edas<\/li>\n<\/ul><\/div>\n<\/p><\/div>\n<p> <!-- Separador final --> <\/p>\n<hr style='border: 0; border-top: 1px solid rgba(150&comma; 150&comma; 150&comma; 0.3); margin: 30px 0;'> <\/div>\n","protected":false},"excerpt":{"rendered":"<p>Man\u00f3metro de 4 v\u00edas con Accesorios para Gas refrigerante  R410A\/ R32\/ R134A\/R22<\/p>\n","protected":false},"featured_media":43188,"comment_status":"open","ping_status":"closed","template":"","meta":[],"product_brand":[],"product_cat":[1146],"product_tag":[1144,248,1147],"class_list":{"0":"post-43189","1":"product","2":"type-product","3":"status-publish","4":"has-post-thumbnail","6":"product_cat-refrigeracion-casa-oficina-industrial","7":"product_tag-climatizacion-refrigeracion","8":"product_tag-precision","9":"product_tag-refrigeracion-casa-oficina-industrial","11":"first","12":"instock","13":"sale","14":"shipping-taxable","15":"purchasable","16":"product-type-simple"},"_links":{"self":[{"href":"https:\/\/soydeaqui.ddns.net\/pachuca\/index.php\/wp-json\/wp\/v2\/product\/43189","targetHints":{"allow":["GET"]}}],"collection":[{"href":"https:\/\/soydeaqui.ddns.net\/pachuca\/index.php\/wp-json\/wp\/v2\/product"}],"about":[{"href":"https:\/\/soydeaqui.ddns.net\/pachuca\/index.php\/wp-json\/wp\/v2\/types\/product"}],"replies":[{"embeddable":true,"href":"https:\/\/soydeaqui.ddns.net\/pachuca\/index.php\/wp-json\/wp\/v2\/comments?post=43189"}],"wp:featuredmedia":[{"embeddable":true,"href":"https:\/\/soydeaqui.ddns.net\/pachuca\/index.php\/wp-json\/wp\/v2\/media\/43188"}],"wp:attachment":[{"href":"https:\/\/soydeaqui.ddns.net\/pachuca\/index.php\/wp-json\/wp\/v2\/media?parent=43189"}],"wp:term":[{"taxonomy":"product_brand","embeddable":true,"href":"https:\/\/soydeaqui.ddns.net\/pachuca\/index.php\/wp-json\/wp\/v2\/product_brand?post=43189"},{"taxonomy":"product_cat","embeddable":true,"href":"https:\/\/soydeaqui.ddns.net\/pachuca\/index.php\/wp-json\/wp\/v2\/product_cat?post=43189"},{"taxonomy":"product_tag","embeddable":true,"href":"https:\/\/soydeaqui.ddns.net\/pachuca\/index.php\/wp-json\/wp\/v2\/product_tag?post=43189"}],"curies":[{"name":"wp","href":"https:\/\/api.w.org\/{rel}","templated":true}]}}