{"id":43184,"date":"2026-03-18T19:02:35","date_gmt":"2026-03-18T19:02:35","guid":{"rendered":"https:\/\/soydeaqui.ddns.net\/pachuca\/index.php\/producto\/ventilador-de-techo-con-luminario-led-de-110-v-ca-50-60-hz-4500-lm-6500-4-000-2-700-k-3-tonos-de-luz-3-velocidades-dimeable\/"},"modified":"2026-03-18T19:02:36","modified_gmt":"2026-03-18T19:02:36","slug":"ventilador-de-techo-con-luminario-led-de-110-v-ca-50-60-hz-4500-lm-6500-4-000-2-700-k-3-tonos-de-luz-3-velocidades-dimeable","status":"publish","type":"product","link":"https:\/\/soydeaqui.ddns.net\/pachuca\/index.php\/producto\/ventilador-de-techo-con-luminario-led-de-110-v-ca-50-60-hz-4500-lm-6500-4-000-2-700-k-3-tonos-de-luz-3-velocidades-dimeable\/","title":{"rendered":"Ventilador de Techo con Luminario LED de  110 V CA 50\/60 Hz \/ 4500 Lm \/ 6500 &#8211; 4 000 &#8211; 2 700 K \/ 3 Tonos de Luz \/ 3 Velocidades \/ Dimeable."},"content":{"rendered":"<div style='width: 100%; max-width: 1200px; margin: 0 auto; font-family: sans-serif; line-height: 1.6; color: inherit;'>\n<div style='display: flex; flex-wrap: wrap; gap: 30px; margin-bottom: 30px;'>\n<div style='flex: 1 1 300px; min-width: 280px;'>\n<h3 style='font-size: 22px; border-bottom: 2px solid currentColor; padding-bottom: 5px; margin-top: 0; color: inherit; opacity: 0.8;'>Caracter\u00edsticas Principales<\/h3>\n<ul style='padding-left: 20px; font-size: 15px; color: inherit;'>\n<li style='margin-bottom: 5px;'>Ventilador de techo con aspas de acr\u00edlico transparente de ABS.<\/li>\n<li style='margin-bottom: 5px;'>L\u00e1mpara de LED ideal para sala de estar&comma; comedor&comma; dormitorio.<\/li>\n<li style='margin-bottom: 5px;'>F\u00e1cil instalaci\u00f3n para sobreponer en techo.<\/li>\n<li style='margin-bottom: 5px;'><strong>Voltaje de Alimentaci\u00f3n:<\/strong> 110 V~ 50\/60Hz<\/li>\n<li style='margin-bottom: 5px;'><strong>Cantidad de Velocidades:<\/strong> 3<\/li>\n<li style='margin-bottom: 5px;'>Cambia entre 3 tonos de luz<\/li>\n<li style='margin-bottom: 5px;'><strong>Temperatura de Color:<\/strong> 6500 K &#8211; 4000 K &#8211; 2700 K<\/li>\n<\/ul><\/div>\n<div style='flex: 1 1 300px; min-width: 280px;'>\n<h3 style='font-size: 22px; border-bottom: 2px solid currentColor; padding-bottom: 5px; margin-top: 0; color: inherit; opacity: 0.8;'>Caracter\u00edsticas F\u00edsicas y El\u00e9ctricas<\/h3>\n<ul style='padding-left: 20px; font-size: 15px; color: inherit;'>\n<li style='margin-bottom: 5px;'><strong>Potencia:<\/strong> 88 W<\/li>\n<li style='margin-bottom: 5px;'><strong>Flujo Luminoso:<\/strong> 4500 lm<\/li>\n<li style='margin-bottom: 5px;'><strong>Medida:<\/strong> 400 mm<\/li>\n<li style='margin-bottom: 5px;'>Dimmable<\/li>\n<\/ul><\/div>\n<div style='flex: 1 1 300px; min-width: 280px;'>\n<h3 style='font-size: 22px; border-bottom: 2px solid currentColor; padding-bottom: 5px; margin-top: 0; color: inherit; opacity: 0.8;'>Caracter\u00edsticas Destacadas<\/h3>\n<ul style='padding-left: 20px; font-size: 15px; color: inherit;'>\n<li style='margin-bottom: 5px;'>Proporciona viento suave natural&comma; motor silencioso.<\/li>\n<li style='margin-bottom: 5px;'>Cambia entre 3 tonos de color neutro&comma; blanco y c\u00e1lido.<\/li>\n<li style='margin-bottom: 5px;'>Reduce o aumenta el brillo de luz desde el control remoto.<\/li>\n<li style='margin-bottom: 5px;'>Alta Calidad en Acabados<\/li>\n<li style='margin-bottom: 5px;'>Instalaci\u00f3n R\u00e1pida y Sencilla<\/li>\n<li style='margin-bottom: 5px;'>Ideal para Comercios y Oficinas<\/li>\n<\/ul><\/div>\n<\/p><\/div>\n<hr style='border: 0; border-top: 1px solid rgba(150&comma; 150&comma; 150&comma; 0.3); margin: 30px 0;'> <\/div>\n","protected":false},"excerpt":{"rendered":"<p>Ventilador de Techo con Luminario LED de  110 V CA 50\/60 Hz \/ 4500 Lm \/ 6500 &#8211; 4 000 &#8211; 2 700 K \/ 3 Tonos de Luz \/ 3 Velocidades \/ Dimeable.<\/p>\n","protected":false},"featured_media":43183,"comment_status":"open","ping_status":"closed","template":"","meta":[],"product_brand":[],"product_cat":[1166],"product_tag":[1167,1169,1168],"class_list":{"0":"post-43184","1":"product","2":"type-product","3":"status-publish","4":"has-post-thumbnail","6":"product_cat-uso-interior","7":"product_tag-iluminacion","8":"product_tag-jwj","9":"product_tag-uso-interior","11":"first","12":"outofstock","13":"sale","14":"shipping-taxable","15":"purchasable","16":"product-type-simple"},"yoast_head":"<!-- This site is optimized with the Yoast SEO plugin v27.4 - https:\/\/yoast.com\/product\/yoast-seo-wordpress\/ -->\r\n<title>Ventilador de Techo con Luminario LED de 110 V CA 50\/60 Hz \/ 4500 Lm \/ 6500 - 4 000 - 2 700 K \/ 3 Tonos de Luz \/ 3 Velocidades \/ Dimeable. - Instalaci\u00f3n de C\u00e1maras de Seguridad en Pachuca<\/title>\r\n<meta name=\"robots\" content=\"index, follow, max-snippet:-1, max-image-preview:large, max-video-preview:-1\" \/>\r\n<link rel=\"canonical\" href=\"https:\/\/soydeaqui.ddns.net\/pachuca\/index.php\/producto\/ventilador-de-techo-con-luminario-led-de-110-v-ca-50-60-hz-4500-lm-6500-4-000-2-700-k-3-tonos-de-luz-3-velocidades-dimeable\/\" \/>\r\n<meta property=\"og:locale\" content=\"es_MX\" \/>\r\n<meta property=\"og:type\" content=\"article\" \/>\r\n<meta property=\"og:title\" content=\"Ventilador de Techo con Luminario LED de 110 V CA 50\/60 Hz \/ 4500 Lm \/ 6500 - 4 000 - 2 700 K \/ 3 Tonos de Luz \/ 3 Velocidades \/ Dimeable. - Instalaci\u00f3n de C\u00e1maras de Seguridad en Pachuca\" \/>\r\n<meta property=\"og:description\" content=\"Ventilador de Techo con Luminario LED de 110 V CA 50\/60 Hz \/ 4500 Lm \/ 6500 - 4 000 - 2 700 K \/ 3 Tonos de Luz \/ 3 Velocidades \/ Dimeable.\" \/>\r\n<meta property=\"og:url\" content=\"https:\/\/soydeaqui.ddns.net\/pachuca\/index.php\/producto\/ventilador-de-techo-con-luminario-led-de-110-v-ca-50-60-hz-4500-lm-6500-4-000-2-700-k-3-tonos-de-luz-3-velocidades-dimeable\/\" \/>\r\n<meta property=\"og:site_name\" content=\"Instalaci\u00f3n de C\u00e1maras de Seguridad en Pachuca\" \/>\r\n<meta property=\"article:modified_time\" content=\"2026-03-18T19:02:36+00:00\" \/>\r\n<meta property=\"og:image\" content=\"https:\/\/soydeaqui.ddns.net\/pachuca\/wp-content\/uploads\/2026\/03\/JLV021-l.png\" \/>\r\n\t<meta property=\"og:image:width\" content=\"1000\" \/>\r\n\t<meta property=\"og:image:height\" content=\"1000\" \/>\r\n\t<meta property=\"og:image:type\" content=\"image\/png\" \/>\r\n<meta name=\"twitter:card\" content=\"summary_large_image\" \/>\r\n<meta name=\"twitter:label1\" content=\"Tiempo de lectura\" \/>\n\t<meta name=\"twitter:data1\" content=\"1 minuto\" \/>\r\n<script type=\"application\/ld+json\" class=\"yoast-schema-graph\">{\"@context\":\"https:\\\/\\\/schema.org\",\"@graph\":[{\"@type\":\"WebPage\",\"@id\":\"https:\\\/\\\/soydeaqui.ddns.net\\\/pachuca\\\/index.php\\\/producto\\\/ventilador-de-techo-con-luminario-led-de-110-v-ca-50-60-hz-4500-lm-6500-4-000-2-700-k-3-tonos-de-luz-3-velocidades-dimeable\\\/\",\"url\":\"https:\\\/\\\/soydeaqui.ddns.net\\\/pachuca\\\/index.php\\\/producto\\\/ventilador-de-techo-con-luminario-led-de-110-v-ca-50-60-hz-4500-lm-6500-4-000-2-700-k-3-tonos-de-luz-3-velocidades-dimeable\\\/\",\"name\":\"Ventilador de Techo con Luminario LED de 110 V CA 50\\\/60 Hz \\\/ 4500 Lm \\\/ 6500 - 4 000 - 2 700 K \\\/ 3 Tonos de Luz \\\/ 3 Velocidades \\\/ Dimeable. - Instalaci\u00f3n de C\u00e1maras de Seguridad en Pachuca\",\"isPartOf\":{\"@id\":\"https:\\\/\\\/soydeaqui.ddns.net\\\/pachuca\\\/#website\"},\"primaryImageOfPage\":{\"@id\":\"https:\\\/\\\/soydeaqui.ddns.net\\\/pachuca\\\/index.php\\\/producto\\\/ventilador-de-techo-con-luminario-led-de-110-v-ca-50-60-hz-4500-lm-6500-4-000-2-700-k-3-tonos-de-luz-3-velocidades-dimeable\\\/#primaryimage\"},\"image\":{\"@id\":\"https:\\\/\\\/soydeaqui.ddns.net\\\/pachuca\\\/index.php\\\/producto\\\/ventilador-de-techo-con-luminario-led-de-110-v-ca-50-60-hz-4500-lm-6500-4-000-2-700-k-3-tonos-de-luz-3-velocidades-dimeable\\\/#primaryimage\"},\"thumbnailUrl\":\"https:\\\/\\\/soydeaqui.ddns.net\\\/pachuca\\\/wp-content\\\/uploads\\\/2026\\\/03\\\/JLV021-l.png\",\"datePublished\":\"2026-03-18T19:02:35+00:00\",\"dateModified\":\"2026-03-18T19:02:36+00:00\",\"breadcrumb\":{\"@id\":\"https:\\\/\\\/soydeaqui.ddns.net\\\/pachuca\\\/index.php\\\/producto\\\/ventilador-de-techo-con-luminario-led-de-110-v-ca-50-60-hz-4500-lm-6500-4-000-2-700-k-3-tonos-de-luz-3-velocidades-dimeable\\\/#breadcrumb\"},\"inLanguage\":\"es\",\"potentialAction\":[{\"@type\":\"ReadAction\",\"target\":[\"https:\\\/\\\/soydeaqui.ddns.net\\\/pachuca\\\/index.php\\\/producto\\\/ventilador-de-techo-con-luminario-led-de-110-v-ca-50-60-hz-4500-lm-6500-4-000-2-700-k-3-tonos-de-luz-3-velocidades-dimeable\\\/\"]}]},{\"@type\":\"ImageObject\",\"inLanguage\":\"es\",\"@id\":\"https:\\\/\\\/soydeaqui.ddns.net\\\/pachuca\\\/index.php\\\/producto\\\/ventilador-de-techo-con-luminario-led-de-110-v-ca-50-60-hz-4500-lm-6500-4-000-2-700-k-3-tonos-de-luz-3-velocidades-dimeable\\\/#primaryimage\",\"url\":\"https:\\\/\\\/soydeaqui.ddns.net\\\/pachuca\\\/wp-content\\\/uploads\\\/2026\\\/03\\\/JLV021-l.png\",\"contentUrl\":\"https:\\\/\\\/soydeaqui.ddns.net\\\/pachuca\\\/wp-content\\\/uploads\\\/2026\\\/03\\\/JLV021-l.png\",\"width\":1000,\"height\":1000},{\"@type\":\"BreadcrumbList\",\"@id\":\"https:\\\/\\\/soydeaqui.ddns.net\\\/pachuca\\\/index.php\\\/producto\\\/ventilador-de-techo-con-luminario-led-de-110-v-ca-50-60-hz-4500-lm-6500-4-000-2-700-k-3-tonos-de-luz-3-velocidades-dimeable\\\/#breadcrumb\",\"itemListElement\":[{\"@type\":\"ListItem\",\"position\":1,\"name\":\"Inicio\",\"item\":\"https:\\\/\\\/soydeaqui.ddns.net\\\/pachuca\\\/\"},{\"@type\":\"ListItem\",\"position\":2,\"name\":\"Shop\",\"item\":\"https:\\\/\\\/soydeaqui.ddns.net\\\/pachuca\\\/index.php\\\/shop\\\/\"},{\"@type\":\"ListItem\",\"position\":3,\"name\":\"Ventilador de Techo con Luminario LED de 110 V CA 50\\\/60 Hz \\\/ 4500 Lm \\\/ 6500 &#8211; 4 000 &#8211; 2 700 K \\\/ 3 Tonos de Luz \\\/ 3 Velocidades \\\/ Dimeable.\"}]},{\"@type\":\"WebSite\",\"@id\":\"https:\\\/\\\/soydeaqui.ddns.net\\\/pachuca\\\/#website\",\"url\":\"https:\\\/\\\/soydeaqui.ddns.net\\\/pachuca\\\/\",\"name\":\"Instalaci\u00f3n de C\u00e1maras de Seguridad en Pachuca\",\"description\":\"Instalaci\u00f3n de CCTV en Pachuca\",\"potentialAction\":[{\"@type\":\"SearchAction\",\"target\":{\"@type\":\"EntryPoint\",\"urlTemplate\":\"https:\\\/\\\/soydeaqui.ddns.net\\\/pachuca\\\/?s={search_term_string}\"},\"query-input\":{\"@type\":\"PropertyValueSpecification\",\"valueRequired\":true,\"valueName\":\"search_term_string\"}}],\"inLanguage\":\"es\"}]}<\/script>\r\n<!-- \/ Yoast SEO plugin. -->","yoast_head_json":{"title":"Ventilador de Techo con Luminario LED de 110 V CA 50\/60 Hz \/ 4500 Lm \/ 6500 - 4 000 - 2 700 K \/ 3 Tonos de Luz \/ 3 Velocidades \/ Dimeable. - Instalaci\u00f3n de C\u00e1maras de Seguridad en Pachuca","robots":{"index":"index","follow":"follow","max-snippet":"max-snippet:-1","max-image-preview":"max-image-preview:large","max-video-preview":"max-video-preview:-1"},"canonical":"https:\/\/soydeaqui.ddns.net\/pachuca\/index.php\/producto\/ventilador-de-techo-con-luminario-led-de-110-v-ca-50-60-hz-4500-lm-6500-4-000-2-700-k-3-tonos-de-luz-3-velocidades-dimeable\/","og_locale":"es_MX","og_type":"article","og_title":"Ventilador de Techo con Luminario LED de 110 V CA 50\/60 Hz \/ 4500 Lm \/ 6500 - 4 000 - 2 700 K \/ 3 Tonos de Luz \/ 3 Velocidades \/ Dimeable. - Instalaci\u00f3n de C\u00e1maras de Seguridad en Pachuca","og_description":"Ventilador de Techo con Luminario LED de 110 V CA 50\/60 Hz \/ 4500 Lm \/ 6500 - 4 000 - 2 700 K \/ 3 Tonos de Luz \/ 3 Velocidades \/ Dimeable.","og_url":"https:\/\/soydeaqui.ddns.net\/pachuca\/index.php\/producto\/ventilador-de-techo-con-luminario-led-de-110-v-ca-50-60-hz-4500-lm-6500-4-000-2-700-k-3-tonos-de-luz-3-velocidades-dimeable\/","og_site_name":"Instalaci\u00f3n de C\u00e1maras de Seguridad en Pachuca","article_modified_time":"2026-03-18T19:02:36+00:00","og_image":[{"width":1000,"height":1000,"url":"https:\/\/soydeaqui.ddns.net\/pachuca\/wp-content\/uploads\/2026\/03\/JLV021-l.png","type":"image\/png"}],"twitter_card":"summary_large_image","twitter_misc":{"Tiempo de lectura":"1 minuto"},"schema":{"@context":"https:\/\/schema.org","@graph":[{"@type":"WebPage","@id":"https:\/\/soydeaqui.ddns.net\/pachuca\/index.php\/producto\/ventilador-de-techo-con-luminario-led-de-110-v-ca-50-60-hz-4500-lm-6500-4-000-2-700-k-3-tonos-de-luz-3-velocidades-dimeable\/","url":"https:\/\/soydeaqui.ddns.net\/pachuca\/index.php\/producto\/ventilador-de-techo-con-luminario-led-de-110-v-ca-50-60-hz-4500-lm-6500-4-000-2-700-k-3-tonos-de-luz-3-velocidades-dimeable\/","name":"Ventilador de Techo con Luminario LED de 110 V CA 50\/60 Hz \/ 4500 Lm \/ 6500 - 4 000 - 2 700 K \/ 3 Tonos de Luz \/ 3 Velocidades \/ Dimeable. - Instalaci\u00f3n de C\u00e1maras de Seguridad en Pachuca","isPartOf":{"@id":"https:\/\/soydeaqui.ddns.net\/pachuca\/#website"},"primaryImageOfPage":{"@id":"https:\/\/soydeaqui.ddns.net\/pachuca\/index.php\/producto\/ventilador-de-techo-con-luminario-led-de-110-v-ca-50-60-hz-4500-lm-6500-4-000-2-700-k-3-tonos-de-luz-3-velocidades-dimeable\/#primaryimage"},"image":{"@id":"https:\/\/soydeaqui.ddns.net\/pachuca\/index.php\/producto\/ventilador-de-techo-con-luminario-led-de-110-v-ca-50-60-hz-4500-lm-6500-4-000-2-700-k-3-tonos-de-luz-3-velocidades-dimeable\/#primaryimage"},"thumbnailUrl":"https:\/\/soydeaqui.ddns.net\/pachuca\/wp-content\/uploads\/2026\/03\/JLV021-l.png","datePublished":"2026-03-18T19:02:35+00:00","dateModified":"2026-03-18T19:02:36+00:00","breadcrumb":{"@id":"https:\/\/soydeaqui.ddns.net\/pachuca\/index.php\/producto\/ventilador-de-techo-con-luminario-led-de-110-v-ca-50-60-hz-4500-lm-6500-4-000-2-700-k-3-tonos-de-luz-3-velocidades-dimeable\/#breadcrumb"},"inLanguage":"es","potentialAction":[{"@type":"ReadAction","target":["https:\/\/soydeaqui.ddns.net\/pachuca\/index.php\/producto\/ventilador-de-techo-con-luminario-led-de-110-v-ca-50-60-hz-4500-lm-6500-4-000-2-700-k-3-tonos-de-luz-3-velocidades-dimeable\/"]}]},{"@type":"ImageObject","inLanguage":"es","@id":"https:\/\/soydeaqui.ddns.net\/pachuca\/index.php\/producto\/ventilador-de-techo-con-luminario-led-de-110-v-ca-50-60-hz-4500-lm-6500-4-000-2-700-k-3-tonos-de-luz-3-velocidades-dimeable\/#primaryimage","url":"https:\/\/soydeaqui.ddns.net\/pachuca\/wp-content\/uploads\/2026\/03\/JLV021-l.png","contentUrl":"https:\/\/soydeaqui.ddns.net\/pachuca\/wp-content\/uploads\/2026\/03\/JLV021-l.png","width":1000,"height":1000},{"@type":"BreadcrumbList","@id":"https:\/\/soydeaqui.ddns.net\/pachuca\/index.php\/producto\/ventilador-de-techo-con-luminario-led-de-110-v-ca-50-60-hz-4500-lm-6500-4-000-2-700-k-3-tonos-de-luz-3-velocidades-dimeable\/#breadcrumb","itemListElement":[{"@type":"ListItem","position":1,"name":"Inicio","item":"https:\/\/soydeaqui.ddns.net\/pachuca\/"},{"@type":"ListItem","position":2,"name":"Shop","item":"https:\/\/soydeaqui.ddns.net\/pachuca\/index.php\/shop\/"},{"@type":"ListItem","position":3,"name":"Ventilador de Techo con Luminario LED de 110 V CA 50\/60 Hz \/ 4500 Lm \/ 6500 &#8211; 4 000 &#8211; 2 700 K \/ 3 Tonos de Luz \/ 3 Velocidades \/ Dimeable."}]},{"@type":"WebSite","@id":"https:\/\/soydeaqui.ddns.net\/pachuca\/#website","url":"https:\/\/soydeaqui.ddns.net\/pachuca\/","name":"Instalaci\u00f3n de C\u00e1maras de Seguridad en Pachuca","description":"Instalaci\u00f3n de CCTV en Pachuca","potentialAction":[{"@type":"SearchAction","target":{"@type":"EntryPoint","urlTemplate":"https:\/\/soydeaqui.ddns.net\/pachuca\/?s={search_term_string}"},"query-input":{"@type":"PropertyValueSpecification","valueRequired":true,"valueName":"search_term_string"}}],"inLanguage":"es"}]}},"_links":{"self":[{"href":"https:\/\/soydeaqui.ddns.net\/pachuca\/index.php\/wp-json\/wp\/v2\/product\/43184","targetHints":{"allow":["GET"]}}],"collection":[{"href":"https:\/\/soydeaqui.ddns.net\/pachuca\/index.php\/wp-json\/wp\/v2\/product"}],"about":[{"href":"https:\/\/soydeaqui.ddns.net\/pachuca\/index.php\/wp-json\/wp\/v2\/types\/product"}],"replies":[{"embeddable":true,"href":"https:\/\/soydeaqui.ddns.net\/pachuca\/index.php\/wp-json\/wp\/v2\/comments?post=43184"}],"wp:featuredmedia":[{"embeddable":true,"href":"https:\/\/soydeaqui.ddns.net\/pachuca\/index.php\/wp-json\/wp\/v2\/media\/43183"}],"wp:attachment":[{"href":"https:\/\/soydeaqui.ddns.net\/pachuca\/index.php\/wp-json\/wp\/v2\/media?parent=43184"}],"wp:term":[{"taxonomy":"product_brand","embeddable":true,"href":"https:\/\/soydeaqui.ddns.net\/pachuca\/index.php\/wp-json\/wp\/v2\/product_brand?post=43184"},{"taxonomy":"product_cat","embeddable":true,"href":"https:\/\/soydeaqui.ddns.net\/pachuca\/index.php\/wp-json\/wp\/v2\/product_cat?post=43184"},{"taxonomy":"product_tag","embeddable":true,"href":"https:\/\/soydeaqui.ddns.net\/pachuca\/index.php\/wp-json\/wp\/v2\/product_tag?post=43184"}],"curies":[{"name":"wp","href":"https:\/\/api.w.org\/{rel}","templated":true}]}}