{"id":43182,"date":"2026-03-18T19:02:33","date_gmt":"2026-03-18T19:02:33","guid":{"rendered":"https:\/\/soydeaqui.ddns.net\/pachuca\/index.php\/producto\/transformador-bipartido-flexible-con-relacion-de-100-5-a\/"},"modified":"2026-03-18T19:02:33","modified_gmt":"2026-03-18T19:02:33","slug":"transformador-bipartido-flexible-con-relacion-de-100-5-a","status":"publish","type":"product","link":"https:\/\/soydeaqui.ddns.net\/pachuca\/index.php\/producto\/transformador-bipartido-flexible-con-relacion-de-100-5-a\/","title":{"rendered":"Transformador bipartido flexible con relaci\u00f3n de 100\/5 A"},"content":{"rendered":"<div style='width: 100%; max-width: 1200px; margin: 0 auto; font-family: sans-serif; line-height: 1.6; color: inherit; background-color: transparent;'>\n<div style='display: flex; flex-wrap: wrap; gap: 30px; margin-bottom: 30px;'>\n<div style='flex: 1 1 300px; min-width: 280px;'>\n<h3 style='font-size: 22px; border-bottom: 2px solid currentColor; padding-bottom: 5px; margin-top: 0; color: inherit; opacity: 0.8;'>Descripci\u00f3n<\/h3>\n<p style='margin: 15px 0; font-size: 15px; color: inherit;'>El transformador bipartido flexible con una relaci\u00f3n de 100\/5 A es una soluci\u00f3n eficiente y vers\u00e1til para tus necesidades de transformaci\u00f3n de corriente en sistemas de medici\u00f3n y control.<\/p>\n<\/p><\/div>\n<\/p><\/div>\n<div style='display: flex; flex-wrap: wrap; gap: 20px; margin-bottom: 30px;'>\n<div style='flex: 1 1 250px; border: 1px solid rgba(150&comma; 150&comma; 150&comma; 0.4); border-radius: 8px; overflow: hidden; display: flex; flex-direction: column;'>\n<div style='padding: 15px; border-bottom: 1px solid rgba(150&comma; 150&comma; 150&comma; 0.2); font-weight: bold; font-size: 18px; color: inherit;'>Caracter\u00edsticas<\/div>\n<div style='padding: 15px; color: inherit;'>\n<ul style='padding-left: 20px; margin: 0; font-size: 14px; list-style-type: disc;'>\n<li style='margin-bottom: 5px; color: inherit;'>Aislamiento para 600 V (uso interior).<\/li>\n<li style='margin-bottom: 5px; color: inherit;'>Para operar en 50-60 Hz.<\/li>\n<li style='margin-bottom: 5px; color: inherit;'>N\u00facleo flexible&comma; apertura hasta 90% de su di\u00e1metro.<\/li>\n<\/ul><\/div>\n<\/p><\/div>\n<\/p><\/div>\n<div style='display: flex; flex-wrap: wrap; gap: 30px; margin-bottom: 30px;'>\n<div style='flex: 1 1 300px; min-width: 280px;'> <img style='width: 100%; height: auto; border: 1px solid rgba(150&comma;150&comma;150&comma;0.3); border-radius: 8px;' src='data:image\/png;base64&comma;iVBORw0KGgoAAAANSUhEUgAAASsAAABbCAYAAAAr8aPBAAAQ9UlEQVR4Ae2czesdVxnHu1H\/AXVboXVX33WjWAS7qBARbKlIwYWtKMVValuLqCTdFLXEZOFrURrUKnWT+gIVU1otpGZjiCTZSdtkn4QuXLgY+Yx8L0+enrl37pm5M3d+\/T4wOTNnztt8Z+bze54z5+aWxmYFrIAVKAQ3b95sLl++3Fy+fLm5evVq89prrzVXr15tXn311ebKlSvNpUuXmkuXLjVXr15tXn\/99eb1119vLl682Jw\/f765dOnS6DdFf7y2vB68V7zPvOe898gA148\/\/viu348194V36vz588358+fb39P58+eb119\/vbl48WJz6dKl5tKlS83Fixeb1157rbl48WJz8eLF5vz58825c+eac+fONefPn28uX77cXL16tXn99deb1157rXnttdfay2fPnm0uX77cXL58uTl\/\/nxz\/vz55vz58+3fz+XLl5vLly+318X58+eb8+fPt9cB2eJ6cJ3Onj3b8P5yX86ePdv885\/\/bP71r381\/\/jHP5p\/\/etfzX\/\/+992P39f+PvC3xf+vvD3hb8v\/H3h7wt\/X\/j7wt8X\/r7w94W\/L\/x94e8Lf1\/4+8LfF\/6+8PeFvy\/8feHvC39f+PvC3xf+vvD3hb8v\/H3h74u9+L8hj81j89g8No\/NY\/PY\/6fH\/g85a2K997562QAAAABJRU5ErkJggg==' alt=''><\/div>\n<\/p><\/div>\n<\/p><\/div>\n","protected":false},"excerpt":{"rendered":"<p>Transformador bipartido flexible con relaci\u00f3n de 100\/5 A<\/p>\n","protected":false},"featured_media":43181,"comment_status":"open","ping_status":"closed","template":"","meta":[],"product_brand":[],"product_cat":[1087],"product_tag":[1089,1088,635],"class_list":{"0":"post-43182","1":"product","2":"type-product","3":"status-publish","4":"has-post-thumbnail","6":"product_cat-banco-de-capacitores","7":"product_tag-banco-de-capacitores","8":"product_tag-calidad-de-la-energia","9":"product_tag-total-ground","11":"first","12":"outofstock","13":"sale","14":"shipping-taxable","15":"purchasable","16":"product-type-simple"},"_links":{"self":[{"href":"https:\/\/soydeaqui.ddns.net\/pachuca\/index.php\/wp-json\/wp\/v2\/product\/43182","targetHints":{"allow":["GET"]}}],"collection":[{"href":"https:\/\/soydeaqui.ddns.net\/pachuca\/index.php\/wp-json\/wp\/v2\/product"}],"about":[{"href":"https:\/\/soydeaqui.ddns.net\/pachuca\/index.php\/wp-json\/wp\/v2\/types\/product"}],"replies":[{"embeddable":true,"href":"https:\/\/soydeaqui.ddns.net\/pachuca\/index.php\/wp-json\/wp\/v2\/comments?post=43182"}],"wp:featuredmedia":[{"embeddable":true,"href":"https:\/\/soydeaqui.ddns.net\/pachuca\/index.php\/wp-json\/wp\/v2\/media\/43181"}],"wp:attachment":[{"href":"https:\/\/soydeaqui.ddns.net\/pachuca\/index.php\/wp-json\/wp\/v2\/media?parent=43182"}],"wp:term":[{"taxonomy":"product_brand","embeddable":true,"href":"https:\/\/soydeaqui.ddns.net\/pachuca\/index.php\/wp-json\/wp\/v2\/product_brand?post=43182"},{"taxonomy":"product_cat","embeddable":true,"href":"https:\/\/soydeaqui.ddns.net\/pachuca\/index.php\/wp-json\/wp\/v2\/product_cat?post=43182"},{"taxonomy":"product_tag","embeddable":true,"href":"https:\/\/soydeaqui.ddns.net\/pachuca\/index.php\/wp-json\/wp\/v2\/product_tag?post=43182"}],"curies":[{"name":"wp","href":"https:\/\/api.w.org\/{rel}","templated":true}]}}