{"id":43178,"date":"2026-03-18T19:02:27","date_gmt":"2026-03-18T19:02:27","guid":{"rendered":"https:\/\/soydeaqui.ddns.net\/pachuca\/index.php\/producto\/medidor-multifuncional-de-parametros-electricos-con-lorawan-sin-gabinete\/"},"modified":"2026-03-18T19:02:28","modified_gmt":"2026-03-18T19:02:28","slug":"medidor-multifuncional-de-parametros-electricos-con-lorawan-sin-gabinete","status":"publish","type":"product","link":"https:\/\/soydeaqui.ddns.net\/pachuca\/index.php\/producto\/medidor-multifuncional-de-parametros-electricos-con-lorawan-sin-gabinete\/","title":{"rendered":"Medidor Multifuncional de Par\u00e1metros El\u00e9ctricos con LoRaWAN Sin Gabinete"},"content":{"rendered":"<div style='width: 100%; max-width: 1200px; margin: 0 auto; font-family: sans-serif; line-height: 1.6; color: inherit; background-color: transparent;'>\n<div style='display: flex; flex-wrap: wrap; gap: 30px; margin-bottom: 30px;'>\n<div style='flex: 1 1 300px; min-width: 280px;'>\n<h3 style='font-size: 22px; border-bottom: 2px solid currentColor; padding-bottom: 5px; margin-top: 0; color: inherit; opacity: 0.8;'>Descripci\u00f3n<\/h3>\n<ul style='padding-left: 20px; font-size: 15px; color: inherit;'>\n<li style='margin-bottom: 5px;'>Medidor multifuncional de par\u00e1metros el\u00e9ctricos<\/li>\n<li style='margin-bottom: 5px;'>Permite visualizar y monitorear valores instant\u00e1neos en tiempo real de su sistema de distribuci\u00f3n el\u00e9ctrica<\/li>\n<li style='margin-bottom: 5px;'>Visualizaci\u00f3n desde dispositivo m\u00f3vil o computadora a trav\u00e9s de aplicaci\u00f3n TG-ONE (incluye licencia por 12 meses)<\/li>\n<\/ul><\/div>\n<div style='flex: 1 1 300px; min-width: 280px;'>\n<h3 style='font-size: 22px; border-bottom: 2px solid currentColor; padding-bottom: 5px; margin-top: 0; color: inherit; opacity: 0.8;'>Caracter\u00edsticas<\/h3>\n<ul style='padding-left: 20px; font-size: 15px; color: inherit;'>\n<li style='margin-bottom: 5px;'>Manipulado con protocolo LoRaWAN&comma; clase C<\/li>\n<li style='margin-bottom: 5px;'>Medici\u00f3n de par\u00e1metros el\u00e9ctricos y monitoreo en tiempo real conectado a TGONE<\/li>\n<li style='margin-bottom: 5px;'>Integrado con tecnolog\u00eda LPWAN<\/li>\n<li style='margin-bottom: 5px;'>Puerto de comunicaci\u00f3n RS-485 con protocolo Modbus RTU<\/li>\n<li style='margin-bottom: 5px;'>Recopilaci\u00f3n de datos para instalaciones el\u00e9ctricas<\/li>\n<li style='margin-bottom: 5px;'>Cuantifica el consumo el\u00e9ctrico de procesos de l\u00ednea de producci\u00f3n&comma; iluminaci\u00f3n&comma; oficinas&comma; aire acondicionado&comma; cuarto de telecomunicaciones&comma; etc.<\/li>\n<\/ul><\/div>\n<div style='flex: 1 1 300px; min-width: 280px;'>\n<h3 style='font-size: 22px; border-bottom: 2px solid currentColor; padding-bottom: 5px; margin-top: 0; color: inherit; opacity: 0.8;'>Propiedades de conectividad<\/h3>\n<ul style='padding-left: 20px; font-size: 15px; color: inherit;'>\n<li style='margin-bottom: 5px;'>TGONE es una plataforma de CMMS que monitorea y almacena informaci\u00f3n recolectada de sensores<\/li>\n<li style='margin-bottom: 5px;'>LoRa (longe range) tecnolog\u00eda de radiofrecuencia inal\u00e1mbrica digital<\/li>\n<li style='margin-bottom: 5px;'>Protocolo LoRaWAN asegura comunicaci\u00f3n por enlaces de largo alcance<\/li>\n<li style='margin-bottom: 5px;'>Conexi\u00f3n en forma de estrella con nodos comunic\u00e1ndose directamente con estaci\u00f3n base<\/li>\n<\/ul><\/div>\n<\/p><\/div>\n<div style='display: flex; flex-wrap: wrap; gap: 20px; margin-bottom: 30px;'>\n<div style='flex: 1 1 250px; border: 1px solid rgba(150&comma; 150&comma; 150&comma; 0.4); border-radius: 8px; overflow: hidden; display: flex; flex-direction: column;'>\n<div style='padding: 15px; border-bottom: 1px solid rgba(150&comma; 150&comma; 150&comma; 0.2); font-weight: bold; font-size: 18px; color: inherit;'>Par\u00e1metros el\u00e9ctricos<\/div>\n<div style='padding: 15px; color: inherit;'>\n<ul style='padding-left: 20px; margin: 0; font-size: 14px; list-style-type: disc;'>\n<li style='margin-bottom: 5px;'>Factor de potencia<\/li>\n<li style='margin-bottom: 5px;'>Distorsi\u00f3n arm\u00f3nica (THD)<\/li>\n<li style='margin-bottom: 5px;'>Tensi\u00f3n y corriente eficaz (True RMS)<\/li>\n<li style='margin-bottom: 5px;'>Potencia activa&comma; reactiva y aparente<\/li>\n<li style='margin-bottom: 5px;'>Pr\u00e1cticamente todos los par\u00e1metros el\u00e9ctricos<\/li>\n<\/ul><\/div>\n<\/p><\/div>\n<div style='flex: 1 1 250px; border: 1px solid rgba(150&comma; 150&comma; 150&comma; 0.4); border-radius: 8px; overflow: hidden; display: flex; flex-direction: column;'>\n<div style='padding: 15px; border-bottom: 1px solid rgba(150&comma; 150&comma; 150&comma; 0.2); font-weight: bold; font-size: 18px; color: inherit;'>Accesorios complementarios<\/div>\n<div style='padding: 15px; color: inherit;'>\n<ul style='padding-left: 20px; margin: 0; font-size: 14px; list-style-type: disc;'>\n<li style='margin-bottom: 5px;'><a style='color: #2880b9;' href='https:\/\/www.syscom.mx\/principal\/searchcont?route=UG65915EA-MILESIGHT-217696&#038;autodetect=UG65915EA'>UG65915EA<\/a> &#8211; Gateway LoRaWAN para interior&comma; de largo alcance<\/li>\n<li style='margin-bottom: 5px;'><a style='color: #2880b9;' href='https:\/\/www.syscom.mx\/principal\/searchcont?route=UG67915M-MILESIGHT-217695&#038;autodetect=UG65915EA'>UG67915M<\/a> &#8211; Gateway LoRaWAN para exterior&comma; de largo alcance<\/li>\n<li style='margin-bottom: 5px;'><a style='color: #2880b9;' href='https:\/\/www.syscom.mx\/principal\/searchcont?route=TG-TBF-100-5-TOTAL-GROUND-231718&#038;autodetect=tg_tran'>TG-TBF-100-5<\/a> &#8211; Transformador bipartido flexible con relaci\u00f3n de 100\/5 A<\/li>\n<li style='margin-bottom: 5px;'><a style='color: #2880b9;' href='https:\/\/www.syscom.mx\/principal\/searchcont?route=TG-TBF-400-5-TOTAL-GROUND-231720&#038;autodetect=tg_tran'>TG-TBF-400-5<\/a> &#8211; Transformador bipartido flexible con relaci\u00f3n de 400\/5 A<\/li>\n<\/ul><\/div>\n<\/p><\/div>\n<\/p><\/div>\n<div style='display: flex; flex-wrap: wrap; gap: 30px; margin-bottom: 30px;'>\n<div style='flex: 1 1 100%; max-width: 500px; margin: 0 auto;'> <img style='width: 100%; height: auto; border: 1px solid rgba(150&comma;150&comma;150&comma;0.3); border-radius: 8px;' src='https:\/\/ftp3.syscom.mx\/usuarios\/fotos\/TOV452LRWCG\/228864-med1.jpg' alt=''> <\/div>\n<div style='flex: 1 1 100%; max-width: 500px; margin: 0 auto;'> <img style='width: 100%; height: auto; border: 1px solid rgba(150&comma;150&comma;150&comma;0.3); border-radius: 8px;' src='https:\/\/ftp3.syscom.mx\/usuarios\/fotos\/TOV452G\/170068-tem2.jpg' alt=''> <\/div>\n<\/p><\/div>\n<div style='display: flex; flex-wrap: wrap; gap: 20px; margin-bottom: 30px;'>\n<div style='flex: 1 1 250px; border: 1px solid rgba(150&comma; 150&comma; 150&comma; 0.4); border-radius: 8px; overflow: hidden; display: flex; flex-direction: column;'>\n<div style='padding: 15px; border-bottom: 1px solid rgba(150&comma; 150&comma; 150&comma; 0.2); font-weight: bold; font-size: 18px; color: inherit;'>Advertencia<\/div>\n<div style='padding: 15px; color: inherit;'>\n<p style='font-size: 14px; margin: 0;'>*Requiere estudio y accesorios adicionales para su instalaci\u00f3n.<\/p>\n<p style='font-size: 14px; margin: 0;'>*No incluye gabinete<\/p>\n<\/p><\/div>\n<\/p><\/div>\n<\/p><\/div>\n<\/p><\/div>\n","protected":false},"excerpt":{"rendered":"<p>Medidor Multifuncional de Par\u00e1metros El\u00e9ctricos con LoRaWAN Sin Gabinete<\/p>\n","protected":false},"featured_media":43177,"comment_status":"open","ping_status":"closed","template":"","meta":[],"product_brand":[],"product_cat":[1090],"product_tag":[1091,1088,635],"class_list":{"0":"post-43178","1":"product","2":"type-product","3":"status-publish","4":"has-post-thumbnail","6":"product_cat-accesorios-para-tierra-fisica","7":"product_tag-accesorios-para-tierra-fisica","8":"product_tag-calidad-de-la-energia","9":"product_tag-total-ground","11":"first","12":"outofstock","13":"sale","14":"shipping-taxable","15":"purchasable","16":"product-type-simple"},"_links":{"self":[{"href":"https:\/\/soydeaqui.ddns.net\/pachuca\/index.php\/wp-json\/wp\/v2\/product\/43178","targetHints":{"allow":["GET"]}}],"collection":[{"href":"https:\/\/soydeaqui.ddns.net\/pachuca\/index.php\/wp-json\/wp\/v2\/product"}],"about":[{"href":"https:\/\/soydeaqui.ddns.net\/pachuca\/index.php\/wp-json\/wp\/v2\/types\/product"}],"replies":[{"embeddable":true,"href":"https:\/\/soydeaqui.ddns.net\/pachuca\/index.php\/wp-json\/wp\/v2\/comments?post=43178"}],"wp:featuredmedia":[{"embeddable":true,"href":"https:\/\/soydeaqui.ddns.net\/pachuca\/index.php\/wp-json\/wp\/v2\/media\/43177"}],"wp:attachment":[{"href":"https:\/\/soydeaqui.ddns.net\/pachuca\/index.php\/wp-json\/wp\/v2\/media?parent=43178"}],"wp:term":[{"taxonomy":"product_brand","embeddable":true,"href":"https:\/\/soydeaqui.ddns.net\/pachuca\/index.php\/wp-json\/wp\/v2\/product_brand?post=43178"},{"taxonomy":"product_cat","embeddable":true,"href":"https:\/\/soydeaqui.ddns.net\/pachuca\/index.php\/wp-json\/wp\/v2\/product_cat?post=43178"},{"taxonomy":"product_tag","embeddable":true,"href":"https:\/\/soydeaqui.ddns.net\/pachuca\/index.php\/wp-json\/wp\/v2\/product_tag?post=43178"}],"curies":[{"name":"wp","href":"https:\/\/api.w.org\/{rel}","templated":true}]}}