{"id":43172,"date":"2026-03-18T19:02:20","date_gmt":"2026-03-18T19:02:20","guid":{"rendered":"https:\/\/soydeaqui.ddns.net\/pachuca\/index.php\/producto\/luz-de-trabajo-inalambrica-utiliza-batria-xgt-de-40v-o-lxt-litioion-de-18v\/"},"modified":"2026-03-18T19:02:22","modified_gmt":"2026-03-18T19:02:22","slug":"luz-de-trabajo-inalambrica-utiliza-batria-xgt-de-40v-o-lxt-litioion-de-18v","status":"publish","type":"product","link":"https:\/\/soydeaqui.ddns.net\/pachuca\/index.php\/producto\/luz-de-trabajo-inalambrica-utiliza-batria-xgt-de-40v-o-lxt-litioion-de-18v\/","title":{"rendered":"Luz de Trabajo Inal\u00e1mbrica Utiliza Batria XGT\u00ae de 40V o LXT\u00ae Litio???Ion de 18V."},"content":{"rendered":"<div style='width: 100%; max-width: 1200px; margin: 0 auto; font-family: sans-serif; line-height: 1.6; color: inherit; background-color: transparent;'>\n<div style='display: flex; flex-wrap: wrap; gap: 30px; margin-bottom: 30px;'>\n<div style='flex: 1 1 300px; min-width: 280px;'>\n<h3 style='font-size: 22px; border-bottom: 2px solid currentColor; padding-bottom: 5px; margin-top: 0; color: inherit; opacity: 0.8;'>Descripci\u00f3n<\/h3>\n<p style='font-size: 15px; color: inherit; margin-bottom: 15px;'>La Luz de Trabajo Inal\u00e1mbrica XGT\u00ae de 40V max (ML005G) entrega iluminaci\u00f3n brillante&comma; versatilidad y conveniencia. La ML005G tiene tres modos de operaci\u00f3n que entregan 3&comma;600 l\u00famenes en modo Alto&comma; 1&comma;800 l\u00famenes en media y 900 l\u00famenes en modo Bajo.<\/p>\n<p style='font-size: 15px; color: inherit; margin-bottom: 15px;'>La bater\u00eda XGT\u00ae de 40V max de Makita\u00ae de carga r\u00e1pida entrega hasta 10 horas de iluminaci\u00f3n continua en modo Reflector (al usar una bater\u00eda XGT\u00ae de 40V max 4.0Ah&comma; se vende por separado). Las luces L.E.D. iluminan de manera efectiva el \u00e1rea de trabajo sin el alto calor de los hal\u00f3genos. La Luz de Trabajo se puede montar en un tripi\u00e9 para luz de manera individual o con dos luces de trabajo (no incluye el tripi\u00e9).<\/p>\n<p style='font-size: 15px; color: inherit; margin-bottom: 15px;'>Caracter\u00edsticas de conveniencia incluyen una construcci\u00f3n resistente al agua y polvo (clasificado IP65) para operaci\u00f3n mejorada en sitios de trabajo con condiciones extremas&comma; perillas f\u00e1cilmente ajustables que permiten al usuario dirigir la luz al \u00e1ngulo deseado y un mango de transporte que se puede plegar. Presenta un dise\u00f1o compacto y liviano con s\u00f3lo 11-5\/8&#8242; de alto y 12.50 lbs. con una bater\u00eda BL4040 (no incluye bater\u00eda).<\/p>\n<p style='font-size: 15px; color: inherit; margin-bottom: 15px;'>XGT\u00ae es un sistema de equipo&comma; herramientas&comma; bater\u00edas y cargadores que utilizan bater\u00edas Litio-Ion de 40V max. XGT tiene la ingenier\u00eda para aplicaciones de alta demanda&comma; y permite a los usuarios hacer una transici\u00f3n completa a un sitio de trabajo completamente inal\u00e1mbrico. XGT est\u00e1 equipado con ingenier\u00eda de motor&comma; comunicaci\u00f3n digital inteligente y caracter\u00edsticas de resistencia superior para dominar&comma; ser m\u00e1s inteligente y m\u00e1s duradero que la competencia.<\/p>\n<\/p><\/div>\n<\/p><\/div>\n<div style='display: flex; flex-wrap: wrap; gap: 30px; margin-bottom: 30px;'>\n<div style='flex: 1 1 300px; min-width: 280px;'>\n<h3 style='font-size: 22px; border-bottom: 2px solid currentColor; padding-bottom: 5px; margin-top: 0; color: inherit; opacity: 0.8;'>Caracter\u00edsticas<\/h3>\n<ul style='padding-left: 20px; font-size: 15px; color: inherit;'>\n<li style='margin-bottom: 5px;'>3 modos de operaci\u00f3n: entrega hasta 3&comma;600 l\u00famenes en Alto&comma; 1&comma;800 l\u00famenes en media y 900 l\u00famenes en bajo<\/li>\n<li style='margin-bottom: 5px;'>Hasta 3.5 horas de iluminaci\u00f3n continua con una bater\u00eda XGT\u00ae de 40V max 4.0Ah en alto (no incluye bater\u00eda ni cargador)<\/li>\n<li style='margin-bottom: 5px;'>Hasta 15 horas de iluminaci\u00f3n continua con una bater\u00eda XGT\u00ae de 40V max 4.0Ah en bajo (no incluye bater\u00eda ni cargador)<\/li>\n<li style='margin-bottom: 5px;'>Construcci\u00f3n resistente contra polvo y agua (clasificado IP65) para operar en condiciones severas<\/li>\n<li style='margin-bottom: 5px;'>Las luces L.E.D. iluminan efectivamente el \u00e1rea de trabajo sin el calor de los hal\u00f3genos<\/li>\n<li style='margin-bottom: 5px;'>Las perillas ajustables permiten al usuario dirigir la fuente de luz al \u00e1ngulo deseado<\/li>\n<li style='margin-bottom: 5px;'><strong>Operaci\u00f3n con bater\u00eda; compatible con las bater\u00edas XGT\u00ae de 40V max o LXT\u00ae de 18V (no incluye bater\u00eda)<\/strong><\/li>\n<li style='margin-bottom: 5px;'>La energ\u00eda de respaldo es proporcionada con una bater\u00eda LXT\u00ae de 18V y mantiene la fuente de luz encendida cuando la bater\u00eda XGT\u00ae de 40V max est\u00e1 agotada (se debe instalar la bater\u00eda cargada)<\/li>\n<li style='margin-bottom: 5px;'>Mango de transporte conveniente se dobla para conveniencia<\/li>\n<li style='margin-bottom: 5px;'>Dise\u00f1o compacto con s\u00f3lo 11-5\/8&#8242; de alto<\/li>\n<\/ul><\/div>\n<\/p><\/div>\n<div style='display: flex; flex-wrap: wrap; gap: 20px; margin-bottom: 30px;'>\n<div style='flex: 1 1 250px; border: 1px solid rgba(150&comma; 150&comma; 150&comma; 0.4); border-radius: 8px; overflow: hidden; display: flex; flex-direction: column;'>\n<div style='padding: 15px; border-bottom: 1px solid rgba(150&comma; 150&comma; 150&comma; 0.2); font-weight: bold; font-size: 18px; color: inherit;'>Especificaciones<\/div>\n<div style='padding: 15px; color: inherit;'>\n<ul style='padding-left: 20px; margin: 0; font-size: 14px; list-style-type: disc;'>\n<li style='margin-bottom: 5px;'><strong>Tiempo de ejecuci\u00f3n (Alta\/medio\/Baja):<\/strong> 3.5 \/ 7.5 \/ 15 hrs<\/li>\n<li style='margin-bottom: 5px;'><strong>Bater\u00eda:<\/strong> 40V max XGT\u00ae Lithium-Ion<\/li>\n<li style='margin-bottom: 5px;'><strong>L\u00famenes (Alta\/medio\/Baja):<\/strong> 3&comma;600 \/ 1&comma;800 \/ 900 lm<\/li>\n<li style='margin-bottom: 5px;'><strong>Voltaje:<\/strong> 40V<\/li>\n<li style='margin-bottom: 5px;'><strong>Adaptador de CA Incluido:<\/strong> S\u00ed<\/li>\n<li style='margin-bottom: 5px;'><strong>Se Adapta al Tr\u00edpode:<\/strong> S\u00ed<\/li>\n<li style='margin-bottom: 5px;'><strong>Uso Continuo (m\u00e1x. en horas):<\/strong> 15 hr.<\/li>\n<li style='margin-bottom: 5px;'><strong>Dimensiones (LxAxA):<\/strong> 9-3\/4&#8242; x 12-1\/8&#8242; x 16-5\/8&#8242;<\/li>\n<\/ul><\/div>\n<\/p><\/div>\n<div style='flex: 1 1 250px; border: 1px solid rgba(150&comma; 150&comma; 150&comma; 0.4); border-radius: 8px; overflow: hidden; display: flex; flex-direction: column;'>\n<div style='padding: 15px; border-bottom: 1px solid rgba(150&comma; 150&comma; 150&comma; 0.2); font-weight: bold; font-size: 18px; color: inherit;'>Detalles<\/div>\n<div style='padding: 15px; color: inherit;'>\n<ul style='padding-left: 20px; margin: 0; font-size: 14px; list-style-type: disc;'>\n<li style='margin-bottom: 5px;'><strong>Dimensiones Plegadas (LxAxA):<\/strong> 9-3\/4&#8242; x 12-1\/8&#8242; x 11-5\/8&#8242;<\/li>\n<li style='margin-bottom: 5px;'><strong>Peso Neto (con la bater\u00eda&comma; se vende por separado):<\/strong> 12.5 lbs.<\/li>\n<li style='margin-bottom: 5px;'><strong>Cantidad Paquetes en Estante:<\/strong> 0<\/li>\n<li style='margin-bottom: 5px;'><strong>Tipo (Luces para \u00c1rea de Trabajo):<\/strong> Luz de trabajo<\/li>\n<\/ul><\/div>\n<\/p><\/div>\n<\/p><\/div>\n<hr style='border: 0; border-top: 1px solid rgba(150&comma; 150&comma; 150&comma; 0.3); margin: 30px 0;'> <\/div>\n","protected":false},"excerpt":{"rendered":"<p>Luz de Trabajo Inal\u00e1mbrica Utiliza Batria XGT\u00ae de 40V o LXT\u00ae Litio???Ion de 18V.<\/p>\n","protected":false},"featured_media":43171,"comment_status":"open","ping_status":"closed","template":"","meta":[],"product_brand":[],"product_cat":[392],"product_tag":[25,131,252],"class_list":{"0":"post-43172","1":"product","2":"type-product","3":"status-publish","4":"has-post-thumbnail","6":"product_cat-herramientas-electricas-herramientas-deteccion-de-fuego","7":"product_tag-herramientas","8":"product_tag-herramientas-electricas","9":"product_tag-makita","11":"first","12":"instock","13":"sale","14":"shipping-taxable","15":"purchasable","16":"product-type-simple"},"_links":{"self":[{"href":"https:\/\/soydeaqui.ddns.net\/pachuca\/index.php\/wp-json\/wp\/v2\/product\/43172","targetHints":{"allow":["GET"]}}],"collection":[{"href":"https:\/\/soydeaqui.ddns.net\/pachuca\/index.php\/wp-json\/wp\/v2\/product"}],"about":[{"href":"https:\/\/soydeaqui.ddns.net\/pachuca\/index.php\/wp-json\/wp\/v2\/types\/product"}],"replies":[{"embeddable":true,"href":"https:\/\/soydeaqui.ddns.net\/pachuca\/index.php\/wp-json\/wp\/v2\/comments?post=43172"}],"wp:featuredmedia":[{"embeddable":true,"href":"https:\/\/soydeaqui.ddns.net\/pachuca\/index.php\/wp-json\/wp\/v2\/media\/43171"}],"wp:attachment":[{"href":"https:\/\/soydeaqui.ddns.net\/pachuca\/index.php\/wp-json\/wp\/v2\/media?parent=43172"}],"wp:term":[{"taxonomy":"product_brand","embeddable":true,"href":"https:\/\/soydeaqui.ddns.net\/pachuca\/index.php\/wp-json\/wp\/v2\/product_brand?post=43172"},{"taxonomy":"product_cat","embeddable":true,"href":"https:\/\/soydeaqui.ddns.net\/pachuca\/index.php\/wp-json\/wp\/v2\/product_cat?post=43172"},{"taxonomy":"product_tag","embeddable":true,"href":"https:\/\/soydeaqui.ddns.net\/pachuca\/index.php\/wp-json\/wp\/v2\/product_tag?post=43172"}],"curies":[{"name":"wp","href":"https:\/\/api.w.org\/{rel}","templated":true}]}}