{"id":43107,"date":"2026-03-18T19:00:28","date_gmt":"2026-03-18T19:00:28","guid":{"rendered":"https:\/\/soydeaqui.ddns.net\/pachuca\/index.php\/producto\/ecoflow-river-2-pro-estacion-de-energia-portatil-768wh-litio-lfp-4-ac-800w-max-1600w-1-usb-c-100w-3-usb-a-12w-cargador-de-coche-10a-126w-max-conectividad-wifi-y-bluetooth-app-car\/"},"modified":"2026-03-18T19:00:34","modified_gmt":"2026-03-18T19:00:34","slug":"ecoflow-river-2-pro-estacion-de-energia-portatil-768wh-litio-lfp-4-ac-800w-max-1600w-1-usb-c-100w-3-usb-a-12w-cargador-de-coche-10a-126w-max-conectividad-wifi-y-bluetooth-app-car","status":"publish","type":"product","link":"https:\/\/soydeaqui.ddns.net\/pachuca\/index.php\/producto\/ecoflow-river-2-pro-estacion-de-energia-portatil-768wh-litio-lfp-4-ac-800w-max-1600w-1-usb-c-100w-3-usb-a-12w-cargador-de-coche-10a-126w-max-conectividad-wifi-y-bluetooth-app-car\/","title":{"rendered":"EcoFlow River 2 Pro | Estaci\u00f3n de Energ\u00eda Port\u00e1til 768Wh Litio LFP \/ 4 AC 800W (Max. 1600W) \/ 1 USB-C 100W \/ 3 USB -A 12W \/ Cargador de Coche 10A, 126W Max. \/ Conectividad WiFi y Bluetooth (App) \/ Carga Solar 220W Max."},"content":{"rendered":"<div style='width: 100%; max-width: 1200px; margin: 0 auto; font-family: sans-serif&comma; 'Helvetica Neue'&comma; Helvetica&comma; 'Hiragino Sans GB'&comma; 'Hiragino Sans GB W3'&comma; 'Microsoft YaHei'&comma; \u00e5\u00be\u00ae\u00e8\u00bd\u00af\u00e9\u203a\u2026\u00e9\u00bb\u2018&comma; Arial&comma; simsun; line-height: 1.6; color: inherit; background-color: transparent;'> <!-- Contenedor del video --> <\/p>\n<div style='position: relative; padding-bottom: 56.25%; height: 0; overflow: hidden; margin-bottom: 30px;'>   <\/div>\n<p> <!-- Secci\u00f3n de carga r\u00e1pida --> <\/p>\n<div style='display: flex; flex-direction: column; align-items: center; text-align: center; padding: 30px 0; background: black; border: 1px solid rgba(150&comma;150&comma;150&comma;0.3); border-radius: 8px; margin-bottom: 30px;'>\n<p style='font-size: 16.5px; color: white; margin: 0 0 15px 0;'>Carga de 0 a 100 % en solo 1 hora.<\/p>\n<p style='font-size: 45px; color: white; margin: 0 0 20px 0; font-weight: bold;'>Ya no tienes que preocuparte de que baje el nivel de tu bater\u00eda gracias a las velocidades de carga de 0 a 100% m\u00e1s r\u00e1pidas jam\u00e1s vistas.<\/p>\n<\/p><\/div>\n<p> <!-- Comparativa de carga --> <\/p>\n<div style='display: flex; flex-direction: column; gap: 40px;'> <!-- RIVER 2 --> <\/p>\n<div style='display: flex; flex-direction: column; gap: 15px;'>\n<div style='display: flex; align-items: center; justify-content: space-between; position: relative; height: 48px; border-radius: 4px; background: linear-gradient(90deg&comma; #03060b&comma; #17da66 0.01%);'> <span style='position: absolute; top: 50%; transform: translateY(-50%); left: 8px; font-family: sans-serif; font-size: 22px; color: #ffffff;'>RIVER 2<\/span> <span style='position: absolute; top: 50%; transform: translateY(-50%); right: 12px; font-family: sans-serif; font-size: 22px; color: #ffffff;'>1 hora<\/span> <\/div>\n<div style='font-family: sans-serif; font-size: 60px; background: linear-gradient(90deg&comma; #0ee030 1.46%&comma; #21d4a8 95.91%); -webkit-text-fill-color: transparent; background-clip: text; color: transparent;'> 70 % m\u00e1s r\u00e1pido <\/div>\n<div style='font-family: sans-serif; font-size: 22px; color: #ffffff;'>Carga r\u00e1pida<\/div>\n<\/p><\/div>\n<p> <!-- Otras estaciones --> <\/p>\n<div style='display: flex; flex-direction: column; gap: 15px;'>\n<div style='display: flex; align-items: center; position: relative; height: 48px; border-radius: 4px; background: #7e7e7e;'> <span style='position: absolute; top: 50%; transform: translateY(-50%); left: 8px; font-family: sans-serif; font-size: 22px; color: #ffffff;'>Otras estaciones de energ\u00eda port\u00e1tiles<\/span> <span style='position: absolute; top: 50%; transform: translateY(-50%); right: 12px; font-family: sans-serif; font-size: 22px; color: #ffffff;'>3&comma;5 horas<\/span> <\/div>\n<div style='font-family: sans-serif; font-size: 22px; color: #ffffff;'>Carga normal<\/div>\n<\/p><\/div>\n<\/p><\/div>\n<p> <!-- Texto final --> <\/p>\n<p style='margin-top: 30px; font-size: 14px; color: inherit;'> RIVER 2 supera la velocidad promedio de carga en la industria&comma; realizando una carga completa en tan solo 60 minutos*. Es decir&comma; un 70% m\u00e1s r\u00e1pido que otras estaciones de energ\u00eda port\u00e1tiles del mercado y un 38% m\u00e1s r\u00e1pido que las generaciones anteriores. <\/p>\n<\/p><\/div>\n","protected":false},"excerpt":{"rendered":"<p>EcoFlow River 2 Pro | Estaci\u00f3n de Energ\u00eda Port\u00e1til 768Wh Litio LFP \/ 4 AC 800W (Max. 1600W) \/ 1 USB-C 100W \/ 3 USB -A 12W \/ Cargador de Coche 10A, 126W Max. \/ Conectividad WiFi y Bluetooth (App) \/ Carga Solar 220W Max.<\/p>\n","protected":false},"featured_media":43106,"comment_status":"open","ping_status":"closed","template":"","meta":[],"product_brand":[],"product_cat":[1114],"product_tag":[1116,1115,1101],"class_list":{"0":"post-43107","1":"product","2":"type-product","3":"status-publish","4":"has-post-thumbnail","6":"product_cat-estaciones-de-energia-portables","7":"product_tag-ecoflow","8":"product_tag-estaciones-de-energia-portables","9":"product_tag-respaldo-de-energia","11":"first","12":"instock","13":"sale","14":"shipping-taxable","15":"purchasable","16":"product-type-simple"},"_links":{"self":[{"href":"https:\/\/soydeaqui.ddns.net\/pachuca\/index.php\/wp-json\/wp\/v2\/product\/43107","targetHints":{"allow":["GET"]}}],"collection":[{"href":"https:\/\/soydeaqui.ddns.net\/pachuca\/index.php\/wp-json\/wp\/v2\/product"}],"about":[{"href":"https:\/\/soydeaqui.ddns.net\/pachuca\/index.php\/wp-json\/wp\/v2\/types\/product"}],"replies":[{"embeddable":true,"href":"https:\/\/soydeaqui.ddns.net\/pachuca\/index.php\/wp-json\/wp\/v2\/comments?post=43107"}],"wp:featuredmedia":[{"embeddable":true,"href":"https:\/\/soydeaqui.ddns.net\/pachuca\/index.php\/wp-json\/wp\/v2\/media\/43106"}],"wp:attachment":[{"href":"https:\/\/soydeaqui.ddns.net\/pachuca\/index.php\/wp-json\/wp\/v2\/media?parent=43107"}],"wp:term":[{"taxonomy":"product_brand","embeddable":true,"href":"https:\/\/soydeaqui.ddns.net\/pachuca\/index.php\/wp-json\/wp\/v2\/product_brand?post=43107"},{"taxonomy":"product_cat","embeddable":true,"href":"https:\/\/soydeaqui.ddns.net\/pachuca\/index.php\/wp-json\/wp\/v2\/product_cat?post=43107"},{"taxonomy":"product_tag","embeddable":true,"href":"https:\/\/soydeaqui.ddns.net\/pachuca\/index.php\/wp-json\/wp\/v2\/product_tag?post=43107"}],"curies":[{"name":"wp","href":"https:\/\/api.w.org\/{rel}","templated":true}]}}