{"id":43105,"date":"2026-03-18T19:00:26","date_gmt":"2026-03-18T19:00:26","guid":{"rendered":"https:\/\/soydeaqui.ddns.net\/pachuca\/index.php\/producto\/kit-pararrayo-con-accesorios-para-proteccion-de-diametro-de-80-m\/"},"modified":"2026-03-18T19:00:27","modified_gmt":"2026-03-18T19:00:27","slug":"kit-pararrayo-con-accesorios-para-proteccion-de-diametro-de-80-m","status":"publish","type":"product","link":"https:\/\/soydeaqui.ddns.net\/pachuca\/index.php\/producto\/kit-pararrayo-con-accesorios-para-proteccion-de-diametro-de-80-m\/","title":{"rendered":"Kit Pararrayo con Accesorios para Protecci\u00f3n de Di\u00e1metro de 80 m."},"content":{"rendered":"<div style='width: 100%; max-width: 1200px; margin: 0 auto; font-family: sans-serif; line-height: 1.6; color: inherit; background-color: transparent;'> <!-- Imagen principal --> <\/p>\n<div style='margin-bottom: 30px;'> <img style='width: 100%; height: auto; border: 1px solid rgba(150&comma;150&comma;150&comma;0.3); border-radius: 8px;' src='https:\/\/ftp3.syscom.mx\/usuarios\/fotos\/KDALU\/76017-total_ground.jpg' alt=''> <\/div>\n<p> <!-- Descripci\u00f3n principal --> <\/p>\n<div style='margin-bottom: 30px; font-size: 15px;'>\n<p>El sistema de pararrayos KDA-LU es un sistema de protecci\u00f3n contra tormentas el\u00e9ctricas (SPTE). Sirve para interceptar&comma; conducir y disipar la corriente del rayo y de elementos internos mediante uniones&comma; blindaje y puesta a tierra. El objetivo de un SPTE es reducir el riesgo de da\u00f1o tanto para las personas y otros seres vivos&comma; as\u00ed como estructuras&comma; edificios y su contenido.<\/p>\n<p style='color: #c0392b; font-weight: bold; margin: 20px 0 0;'> Ofrece 80m de di\u00e1metro de protecci\u00f3n. <\/p>\n<\/p><\/div>\n<p> <!-- Secci\u00f3n de componentes incluidos --> <\/p>\n<div style='margin-bottom: 30px;'>\n<h3 style='font-size: 22px; border-bottom: 2px solid currentColor; padding-bottom: 5px; margin-top: 0; margin-bottom: 15px; color: inherit; opacity: 0.8;'>Componentes incluidos en el kit<\/h3>\n<div style='display: grid; grid-template-columns: repeat(auto-fill&comma; minmax(250px&comma; 1fr)); gap: 15px;'>\n<div style='border: 1px solid rgba(150&comma; 150&comma; 150&comma; 0.4); border-radius: 8px; padding: 15px;'>\n<div style='font-weight: bold; margin-bottom: 10px;'>1 x KDALU<\/div>\n<div style='font-size: 14px;'>\n<p>Punta pararayos con m\u00e1stil de 1.2m<\/p>\n<p>Electrodo de 100 A <a href='https:\/\/www.syscom.mx\/producto\/TG-100-AB-TOTAL-GROUND-75938.html' target='_blank' rel='noopener' style='color: #2880b9; text-decoration: none;'>TG100AB<\/a><\/p>\n<p>Saco de 11 Kg de mejorador de suelo <a href='https:\/\/www.syscom.mx\/producto\/H2O-HM-TOTAL-GROUND-75920.html' target='_blank' rel='noopener' style='color: #2880b9; text-decoration: none;'>H2OHM<\/a><\/p>\n<\/p><\/div>\n<\/p><\/div>\n<div style='border: 1px solid rgba(150&comma; 150&comma; 150&comma; 0.4); border-radius: 8px; padding: 15px;'>\n<div style='font-weight: bold; margin-bottom: 10px;'>3 x TGCR11<\/div>\n<div style='font-size: 14px;'>\n<p>Conector de Bronce<\/p>\n<\/p><\/div>\n<\/p><\/div>\n<div style='border: 1px solid rgba(150&comma; 150&comma; 150&comma; 0.4); border-radius: 8px; padding: 15px;'>\n<div style='font-weight: bold; margin-bottom: 10px;'>2 x TGAB18<\/div>\n<div style='font-size: 14px;'>\n<p>Conector de varilla<\/p>\n<\/p><\/div>\n<\/p><\/div>\n<div style='border: 1px solid rgba(150&comma; 150&comma; 150&comma; 0.4); border-radius: 8px; padding: 15px;'>\n<div style='font-weight: bold; margin-bottom: 10px;'>1 x ANTIOX<\/div>\n<div style='font-size: 14px;'>\n<p>Spray protector para conectores <a href='https:\/\/www.syscom.mx\/producto\/ANTIOX-TOTAL-GROUND-75931.html' target='_blank' rel='noopener' style='color: #2880b9; text-decoration: none;'>Ver producto<\/a><\/p>\n<\/p><\/div>\n<\/p><\/div>\n<div style='border: 1px solid rgba(150&comma; 150&comma; 150&comma; 0.4); border-radius: 8px; padding: 15px;'>\n<div style='font-weight: bold; margin-bottom: 10px;'>1 x S610<\/div>\n<div style='font-size: 14px;'>\n<p>Registro para electrodo <a href='https:\/\/www.syscom.mx\/producto\/S-610-TOTAL-GROUND-75929.html' target='_blank' rel='noopener' style='color: #2880b9; text-decoration: none;'>Ver producto<\/a><\/p>\n<\/p><\/div>\n<\/p><\/div>\n<div style='border: 1px solid rgba(150&comma; 150&comma; 150&comma; 0.4); border-radius: 8px; padding: 15px;'>\n<div style='font-weight: bold; margin-bottom: 10px;'>1 x BP\/M2<\/div>\n<div style='font-size: 14px;'>\n<p>Base Plana con M\u00e1stil Integrado de 2 m. para Punta Pararrayos <a href='https:\/\/www.syscom.mx\/principal\/searchcont?route=BP\/M2-TOTAL-GROUND-76010&#038;autodetect=bp\/m2' target='_blank' rel='noopener' style='color: #2880b9; text-decoration: none;'>Ver producto<\/a><\/p>\n<\/p><\/div>\n<\/p><\/div>\n<\/p><\/div>\n<\/p><\/div>\n<p> <!-- Accesorios complementarios --> <\/p>\n<div style='margin-bottom: 30px;'>\n<h3 style='font-size: 22px; border-bottom: 2px solid currentColor; padding-bottom: 5px; margin-top: 0; margin-bottom: 15px; color: inherit; opacity: 0.8;'>Accesorios complementarios (No incluido)<\/h3>\n<div style='display: grid; grid-template-columns: repeat(auto-fill&comma; minmax(250px&comma; 1fr)); gap: 15px;'>\n<div style='border: 1px solid rgba(150&comma; 150&comma; 150&comma; 0.4); border-radius: 8px; padding: 15px;'>\n<div style='font-weight: bold; margin-bottom: 10px;'>SLY346BLK<\/div>\n<div style='font-size: 14px;'>\n<p>Cable de Cobre Recubierto THW-LS Calibre 2\/0 AWG <a href='https:\/\/www.syscom.mx\/producto\/SLY-346-BLK-INDIANA-176872.html' target='_blank' rel='noopener' style='color: #2880b9; text-decoration: none;'>Ver producto<\/a><\/p>\n<\/p><\/div>\n<\/p><\/div>\n<div style='border: 1px solid rgba(150&comma; 150&comma; 150&comma; 0.4); border-radius: 8px; padding: 15px;'>\n<div style='font-weight: bold; margin-bottom: 10px;'>1 x TGCDA<\/div>\n<div style='font-size: 14px;'>\n<p>Contador de Descargas Atmosf\u00e9ricas <a href='https:\/\/www.syscom.mx\/producto\/TG-CDA-TOTAL-GROUND-76233.html' target='_blank' rel='noopener' style='color: #2880b9; text-decoration: none;'>Ver producto<\/a><\/p>\n<\/p><\/div>\n<\/p><\/div>\n<div style='border: 1px solid rgba(150&comma; 150&comma; 150&comma; 0.4); border-radius: 8px; padding: 15px;'>\n<div style='font-weight: bold; margin-bottom: 10px;'>TGAC \/ TGAC114<\/div>\n<div style='font-size: 14px;'>\n<p>Aislador para cable de bajada <a href='https:\/\/www.syscom.mx\/producto\/TG-AC-TOTAL-GROUND-76016.html' target='_blank' rel='noopener' style='color: #2880b9; text-decoration: none;'>TGAC<\/a> o <a href='https:\/\/www.syscom.mx\/producto\/TG-AC-114-TOTAL-GROUND-85849.html' target='_blank' rel='noopener' style='color: #2880b9; text-decoration: none;'>TGAC114<\/a><\/p>\n<\/p><\/div>\n<\/p><\/div>\n<\/p><\/div>\n<\/p><\/div>\n<p> <!-- Descripci\u00f3n t\u00e9cnica de la punta --> <\/p>\n<div style='margin-bottom: 30px; font-size: 15px;'>\n<h3 style='font-size: 22px; border-bottom: 2px solid currentColor; padding-bottom: 5px; margin-top: 0; margin-bottom: 15px; color: inherit; opacity: 0.8;'>Descripci\u00f3n de Punta KDALU<\/h3>\n<p>Punta captadora de rayos y conductora de corriente dise\u00f1ada en aluminio de alta conductividad la que forma parte de un sistema de protecci\u00f3n externo contra tormentas el\u00e9ctricas (SEPTE)&comma; para reducir el riesgo de da\u00f1o que puede provocar un rayo.<\/p>\n<p>Busca reducir la incidencia de ca\u00edda hasta un 95% debido a su funcionamiento magnetoactivo.<\/p>\n<p>Se recomienda tomar en cuenta la Norma NMX-J-549-ANCE-2005 que sugiere que un sistema de protecci\u00f3n contra tormentas el\u00e9ctricas (SPTE) debe contar con un sistema interno de protecci\u00f3n contra tormentas el\u00e9ctricas (SIPTE) y otro externo de protecci\u00f3n contra tormentas el\u00e9ctricas (SEPTE).<\/p>\n<p>La punta KDA-LU forma parte de la protecci\u00f3n externa&comma; mientras que la parte interna corresponde a los supresores de picos transitorios (SSTT) marca Suprector de TOTAL GROUND.<\/p>\n<\/p><\/div>\n<p> <!-- Imagen detalle --> <\/p>\n<div style='margin-bottom: 30px;'> <img style='width: 100%; height: auto; border: 1px solid rgba(150&comma;150&comma;150&comma;0.3); border-radius: 8px;' src='https:\/\/ftp3.syscom.mx\/usuarios\/fotos\/KDALU\/76017-kdadetalles.jpg' alt=''> <\/div>\n<p> <!-- Videos de capacitaci\u00f3n --> <\/p>\n<div style='margin-bottom: 30px;'>\n<h3 style='font-size: 22px; border-bottom: 2px solid currentColor; padding-bottom: 5px; margin-top: 0; margin-bottom: 15px; color: inherit; opacity: 0.8;'>Videos de capacitaci\u00f3n<\/h3>\n<p> <!-- Video 1 --> <\/p>\n<div style='margin-bottom: 30px;'> <a href='https:\/\/www.youtube.com\/watch?v=Vw8lGg4-fQk' target='_blank' rel='noopener' style='color: #2880b9; text-decoration: underline; font-size: 16px; display: block; margin-bottom: 15px; font-weight: bold;'>Curso b\u00e1sico para selecci\u00f3n e implementaci\u00f3n de sistemas de protecci\u00f3n<\/a> <\/p>\n<div style='position: relative; padding-bottom: 56.25%; height: 0; overflow: hidden;'>   <\/div>\n<\/p><\/div>\n<p> <!-- Webinar 1 --> <\/p>\n<div style='margin-bottom: 30px;'>\n<p style='color: #c0392b; font-weight: bold; margin: 0 0 15px; font-size: 16px;'>WEBINAR 1: B\u00c1SICO DE TIERRAS F\u00cdSICAS Y PARARRAYOS (INICIA EN EL MIN.14)<\/p>\n<div style='position: relative; padding-bottom: 56.25%; height: 0; overflow: hidden;'>   <\/div>\n<\/p><\/div>\n<p> <!-- Webinar 2 --> <\/p>\n<div style='margin-bottom: 30px;'>\n<p style='color: #c0392b; font-weight: bold; margin: 0 0 15px; font-size: 16px;'>WEBINAR 2: INSTALACI\u00d3N DE TIERRAS F\u00cdSICAS Y PARARRAYOS<\/p>\n<div style='position: relative; padding-bottom: 56.25%; height: 0; overflow: hidden;'>   <\/div>\n<\/p><\/div>\n<p> <!-- Webinar 3 --> <\/p>\n<div style='margin-bottom: 30px;'>\n<p style='color: #c0392b; font-weight: bold; margin: 0 0 15px; font-size: 16px;'>WEBINAR 3: SISTEMAS DE PARARRAYO TOTAL GROUND<\/p>\n<div style='position: relative; padding-bottom: 56.25%; height: 0; overflow: hidden;'>   <\/div>\n<\/p><\/div>\n<\/p><\/div>\n<\/p><\/div>\n","protected":false},"excerpt":{"rendered":"<p>Kit Pararrayo con Accesorios para Protecci\u00f3n de Di\u00e1metro de 80 m.<\/p>\n","protected":false},"featured_media":43104,"comment_status":"open","ping_status":"closed","template":"","meta":[],"product_brand":[],"product_cat":[1161],"product_tag":[1088,1162,635],"class_list":{"0":"post-43105","1":"product","2":"type-product","3":"status-publish","4":"has-post-thumbnail","6":"product_cat-pararrayos","7":"product_tag-calidad-de-la-energia","8":"product_tag-pararrayos","9":"product_tag-total-ground","11":"first","12":"instock","13":"sale","14":"shipping-taxable","15":"purchasable","16":"product-type-simple"},"_links":{"self":[{"href":"https:\/\/soydeaqui.ddns.net\/pachuca\/index.php\/wp-json\/wp\/v2\/product\/43105","targetHints":{"allow":["GET"]}}],"collection":[{"href":"https:\/\/soydeaqui.ddns.net\/pachuca\/index.php\/wp-json\/wp\/v2\/product"}],"about":[{"href":"https:\/\/soydeaqui.ddns.net\/pachuca\/index.php\/wp-json\/wp\/v2\/types\/product"}],"replies":[{"embeddable":true,"href":"https:\/\/soydeaqui.ddns.net\/pachuca\/index.php\/wp-json\/wp\/v2\/comments?post=43105"}],"wp:featuredmedia":[{"embeddable":true,"href":"https:\/\/soydeaqui.ddns.net\/pachuca\/index.php\/wp-json\/wp\/v2\/media\/43104"}],"wp:attachment":[{"href":"https:\/\/soydeaqui.ddns.net\/pachuca\/index.php\/wp-json\/wp\/v2\/media?parent=43105"}],"wp:term":[{"taxonomy":"product_brand","embeddable":true,"href":"https:\/\/soydeaqui.ddns.net\/pachuca\/index.php\/wp-json\/wp\/v2\/product_brand?post=43105"},{"taxonomy":"product_cat","embeddable":true,"href":"https:\/\/soydeaqui.ddns.net\/pachuca\/index.php\/wp-json\/wp\/v2\/product_cat?post=43105"},{"taxonomy":"product_tag","embeddable":true,"href":"https:\/\/soydeaqui.ddns.net\/pachuca\/index.php\/wp-json\/wp\/v2\/product_tag?post=43105"}],"curies":[{"name":"wp","href":"https:\/\/api.w.org\/{rel}","templated":true}]}}