{"id":43099,"date":"2026-03-18T19:00:19","date_gmt":"2026-03-18T19:00:19","guid":{"rendered":"https:\/\/soydeaqui.ddns.net\/pachuca\/index.php\/producto\/kit-pararrayo-con-accesorios-para-proteccion-de-diametro-de-300m\/"},"modified":"2026-03-18T19:00:20","modified_gmt":"2026-03-18T19:00:20","slug":"kit-pararrayo-con-accesorios-para-proteccion-de-diametro-de-300m","status":"publish","type":"product","link":"https:\/\/soydeaqui.ddns.net\/pachuca\/index.php\/producto\/kit-pararrayo-con-accesorios-para-proteccion-de-diametro-de-300m\/","title":{"rendered":"Kit Pararrayo con Accesorios para Protecci\u00f3n de Di\u00e1metro de 300m."},"content":{"rendered":"<div style='width: 100%; max-width: 1200px; margin: 0 auto; font-family: sans-serif; line-height: 1.6; color: inherit; background-color: transparent;'> <!-- Imagen principal --> <\/p>\n<div style='margin: 20px 0;'> <img style='width: 100%; height: auto; border: 1px solid rgba(150&comma;150&comma;150&comma;0.3); border-radius: 8px;' src='https:\/\/ftp3.syscom.mx\/usuarios\/fotos\/KDALU\/76017-total_ground.jpg' alt=''> <\/div>\n<p> <!-- Descripci\u00f3n general --> <\/p>\n<div style='margin: 30px 0; font-size: 15px;'>\n<p>El sistema de pararrayos KDA-05 es un sistema de protecci\u00f3n contra tormentas el\u00e9ctricas (SPTE). Sirve para interceptar&comma; conducir y disipar la corriente del rayo y de elementos internos mediante uniones&comma; blindaje y puesta a tierra. El objetivo de un SPTE es reducir el riesgo de da\u00f1o tanto para las personas y otros seres vivos&comma; as\u00ed como estructuras&comma; edificios y su contenido.<\/p>\n<p style='color: #c0392b; font-weight: bold; margin: 20px 0 0 0;'>Ofrece 300m de di\u00e1metro de protecci\u00f3n.<\/p>\n<\/p><\/div>\n<p> <!-- Componentes incluidos --> <\/p>\n<div style='margin: 30px 0;'>\n<h3 style='font-size: 20px; border-bottom: 2px solid currentColor; padding-bottom: 5px; margin-top: 0; color: inherit; opacity: 0.8;'>Componentes incluidos<\/h3>\n<div style='overflow-x: auto; margin-top: 15px;'>\n<table style='width: 100%; border-collapse: collapse; border: 1px solid rgba(150&comma;150&comma;150&comma;0.3);'>\n<thead>\n<tr style='background-color: rgba(150&comma;150&comma;150&comma;0.1);'>\n<th style='padding: 12px; border: 1px solid rgba(150&comma;150&comma;150&comma;0.3); text-align: center;'>Cantidad<\/th>\n<th style='padding: 12px; border: 1px solid rgba(150&comma;150&comma;150&comma;0.3); text-align: center;'>Modelo<\/th>\n<th style='padding: 12px; border: 1px solid rgba(150&comma;150&comma;150&comma;0.3);'>Descripci\u00f3n<\/th>\n<\/tr>\n<\/thead>\n<tbody>\n<tr>\n<td style='padding: 12px; border: 1px solid rgba(150&comma;150&comma;150&comma;0.3); text-align: center;'>1<\/td>\n<td style='padding: 12px; border: 1px solid rgba(150&comma;150&comma;150&comma;0.3); text-align: center;'><a style='color: #2880b9; text-decoration: none;' href='https:\/\/www.syscom.mx\/producto\/KDA-05-TOTAL-GROUND-75926.html' target='_blank' rel='noopener'>KDA05<\/a><\/td>\n<td style='padding: 12px; border: 1px solid rgba(150&comma;150&comma;150&comma;0.3);'>Punta pararayos con m\u00e1stil de 1.2m. Electrodo de 1000 A (<a style='color: #2880b9; text-decoration: none;' href='https:\/\/www.syscom.mx\/producto\/TG1000-TOTAL-GROUND-75941.html' target='_blank' rel='noopener'>TG1000<\/a>). 8 Sacos de 11 Kg de mejorador de suelo (<a style='color: #2880b9; text-decoration: none;' href='https:\/\/www.syscom.mx\/producto\/H2O-HM-TOTAL-GROUND-75920.html' target='_blank' rel='noopener'>H2OHM<\/a>).<\/td>\n<\/tr>\n<tr>\n<td style='padding: 12px; border: 1px solid rgba(150&comma;150&comma;150&comma;0.3); text-align: center;'>5<\/td>\n<td style='padding: 12px; border: 1px solid rgba(150&comma;150&comma;150&comma;0.3); text-align: center;'><a style='color: #2880b9; text-decoration: none;' href='https:\/\/www.syscom.mx\/producto\/TG-CR-14-TOTAL-GROUND-75915.html' target='_blank' rel='noopener'>TGCR14<\/a><\/td>\n<td style='padding: 12px; border: 1px solid rgba(150&comma;150&comma;150&comma;0.3);'>Conector de Bronce.<\/td>\n<\/tr>\n<tr>\n<td style='padding: 12px; border: 1px solid rgba(150&comma;150&comma;150&comma;0.3); text-align: center;'>2<\/td>\n<td style='padding: 12px; border: 1px solid rgba(150&comma;150&comma;150&comma;0.3); text-align: center;'><a style='color: #2880b9; text-decoration: none;' href='https:\/\/www.syscom.mx\/producto\/TG-AB21-TOTAL-GROUND-75916.html' target='_blank' rel='noopener'>TGAB21<\/a><\/td>\n<td style='padding: 12px; border: 1px solid rgba(150&comma;150&comma;150&comma;0.3);'>Conector de varilla.<\/td>\n<\/tr>\n<tr>\n<td style='padding: 12px; border: 1px solid rgba(150&comma;150&comma;150&comma;0.3); text-align: center;'>1<\/td>\n<td style='padding: 12px; border: 1px solid rgba(150&comma;150&comma;150&comma;0.3); text-align: center;'><a style='color: #2880b9; text-decoration: none;' href='https:\/\/www.syscom.mx\/producto\/ANTIOX-TOTAL-GROUND-75931.html' target='_blank' rel='noopener'>ANTIOX<\/a><\/td>\n<td style='padding: 12px; border: 1px solid rgba(150&comma;150&comma;150&comma;0.3);'>Spray protector para conectores.<\/td>\n<\/tr>\n<tr>\n<td style='padding: 12px; border: 1px solid rgba(150&comma;150&comma;150&comma;0.3); text-align: center;'>1<\/td>\n<td style='padding: 12px; border: 1px solid rgba(150&comma;150&comma;150&comma;0.3); text-align: center;'><a style='color: #2880b9; text-decoration: none;' href='https:\/\/www.syscom.mx\/producto\/S-1010-TOTAL-GROUND-75930.html' target='_blank' rel='noopener'>S1010<\/a><\/td>\n<td style='padding: 12px; border: 1px solid rgba(150&comma;150&comma;150&comma;0.3);'>Registro para electrodo.<\/td>\n<\/tr>\n<tr>\n<td style='padding: 12px; border: 1px solid rgba(150&comma;150&comma;150&comma;0.3); text-align: center;'>1<\/td>\n<td style='padding: 12px; border: 1px solid rgba(150&comma;150&comma;150&comma;0.3); text-align: center;'><a style='color: #2880b9; text-decoration: none;' href='https:\/\/www.syscom.mx\/principal\/searchcont?route=BP\/M2-TOTAL-GROUND-76010&#038;autodetect=bp\/m2' target='_blank' rel='noopener'>BP\/M2<\/a><\/td>\n<td style='padding: 12px; border: 1px solid rgba(150&comma;150&comma;150&comma;0.3);'>Base Plana con M\u00e1stil Integrado de 2 m. para Punta Pararrayos<\/td>\n<\/tr>\n<\/tbody>\n<\/table><\/div>\n<\/p><\/div>\n<p> <!-- Accesorios complementarios --> <\/p>\n<div style='margin: 30px 0;'>\n<h3 style='font-size: 20px; border-bottom: 2px solid currentColor; padding-bottom: 5px; margin-top: 0; color: inherit; opacity: 0.8;'>Accesorios complementarios (No incluido)<\/h3>\n<div style='overflow-x: auto; margin-top: 15px;'>\n<table style='width: 100%; border-collapse: collapse; border: 1px solid rgba(150&comma;150&comma;150&comma;0.3);'>\n<thead>\n<tr style='background-color: rgba(150&comma;150&comma;150&comma;0.1);'>\n<th style='padding: 12px; border: 1px solid rgba(150&comma;150&comma;150&comma;0.3); text-align: center;'>Cantidad<\/th>\n<th style='padding: 12px; border: 1px solid rgba(150&comma;150&comma;150&comma;0.3); text-align: center;'>Modelo<\/th>\n<th style='padding: 12px; border: 1px solid rgba(150&comma;150&comma;150&comma;0.3);'>Descripci\u00f3n<\/th>\n<\/tr>\n<\/thead>\n<tbody>\n<tr>\n<td style='padding: 12px; border: 1px solid rgba(150&comma;150&comma;150&comma;0.3); text-align: center;'>&#8212;<\/td>\n<td style='padding: 12px; border: 1px solid rgba(150&comma;150&comma;150&comma;0.3); text-align: center;'><a style='color: #2880b9; text-decoration: none;' href='https:\/\/www.syscom.mx\/producto\/SLY-349-BLK-INDIANA-176869.html' target='_blank' rel='noopener'>SLY349BLK<\/a><\/td>\n<td style='padding: 12px; border: 1px solid rgba(150&comma;150&comma;150&comma;0.3);'>Cable de Cobre Recubierto THW-LS Calibre 2\/0 AWG.<\/td>\n<\/tr>\n<tr>\n<td style='padding: 12px; border: 1px solid rgba(150&comma;150&comma;150&comma;0.3); text-align: center;'>1<\/td>\n<td style='padding: 12px; border: 1px solid rgba(150&comma;150&comma;150&comma;0.3); text-align: center;'><a style='color: #2880b9; text-decoration: none;' href='https:\/\/www.syscom.mx\/producto\/TG-CDA-TOTAL-GROUND-76233.html' target='_blank' rel='noopener'>TGCDA<\/a><\/td>\n<td style='padding: 12px; border: 1px solid rgba(150&comma;150&comma;150&comma;0.3);'>Contador de Descargas Atmosf\u00e9ricas.<\/td>\n<\/tr>\n<tr>\n<td style='padding: 12px; border: 1px solid rgba(150&comma;150&comma;150&comma;0.3); text-align: center;'>&#8212;<\/td>\n<td style='padding: 12px; border: 1px solid rgba(150&comma;150&comma;150&comma;0.3); text-align: center;'><a style='color: #2880b9; text-decoration: none;' href='https:\/\/www.syscom.mx\/producto\/TG-AC-TOTAL-GROUND-76016.html' target='_blank' rel='noopener'>TGAC<\/a> o <a style='color: #2880b9; text-decoration: none;' href='https:\/\/www.syscom.mx\/producto\/TG-AC-114-TOTAL-GROUND-85849.html' target='_blank' rel='noopener'>TGAC114<\/a><\/td>\n<td style='padding: 12px; border: 1px solid rgba(150&comma;150&comma;150&comma;0.3);'>Aislador para cable de bajada.<\/td>\n<\/tr>\n<\/tbody>\n<\/table><\/div>\n<\/p><\/div>\n<p> <!-- Descripci\u00f3n t\u00e9cnica KDA05 --> <\/p>\n<div style='margin: 30px 0;'>\n<h3 style='font-size: 20px; border-bottom: 2px solid currentColor; padding-bottom: 5px; margin-top: 0; color: inherit; opacity: 0.8;'>Descripci\u00f3n de Punta KDA05<\/h3>\n<p style='font-size: 15px; margin: 15px 0;'>Punta captadora de rayos y conductora de corriente dise\u00f1ada en aluminio de alta conductividad la que forma parte de un sistema de protecci\u00f3n externo contra tormentas el\u00e9ctricas (SEPTE)&comma; para reducir el riesgo de da\u00f1o que puede provocar un rayo.<\/p>\n<p style='font-size: 15px; margin: 15px 0;'>Busca reducir la incidencia de ca\u00edda hasta un 95% debido a su funcionamiento magnetoactivo.<\/p>\n<p style='font-size: 15px; margin: 15px 0;'>Se recomienda tomar en cuenta la Norma NMX-J-549-ANCE-2005 que sugiere que un sistema de protecci\u00f3n contra tormentas el\u00e9ctricas (SPTE) debe contar con un sistema interno de protecci\u00f3n contra tormentas el\u00e9ctricas (SIPTE) y otro externo de protecci\u00f3n contra tormentas el\u00e9ctricas (SEPTE).<\/p>\n<p style='font-size: 15px; margin: 15px 0;'>La punta KDA-05 forma parte de la protecci\u00f3n externa&comma; mientras que la parte interna corresponde a los supresores de picos transitorios (SSTT) marca Suprector de TOTAL GROUND.<\/p>\n<\/p><\/div>\n<p> <!-- Imagen detallada --> <\/p>\n<div style='margin: 20px 0;'> <img style='width: 100%; height: auto; border: 1px solid rgba(150&comma;150&comma;150&comma;0.3); border-radius: 8px;' src='https:\/\/ftp3.syscom.mx\/usuarios\/fotos\/KDALU\/76017-kdadetalles.jpg' alt=''> <\/div>\n<p> <!-- Videos de webinar --> <\/p>\n<div style='margin: 30px 0;'>\n<h3 style='font-size: 20px; border-bottom: 2px solid currentColor; padding-bottom: 5px; margin-top: 0; color: inherit; opacity: 0.8;'>Webinars de instalaci\u00f3n y protecci\u00f3n<\/h3>\n<div style='margin-top: 20px;'>\n<p style='color: #c0392b; font-weight: bold; margin: 0 0 15px 0;'>WEBINAR 1: B\u00c1SICO DE TIERRAS F\u00cdSICAS Y PARARRAYOS (INICIA EN EL MIN.14)<\/p>\n<div style='position: relative; padding-bottom: 56.25%; height: 0; overflow: hidden; margin-bottom: 30px;'>   <\/div>\n<\/p><\/div>\n<div style='margin-top: 20px;'>\n<p style='color: #c0392b; font-weight: bold; margin: 0 0 15px 0;'>WEBINAR 2: INSTALACI\u00d3N DE TIERRAS F\u00cdSICAS Y PARARRAYOS<\/p>\n<div style='position: relative; padding-bottom: 56.25%; height: 0; overflow: hidden; margin-bottom: 30px;'>   <\/div>\n<\/p><\/div>\n<div style='margin-top: 20px;'>\n<p style='color: #c0392b; font-weight: bold; margin: 0 0 15px 0;'>WEBINAR 3: SISTEMAS DE PARARRAYO TOTAL GROUND<\/p>\n<div style='position: relative; padding-bottom: 56.25%; height: 0; overflow: hidden; margin-bottom: 30px;'>   <\/div>\n<\/p><\/div>\n<\/p><\/div>\n<p> <!-- Enlace a curso --> <\/p>\n<div style='margin: 30px 0; text-align: center;'>\n<p style='margin: 0;'><em style='font-size: 18px; display: block; margin-bottom: 15px;'><a style='color: #2880b9; text-decoration: none;' href='https:\/\/www.youtube.com\/watch?v=Vw8lGg4-fQk' target='_blank' rel='noopener'>Curso b\u00e1sico para selecci\u00f3n e implementaci\u00f3n de sistemas de protecci\u00f3n<\/a><\/em><\/p>\n<\/p><\/div>\n<\/p><\/div>\n","protected":false},"excerpt":{"rendered":"<p>Kit Pararrayo con Accesorios para Protecci\u00f3n de Di\u00e1metro de 300m.<\/p>\n","protected":false},"featured_media":43098,"comment_status":"open","ping_status":"closed","template":"","meta":[],"product_brand":[],"product_cat":[1161],"product_tag":[1088,1162,635],"class_list":{"0":"post-43099","1":"product","2":"type-product","3":"status-publish","4":"has-post-thumbnail","6":"product_cat-pararrayos","7":"product_tag-calidad-de-la-energia","8":"product_tag-pararrayos","9":"product_tag-total-ground","11":"first","12":"outofstock","13":"sale","14":"shipping-taxable","15":"purchasable","16":"product-type-simple"},"_links":{"self":[{"href":"https:\/\/soydeaqui.ddns.net\/pachuca\/index.php\/wp-json\/wp\/v2\/product\/43099","targetHints":{"allow":["GET"]}}],"collection":[{"href":"https:\/\/soydeaqui.ddns.net\/pachuca\/index.php\/wp-json\/wp\/v2\/product"}],"about":[{"href":"https:\/\/soydeaqui.ddns.net\/pachuca\/index.php\/wp-json\/wp\/v2\/types\/product"}],"replies":[{"embeddable":true,"href":"https:\/\/soydeaqui.ddns.net\/pachuca\/index.php\/wp-json\/wp\/v2\/comments?post=43099"}],"wp:featuredmedia":[{"embeddable":true,"href":"https:\/\/soydeaqui.ddns.net\/pachuca\/index.php\/wp-json\/wp\/v2\/media\/43098"}],"wp:attachment":[{"href":"https:\/\/soydeaqui.ddns.net\/pachuca\/index.php\/wp-json\/wp\/v2\/media?parent=43099"}],"wp:term":[{"taxonomy":"product_brand","embeddable":true,"href":"https:\/\/soydeaqui.ddns.net\/pachuca\/index.php\/wp-json\/wp\/v2\/product_brand?post=43099"},{"taxonomy":"product_cat","embeddable":true,"href":"https:\/\/soydeaqui.ddns.net\/pachuca\/index.php\/wp-json\/wp\/v2\/product_cat?post=43099"},{"taxonomy":"product_tag","embeddable":true,"href":"https:\/\/soydeaqui.ddns.net\/pachuca\/index.php\/wp-json\/wp\/v2\/product_tag?post=43099"}],"curies":[{"name":"wp","href":"https:\/\/api.w.org\/{rel}","templated":true}]}}