{"id":43088,"date":"2026-03-18T19:00:02","date_gmt":"2026-03-18T19:00:02","guid":{"rendered":"https:\/\/soydeaqui.ddns.net\/pachuca\/index.php\/producto\/ecoflow-river-2-estacion-de-energia-portatil-256wh-litio-lfp-2-ac-300-w-max-600w-1-usb-c-60w-2-usb-a-12w-cargador-de-coche-8a-a-12-o-24v-conectividad-wifi-y-bluetooth-app-carga-sol\/"},"modified":"2026-03-18T19:00:07","modified_gmt":"2026-03-18T19:00:07","slug":"ecoflow-river-2-estacion-de-energia-portatil-256wh-litio-lfp-2-ac-300-w-max-600w-1-usb-c-60w-2-usb-a-12w-cargador-de-coche-8a-a-12-o-24v-conectividad-wifi-y-bluetooth-app-carga-sol","status":"publish","type":"product","link":"https:\/\/soydeaqui.ddns.net\/pachuca\/index.php\/producto\/ecoflow-river-2-estacion-de-energia-portatil-256wh-litio-lfp-2-ac-300-w-max-600w-1-usb-c-60w-2-usb-a-12w-cargador-de-coche-8a-a-12-o-24v-conectividad-wifi-y-bluetooth-app-carga-sol\/","title":{"rendered":"EcoFlow River 2 | Estaci\u00f3n de Energ\u00eda Port\u00e1til 256Wh Litio LFP \/ 2 AC 300 W (Max. 600W) \/ 1 USB-C 60W \/ 2 USB -A 12W \/ Cargador de Coche 8A a 12 o 24V \/ Conectividad WiFi y Bluetooth (App) \/ Carga Solar 110W Max."},"content":{"rendered":"<div style='width: 100%; max-width: 1200px; margin: 0 auto; font-family: sans-serif&comma; 'Helvetica Neue'&comma; Helvetica&comma; 'Hiragino Sans GB'&comma; 'Hiragino Sans GB W3'&comma; 'Microsoft YaHei'&comma; \u00e5\u00be\u00ae\u00e8\u00bd\u00af\u00e9\u203a\u2026\u00e9\u00bb\u2018&comma; Arial&comma; simsun; line-height: 1.6; color: inherit; background-color: transparent;'> <!-- Video YouTube --> <\/p>\n<div style='position: relative; padding-bottom: 56.25%; height: 0; overflow: hidden; margin-bottom: 30px;'>   <\/div>\n<p> <!-- Secci\u00f3n de carga r\u00e1pida --> <\/p>\n<div style='display: flex; flex-wrap: wrap; gap: 30px; margin-bottom: 30px;'>\n<div style='flex: 1 1 300px; min-width: 280px;'>\n<h3 style='font-size: 22px; border-bottom: 2px solid currentColor; padding-bottom: 5px; margin-top: 0; color: inherit; opacity: 0.8;'>Carga r\u00e1pida<\/h3>\n<p style='font-size: 16.5px; color: inherit; margin: 0 0 15px;'><span style='color: #ffffff;'>Carga de 0 a 100 % en solo 1 hora.<\/span><\/p>\n<p style='font-size: 45px; color: inherit; margin: 0 0 15px;'><strong>Ya no tienes que preocuparte de que baje el nivel de tu bater\u00eda gracias a las velocidades de carga de 0 a 100% m\u00e1s r\u00e1pidas jam\u00e1s vistas.<\/strong><\/p>\n<\/p><\/div>\n<\/p><\/div>\n<p> <!-- Comparativa de carga --> <\/p>\n<div style='margin-bottom: 30px;'>\n<div style='display: flex; align-items: center; gap: 28px; margin-bottom: 15px;'>\n<div style='position: relative; width: 100%; max-width: 240px; height: 48px; border-radius: 4px; background: linear-gradient(90deg&comma; #03060b&comma; #17da66 0.01%);'> <span style='position: absolute; top: 50%; transform: translateY(-50%); left: 8px; font-family: sans-serif; font-size: 22px; color: #ffffff;'>RIVER 2<\/span> <span style='position: absolute; top: 50%; transform: translateY(-50%); right: 12px; font-family: sans-serif; font-size: 22px; color: #ffffff;'>1 hora<\/span> <\/div>\n<p> <span style='font-family: sans-serif; font-size: 60px; background: linear-gradient(90deg&comma; #0ee030 1.46%&comma; #21d4a8 95.91%); -webkit-text-fill-color: transparent;'>70 % m\u00e1s r\u00e1pido<\/span> <\/div>\n<div style='margin-bottom: 30px;'>\n<p style='font-size: 22px; color: #ffffff; margin: 0;'>Carga r\u00e1pida<\/p>\n<\/p><\/div>\n<div style='margin-bottom: 15px;'>\n<div style='position: relative; width: 100%; max-width: 800px; height: 48px; border-radius: 4px; background: #7e7e7e;'> <span style='position: absolute; top: 50%; transform: translateY(-50%); left: 8px; font-family: sans-serif; font-size: 22px; color: #ffffff;'>Otras estaciones de energ\u00eda port\u00e1tiles<\/span> <span style='position: absolute; top: 50%; transform: translateY(-50%); right: 12px; font-family: sans-serif; font-size: 22px; color: #ffffff;'>3&comma;5 horas<\/span> <\/div>\n<div>\n<p style='font-size: 22px; color: #ffffff; margin: 0;'>Carga normal<\/p>\n<\/p><\/div>\n<\/p><\/div>\n<\/p><\/div>\n<p> <!-- Informaci\u00f3n t\u00e9cnica --> <\/p>\n<div style='margin-bottom: 30px;'>\n<p style='font-size: 14px; color: inherit; margin: 0;'>RIVER 2 supera la velocidad promedio de carga en la industria&comma; realizando una carga completa en tan solo 60 minutos*. Es decir&comma; un 70% m\u00e1s r\u00e1pido que otras estaciones de energ\u00eda port\u00e1tiles del mercado y un 38% m\u00e1s r\u00e1pido que las generaciones anteriores.<\/p>\n<\/p><\/div>\n<p> <!-- Separador --> <\/p>\n<hr style='border: 0; border-top: 1px solid rgba(150&comma; 150&comma; 150&comma; 0.3); margin: 30px 0;'> <\/div>\n","protected":false},"excerpt":{"rendered":"<p>EcoFlow River 2 | Estaci\u00f3n de Energ\u00eda Port\u00e1til 256Wh Litio LFP \/ 2 AC 300 W (Max. 600W) \/ 1 USB-C 60W \/ 2 USB -A 12W \/ Cargador de Coche 8A a 12 o 24V \/ Conectividad WiFi y Bluetooth (App) \/ Carga Solar 110W Max.<\/p>\n","protected":false},"featured_media":43087,"comment_status":"open","ping_status":"closed","template":"","meta":[],"product_brand":[],"product_cat":[1114],"product_tag":[1116,1115,1101],"class_list":{"0":"post-43088","1":"product","2":"type-product","3":"status-publish","4":"has-post-thumbnail","6":"product_cat-estaciones-de-energia-portables","7":"product_tag-ecoflow","8":"product_tag-estaciones-de-energia-portables","9":"product_tag-respaldo-de-energia","11":"first","12":"instock","13":"sale","14":"shipping-taxable","15":"purchasable","16":"product-type-simple"},"_links":{"self":[{"href":"https:\/\/soydeaqui.ddns.net\/pachuca\/index.php\/wp-json\/wp\/v2\/product\/43088","targetHints":{"allow":["GET"]}}],"collection":[{"href":"https:\/\/soydeaqui.ddns.net\/pachuca\/index.php\/wp-json\/wp\/v2\/product"}],"about":[{"href":"https:\/\/soydeaqui.ddns.net\/pachuca\/index.php\/wp-json\/wp\/v2\/types\/product"}],"replies":[{"embeddable":true,"href":"https:\/\/soydeaqui.ddns.net\/pachuca\/index.php\/wp-json\/wp\/v2\/comments?post=43088"}],"wp:featuredmedia":[{"embeddable":true,"href":"https:\/\/soydeaqui.ddns.net\/pachuca\/index.php\/wp-json\/wp\/v2\/media\/43087"}],"wp:attachment":[{"href":"https:\/\/soydeaqui.ddns.net\/pachuca\/index.php\/wp-json\/wp\/v2\/media?parent=43088"}],"wp:term":[{"taxonomy":"product_brand","embeddable":true,"href":"https:\/\/soydeaqui.ddns.net\/pachuca\/index.php\/wp-json\/wp\/v2\/product_brand?post=43088"},{"taxonomy":"product_cat","embeddable":true,"href":"https:\/\/soydeaqui.ddns.net\/pachuca\/index.php\/wp-json\/wp\/v2\/product_cat?post=43088"},{"taxonomy":"product_tag","embeddable":true,"href":"https:\/\/soydeaqui.ddns.net\/pachuca\/index.php\/wp-json\/wp\/v2\/product_tag?post=43088"}],"curies":[{"name":"wp","href":"https:\/\/api.w.org\/{rel}","templated":true}]}}