{"id":43086,"date":"2026-03-18T19:00:00","date_gmt":"2026-03-18T19:00:00","guid":{"rendered":"https:\/\/soydeaqui.ddns.net\/pachuca\/index.php\/producto\/kit-de-tierra-fisica-modelo-tg100k-con-electrodo-magnetoactivo-67-x-17-cm-capacidad-max-100-amp\/"},"modified":"2026-03-18T19:00:00","modified_gmt":"2026-03-18T19:00:00","slug":"kit-de-tierra-fisica-modelo-tg100k-con-electrodo-magnetoactivo-67-x-17-cm-capacidad-max-100-amp","status":"publish","type":"product","link":"https:\/\/soydeaqui.ddns.net\/pachuca\/index.php\/producto\/kit-de-tierra-fisica-modelo-tg100k-con-electrodo-magnetoactivo-67-x-17-cm-capacidad-max-100-amp\/","title":{"rendered":"Kit de Tierra F\u00edsica modelo TG100K con Electrodo Magnetoactivo 67 x 17 cm, capacidad Max: 100 AMP"},"content":{"rendered":"<div style='width: 100%; max-width: 1200px; margin: 0 auto; font-family: sans-serif; line-height: 1.6; color: inherit; background-color: transparent;'> <!-- Logo --> <\/p>\n<div style='margin-bottom: 30px;'> <img style='width: 100%; max-width: 1000px; height: auto; border: 1px solid rgba(150&comma;150&comma;150&comma;0.3); border-radius: 8px;' src='https:\/\/ftp3.syscom.mx\/usuarios\/fotos\/TG45AB\/75917-logo_total_ground.png' alt='Logo Total Ground'> <\/div>\n<p> <!-- Descripci\u00f3n principal --> <\/p>\n<div style='margin-bottom: 30px;'>\n<p style='font-size: 15px; color: inherit;'>Los electrodos de puesta a tierra marca <strong style='color: inherit;'>TOTAL GROUND<\/strong> deben ser instalados en conjunto con nuestro compuesto mejorador de tierra para asegurar una resistencia menor a 2 Ohm (en la mayor\u00eda de los casos) y una instalaci\u00f3n <strong style='color: inherit;'>libre de mantenimiento correctivo hasta por 20 a\u00f1os.<\/strong><\/p>\n<p style='font-size: 15px; color: inherit; text-align: center; margin-top: 15px;'>Los electrodos magnetoactivos incluyen una br\u00fajula y nivel para asegurar una integraci\u00f3n profesional.<\/p>\n<\/p><\/div>\n<p> <!-- T\u00edtulo caracter\u00edsticas --> <\/p>\n<div style='margin-bottom: 30px; text-align: center;'>\n<h2 style='font-size: 24px; color: #c0392b; margin: 0; padding-bottom: 10px; border-bottom: 2px solid #c0392b; display: inline-block;'>CARACTER\u00cdSTICAS<\/h2>\n<\/p><\/div>\n<p> <!-- Secci\u00f3n de componentes --> <\/p>\n<div style='display: flex; flex-wrap: wrap; gap: 30px; margin-bottom: 40px;'> <!-- Componente 1 --> <\/p>\n<div style='flex: 1 1 300px; min-width: 280px;'>\n<div style='background-color: rgba(238&comma; 238&comma; 238&comma; 0.5); border-radius: 8px; overflow: hidden;'> <img style='width: 100%; height: auto; border: none;' src='https:\/\/ftp3.syscom.mx\/usuarios\/fotos\/TG100K\/75919-electrodo_100k.png' alt='Electrodo TG-100K'> <\/p>\n<div style='border-top: 5px solid #DF001D; padding: 15px;'>\n<h4 style='color: #888888; margin-top: 0; margin-bottom: 10px;'>Electrodo<\/h4>\n<p style='font-size: 14px; color: inherit; margin: 0;'>Electrodo de puesta a tierra marca TOTAL GROUND modelo TG-100K. Elaborado de cobre electrol\u00edtico altamente conductivo&comma; tratado especialmente para retardar los efectos de la corrosi\u00f3n.<\/p>\n<\/p><\/div>\n<\/p><\/div>\n<\/p><\/div>\n<p> <!-- Componente 2 --> <\/p>\n<div style='flex: 1 1 300px; min-width: 280px;'>\n<div style='background-color: rgba(238&comma; 238&comma; 238&comma; 0.5); border-radius: 8px; overflow: hidden;'> <img style='width: 100%; height: auto; border: none;' src='https:\/\/ftp3.syscom.mx\/usuarios\/fotos\/TG45AB\/75917-h20hm.png' alt='Compuesto H2OHM'> <\/p>\n<div style='border-top: 5px solid #DF001D; padding: 15px;'>\n<h4 style='color: #888888; margin-top: 0; margin-bottom: 10px;'>Compuesto H2OHM<\/h4>\n<p style='font-size: 14px; color: inherit; margin: 0;'>H2Ohm base org\u00e1nica&comma; elaborado con material higrosc\u00f3pico coagulante de humedad que cuenta con certificado de pruebas de LAPEM y certificado de laboratorio acreditado ante EMA&comma; con valores dentro de la norma CRETIB de no toxicidad ni da\u00f1o al medio ambiente<\/p>\n<\/p><\/div>\n<\/p><\/div>\n<\/p><\/div>\n<p> <!-- Componente 3 --> <\/p>\n<div style='flex: 1 1 300px; min-width: 280px;'>\n<div style='background-color: rgba(238&comma; 238&comma; 238&comma; 0.5); border-radius: 8px; overflow: hidden;'> <img style='width: 100%; height: auto; border: none;' src='https:\/\/ftp3.syscom.mx\/usuarios\/fotos\/TG100K\/75919-acoplador_100k.png' alt='Acoplador de Impedancia'> <\/p>\n<div style='border-top: 5px solid #DF001D; padding: 15px;'>\n<h4 style='color: #888888; margin-top: 0; margin-bottom: 10px;'>Acoplador de Impedancias<\/h4>\n<p style='font-size: 14px; color: inherit; margin: 0;'>Acoplador de impedancias marca TOTAL GROUND modelo TGC01 con capacidad de 1500A; en gabinete NEMA 4 de 20 x 30 x 12 cm.<\/p>\n<\/p><\/div>\n<\/p><\/div>\n<\/p><\/div>\n<\/p><\/div>\n<p> <!-- Especificaciones t\u00e9cnicas --> <\/p>\n<div style='margin-bottom: 30px;'>\n<h3 style='font-size: 20px; color: #c0392b; margin-top: 0; margin-bottom: 15px; border-bottom: 2px solid currentColor; padding-bottom: 5px; color: inherit;'>DESCRIPCI\u00d3N:<\/h3>\n<ul style='padding-left: 20px; font-size: 14px; color: inherit;'>\n<li style='margin-bottom: 8px;'><strong style='color: inherit;'>Unidad de Medida:<\/strong> Kit<\/li>\n<li style='margin-bottom: 8px;'><strong style='color: inherit;'>Descripci\u00f3n:<\/strong> Electrodo Magnetoactivo<\/li>\n<li style='margin-bottom: 8px;'><strong style='color: inherit;'>Capacidad:<\/strong> 100 Amperes<\/li>\n<\/ul><\/div>\n<p> <!-- Aplicaciones recomendadas --> <\/p>\n<div style='margin-bottom: 30px;'>\n<h3 style='font-size: 20px; color: #c0392b; margin-top: 0; margin-bottom: 15px; border-bottom: 2px solid currentColor; padding-bottom: 5px; color: inherit;'>APLICACIONES RECOMENDADAS:<\/h3>\n<p style='font-size: 14px; color: inherit; margin-bottom: 15px;'>El electrodo <strong style='color: inherit;'>TG-100K<\/strong> se utiliza para la puesta a tierra de:<\/p>\n<ul style='padding-left: 20px; font-size: 14px; color: inherit;'>\n<li style='margin-bottom: 8px;'>SITES de c\u00f3mputo. <span style='color: #e74c3c;'>Consultar Gu\u00eda de Selecci\u00f3n<\/span><\/li>\n<li style='margin-bottom: 8px;'>Transformadores. <span style='color: #e74c3c;'>Consultar Gu\u00eda de Selecci\u00f3n<\/span><\/li>\n<li style='margin-bottom: 8px;'>Racks de telecomunicaciones<\/li>\n<li style='margin-bottom: 8px;'>Sistemas satelitales<\/li>\n<li style='margin-bottom: 8px;'>Sistemas de radio frecuencia<\/li>\n<li style='margin-bottom: 8px;'>Sistemas de control industrial<\/li>\n<\/ul><\/div>\n<p> <!-- Componentes incluidos --> <\/p>\n<div style='margin-bottom: 30px;'>\n<h3 style='font-size: 20px; color: #c0392b; margin-top: 0; margin-bottom: 15px; border-bottom: 2px solid currentColor; padding-bottom: 5px; color: inherit;'>Incluye los siguientes componentes:<\/h3>\n<div style='overflow-x: auto;'>\n<table style='width: 100%; border-collapse: collapse; margin-bottom: 20px;'>\n<thead>\n<tr style='background-color: #f8f8f8;'>\n<th style='padding: 12px; border: 1px solid rgba(150&comma;150&comma;150&comma;0.3); font-weight: bold; color: inherit; text-align: center;'>Cantidad<\/th>\n<th style='padding: 12px; border: 1px solid rgba(150&comma;150&comma;150&comma;0.3); font-weight: bold; color: inherit; text-align: center;'>Modelo<\/th>\n<th style='padding: 12px; border: 1px solid rgba(150&comma;150&comma;150&comma;0.3); font-weight: bold; color: inherit;'>Descripci\u00f3n<\/th>\n<\/tr>\n<\/thead>\n<tbody>\n<tr>\n<td style='padding: 10px; border: 1px solid rgba(150&comma;150&comma;150&comma;0.3); text-align: center;'>1<\/td>\n<td style='padding: 10px; border: 1px solid rgba(150&comma;150&comma;150&comma;0.3); text-align: center;'><a style='color: #2880b9; text-decoration: none;' href='https:\/\/www.syscom.mx\/producto\/ANTIOX-TOTAL-GROUND-75931.html' target='_blank' rel='noopener'>TG100K<\/a><\/td>\n<td style='padding: 10px; border: 1px solid rgba(150&comma;150&comma;150&comma;0.3);'>Electrodo<\/td>\n<\/tr>\n<tr>\n<td style='padding: 10px; border: 1px solid rgba(150&comma;150&comma;150&comma;0.3); text-align: center;'>1<\/td>\n<td style='padding: 10px; border: 1px solid rgba(150&comma;150&comma;150&comma;0.3); text-align: center;'><a style='color: #2880b9; text-decoration: none;' href='https:\/\/www.syscom.mx\/producto\/ANTIOX-TOTAL-GROUND-75931.html' target='_blank' rel='noopener'>TGC01<\/a><\/td>\n<td style='padding: 10px; border: 1px solid rgba(150&comma;150&comma;150&comma;0.3);'>Acoplador<\/td>\n<\/tr>\n<tr>\n<td style='padding: 10px; border: 1px solid rgba(150&comma;150&comma;150&comma;0.3); text-align: center;'>1<\/td>\n<td style='padding: 10px; border: 1px solid rgba(150&comma;150&comma;150&comma;0.3); text-align: center;'><a style='color: #2880b9; text-decoration: none;' href='https:\/\/www.syscom.mx\/producto\/H2O-HM-TOTAL-GROUND-75920.html' target='_blank' rel='noopener'>ANTIOX<\/a><\/td>\n<td style='padding: 10px; border: 1px solid rgba(150&comma;150&comma;150&comma;0.3);'>Spray protector para conectores<\/td>\n<\/tr>\n<tr>\n<td style='padding: 10px; border: 1px solid rgba(150&comma;150&comma;150&comma;0.3); text-align: center;'>1<\/td>\n<td style='padding: 10px; border: 1px solid rgba(150&comma;150&comma;150&comma;0.3); text-align: center;'>&#8212;<\/td>\n<td style='padding: 10px; border: 1px solid rgba(150&comma;150&comma;150&comma;0.3);'>Br\u00fajula y nivel<\/td>\n<\/tr>\n<tr>\n<td style='padding: 10px; border: 1px solid rgba(150&comma;150&comma;150&comma;0.3); text-align: center;'>1<\/td>\n<td style='padding: 10px; border: 1px solid rgba(150&comma;150&comma;150&comma;0.3); text-align: center;'><a style='color: #2880b9; text-decoration: none;' href='https:\/\/www.syscom.mx\/producto\/H2O-HM-TOTAL-GROUND-75920.html' target='_blank' rel='noopener'>H20HM<\/a><\/td>\n<td style='padding: 10px; border: 1px solid rgba(150&comma;150&comma;150&comma;0.3);'>Saco de 11 Kg de mejorador de suelo<\/td>\n<\/tr>\n<tr>\n<td style='padding: 10px; border: 1px solid rgba(150&comma;150&comma;150&comma;0.3); text-align: center;'>1<\/td>\n<td style='padding: 10px; border: 1px solid rgba(150&comma;150&comma;150&comma;0.3); text-align: center;'><a style='color: #2880b9; text-decoration: none;' href='https:\/\/www.syscom.mx\/producto\/S-610-TOTAL-GROUND-75929.html' target='_blank' rel='noopener'>S610<\/a><\/td>\n<td style='padding: 10px; border: 1px solid rgba(150&comma;150&comma;150&comma;0.3);'>Registro para electrodo<\/td>\n<\/tr>\n<tr>\n<td style='padding: 10px; border: 1px solid rgba(150&comma;150&comma;150&comma;0.3); text-align: center;'>5<\/td>\n<td style='padding: 10px; border: 1px solid rgba(150&comma;150&comma;150&comma;0.3); text-align: center;'><a style='color: #2880b9; text-decoration: none;' href='https:\/\/www.syscom.mx\/producto\/TG-CR11-TOTAL-GROUND-76026.html' target='_blank' rel='noopener'>TGCR11<\/a><\/td>\n<td style='padding: 10px; border: 1px solid rgba(150&comma;150&comma;150&comma;0.3);'>Conector de Bronce<\/td>\n<\/tr>\n<tr>\n<td style='padding: 10px; border: 1px solid rgba(150&comma;150&comma;150&comma;0.3); text-align: center;'>2<\/td>\n<td style='padding: 10px; border: 1px solid rgba(150&comma;150&comma;150&comma;0.3); text-align: center;'><a style='color: #2880b9; text-decoration: none;' href='https:\/\/www.syscom.mx\/producto\/TG-AB18-TOTAL-GROUND-76028.html' target='_blank' rel='noopener'>TGAB18<\/a><\/td>\n<td style='padding: 10px; border: 1px solid rgba(150&comma;150&comma;150&comma;0.3);'>Conector de Varilla<\/td>\n<\/tr>\n<tr>\n<td style='padding: 10px; border: 1px solid rgba(150&comma;150&comma;150&comma;0.3); text-align: center;'>1<\/td>\n<td style='padding: 10px; border: 1px solid rgba(150&comma;150&comma;150&comma;0.3); text-align: center;'><a style='color: #2880b9; text-decoration: none;' href='https:\/\/www.syscom.mx\/producto\/TG-BUS-G10-TOTAL-GROUND-75914.html' target='_blank' rel='noopener'>TGBUSG10<\/a><\/td>\n<td style='padding: 10px; border: 1px solid rgba(150&comma;150&comma;150&comma;0.3);'>Barra de uni\u00f3n de 7-7\/8&#8242; x 2&#8242; x 1\/4&#8242; con aisladores de 1000A de capacidad<\/td>\n<\/tr>\n<\/tbody>\n<\/table><\/div>\n<\/p><\/div>\n<p> <!-- Accesorios complementarios --> <\/p>\n<div style='margin-bottom: 30px;'>\n<h3 style='font-size: 20px; color: #c0392b; margin-top: 0; margin-bottom: 15px; border-bottom: 2px solid currentColor; padding-bottom: 5px; color: inherit;'>Accesorios complementarios (No incluido):<\/h3>\n<div style='overflow-x: auto;'>\n<table style='width: 100%; border-collapse: collapse;'>\n<thead>\n<tr style='background-color: #f8f8f8;'>\n<th style='padding: 12px; border: 1px solid rgba(150&comma;150&comma;150&comma;0.3); font-weight: bold; color: inherit; text-align: center;'>Cantidad<\/th>\n<th style='padding: 12px; border: 1px solid rgba(150&comma;150&comma;150&comma;0.3); font-weight: bold; color: inherit; text-align: center;'>Modelo<\/th>\n<th style='padding: 12px; border: 1px solid rgba(150&comma;150&comma;150&comma;0.3); font-weight: bold; color: inherit;'>Descripci\u00f3n<\/th>\n<\/tr>\n<\/thead>\n<tbody>\n<tr>\n<td style='padding: 10px; border: 1px solid rgba(150&comma;150&comma;150&comma;0.3); text-align: center;'>1<\/td>\n<td style='padding: 10px; border: 1px solid rgba(150&comma;150&comma;150&comma;0.3); text-align: center;'><a style='color: #2880b9; text-decoration: none;' href='https:\/\/www.syscom.mx\/producto\/SLY-286-BLK-INDIANA-176934.html' target='_blank' rel='noopener'>SLY286BLK<\/a><\/td>\n<td style='padding: 10px; border: 1px solid rgba(150&comma;150&comma;150&comma;0.3);'>Cable de cobre recubierto THW-SL Calibre 2 AWG<\/td>\n<\/tr>\n<tr>\n<td style='padding: 10px; border: 1px solid rgba(150&comma;150&comma;150&comma;0.3); text-align: center;'>1<\/td>\n<td style='padding: 10px; border: 1px solid rgba(150&comma;150&comma;150&comma;0.3); text-align: center;'><a style='color: #2880b9; text-decoration: none;' href='https:\/\/www.syscom.mx\/producto\/TG-BUE-10-TOTAL-GROUND-76028.html' target='_blank' rel='noopener'>TGAB18<\/a><\/td>\n<td style='padding: 10px; border: 1px solid rgba(150&comma;150&comma;150&comma;0.3);'>Barra de uni\u00f3n y distribuci\u00f3n de hilos<\/td>\n<\/tr>\n<\/tbody>\n<\/table><\/div>\n<\/p><\/div>\n<p> <!-- T\u00edtulo cursos y webinars --> <\/p>\n<div style='margin-bottom: 30px; text-align: center;'>\n<h2 style='font-size: 24px; color: #c0392b; margin: 0; padding-bottom: 10px; border-bottom: 2px solid #c0392b; display: inline-block; color: inherit;'>Curso B\u00e1sico para Selecci\u00f3n e Implementaci\u00f3n de Sistemas de Protecci\u00f3n<\/h2>\n<\/p><\/div>\n<p> <!-- Videos --> <\/p>\n<div style='margin-bottom: 40px;'>\n<div style='display: flex; flex-wrap: wrap; gap: 20px; justify-content: center;'> <!-- Video 1 --> <\/p>\n<div style='flex: 1 1 400px; min-width: 300px;'>\n<div style='position: relative; padding-bottom: 56.25%; height: 0; overflow: hidden; margin-bottom: 20px;'>   <\/div>\n<\/p><\/div>\n<p> <!-- Video 2 --> <\/p>\n<div style='flex: 1 1 400px; min-width: 300px;'>\n<div style='position: relative; padding-bottom: 56.25%; height: 0; overflow: hidden; margin-bottom: 20px;'>   <\/div>\n<\/p><\/div>\n<\/p><\/div>\n<\/p><\/div>\n<p> <!-- T\u00edtulo webinars --> <\/p>\n<div style='margin-bottom: 30px; text-align: center;'>\n<h2 style='font-size: 24px; color: #c0392b; margin: 0; padding-bottom: 10px; border-bottom: 2px solid #c0392b; display: inline-block; color: inherit;'>Webinars de Sistemas de Puesta a Tierra y Pararrayos<\/h2>\n<\/p><\/div>\n<p> <!-- Webinars --> <\/p>\n<div style='margin-bottom: 40px;'>\n<div style='display: flex; flex-wrap: wrap; gap: 20px; justify-content: center;'> <!-- Webinar 1 --> <\/p>\n<div style='flex: 1 1 300px; min-width: 280px;'>\n<div style='position: relative; padding-bottom: 56.25%; height: 0; overflow: hidden; margin-bottom: 15px;'>   <\/div>\n<p style='font-size: 14px; color: inherit; margin: 0; padding: 10px; background-color: rgba(255&comma;255&comma;255&comma;0.05); border: 1px solid rgba(150&comma;150&comma;150&comma;0.2); border-radius: 4px;'> WEBINAR2: INSTALACI\u00d3N DE TIERRAS F\u00cdSICAS Y PARARRAYOS.<\/p>\n<\/p><\/div>\n<p> <!-- Webinar 2 --> <\/p>\n<div style='flex: 1 1 300px; min-width: 280px;'>\n<div style='position: relative; padding-bottom: 56.25%; height: 0; overflow: hidden; margin-bottom: 15px;'>   <\/div>\n<p style='font-size: 14px; color: inherit; margin: 0; padding: 10px; background-color: rgba(255&comma;255&comma;255&comma;0.05); border: 1px solid rgba(150&comma;150&comma;150&comma;0.2); border-radius: 4px;'> WEBINAR2: INSTALACI\u00d3N DE TIERRAS F\u00cdSICAS Y PARARRAYOS.<\/p>\n<\/p><\/div>\n<p> <!-- Webinar 3 --> <\/p>\n<div style='flex: 1 1 300px; min-width: 280px;'>\n<div style='position: relative; padding-bottom: 56.25%; height: 0; overflow: hidden; margin-bottom: 15px;'>   <\/div>\n<p style='font-size: 14px; color: inherit; margin: 0; padding: 10px; background-color: rgba(255&comma;255&comma;255&comma;0.05); border: 1px solid rgba(150&comma;150&comma;150&comma;0.2); border-radius: 4px;'> WEBINAR3: SISTEMAS DE PARARRAYO TOTAL GROUND.<\/p>\n<\/p><\/div>\n<\/p><\/div>\n<\/p><\/div>\n<\/p><\/div>\n","protected":false},"excerpt":{"rendered":"<p>Kit de Tierra F\u00edsica modelo TG100K con Electrodo Magnetoactivo 67 x 17 cm, capacidad Max: 100 AMP<\/p>\n","protected":false},"featured_media":43085,"comment_status":"open","ping_status":"closed","template":"","meta":[],"product_brand":[],"product_cat":[1131],"product_tag":[1088,1132,635],"class_list":{"0":"post-43086","1":"product","2":"type-product","3":"status-publish","4":"has-post-thumbnail","6":"product_cat-tierras-fisicas","7":"product_tag-calidad-de-la-energia","8":"product_tag-tierras-fisicas","9":"product_tag-total-ground","11":"first","12":"instock","13":"sale","14":"shipping-taxable","15":"purchasable","16":"product-type-simple"},"_links":{"self":[{"href":"https:\/\/soydeaqui.ddns.net\/pachuca\/index.php\/wp-json\/wp\/v2\/product\/43086","targetHints":{"allow":["GET"]}}],"collection":[{"href":"https:\/\/soydeaqui.ddns.net\/pachuca\/index.php\/wp-json\/wp\/v2\/product"}],"about":[{"href":"https:\/\/soydeaqui.ddns.net\/pachuca\/index.php\/wp-json\/wp\/v2\/types\/product"}],"replies":[{"embeddable":true,"href":"https:\/\/soydeaqui.ddns.net\/pachuca\/index.php\/wp-json\/wp\/v2\/comments?post=43086"}],"wp:featuredmedia":[{"embeddable":true,"href":"https:\/\/soydeaqui.ddns.net\/pachuca\/index.php\/wp-json\/wp\/v2\/media\/43085"}],"wp:attachment":[{"href":"https:\/\/soydeaqui.ddns.net\/pachuca\/index.php\/wp-json\/wp\/v2\/media?parent=43086"}],"wp:term":[{"taxonomy":"product_brand","embeddable":true,"href":"https:\/\/soydeaqui.ddns.net\/pachuca\/index.php\/wp-json\/wp\/v2\/product_brand?post=43086"},{"taxonomy":"product_cat","embeddable":true,"href":"https:\/\/soydeaqui.ddns.net\/pachuca\/index.php\/wp-json\/wp\/v2\/product_cat?post=43086"},{"taxonomy":"product_tag","embeddable":true,"href":"https:\/\/soydeaqui.ddns.net\/pachuca\/index.php\/wp-json\/wp\/v2\/product_tag?post=43086"}],"curies":[{"name":"wp","href":"https:\/\/api.w.org\/{rel}","templated":true}]}}