{"id":43065,"date":"2026-03-18T18:59:29","date_gmt":"2026-03-18T18:59:29","guid":{"rendered":"https:\/\/soydeaqui.ddns.net\/pachuca\/index.php\/producto\/marro-de-acero-de-aleacion-2-72-kg-de-mango-robusto-de-fibra-de-vidrio-con-agujero-para-colgarse-ideal-para-demolicion-golpeo-de-estacas-insercion-de-cunas\/"},"modified":"2026-03-18T18:59:33","modified_gmt":"2026-03-18T18:59:33","slug":"marro-de-acero-de-aleacion-2-72-kg-de-mango-robusto-de-fibra-de-vidrio-con-agujero-para-colgarse-ideal-para-demolicion-golpeo-de-estacas-insercion-de-cunas","status":"publish","type":"product","link":"https:\/\/soydeaqui.ddns.net\/pachuca\/index.php\/producto\/marro-de-acero-de-aleacion-2-72-kg-de-mango-robusto-de-fibra-de-vidrio-con-agujero-para-colgarse-ideal-para-demolicion-golpeo-de-estacas-insercion-de-cunas\/","title":{"rendered":"Marro de Acero de Aleaci\u00f3n 2.72 kg., de Mango Robusto de Fibra de Vidrio con Agujero para Colgarse. Ideal para Demolici\u00f3n, Golpeo de estacas, Inserci\u00f3n de cu\u00f1as"},"content":{"rendered":"<div style='width: 100%; max-width: 1200px; margin: 0 auto; font-family: sans-serif; line-height: 1.6; color: inherit; background-color: transparent;'>\n<div style='display: flex; flex-direction: column; margin-bottom: 30px;'>\n<h1 style='font-size: 28px; margin: 0; font-weight: bold; color: inherit;'>Marro de Acero Octagonal con Agujero para Colgarse&comma; 2.72 kg<\/h1>\n<h2 style='font-size: 20px; margin: 8px 0 0 0; color: inherit; opacity: 0.8;'>H80696<\/h2>\n<\/p><\/div>\n<div style='margin-bottom: 30px;'>\n<h3 style='font-size: 22px; border-bottom: 2px solid currentColor; padding-bottom: 5px; margin-top: 0; color: inherit; opacity: 0.8;'>Caracter\u00edsticas<\/h3>\n<ul style='padding-left: 20px; font-size: 15px; color: inherit; list-style-position: inside;'>\n<li style='margin-bottom: 10px;'>El marro cuenta con una abertura en la cabeza del martillo para facilitar la sujeci\u00f3n con mosquet\u00f3n&comma; garantizando una colocaci\u00f3n segura en cinturones y organizadores de herramientas<\/li>\n<li style='margin-bottom: 10px;'>El agarre de amortiguaci\u00f3n absorbe la vibraci\u00f3n en el momento del impacto&comma; proporcionando protecci\u00f3n y comodidad confiables<\/li>\n<li style='margin-bottom: 10px;'>Mango robusto de fibra de vidrio para ofrecer mayor resistencia y durabilidad<\/li>\n<li style='margin-bottom: 10px;'>La protecci\u00f3n contra golpes excesivamente fuertes est\u00e1 dise\u00f1ada para soportar y resistir el da\u00f1o causado por el manejo brusco y los golpes fallidos<\/li>\n<li style='margin-bottom: 10px;'>Al distribuir eficientemente el peso para transferir energ\u00eda desde el impulso hasta el objetivo&comma; logra maximizar el impacto con menos esfuerzo<\/li>\n<li style='margin-bottom: 10px;'>Agarre antideslizante con nervaduras pronunciadas y textura hexagonal para mantener la posici\u00f3n de la mano<\/li>\n<li style='margin-bottom: 10px;'>El marro se forja y ensambla con orgullo en los EE. UU.<\/li>\n<\/ul><\/div>\n<div style='display: flex; flex-wrap: wrap; gap: 20px; margin-bottom: 30px;'>\n<div style='flex: 1 1 250px; min-width: 200px;'> <img style='width: 100%; height: auto; border: 1px solid rgba(150&comma;150&comma;150&comma;0.3); border-radius: 8px;' src='https:\/\/www.kleintools.com.mx\/sites\/default\/files\/product-assets\/icons\/klein\/wp_made-usa-global-en.jpg' alt='made-usa-global-en Product Icon' \/> <\/div>\n<\/p><\/div>\n<div style='display: flex; flex-wrap: wrap; gap: 20px; margin-bottom: 30px;'>\n<div style='flex: 1 1 250px; min-width: 200px;'> <img style='width: 100%; height: auto; border: 1px solid rgba(150&comma;150&comma;150&comma;0.3); border-radius: 8px;' src='https:\/\/ftp3.syscom.mx\/usuarios\/fotos\/H80696\/227323-h80696_app5.jpg' alt='' \/> <\/div>\n<\/p><\/div>\n<hr style='border: 0; border-top: 1px solid rgba(150&comma; 150&comma; 150&comma; 0.3); margin: 30px 0;'> <\/div>\n","protected":false},"excerpt":{"rendered":"<p>Marro de Acero de Aleaci\u00f3n 2.72 kg., de Mango Robusto de Fibra de Vidrio con Agujero para Colgarse. Ideal para Demolici\u00f3n, Golpeo de estacas, Inserci\u00f3n de cu\u00f1as<\/p>\n","protected":false},"featured_media":43064,"comment_status":"open","ping_status":"closed","template":"","meta":[],"product_brand":[],"product_cat":[1138],"product_tag":[1058,1139,432],"class_list":{"0":"post-43065","1":"product","2":"type-product","3":"status-publish","4":"has-post-thumbnail","6":"product_cat-herramientas-mecanicas","7":"product_tag-ferreteria","8":"product_tag-herramientas-mecanicas","9":"product_tag-klein-tools","11":"first","12":"instock","13":"sale","14":"shipping-taxable","15":"purchasable","16":"product-type-simple"},"_links":{"self":[{"href":"https:\/\/soydeaqui.ddns.net\/pachuca\/index.php\/wp-json\/wp\/v2\/product\/43065","targetHints":{"allow":["GET"]}}],"collection":[{"href":"https:\/\/soydeaqui.ddns.net\/pachuca\/index.php\/wp-json\/wp\/v2\/product"}],"about":[{"href":"https:\/\/soydeaqui.ddns.net\/pachuca\/index.php\/wp-json\/wp\/v2\/types\/product"}],"replies":[{"embeddable":true,"href":"https:\/\/soydeaqui.ddns.net\/pachuca\/index.php\/wp-json\/wp\/v2\/comments?post=43065"}],"wp:featuredmedia":[{"embeddable":true,"href":"https:\/\/soydeaqui.ddns.net\/pachuca\/index.php\/wp-json\/wp\/v2\/media\/43064"}],"wp:attachment":[{"href":"https:\/\/soydeaqui.ddns.net\/pachuca\/index.php\/wp-json\/wp\/v2\/media?parent=43065"}],"wp:term":[{"taxonomy":"product_brand","embeddable":true,"href":"https:\/\/soydeaqui.ddns.net\/pachuca\/index.php\/wp-json\/wp\/v2\/product_brand?post=43065"},{"taxonomy":"product_cat","embeddable":true,"href":"https:\/\/soydeaqui.ddns.net\/pachuca\/index.php\/wp-json\/wp\/v2\/product_cat?post=43065"},{"taxonomy":"product_tag","embeddable":true,"href":"https:\/\/soydeaqui.ddns.net\/pachuca\/index.php\/wp-json\/wp\/v2\/product_tag?post=43065"}],"curies":[{"name":"wp","href":"https:\/\/api.w.org\/{rel}","templated":true}]}}