{"id":43061,"date":"2026-03-18T18:59:18","date_gmt":"2026-03-18T18:59:18","guid":{"rendered":"https:\/\/soydeaqui.ddns.net\/pachuca\/index.php\/producto\/transformador-bipartido-flexible-con-relacion-de-800-5-a\/"},"modified":"2026-03-18T18:59:19","modified_gmt":"2026-03-18T18:59:19","slug":"transformador-bipartido-flexible-con-relacion-de-800-5-a","status":"publish","type":"product","link":"https:\/\/soydeaqui.ddns.net\/pachuca\/index.php\/producto\/transformador-bipartido-flexible-con-relacion-de-800-5-a\/","title":{"rendered":"Transformador bipartido flexible con relaci\u00f3n de 800\/5 A"},"content":{"rendered":"<div style='width: 100%; max-width: 1200px; margin: 0 auto; font-family: sans-serif; line-height: 1.6; color: inherit; background-color: transparent;'>\n<div style='display: flex; flex-wrap: wrap; gap: 30px; margin-bottom: 30px;'>\n<div style='flex: 1 1 300px; min-width: 280px;'>\n<h3 style='font-size: 22px; border-bottom: 2px solid currentColor; padding-bottom: 5px; margin-top: 0; color: inherit; opacity: 0.8;'>Caracter\u00edsticas<\/h3>\n<ul style='padding-left: 20px; font-size: 15px; color: inherit;'>\n<li style='margin-bottom: 5px;'><strong>Alta resistencia:<\/strong> Gracias a su aislamiento de 600 volts&comma; ofrecen una protecci\u00f3n superior frente a sobrecargas y variaciones el\u00e9ctricas&comma; opera en 50-60 Hz.<\/li>\n<li style='margin-bottom: 5px;'><strong>F\u00e1cil instalaci\u00f3n:<\/strong> Su dise\u00f1o bipartido permite una integraci\u00f3n sencilla en cualquier sistema el\u00e9ctrico&comma; sin comprometer la eficiencia con una apertura hasta 90% de su Diametro.<\/li>\n<li style='margin-bottom: 5px;'><strong>Durabilidad garantizada:<\/strong> Fabricados con materiales de alta calidad que aseguran un funcionamiento prolongado&comma; reduciendo el costo de mantenimiento.<\/li>\n<li style='margin-bottom: 5px;'><strong>Versatilidad:<\/strong> Ideales para aplicaciones industriales&comma; comerciales y residenciales donde se requiera transformaci\u00f3n de corriente en sistemas de medici\u00f3n y control.<\/li>\n<\/ul><\/div>\n<\/p><\/div>\n<div style='display: flex; flex-wrap: wrap; gap: 30px; margin-bottom: 30px;'>\n<div style='flex: 1 1 300px; min-width: 280px;'>\n<p style='font-size: 15px; color: inherit;'>El transformador bipartido flexible con una relaci\u00f3n de 800\/5 A es una soluci\u00f3n eficiente y vers\u00e1til para tus necesidades de transformaci\u00f3n de corriente en sistemas de medici\u00f3n y control.<\/p>\n<\/p><\/div>\n<\/p><\/div>\n<div style='display: flex; flex-wrap: wrap; gap: 30px; margin-bottom: 30px;'>\n<div style='flex: 1 1 300px; min-width: 280px;'> <img style='width: 100%; height: auto; border: 1px solid rgba(150&comma;150&comma;150&comma;0.3); border-radius: 8px;' src='data:image\/png;base64&comma;iVBORw0KGgoAAAANSUhEUgAAAMgAAABHCAIAAADN3J\/EAAATyElEQVR4Ae2ceVgT19rAM5mCCRQQq5Z9C+ACIhDU4gLiVgErCnUHxQUsgghWBaSyWJWqvRWloCBVkae9WimiooiKbLIJVHaBAIGEnSSQPTP\/fMCU+Ua0irYxvenMcx5yEs6862\/OOfNOgADjBx4BKUSAIAWZuEg8AjAOFg6BVCKAgyWVsOJCcbBwBqQSARwsqYQVF4qDhTMglQjgYEklrLhQHCycAalEAAdLKmHFheJg4QxIJQI4WFIJKy4UBwtnQCoRwMGSSlhxoThYOANSiQAOllTCigvFwcIZkEoEcLCkElZcKA4WzoBUIoCDJZWw4kJxsHAGpBIBHCyphBUXioOFMyCVCOBgSSWsuFAcLJwBqUQAB0sqYcWF4mDhDEglAjhYUgkrLhQHC2dAKhHAwZJKWHGhOFg4A1KJAA6WVMKKC8XBwhmQSgRwsKQS1n8B9zZ478D05qMAAAAASUVORK5CYII=' alt=''><\/div>\n<div style='flex: 1 1 300px; min-width: 280px;'> <img style='width: 100%; height: auto; border: 1px solid rgba(150&comma;150&comma;150&comma;0.3); border-radius: 8px;' src='data:image\/png;base64&comma;iVBORw0KGgoAAAANSUhEUgAAASsAAABbCAYAAAAr8aPBAAAQ9UlEQVR4Ae2czesdVxnHu1H\/AXVboXVX33WjWAS7qBARbKlIwYWtKMVValuLqCTdFLXEZOFrURrUKnWT+gIVU1otpGZjiCTZSdtkn4QuXLgY+Yx8L0+enrl37sncmXs+\/88zN7c0NiuwAlZgAQrcstD4IVoBK2AFGqPC6n92z4J1rP949QAAAABJRU5ErkJggg==' alt=''><\/div>\n<\/p><\/div>\n<\/p><\/div>\n","protected":false},"excerpt":{"rendered":"<p>Transformador bipartido flexible con relaci\u00f3n de 800\/5 A<\/p>\n","protected":false},"featured_media":43060,"comment_status":"open","ping_status":"closed","template":"","meta":[],"product_brand":[],"product_cat":[1087],"product_tag":[1089,1088,635],"class_list":{"0":"post-43061","1":"product","2":"type-product","3":"status-publish","4":"has-post-thumbnail","6":"product_cat-banco-de-capacitores","7":"product_tag-banco-de-capacitores","8":"product_tag-calidad-de-la-energia","9":"product_tag-total-ground","11":"first","12":"outofstock","13":"sale","14":"shipping-taxable","15":"purchasable","16":"product-type-simple"},"_links":{"self":[{"href":"https:\/\/soydeaqui.ddns.net\/pachuca\/index.php\/wp-json\/wp\/v2\/product\/43061","targetHints":{"allow":["GET"]}}],"collection":[{"href":"https:\/\/soydeaqui.ddns.net\/pachuca\/index.php\/wp-json\/wp\/v2\/product"}],"about":[{"href":"https:\/\/soydeaqui.ddns.net\/pachuca\/index.php\/wp-json\/wp\/v2\/types\/product"}],"replies":[{"embeddable":true,"href":"https:\/\/soydeaqui.ddns.net\/pachuca\/index.php\/wp-json\/wp\/v2\/comments?post=43061"}],"wp:featuredmedia":[{"embeddable":true,"href":"https:\/\/soydeaqui.ddns.net\/pachuca\/index.php\/wp-json\/wp\/v2\/media\/43060"}],"wp:attachment":[{"href":"https:\/\/soydeaqui.ddns.net\/pachuca\/index.php\/wp-json\/wp\/v2\/media?parent=43061"}],"wp:term":[{"taxonomy":"product_brand","embeddable":true,"href":"https:\/\/soydeaqui.ddns.net\/pachuca\/index.php\/wp-json\/wp\/v2\/product_brand?post=43061"},{"taxonomy":"product_cat","embeddable":true,"href":"https:\/\/soydeaqui.ddns.net\/pachuca\/index.php\/wp-json\/wp\/v2\/product_cat?post=43061"},{"taxonomy":"product_tag","embeddable":true,"href":"https:\/\/soydeaqui.ddns.net\/pachuca\/index.php\/wp-json\/wp\/v2\/product_tag?post=43061"}],"curies":[{"name":"wp","href":"https:\/\/api.w.org\/{rel}","templated":true}]}}