{"id":43030,"date":"2026-03-18T18:58:29","date_gmt":"2026-03-18T18:58:29","guid":{"rendered":"https:\/\/soydeaqui.ddns.net\/pachuca\/index.php\/producto\/barra-de-union-para-telecomunicaciones-tmgb-de-12-in-x-4-in-x-1-4-in-incluye-montaje-para-muro-y-aisladores\/"},"modified":"2026-03-18T18:58:34","modified_gmt":"2026-03-18T18:58:34","slug":"barra-de-union-para-telecomunicaciones-tmgb-de-12-in-x-4-in-x-1-4-in-incluye-montaje-para-muro-y-aisladores","status":"publish","type":"product","link":"https:\/\/soydeaqui.ddns.net\/pachuca\/index.php\/producto\/barra-de-union-para-telecomunicaciones-tmgb-de-12-in-x-4-in-x-1-4-in-incluye-montaje-para-muro-y-aisladores\/","title":{"rendered":"Barra de Uni\u00f3n para Telecomunicaciones (TMGB) de 12 in x 4 in x 1\/4 in, Incluye Montaje para Muro y Aisladores,"},"content":{"rendered":"<div style='width: 100%; max-width: 1200px; margin: 0 auto; font-family: sans-serif; line-height: 1.6; color: inherit; background-color: transparent;'>\n<div style='width: 100%; text-align: center; margin-bottom: 20px;'> <img style='width: 100%; max-width: 400px; height: auto; border: 1px solid rgba(150&comma;150&comma;150&comma;0.3); border-radius: 8px;' src='https:\/\/ftp3.syscom.mx\/usuarios\/fotos\/AT5315KIT\/183255-logo-lpg.png' alt='Logo LinkedPro'> <\/div>\n<div style='display: flex; flex-wrap: wrap; gap: 30px; margin-bottom: 30px;'>\n<div style='flex: 1 1 300px; min-width: 280px;'>\n<h3 style='font-size: 22px; border-bottom: 2px solid currentColor; padding-bottom: 5px; margin-top: 0; color: inherit; opacity: 0.8;'>Descripci\u00f3n<\/h3>\n<p style='font-size: 15px; color: inherit;'>Barra de uni\u00f3n de Puesta a Tierra Principal para Telecomunicaciones fabricada en cobre&comma; su principal funci\u00f3n consiste en brindar puntos de conexi\u00f3n de las diferentes aplicaciones conectadas que se desean proteger hacia un sistema de puesta a tierra com\u00fan&comma; el cual puede conformarse de uno o m\u00e1s electrodos de puesta a tierra.<\/p>\n<p style='font-size: 15px; color: inherit;'>La uni\u00f3n se realiza mediante hilos de tierra&comma; los cuales son conductores el\u00e9ctricos empalmados a trav\u00e9s de conectores mec\u00e1nicos&comma; de manera que deben llegar a cada borne de dicha barra de uni\u00f3n.<\/p>\n<\/p><\/div>\n<\/p><\/div>\n<div style='display: grid; grid-template-columns: repeat(auto-fill&comma; minmax(280px&comma; 1fr)); gap: 20px; margin-bottom: 30px;'>\n<div style='border: 1px solid rgba(150&comma; 150&comma; 150&comma; 0.4); border-radius: 8px; overflow: hidden; display: flex; flex-direction: column;'>\n<div style='padding: 15px; border-bottom: 1px solid rgba(150&comma; 150&comma; 150&comma; 0.2); font-weight: bold; font-size: 18px; color: inherit;'>Beneficios<\/div>\n<div style='padding: 15px; color: inherit;'>\n<ul style='padding-left: 20px; margin: 0; font-size: 14px; list-style-type: disc;'>\n<li style='margin-bottom: 5px;'>F\u00e1cil de instalar<\/li>\n<li style='margin-bottom: 5px;'>Permite su revisi\u00f3n y mantenimiento en las conexiones.<\/li>\n<li style='margin-bottom: 5px;'>Permite su conexi\u00f3n mediante conectores mec\u00e1nicos o de compresi\u00f3n.<\/li>\n<li style='margin-bottom: 5px;'>Cumple con est\u00e1ndares en telecomunicaciones EIA\/TIA J-STD-607-A&comma; BICSI y TELMEX<\/li>\n<\/ul><\/div>\n<\/p><\/div>\n<div style='border: 1px solid rgba(150&comma; 150&comma; 150&comma; 0.4); border-radius: 8px; overflow: hidden; display: flex; flex-direction: column;'>\n<div style='padding: 15px; border-bottom: 1px solid rgba(150&comma; 150&comma; 150&comma; 0.2); font-weight: bold; font-size: 18px; color: inherit;'>Aplicaciones<\/div>\n<div style='padding: 15px; color: inherit;'>\n<ul style='padding-left: 20px; margin: 0; font-size: 14px; list-style-type: disc;'>\n<li style='margin-bottom: 5px;'>Barra de uni\u00f3n para telecomunicaciones.<\/li>\n<li style='margin-bottom: 5px;'>Distribuci\u00f3n a tierra para CCTV<\/li>\n<li style='margin-bottom: 5px;'>Distribuci\u00f3n de hilo para tableros el\u00e9ctricos.<\/li>\n<li style='margin-bottom: 5px;'>Derivaci\u00f3n de hilos de tierra en SITE (MDF e IDF).<\/li>\n<\/ul><\/div>\n<\/p><\/div>\n<div style='border: 1px solid rgba(150&comma; 150&comma; 150&comma; 0.4); border-radius: 8px; overflow: hidden; display: flex; flex-direction: column;'>\n<div style='padding: 15px; border-bottom: 1px solid rgba(150&comma; 150&comma; 150&comma; 0.2); font-weight: bold; font-size: 18px; color: inherit;'>Caracter\u00edsticas<\/div>\n<div style='padding: 15px; color: inherit;'>\n<ul style='padding-left: 20px; margin: 0; font-size: 14px; list-style-type: disc;'>\n<li style='margin-bottom: 5px;'>Solera fabricada en cobre.<\/li>\n<li style='margin-bottom: 5px;'>Trapecio de acero galvanizado.<\/li>\n<li style='margin-bottom: 5px;'>Aisladores tipo manzana en color rojo.<\/li>\n<li style='margin-bottom: 5px;'>Pre-ensamblados&comma; con soportes y aisladores para una instalaci\u00f3n r\u00e1pida.<\/li>\n<\/ul><\/div>\n<\/p><\/div>\n<div style='border: 1px solid rgba(150&comma; 150&comma; 150&comma; 0.4); border-radius: 8px; overflow: hidden; display: flex; flex-direction: column;'>\n<div style='padding: 15px; border-bottom: 1px solid rgba(150&comma; 150&comma; 150&comma; 0.2); font-weight: bold; font-size: 18px; color: inherit;'>Especificaciones<\/div>\n<div style='padding: 15px; color: inherit;'>\n<ul style='padding-left: 20px; margin: 0; font-size: 14px; list-style-type: disc;'>\n<li style='margin-bottom: 5px;'><strong>Largo:<\/strong> 12&#8242; (304.8 mm)<\/li>\n<li style='margin-bottom: 5px;'><strong>Ancho:<\/strong> 4&#8242; (101.6 mm)<\/li>\n<li style='margin-bottom: 5px;'><strong>Espesor:<\/strong> 1\/4&#8242; (6.35 mm)<\/li>\n<\/ul><\/div>\n<\/p><\/div>\n<div style='border: 1px solid rgba(150&comma; 150&comma; 150&comma; 0.4); border-radius: 8px; overflow: hidden; display: flex; flex-direction: column;'>\n<div style='padding: 15px; border-bottom: 1px solid rgba(150&comma; 150&comma; 150&comma; 0.2); font-weight: bold; font-size: 18px; color: inherit;'>Orificios<\/div>\n<div style='padding: 15px; color: inherit;'>\n<ul style='padding-left: 20px; margin: 0; font-size: 14px; list-style-type: disc;'>\n<li style='margin-bottom: 5px;'>17 orificios de <strong>11.2 mm<\/strong> (7\/16&#8242;) de di\u00e1metro.<\/li>\n<li style='margin-bottom: 5px;'>44 orificios de <strong>7.9 mm<\/strong> (5\/16&#8242;) de di\u00e1metro.<\/li>\n<\/ul><\/div>\n<\/p><\/div>\n<div style='border: 1px solid rgba(150&comma; 150&comma; 150&comma; 0.4); border-radius: 8px; overflow: hidden; display: flex; flex-direction: column;'>\n<div style='padding: 15px; border-bottom: 1px solid rgba(150&comma; 150&comma; 150&comma; 0.2); font-weight: bold; font-size: 18px; color: inherit;'>Garant\u00eda<\/div>\n<div style='padding: 15px; color: inherit;'>\n<p style='margin: 0; font-size: 14px;'>10 a\u00f1os<\/p>\n<\/p><\/div>\n<\/p><\/div>\n<\/p><\/div>\n<div style='width: 100%; text-align: center; margin: 30px 0;'> <img style='width: 100%; height: auto; border: 1px solid rgba(150&comma;150&comma;150&comma;0.3); border-radius: 8px;' src='https:\/\/ftp3.syscom.mx\/usuarios\/fotos\/LPBUSTMX12\/230367-medbar2.jpg' alt='Barra de Uni\u00f3n para Telecomunicaciones'> <\/div>\n<\/p><\/div>\n","protected":false},"excerpt":{"rendered":"<p>Barra de Uni\u00f3n para Telecomunicaciones (TMGB) de 12 in x 4 in x 1\/4 in, Incluye Montaje para Muro y Aisladores,<\/p>\n","protected":false},"featured_media":43029,"comment_status":"open","ping_status":"closed","template":"","meta":[],"product_brand":[],"product_cat":[633],"product_tag":[634,435,605],"class_list":{"0":"post-43030","1":"product","2":"type-product","3":"status-publish","4":"has-post-thumbnail","6":"product_cat-accesorios-para-rack-gabinetes","7":"product_tag-accesorios-para-rack-gabinetes","8":"product_tag-linkedpro-by-epcom","9":"product_tag-racks-y-gabinetes","11":"first","12":"instock","13":"sale","14":"shipping-taxable","15":"purchasable","16":"product-type-simple"},"_links":{"self":[{"href":"https:\/\/soydeaqui.ddns.net\/pachuca\/index.php\/wp-json\/wp\/v2\/product\/43030","targetHints":{"allow":["GET"]}}],"collection":[{"href":"https:\/\/soydeaqui.ddns.net\/pachuca\/index.php\/wp-json\/wp\/v2\/product"}],"about":[{"href":"https:\/\/soydeaqui.ddns.net\/pachuca\/index.php\/wp-json\/wp\/v2\/types\/product"}],"replies":[{"embeddable":true,"href":"https:\/\/soydeaqui.ddns.net\/pachuca\/index.php\/wp-json\/wp\/v2\/comments?post=43030"}],"wp:featuredmedia":[{"embeddable":true,"href":"https:\/\/soydeaqui.ddns.net\/pachuca\/index.php\/wp-json\/wp\/v2\/media\/43029"}],"wp:attachment":[{"href":"https:\/\/soydeaqui.ddns.net\/pachuca\/index.php\/wp-json\/wp\/v2\/media?parent=43030"}],"wp:term":[{"taxonomy":"product_brand","embeddable":true,"href":"https:\/\/soydeaqui.ddns.net\/pachuca\/index.php\/wp-json\/wp\/v2\/product_brand?post=43030"},{"taxonomy":"product_cat","embeddable":true,"href":"https:\/\/soydeaqui.ddns.net\/pachuca\/index.php\/wp-json\/wp\/v2\/product_cat?post=43030"},{"taxonomy":"product_tag","embeddable":true,"href":"https:\/\/soydeaqui.ddns.net\/pachuca\/index.php\/wp-json\/wp\/v2\/product_tag?post=43030"}],"curies":[{"name":"wp","href":"https:\/\/api.w.org\/{rel}","templated":true}]}}