{"id":43022,"date":"2026-03-18T18:58:19","date_gmt":"2026-03-18T18:58:19","guid":{"rendered":"https:\/\/soydeaqui.ddns.net\/pachuca\/index.php\/producto\/punta-pararrayo-de-aluminio-de-50-m-de-diametro-de-proteccion\/"},"modified":"2026-03-18T18:58:19","modified_gmt":"2026-03-18T18:58:19","slug":"punta-pararrayo-de-aluminio-de-50-m-de-diametro-de-proteccion","status":"publish","type":"product","link":"https:\/\/soydeaqui.ddns.net\/pachuca\/index.php\/producto\/punta-pararrayo-de-aluminio-de-50-m-de-diametro-de-proteccion\/","title":{"rendered":"Punta Pararrayo de Aluminio de 50 m de Di\u00e1metro de Protecci\u00f3n"},"content":{"rendered":"<div style='width: 100%; max-width: 1200px; margin: 0 auto; font-family: sans-serif; line-height: 1.6; color: inherit; background-color: transparent;'>\n<div style='display: flex; flex-wrap: wrap; gap: 30px; margin-bottom: 30px;'>\n<div style='flex: 1 1 300px; min-width: 280px;'>\n<div style='border-left: 5px solid #02D9DB; border-radius: 5px; padding: 15px; background-color: rgba(216&comma; 216&comma; 216&comma; 0.2);'>\n<h3 style='font-size: 18px; border-bottom: 1px solid rgba(150&comma; 150&comma; 150&comma; 0.3); padding-bottom: 5px; margin-top: 0; color: #2880b9; font-weight: bold; font-family: sans-serif; text-transform: uppercase;'>DESCRIPCI\u00d3N<\/h3>\n<p style='font-size: 15px; color: inherit; margin: 10px 0;'>Punta Pararrayos de rechazo cat\u00f3dico fabricada en Aluminio&comma; para protecci\u00f3n de estructuras de 50 metros en di\u00e1metro de cobertura. Brinda un punto seguro para captar y drenar la corriente del rayo a tierra.<\/p>\n<p style='font-size: 15px; color: inherit; margin: 10px 0;'><strong style='color: inherit; font-weight: bold;'>Electrodo<\/strong> fabricado en cobre con tratamiento electrol\u00edtico para obtener mayor conductividad&comma; baja resistencia y durabilidad en terrenos agresivos.<\/p>\n<p style='font-size: 15px; color: inherit; margin: 10px 0;'><strong style='color: inherit; font-weight: bold;'>Filtro equipotencial<\/strong> posee la propiedad de amortiguar bajas frecuencias&comma; minimizar ruidos&comma; impedir el paso de corrientes de retorno y cuenta con conexi\u00f3n lateral autoconectable la cual nos ayuda a unir potencialmente los electrodos naturales&comma; as\u00ed como prefabricados en sitio.<\/p>\n<p style='font-size: 15px; color: inherit; margin: 10px 0;'><strong style='color: inherit; font-weight: bold;'>Compuesto reactivador de terreno<\/strong> el cual se compone de minerales conductivos para bajar la resistividad de terreno y mejorar el funcionamiento del sistema de puesta.<\/p>\n<\/p><\/div>\n<\/p><\/div>\n<div style='flex: 1 1 300px; min-width: 280px;'>\n<div style='border-left: 5px solid #02D9DB; border-radius: 5px; padding: 15px; background-color: rgba(216&comma; 216&comma; 216&comma; 0.2);'>\n<h3 style='font-size: 18px; border-bottom: 1px solid rgba(150&comma; 150&comma; 150&comma; 0.3); padding-bottom: 5px; margin-top: 0; color: #2880b9; font-weight: bold; font-family: sans-serif; text-transform: uppercase;'>APLICACIONES<\/h3>\n<p style='font-size: 15px; color: inherit; margin: 10px 0;'><strong style='color: inherit; font-weight: bold;'>Brinda protecci\u00f3n VS impactos directos de rayos a superficies o estructuras&comma; Ideal para:<\/strong><\/p>\n<ul style='padding-left: 20px; margin: 10px 0 10px 30px; font-size: 15px; list-style-type: disc;'>\n<li style='margin-bottom: 5px; color: inherit;'>Torres arriostradas de telecomunicaciones.<\/li>\n<li style='margin-bottom: 5px; color: inherit;'>Torres auto soportadas de telecomunicaciones.<\/li>\n<li style='margin-bottom: 5px; color: inherit;'>Casa Habitacion<\/li>\n<li style='margin-bottom: 5px; color: inherit;'>Residencias.<\/li>\n<li style='margin-bottom: 5px; color: inherit;'>Oficinas.<\/li>\n<li style='margin-bottom: 5px; color: inherit;'>Centros de trabajo privado o p\u00fablico<\/li>\n<\/ul><\/div>\n<\/p><\/div>\n<div style='flex: 1 1 300px; min-width: 280px;'>\n<div style='border-left: 5px solid #02D9DB; border-radius: 5px; padding: 15px; background-color: rgba(216&comma; 216&comma; 216&comma; 0.2);'>\n<h3 style='font-size: 18px; border-bottom: 1px solid rgba(150&comma; 150&comma; 150&comma; 0.3); padding-bottom: 5px; margin-top: 0; color: #2880b9; font-weight: bold; font-family: sans-serif; text-transform: uppercase;'>MEDIDAS<\/h3>\n<ul style='padding-left: 20px; margin: 10px 0 10px 30px; font-size: 15px; list-style-type: disc;'>\n<li style='margin-bottom: 5px; color: inherit;'><strong style='color: inherit; font-weight: bold;'>Electrodo:<\/strong><\/li>\n<\/ul>\n<p style='font-size: 15px; color: inherit; margin: 10px 0;'>Largo del tubo de la estructura: 50cm<\/p>\n<p style='font-size: 15px; color: inherit; margin: 10px 0;'>Largo del tri\u00e1ngulo de cobre: 12cm<\/p>\n<p style='font-size: 15px; color: inherit; margin: 10px 0;'>Di\u00e1metro de tubo de cobre: 3\/4&#8242;<\/p>\n<ul style='padding-left: 20px; margin: 10px 0 10px 30px; font-size: 15px; list-style-type: disc;'>\n<li style='margin-bottom: 5px; color: inherit;'><strong style='color: inherit; font-weight: bold;'>Filtro:<\/strong><\/li>\n<\/ul>\n<p style='font-size: 15px; color: inherit; margin: 10px 0;'>Largo del filtro: 14cm<\/p>\n<p style='font-size: 15px; color: inherit; margin: 10px 0;'>Di\u00e1metro de filtro: 2&#8242;<\/p>\n<p style='font-size: 15px; color: inherit; margin: 10px 0;'>Esp\u00e1rragos laterales de acero inoxidable: 1\/2&#8242;<\/p>\n<ul style='padding-left: 20px; margin: 10px 0 10px 30px; font-size: 15px; list-style-type: disc;'>\n<li style='margin-bottom: 5px; color: inherit;'><strong style='color: inherit; font-weight: bold;'>Punta Pararrayos:<\/strong><\/li>\n<\/ul>\n<p style='font-size: 15px; color: inherit; margin: 10px 0;'>Mastil: 111cm<\/p>\n<p style='font-size: 15px; color: inherit; margin: 10px 0;'>Punta de Aluminio: 15cm<\/p>\n<\/p><\/div>\n<\/p><\/div>\n<\/p><\/div>\n<div style='display: flex; justify-content: center; margin: 30px 0;'> <img style='width: 100%; max-width: 600px; height: auto; border: 1px solid rgba(150&comma; 150&comma; 150&comma; 0.3); border-radius: 8px;' src='https:\/\/ftp3.syscom.mx\/usuarios\/fotos\/LPEPC50D\/230343-medlp1.jpg' alt='Medici\u00f3n de Punta Pararrayo'> <\/div>\n<hr style='border: 0; border-top: 1px solid rgba(150&comma; 150&comma; 150&comma; 0.3); margin: 30px 0;'> <\/div>\n","protected":false},"excerpt":{"rendered":"<p>Punta Pararrayo de Aluminio de 50 m de Di\u00e1metro de Protecci\u00f3n<\/p>\n","protected":false},"featured_media":43021,"comment_status":"open","ping_status":"closed","template":"","meta":[],"product_brand":[],"product_cat":[1161],"product_tag":[1088,435,1162],"class_list":{"0":"post-43022","1":"product","2":"type-product","3":"status-publish","4":"has-post-thumbnail","6":"product_cat-pararrayos","7":"product_tag-calidad-de-la-energia","8":"product_tag-linkedpro-by-epcom","9":"product_tag-pararrayos","11":"first","12":"instock","13":"sale","14":"shipping-taxable","15":"purchasable","16":"product-type-simple"},"_links":{"self":[{"href":"https:\/\/soydeaqui.ddns.net\/pachuca\/index.php\/wp-json\/wp\/v2\/product\/43022","targetHints":{"allow":["GET"]}}],"collection":[{"href":"https:\/\/soydeaqui.ddns.net\/pachuca\/index.php\/wp-json\/wp\/v2\/product"}],"about":[{"href":"https:\/\/soydeaqui.ddns.net\/pachuca\/index.php\/wp-json\/wp\/v2\/types\/product"}],"replies":[{"embeddable":true,"href":"https:\/\/soydeaqui.ddns.net\/pachuca\/index.php\/wp-json\/wp\/v2\/comments?post=43022"}],"wp:featuredmedia":[{"embeddable":true,"href":"https:\/\/soydeaqui.ddns.net\/pachuca\/index.php\/wp-json\/wp\/v2\/media\/43021"}],"wp:attachment":[{"href":"https:\/\/soydeaqui.ddns.net\/pachuca\/index.php\/wp-json\/wp\/v2\/media?parent=43022"}],"wp:term":[{"taxonomy":"product_brand","embeddable":true,"href":"https:\/\/soydeaqui.ddns.net\/pachuca\/index.php\/wp-json\/wp\/v2\/product_brand?post=43022"},{"taxonomy":"product_cat","embeddable":true,"href":"https:\/\/soydeaqui.ddns.net\/pachuca\/index.php\/wp-json\/wp\/v2\/product_cat?post=43022"},{"taxonomy":"product_tag","embeddable":true,"href":"https:\/\/soydeaqui.ddns.net\/pachuca\/index.php\/wp-json\/wp\/v2\/product_tag?post=43022"}],"curies":[{"name":"wp","href":"https:\/\/api.w.org\/{rel}","templated":true}]}}