{"id":43008,"date":"2026-03-18T18:57:59","date_gmt":"2026-03-18T18:57:59","guid":{"rendered":"https:\/\/soydeaqui.ddns.net\/pachuca\/index.php\/producto\/mordaza-de-acero-fija-barras-de-3-4-para-varilla-roscada-de-3-8\/"},"modified":"2026-03-18T18:57:59","modified_gmt":"2026-03-18T18:57:59","slug":"mordaza-de-acero-fija-barras-de-3-4-para-varilla-roscada-de-3-8","status":"publish","type":"product","link":"https:\/\/soydeaqui.ddns.net\/pachuca\/index.php\/producto\/mordaza-de-acero-fija-barras-de-3-4-para-varilla-roscada-de-3-8\/","title":{"rendered":"Mordaza de Acero Fija barras de 3\/4&#8243;, para varilla roscada de 3\/8&#8243;."},"content":{"rendered":"<div style='width: 100%; max-width: 1200px; margin: 0 auto; font-family: sans-serif; line-height: 1.6; color: inherit; background-color: transparent;'>\n<div style='display: flex; flex-wrap: wrap; gap: 30px; margin-bottom: 30px;'>\n<div style='flex: 1 1 300px; min-width: 280px;'>\n<h3 style='font-size: 22px; border-bottom: 2px solid currentColor; padding-bottom: 5px; margin-top: 0; color: inherit; opacity: 0.8;'>Caracter\u00edsticas<\/h3>\n<ul style='padding-left: 20px; font-size: 15px; color: inherit;'>\n<li style='margin-bottom: 5px;'><strong>Sistemas de fijaci\u00f3n:<\/strong> r\u00e1pida en perfiles y estructura met\u00e1lica&comma; sin taladrar ni soldar<\/li>\n<li style='margin-bottom: 5px;'><strong>Amplio rango:<\/strong> de modelos para todo tipo de perfiles<\/li>\n<li style='margin-bottom: 5px;'><strong>Resistencia mec\u00e1nica:<\/strong> alta en sistemas de suspensi\u00f3n<\/li>\n<li style='margin-bottom: 5px;'><strong>V\u00e1lida para:<\/strong> amplio rango de espesores en perfiles estructurales<\/li>\n<\/ul>\n<\/div>\n<\/div>\n<\/div>\n<div style='display: flex; flex-wrap: wrap; gap: 20px; margin-bottom: 30px;'>\n<div style='flex: 1 1 250px; border: 1px solid rgba(150&comma; 150&comma; 150&comma; 0.4); border-radius: 8px; overflow: hidden; display: flex; flex-direction: column;'>\n<div style='padding: 15px; border-bottom: 1px solid rgba(150&comma; 150&comma; 150&comma; 0.2); font-weight: bold; font-size: 18px; color: inherit;'>Aplicaciones<\/div>\n<div style='padding: 15px; color: inherit;'>\n<ul style='padding-left: 20px; margin: 0; font-size: 14px; list-style-type: disc;'>\n<li style='margin-bottom: 5px;'><strong>Empleo:<\/strong> fijaci\u00f3n de falsos techos&comma; sistemas con varilla roscada&comma; fijaci\u00f3n de tuber\u00edas con abrazaderas<\/li>\n<li style='margin-bottom: 5px;'><strong>Facilidad:<\/strong> y rapidez de instalaci\u00f3n<\/li>\n<li style='margin-bottom: 5px;'><strong>Incorpora:<\/strong> doble tuerca para mayor seguridad<\/li>\n<\/ul>\n<\/div>\n<\/div>\n<div style='flex: 1 1 250px; border: 1px solid rgba(150&comma; 150&comma; 150&comma; 0.4); border-radius: 8px; overflow: hidden; display: flex; flex-direction: column;'>\n<div style='padding: 15px; border-bottom: 1px solid rgba(150&comma; 150&comma; 150&comma; 0.2); font-weight: bold; font-size: 18px; color: inherit;'>Especificaciones<\/div>\n<div style='padding: 15px; color: inherit;'>\n<ul style='padding-left: 20px; margin: 0; font-size: 14px; list-style-type: disc;'>\n<li style='margin-bottom: 5px;'><strong>Espesor m\u00e1x. viga:<\/strong> 3\/4&#8242;<\/li>\n<li style='margin-bottom: 5px;'><strong>Dimensiones:<\/strong> A (41.5 mm)&comma; B (49 mm)&comma; C (27 mm)&comma; D (25 mm)&comma; E (19 mm)<\/li>\n<li style='margin-bottom: 5px;'><strong>Di\u00e1metro taladro:<\/strong> Roscado 3\/8&#8242;<\/li>\n<li style='margin-bottom: 5px;'><strong>Para instalaci\u00f3n:<\/strong> 17 Nm<\/li>\n<li style='margin-bottom: 5px;'><strong>Resistencia Caracter\u00edstica:<\/strong> 640 kg<\/li>\n<\/ul>\n<\/div>\n<\/div>\n<\/div>\n<hr style='border: 0; border-top: 1px solid rgba(150&comma; 150&comma; 150&comma; 0.3); margin: 30px 0;'><\/div>\n","protected":false},"excerpt":{"rendered":"<p>Mordaza de Acero Fija barras de 3\/4&#8243;, para varilla roscada de 3\/8&#8243;.<\/p>\n","protected":false},"featured_media":43007,"comment_status":"open","ping_status":"closed","template":"","meta":[],"product_brand":[],"product_cat":[655],"product_tag":[572,709,656],"class_list":{"0":"post-43008","1":"product","2":"type-product","3":"status-publish","4":"has-post-thumbnail","6":"product_cat-tuberia-metalica-conduit-accesorios","7":"product_tag-canalizacion","8":"product_tag-index","9":"product_tag-tuberia-metalica-conduit-accesorios","11":"first","12":"instock","13":"sale","14":"shipping-taxable","15":"purchasable","16":"product-type-simple"},"_links":{"self":[{"href":"https:\/\/soydeaqui.ddns.net\/pachuca\/index.php\/wp-json\/wp\/v2\/product\/43008","targetHints":{"allow":["GET"]}}],"collection":[{"href":"https:\/\/soydeaqui.ddns.net\/pachuca\/index.php\/wp-json\/wp\/v2\/product"}],"about":[{"href":"https:\/\/soydeaqui.ddns.net\/pachuca\/index.php\/wp-json\/wp\/v2\/types\/product"}],"replies":[{"embeddable":true,"href":"https:\/\/soydeaqui.ddns.net\/pachuca\/index.php\/wp-json\/wp\/v2\/comments?post=43008"}],"wp:featuredmedia":[{"embeddable":true,"href":"https:\/\/soydeaqui.ddns.net\/pachuca\/index.php\/wp-json\/wp\/v2\/media\/43007"}],"wp:attachment":[{"href":"https:\/\/soydeaqui.ddns.net\/pachuca\/index.php\/wp-json\/wp\/v2\/media?parent=43008"}],"wp:term":[{"taxonomy":"product_brand","embeddable":true,"href":"https:\/\/soydeaqui.ddns.net\/pachuca\/index.php\/wp-json\/wp\/v2\/product_brand?post=43008"},{"taxonomy":"product_cat","embeddable":true,"href":"https:\/\/soydeaqui.ddns.net\/pachuca\/index.php\/wp-json\/wp\/v2\/product_cat?post=43008"},{"taxonomy":"product_tag","embeddable":true,"href":"https:\/\/soydeaqui.ddns.net\/pachuca\/index.php\/wp-json\/wp\/v2\/product_tag?post=43008"}],"curies":[{"name":"wp","href":"https:\/\/api.w.org\/{rel}","templated":true}]}}