{"id":42994,"date":"2026-03-18T18:57:38","date_gmt":"2026-03-18T18:57:38","guid":{"rendered":"https:\/\/soydeaqui.ddns.net\/pachuca\/index.php\/producto\/terminal-de-desconexion-hembra-pan-term-a-90o-color-azul-nylon-para-cable-14-16-awg-0-250-x-0-032-6-3-x-0-8mm-2\/"},"modified":"2026-03-18T18:57:43","modified_gmt":"2026-03-18T18:57:43","slug":"terminal-de-desconexion-hembra-pan-term-a-90o-color-azul-nylon-para-cable-14-16-awg-0-250-x-0-032-6-3-x-0-8mm-2","status":"publish","type":"product","link":"https:\/\/soydeaqui.ddns.net\/pachuca\/index.php\/producto\/terminal-de-desconexion-hembra-pan-term-a-90o-color-azul-nylon-para-cable-14-16-awg-0-250-x-0-032-6-3-x-0-8mm-2\/","title":{"rendered":"Terminal de Desconexi\u00f3n Hembra Pan-Term\u2122 a 90\u00ba, Color Azul, Nylon, para cable 14-16 AWG, 0.250 x 0.032 &#8221; (6.3 x 0.8mm)"},"content":{"rendered":"<div style='width: 100%; max-width: 1200px; margin: 0 auto; font-family: sans-serif; line-height: 1.6; color: inherit; background-color: transparent;'> <!-- Imagen de marca --> <\/p>\n<div style='text-align: center; margin-bottom: 30px;'> <img style='width: 100%; max-width: 300px; height: auto; border: 1px solid rgba(150&comma;150&comma;150&comma;0.3); border-radius: 8px;' src='https:\/\/ftp3.syscom.mx\/usuarios\/fotos\/SCL2\/0X\/214870-217843-panduit-logo-tm-negro-fondo_trans30-01_(002)_(1).png' alt='Logo Panduit'> <\/div>\n<p> <!-- T\u00edtulo del producto --> <\/p>\n<h1 style='font-size: 30px; font-weight: 500; margin: 0 0 13px; color: rgba(48&comma;48&comma;48&comma;0.8); line-height: 1.1; padding: 0; background-color: transparent;'> Terminal de Desconexi\u00f3n Hembra Pan-Term\u2122 a 90\u00ba&comma; Color Azul&comma; Nylon&comma; para cable 14-16 AWG&comma; 0.250 x 0.032 &#8216; (6.3 x 0.8mm) <\/h1>\n<p> <!-- Subt\u00edtulo de modelo --> <\/p>\n<h3 style='font-size: 21px; font-weight: 500; margin: 0; color: rgba(48&comma;48&comma;48&comma;0.8); padding: 0; background-color: transparent;'> DNFR14-250B-L <\/h3>\n<p> <!-- Secci\u00f3n de especificaciones --> <\/p>\n<div style='margin-top: 30px;'>\n<h3 style='font-size: 22px; border-bottom: 2px solid currentColor; padding-bottom: 5px; margin-top: 0; color: inherit; opacity: 0.8;'> Especificaciones <\/h3>\n<p> <!-- Grid de especificaciones --> <\/p>\n<div style='display: grid; grid-template-columns: repeat(auto-fill&comma; minmax(250px&comma; 1fr)); gap: 20px; margin-top: 20px;'>\n<div style='border: 1px solid rgba(150&comma; 150&comma; 150&comma; 0.4); border-radius: 8px; overflow: hidden; display: flex; flex-direction: column;'>\n<div style='padding: 15px; border-bottom: 1px solid rgba(150&comma; 150&comma; 150&comma; 0.2); font-weight: bold; font-size: 18px; color: inherit; background-color: #efefef66;'> Caracter\u00edsticas Generales <\/div>\n<div style='padding: 15px; color: inherit;'>\n<ul style='padding-left: 20px; margin: 0; font-size: 14px; list-style-type: disc;'>\n<li style='margin-bottom: 5px;'><strong>Tipo de terminal:<\/strong> Hembra en \u00e1ngulo recto<\/li>\n<li style='margin-bottom: 5px;'><strong>Material:<\/strong> Lat\u00f3n esta\u00f1ado<\/li>\n<li style='margin-bottom: 5px;'><strong>Material de aislamiento:<\/strong> Nylon<\/li>\n<li style='margin-bottom: 5px;'><strong>Tipo de aislamiento:<\/strong> Total<\/li>\n<li style='margin-bottom: 5px;'><strong>C\u00f3digo de color:<\/strong> Azul<\/li>\n<li style='margin-bottom: 5px;'><strong>Tipo de empaque:<\/strong> Botella<\/li>\n<li style='margin-bottom: 5px;'><strong>Tipo de producto:<\/strong> Desconexi\u00f3n<\/li>\n<\/ul><\/div>\n<\/p><\/div>\n<div style='border: 1px solid rgba(150&comma; 150&comma; 150&comma; 0.4); border-radius: 8px; overflow: hidden; display: flex; flex-direction: column;'>\n<div style='padding: 15px; border-bottom: 1px solid rgba(150&comma; 150&comma; 150&comma; 0.2); font-weight: bold; font-size: 18px; color: inherit; background-color: #efefef66;'> Especificaciones El\u00e9ctricas <\/div>\n<div style='padding: 15px; color: inherit;'>\n<ul style='padding-left: 20px; margin: 0; font-size: 14px; list-style-type: disc;'>\n<li style='margin-bottom: 5px;'><strong>Tensi\u00f3n m\u00e1xima:<\/strong> 600 V<\/li>\n<li style='margin-bottom: 5px;'><strong>Tensi\u00f3n m\u00e1xima (kV):<\/strong> 0.6 kV<\/li>\n<li style='margin-bottom: 5px;'><strong>Normas:<\/strong> UL 310&comma; CSA 22.2 N.\u00ba 153<\/li>\n<\/ul><\/div>\n<\/p><\/div>\n<div style='border: 1px solid rgba(150&comma; 150&comma; 150&comma; 0.4); border-radius: 8px; overflow: hidden; display: flex; flex-direction: column;'>\n<div style='padding: 15px; border-bottom: 1px solid rgba(150&comma; 150&comma; 150&comma; 0.2); font-weight: bold; font-size: 18px; color: inherit; background-color: #efefef66;'> Dimensiones <\/div>\n<div style='padding: 15px; color: inherit;'>\n<ul style='padding-left: 20px; margin: 0; font-size: 14px; list-style-type: disc;'>\n<li style='margin-bottom: 5px;'><strong>Tama\u00f1o de leng\u00fceta:<\/strong> 0.250 x 0.032&#8242; (6.3 x 0.8mm)<\/li>\n<li style='margin-bottom: 5px;'><strong>Altura total:<\/strong> 0.2&#8242; (5.1mm)<\/li>\n<li style='margin-bottom: 5px;'><strong>Longitud total:<\/strong> 0.63&#8242; (16mm)<\/li>\n<li style='margin-bottom: 5px;'><strong>Anchura total:<\/strong> 0.63&#8242; (16mm)<\/li>\n<li style='margin-bottom: 5px;'><strong>Di\u00e1metro m\u00e1ximo de aislamiento:<\/strong> 0.155&#8242; (3.94mm)<\/li>\n<\/ul><\/div>\n<\/p><\/div>\n<div style='border: 1px solid rgba(150&comma; 150&comma; 150&comma; 0.4); border-radius: 8px; overflow: hidden; display: flex; flex-direction: column;'>\n<div style='padding: 15px; border-bottom: 1px solid rgba(150&comma; 150&comma; 150&comma; 0.2); font-weight: bold; font-size: 18px; color: inherit; background-color: #efefef66;'> Especificaciones del Cable <\/div>\n<div style='padding: 15px; color: inherit;'>\n<ul style='padding-left: 20px; margin: 0; font-size: 14px; list-style-type: disc;'>\n<li style='margin-bottom: 5px;'><strong>Tama\u00f1o m\u00e1ximo de cable:<\/strong> N.\u00ba 14 AWG (2.5mm\u00b2)<\/li>\n<li style='margin-bottom: 5px;'><strong>Tama\u00f1o m\u00ednimo de cable:<\/strong> N.\u00ba 16 AWG (1.5mm\u00b2)<\/li>\n<li style='margin-bottom: 5px;'><strong>Longitud de la banda:<\/strong> 9\/32&#8242; (7.1mm)<\/li>\n<\/ul><\/div>\n<\/p><\/div>\n<div style='border: 1px solid rgba(150&comma; 150&comma; 150&comma; 0.4); border-radius: 8px; overflow: hidden; display: flex; flex-direction: column;'>\n<div style='padding: 15px; border-bottom: 1px solid rgba(150&comma; 150&comma; 150&comma; 0.2); font-weight: bold; font-size: 18px; color: inherit; background-color: #efefef66;'> Condiciones de Operaci\u00f3n <\/div>\n<div style='padding: 15px; color: inherit;'>\n<ul style='padding-left: 20px; margin: 0; font-size: 14px; list-style-type: disc;'>\n<li style='margin-bottom: 5px;'><strong>Temperatura m\u00e1xima:<\/strong> 105\u00b0C (221\u00b0F)<\/li>\n<li style='margin-bottom: 5px;'><strong>Grado de inflamabilidad:<\/strong> UL94-HB<\/li>\n<\/ul><\/div>\n<\/p><\/div>\n<div style='border: 1px solid rgba(150&comma; 150&comma; 150&comma; 0.4); border-radius: 8px; overflow: hidden; display: flex; flex-direction: column;'>\n<div style='padding: 15px; border-bottom: 1px solid rgba(150&comma; 150&comma; 150&comma; 0.2); font-weight: bold; font-size: 18px; color: inherit; background-color: #efefef66;'> Caracter\u00edsticas Adicionales <\/div>\n<div style='padding: 15px; color: inherit;'>\n<ul style='padding-left: 20px; margin: 0; font-size: 14px; list-style-type: disc;'>\n<li style='margin-bottom: 5px;'>Dise\u00f1o de \u00e1ngulo recto para usar en aplicaciones de espacio limitado<\/li>\n<li style='margin-bottom: 5px;'>Desconexi\u00f3n sin herramientas<\/li>\n<li style='margin-bottom: 5px;'>Dise\u00f1o de tambor m\u00e1s largo para herramienta est\u00e1ndar Panduit\u2122<\/li>\n<li style='margin-bottom: 5px;'>Clasificaci\u00f3n UL y CSA hasta 600 V seg\u00fan UL 310<\/li>\n<\/ul><\/div>\n<\/p><\/div>\n<\/p><\/div>\n<\/p><\/div>\n<p> <!-- Separador --> <\/p>\n<hr style='border: 0; border-top: 1px solid rgba(150&comma; 150&comma; 150&comma; 0.3); margin: 30px 0;'> <\/div>\n","protected":false},"excerpt":{"rendered":"<p>Terminal de Desconexi\u00f3n Hembra Pan-Term\u2122 a 90\u00ba, Color Azul, Nylon, para cable 14-16 AWG, 0.250 x 0.032 &#8221; (6.3 x 0.8mm)<\/p>\n","protected":false},"featured_media":42993,"comment_status":"open","ping_status":"closed","template":"","meta":[],"product_brand":[],"product_cat":[1095],"product_tag":[1058,445,1096],"class_list":{"0":"post-42994","1":"product","2":"type-product","3":"status-publish","4":"has-post-thumbnail","6":"product_cat-terminales-y-conectores-electricos","7":"product_tag-ferreteria","8":"product_tag-panduit","9":"product_tag-terminales-y-conectores-electricos","11":"first","12":"outofstock","13":"sale","14":"shipping-taxable","15":"purchasable","16":"product-type-simple"},"_links":{"self":[{"href":"https:\/\/soydeaqui.ddns.net\/pachuca\/index.php\/wp-json\/wp\/v2\/product\/42994","targetHints":{"allow":["GET"]}}],"collection":[{"href":"https:\/\/soydeaqui.ddns.net\/pachuca\/index.php\/wp-json\/wp\/v2\/product"}],"about":[{"href":"https:\/\/soydeaqui.ddns.net\/pachuca\/index.php\/wp-json\/wp\/v2\/types\/product"}],"replies":[{"embeddable":true,"href":"https:\/\/soydeaqui.ddns.net\/pachuca\/index.php\/wp-json\/wp\/v2\/comments?post=42994"}],"wp:featuredmedia":[{"embeddable":true,"href":"https:\/\/soydeaqui.ddns.net\/pachuca\/index.php\/wp-json\/wp\/v2\/media\/42993"}],"wp:attachment":[{"href":"https:\/\/soydeaqui.ddns.net\/pachuca\/index.php\/wp-json\/wp\/v2\/media?parent=42994"}],"wp:term":[{"taxonomy":"product_brand","embeddable":true,"href":"https:\/\/soydeaqui.ddns.net\/pachuca\/index.php\/wp-json\/wp\/v2\/product_brand?post=42994"},{"taxonomy":"product_cat","embeddable":true,"href":"https:\/\/soydeaqui.ddns.net\/pachuca\/index.php\/wp-json\/wp\/v2\/product_cat?post=42994"},{"taxonomy":"product_tag","embeddable":true,"href":"https:\/\/soydeaqui.ddns.net\/pachuca\/index.php\/wp-json\/wp\/v2\/product_tag?post=42994"}],"curies":[{"name":"wp","href":"https:\/\/api.w.org\/{rel}","templated":true}]}}