{"id":42990,"date":"2026-03-18T18:57:33","date_gmt":"2026-03-18T18:57:33","guid":{"rendered":"https:\/\/soydeaqui.ddns.net\/pachuca\/index.php\/producto\/modulo-solar-670-w-46-38-vcc-monocristalino-132-celdas-grado-a-12-bb\/"},"modified":"2026-03-18T18:57:34","modified_gmt":"2026-03-18T18:57:34","slug":"modulo-solar-670-w-46-38-vcc-monocristalino-132-celdas-grado-a-12-bb","status":"publish","type":"product","link":"https:\/\/soydeaqui.ddns.net\/pachuca\/index.php\/producto\/modulo-solar-670-w-46-38-vcc-monocristalino-132-celdas-grado-a-12-bb\/","title":{"rendered":"M\u00f3dulo Solar 670 W, 46.38 Vcc , Monocristalino, 132 Celdas grado A, 12 BB"},"content":{"rendered":"<div style='width: 100%; max-width: 1200px; margin: 0 auto; font-family: sans-serif; line-height: 1.6; color: inherit; background-color: transparent;'> <!-- Imagen principal --> <\/p>\n<div style='margin-bottom: 30px;'> <img style='width: 100%; height: auto; border: 1px solid rgba(150&comma;150&comma;150&comma;0.3); border-radius: 8px;' src='https:\/\/ftp3.syscom.mx\/usuarios\/mchaparro\/MODULO\/5b94a22b0e8f787804e7a7ecefb8bec1.jpeg' alt=''> <\/div>\n<p> <!-- Descripci\u00f3n de marca --> <\/p>\n<div style='margin-bottom: 30px;'>\n<p style='font-size: 14px; color: inherit;'>Es una empresa de marca JAPONESA fabricante de m\u00f3dulos solares&comma; fundada en el 2012 en Jap\u00f3n.<\/p>\n<\/p><\/div>\n<p> <!-- Caracter\u00edsticas clave --> <\/p>\n<div style='margin-bottom: 30px;'>\n<h3 style='font-size: 22px; border-bottom: 2px solid currentColor; padding-bottom: 5px; margin-top: 0; color: inherit; opacity: 0.8;'>Caracter\u00edsticas Clave<\/h3>\n<ul style='padding-left: 20px; font-size: 15px; color: inherit;'>\n<li style='margin-bottom: 5px;'>Menor corriente de resistencia interna<\/li>\n<li style='margin-bottom: 5px;'>132 Celdas<\/li>\n<li style='margin-bottom: 5px;'>Corrosi\u00f3n estricta por niebla salina y amon\u00edaco prueba por TUV Nord<\/li>\n<li style='margin-bottom: 5px;'>Mayor rendimiento en entornos con poca luz<\/li>\n<li style='margin-bottom: 5px;'>Menor probabilidad de atenuaci\u00f3n causada por PID el fen\u00f3meno se minimiza<\/li>\n<\/ul><\/div>\n<p> <!-- Certificaciones --> <\/p>\n<div style='margin-bottom: 30px;'>\n<h3 style='font-size: 22px; border-bottom: 2px solid currentColor; padding-bottom: 5px; margin-top: 0; color: inherit; opacity: 0.8;'>Certificaciones<\/h3>\n<p style='font-size: 14px; color: inherit; margin-top: 15px; margin-bottom: 15px;'>El m\u00f3dulo solar LEAPTON es apto para cualquier proyecto contando con las siguientes certificaciones:<\/p>\n<ul style='padding-left: 20px; font-size: 15px; color: inherit;'>\n<li style='margin-bottom: 5px;'>IEC 61215-2: 2016<\/li>\n<li style='margin-bottom: 5px;'>CE<\/li>\n<li style='margin-bottom: 5px;'>JPEC<\/li>\n<\/ul>\n<p style='font-size: 14px; color: inherit; margin-top: 15px; margin-bottom: 15px;'>El m\u00f3dulo solar se fabrica en Leapton que est\u00e1 certificada por ISO 9001 es por ello que cumple con buenos sistemas de gesti\u00f3n de calidad.<\/p>\n<p style='font-size: 14px; color: inherit; margin-top: 15px; margin-bottom: 15px;'>Actualmente \u00e9ste m\u00f3dulo solar es el favorito en el mercado EUROPEO<\/p>\n<\/p><\/div>\n<p> <!-- Especificaciones el\u00e9ctricas --> <\/p>\n<div style='margin-bottom: 30px;'>\n<h3 style='font-size: 22px; border-bottom: 2px solid currentColor; padding-bottom: 5px; margin-top: 0; color: inherit; opacity: 0.8;'>Datos el\u00e9ctricos STC*<\/h3>\n<div style='display: flex; flex-wrap: wrap; gap: 20px; margin-top: 20px;'>\n<div style='flex: 1 1 250px; border: 1px solid rgba(150&comma; 150&comma; 150&comma; 0.4); border-radius: 8px; overflow: hidden; display: flex; flex-direction: column;'>\n<div style='padding: 15px; border-bottom: 1px solid rgba(150&comma; 150&comma; 150&comma; 0.2); font-weight: bold; font-size: 18px; color: inherit;'>Especificaci\u00f3n<\/div>\n<div style='padding: 15px; color: inherit;'>\n<ul style='padding-left: 20px; margin: 0; font-size: 14px; list-style-type: disc;'>\n<li style='margin-bottom: 5px;'><strong>M\u00e1xima potencia de salida (Pmax):<\/strong> 670 W<\/li>\n<li style='margin-bottom: 5px;'><strong>Tolerancia de potencia:<\/strong> 0~+5 W<\/li>\n<li style='margin-bottom: 5px;'><strong>Eficiencia del m\u00f3dulo:<\/strong> 21.57 %<\/li>\n<li style='margin-bottom: 5px;'><strong>Voltaje a m\u00e1xima potencia (Vmp):<\/strong> 38.41V<\/li>\n<li style='margin-bottom: 5px;'><strong>Intensidad en m\u00e1xima potencia (Imp):<\/strong> 17.44 A<\/li>\n<li style='margin-bottom: 5px;'><strong>Voltaje en circuito abierto (Voc):<\/strong> 46.38V<\/li>\n<li style='margin-bottom: 5px;'><strong>Intensidad por Corto-Circuito:<\/strong> 18.36 A<\/li>\n<\/ul><\/div>\n<\/p><\/div>\n<\/p><\/div>\n<\/p><\/div>\n<p> <!-- Caracter\u00edsticas mec\u00e1nicas --> <\/p>\n<div style='margin-bottom: 30px;'>\n<h3 style='font-size: 22px; border-bottom: 2px solid currentColor; padding-bottom: 5px; margin-top: 0; color: inherit; opacity: 0.8;'>Caracter\u00edsticas Mec\u00e1nicas<\/h3>\n<div style='display: flex; flex-wrap: wrap; gap: 20px; margin-top: 20px;'>\n<div style='flex: 1 1 250px; border: 1px solid rgba(150&comma; 150&comma; 150&comma; 0.4); border-radius: 8px; overflow: hidden; display: flex; flex-direction: column;'>\n<div style='padding: 15px; border-bottom: 1px solid rgba(150&comma; 150&comma; 150&comma; 0.2); font-weight: bold; font-size: 18px; color: inherit;'>Especificaci\u00f3n<\/div>\n<div style='padding: 15px; color: inherit;'>\n<ul style='padding-left: 20px; margin: 0; font-size: 14px; list-style-type: disc;'>\n<li style='margin-bottom: 5px;'><strong>Tipo de c\u00e9lula:<\/strong> Monocristalino (210&#215;210 mm)<\/li>\n<li style='margin-bottom: 5px;'><strong>N\u00famero de celdas:<\/strong> 132<\/li>\n<li style='margin-bottom: 5px;'><strong>Dimensi\u00f3n:<\/strong> 2384x1303x35mm<\/li>\n<li style='margin-bottom: 5px;'><strong>Peso:<\/strong> 34 kg<\/li>\n<li style='margin-bottom: 5px;'><strong>Marco:<\/strong> Aleaci\u00f3n de aluminio anodizado<\/li>\n<li style='margin-bottom: 5px;'><strong>Caja de control:<\/strong> IP68<\/li>\n<li style='margin-bottom: 5px;'><strong>Cable:<\/strong> 4&comma;0 mm2 N 320 mm \/ P 320 mm<\/li>\n<li style='margin-bottom: 5px;'><strong>Conector:<\/strong> Compatible con MC4<\/li>\n<\/ul><\/div>\n<\/p><\/div>\n<\/p><\/div>\n<\/p><\/div>\n<p> <!-- Aplicaciones --> <\/p>\n<div style='margin-bottom: 30px;'>\n<h3 style='font-size: 22px; border-bottom: 2px solid currentColor; padding-bottom: 5px; margin-top: 0; color: inherit; opacity: 0.8;'>Aplicaciones<\/h3>\n<ul style='padding-left: 20px; font-size: 15px; color: inherit;'>\n<li style='margin-bottom: 5px;'>Para interconexi\u00f3n a la red<\/li>\n<li style='margin-bottom: 5px;'>Sistemas aislados con controladores MPPT<\/li>\n<\/ul><\/div>\n<p> <!-- Imagen aplicaciones --> <\/p>\n<div style='margin-bottom: 30px;'> <img style='width: 100%; height: auto; border: 1px solid rgba(150&comma;150&comma;150&comma;0.3); border-radius: 8px;' src='https:\/\/ftp3.syscom.mx\/usuarios\/mchaparro\/MODULO\/LEPATON%20JAPOON.jpeg' alt=''> <\/div>\n<p> <!-- Garant\u00eda --> <\/p>\n<div style='margin-bottom: 30px;'>\n<h3 style='font-size: 22px; border-bottom: 2px solid currentColor; padding-bottom: 5px; margin-top: 0; color: inherit; opacity: 0.8;'>Garant\u00eda<\/h3>\n<ul style='padding-left: 20px; font-size: 15px; color: inherit;'>\n<li style='margin-bottom: 5px;'>1 a\u00f1o contra defectos de fabricaci\u00f3n<\/li>\n<li style='margin-bottom: 5px;'>25 a\u00f1os de vida \u00fatil (salida de potencia)<\/li>\n<\/ul><\/div>\n<p> <!-- Recomendaciones de garant\u00eda --> <\/p>\n<div style='margin-bottom: 30px;'>\n<h3 style='font-size: 22px; border-bottom: 2px solid currentColor; padding-bottom: 5px; margin-top: 0; color: inherit; opacity: 0.8;'>Recomendaciones y comentarios de garant\u00eda<\/h3>\n<ul style='padding-left: 20px; font-size: 15px; color: inherit;'>\n<li style='margin-bottom: 5px;'>Cualquier reclamo de este producto debe hacerse dentro del periodo de garant\u00eda con la factura del mismo.<\/li>\n<li style='margin-bottom: 5px;'>El n\u00famero de serie del equipo debe ser visible&comma; al igual que la etiqueta posterior.<\/li>\n<li style='margin-bottom: 5px;'>Si al m\u00f3dulo se le cortan los conectores MC-4 el m\u00f3dulo pierde su garant\u00eda instant\u00e1neamente.<\/li>\n<li style='margin-bottom: 5px;'>Si perfora el marco del m\u00f3dulo pierde su garant\u00eda instant\u00e1neamente.<\/li>\n<li style='margin-bottom: 5px;'>No instale cuando alg\u00fan objeto en alg\u00fan punto del d\u00eda le genere sombra&comma; se considera como una mala instalaci\u00f3n y puede ser motivo de p\u00e9rdida de garant\u00eda.<\/li>\n<li style='margin-bottom: 5px;'>No mezcle los m\u00f3dulos de diferentes potencias en el mismo controlador o inversor&comma; se considera como una mala instalaci\u00f3n y puede ser motivo de p\u00e9rdida de garant\u00eda.<\/li>\n<li style='margin-bottom: 5px;'>Se recomienda que utilice la pinza ponchadora <a href='https:\/\/www.syscom.mx\/producto\/EP-MC4-EPCOM-POWERLINE-160268.html' style='color: #0097d0; text-decoration: none; font-weight: bold;'>EP-MC4<\/a> cuando pliegue los conectores <a href='https:\/\/www.syscom.mx\/producto\/PROSECA-01-EPCOM-POWERLINE-72413.html' style='color: #0097d0; text-decoration: none; font-weight: bold;'>PROSECA-01<\/a> al cable que usar\u00e1 para conectar su m\u00f3dulo al inversor o controlador.<\/li>\n<\/ul><\/div>\n<p> <!-- Advertencias --> <\/p>\n<div style='margin-bottom: 30px;'>\n<p style='color: #e74c3c; font-weight: bold; margin: 10px 0;'>***No aptos para uso en Microinversores BDM600***<\/p>\n<p style='color: #e74c3c; font-weight: bold; margin: 10px 0;'>***No aptos para uso en Microinversores MI1500***<\/p>\n<\/p><\/div>\n<p> <!-- Montajes compatibles --> <\/p>\n<div style='margin-bottom: 30px;'>\n<h3 style='font-size: 22px; border-bottom: 2px solid currentColor; padding-bottom: 5px; margin-top: 0; color: inherit; opacity: 0.8;'>Montajes compatibles<\/h3>\n<div style='overflow-x: auto; margin-top: 15px;'>\n<table style='width: 100%; border-collapse: collapse; color: inherit;'>\n<thead>\n<tr style='background-color: rgba(150&comma;150&comma;150&comma;0.1);'>\n<th style='padding: 12px; border: 1px solid rgba(150&comma;150&comma;150&comma;0.3); min-width: 120px; text-align: left;'>Montaje<\/th>\n<th style='padding: 12px; border: 1px solid rgba(150&comma;150&comma;150&comma;0.3); min-width: 120px; text-align: left;'>VEKTOR8BLK<\/th>\n<th style='padding: 12px; border: 1px solid rgba(150&comma;150&comma;150&comma;0.3); min-width: 120px; text-align: left;'>VEKTOR5R2X2<\/th>\n<th style='padding: 12px; border: 1px solid rgba(150&comma;150&comma;150&comma;0.3); min-width: 120px; text-align: left;'>VEKTORMINIKIT1X1<\/th>\n<th style='padding: 12px; border: 1px solid rgba(150&comma;150&comma;150&comma;0.3); min-width: 120px; text-align: left;'>VEKTOR8RPRO<\/th>\n<th style='padding: 12px; border: 1px solid rgba(150&comma;150&comma;150&comma;0.3); min-width: 120px; text-align: left;'>VEKTOR8R<\/th>\n<th style='padding: 12px; border: 1px solid rgba(150&comma;150&comma;150&comma;0.3); min-width: 120px; text-align: left;'>VEKTOR8R2700<\/th>\n<th style='padding: 12px; border: 1px solid rgba(150&comma;150&comma;150&comma;0.3); min-width: 120px; text-align: left;'>VEKTOR8R3M<\/th>\n<th style='padding: 12px; border: 1px solid rgba(150&comma;150&comma;150&comma;0.3); min-width: 120px; text-align: left;'>VEKTOR8R1M<\/th>\n<\/tr>\n<\/thead>\n<tbody>\n<tr>\n<td style='padding: 12px; border: 1px solid rgba(150&comma;150&comma;150&comma;0.3); font-weight: bold; background-color: rgba(150&comma;150&comma;150&comma;0.05);'>Capacidad<\/td>\n<td style='padding: 12px; border: 1px solid rgba(150&comma;150&comma;150&comma;0.3);'>4 m\u00f3dulos<\/td>\n<td style='padding: 12px; border: 1px solid rgba(150&comma;150&comma;150&comma;0.3);'>4 m\u00f3dulos<\/td>\n<td style='padding: 12px; border: 1px solid rgba(150&comma;150&comma;150&comma;0.3);'>1 m\u00f3dulo<\/td>\n<td style='padding: 12px; border: 1px solid rgba(150&comma;150&comma;150&comma;0.3);'>4 m\u00f3dulos<\/td>\n<td style='padding: 12px; border: 1px solid rgba(150&comma;150&comma;150&comma;0.3);'>4 m\u00f3dulos<\/td>\n<td style='padding: 12px; border: 1px solid rgba(150&comma;150&comma;150&comma;0.3);'>2 m\u00f3dulos<\/td>\n<td style='padding: 12px; border: 1px solid rgba(150&comma;150&comma;150&comma;0.3);'>3 m\u00f3dulos<\/td>\n<td style='padding: 12px; border: 1px solid rgba(150&comma;150&comma;150&comma;0.3);'>1 m\u00f3dulo<\/td>\n<\/tr>\n<\/tbody>\n<\/table><\/div>\n<\/p><\/div>\n<\/p><\/div>\n","protected":false},"excerpt":{"rendered":"<p>M\u00f3dulo Solar 670 W, 46.38 Vcc , Monocristalino, 132 Celdas grado A, 12 BB<\/p>\n","protected":false},"featured_media":42989,"comment_status":"open","ping_status":"closed","template":"","meta":[],"product_brand":[],"product_cat":[1152],"product_tag":[964,1179,1153],"class_list":{"0":"post-42990","1":"product","2":"type-product","3":"status-publish","4":"has-post-thumbnail","6":"product_cat-modulos-solares","7":"product_tag-energia-solar","8":"product_tag-leapton","9":"product_tag-modulos-solares","11":"first","12":"outofstock","13":"sale","14":"shipping-taxable","15":"purchasable","16":"product-type-simple"},"_links":{"self":[{"href":"https:\/\/soydeaqui.ddns.net\/pachuca\/index.php\/wp-json\/wp\/v2\/product\/42990","targetHints":{"allow":["GET"]}}],"collection":[{"href":"https:\/\/soydeaqui.ddns.net\/pachuca\/index.php\/wp-json\/wp\/v2\/product"}],"about":[{"href":"https:\/\/soydeaqui.ddns.net\/pachuca\/index.php\/wp-json\/wp\/v2\/types\/product"}],"replies":[{"embeddable":true,"href":"https:\/\/soydeaqui.ddns.net\/pachuca\/index.php\/wp-json\/wp\/v2\/comments?post=42990"}],"wp:featuredmedia":[{"embeddable":true,"href":"https:\/\/soydeaqui.ddns.net\/pachuca\/index.php\/wp-json\/wp\/v2\/media\/42989"}],"wp:attachment":[{"href":"https:\/\/soydeaqui.ddns.net\/pachuca\/index.php\/wp-json\/wp\/v2\/media?parent=42990"}],"wp:term":[{"taxonomy":"product_brand","embeddable":true,"href":"https:\/\/soydeaqui.ddns.net\/pachuca\/index.php\/wp-json\/wp\/v2\/product_brand?post=42990"},{"taxonomy":"product_cat","embeddable":true,"href":"https:\/\/soydeaqui.ddns.net\/pachuca\/index.php\/wp-json\/wp\/v2\/product_cat?post=42990"},{"taxonomy":"product_tag","embeddable":true,"href":"https:\/\/soydeaqui.ddns.net\/pachuca\/index.php\/wp-json\/wp\/v2\/product_tag?post=42990"}],"curies":[{"name":"wp","href":"https:\/\/api.w.org\/{rel}","templated":true}]}}