{"id":42954,"date":"2026-03-18T18:56:31","date_gmt":"2026-03-18T18:56:31","guid":{"rendered":"https:\/\/soydeaqui.ddns.net\/pachuca\/index.php\/producto\/sistema-de-exportacion-y-gestion-de-energia-inteligente-para-inyeccion-cero\/"},"modified":"2026-03-18T18:56:36","modified_gmt":"2026-03-18T18:56:36","slug":"sistema-de-exportacion-y-gestion-de-energia-inteligente-para-inyeccion-cero","status":"publish","type":"product","link":"https:\/\/soydeaqui.ddns.net\/pachuca\/index.php\/producto\/sistema-de-exportacion-y-gestion-de-energia-inteligente-para-inyeccion-cero\/","title":{"rendered":"Sistema de Exportaci\u00f3n y Gesti\u00f3n de Energ\u00eda Inteligente para Inyecci\u00f3n Cero"},"content":{"rendered":"<div style='width: 100%; max-width: 1200px; margin: 0 auto; font-family: sans-serif; line-height: 1.6; color: inherit; background-color: transparent;'> <!-- Video secci\u00f3n --> <\/p>\n<div style='width: 100%; margin-bottom: 30px;'>\n<div style='position: relative; padding-bottom: 56.25%; height: 0; overflow: hidden;'>   <\/div>\n<\/p><\/div>\n<p> <!-- T\u00edtulo --> <\/p>\n<div style='margin-bottom: 30px;'>\n<h2 style='font-size: 28px; border-bottom: 2px solid currentColor; padding-bottom: 8px; margin-top: 0; color: inherit; opacity: 0.8;'>Gesti\u00f3n de exportaciones<\/h2>\n<\/p><\/div>\n<p> <!-- Contenido principal --> <\/p>\n<div style='margin-bottom: 30px;'>\n<p style='color: inherit; font-size: 15px; margin-bottom: 15px;'>Desde medidores hasta transformadores de corriente&comma; nuestra gama de accesorios de gesti\u00f3n de exportaciones le permite adaptar su instalaci\u00f3n a necesidades&comma; regiones y requisitos espec\u00edficos.<\/p>\n<p style='color: inherit; font-size: 15px; margin-bottom: 15px;'>Permite hacer Inyeccion cero (cero export) con microinversores HOYMILES<\/p>\n<p style='color: inherit; font-size: 15px;'>Es una Soluci\u00f3n inteligente y confiable para gestionar la cantidad de energ\u00eda exportada a la red. Consta del medidor con TC externos&comma; Hoymiles Gateway DTU-Pro (o DTU-Pro-S) y microinversor Hoymiles. El medidor mide la energ\u00eda exportada a la red o el consumo de energ\u00eda de las cargas&comma; y la puerta de enlace DTU ajusta din\u00e1micamente la energ\u00eda fotovoltaica. Producci\u00f3n de energ\u00eda seg\u00fan mediciones del medidor. Esta soluci\u00f3n permite instalar el medidor en el lado de carga o en el lado de la red. Pero para mostrar la producci\u00f3n fotovoltaica con precisi\u00f3n&comma; el medidor debe instalarse a la salida del sistema fotovoltaico. Con esta soluci\u00f3n&comma; los usuarios pueden tener una instalaci\u00f3n m\u00e1s grande sin violar las regulaciones de exportaci\u00f3n de la red y comercializar la producci\u00f3n fotovoltaica en l\u00ednea bas\u00e1ndose en los datos contenidos en S-Miles Cloud&comma; maximizando el beneficio obtenido de la generaci\u00f3n de energ\u00eda solar.<\/p>\n<\/p><\/div>\n<p> <!-- Secci\u00f3n de caracter\u00edsticas --> <\/p>\n<div style='display: flex; flex-wrap: wrap; gap: 20px; margin-bottom: 30px;'>\n<div style='flex: 1 1 300px; min-width: 280px;'>\n<div style='border-left: 5px solid #0091ff; border-radius: 5px; padding: 15px; box-shadow: 2px 2px 10px rgba(150&comma;150&comma;150&comma;0.2);'> <strong style='font-size: 16px; color: inherit; display: block; margin-bottom: 10px;'>Caracter\u00edsticas principales:<\/strong> <\/p>\n<ul style='padding-left: 20px; font-size: 14px; color: inherit; list-style-type: disc; margin: 0;'>\n<li style='margin-bottom: 5px;'>100 A<\/li>\n<li style='margin-bottom: 5px;'>Fase Dividida<\/li>\n<li style='margin-bottom: 5px;'>2 sensores<\/li>\n<li style='margin-bottom: 5px;'>Montaje en Riel tipo DIN<\/li>\n<\/ul><\/div>\n<\/p><\/div>\n<div style='flex: 1 1 300px; min-width: 280px;'>\n<div style='border-left: 5px solid #0091ff; border-radius: 5px; padding: 15px; box-shadow: 2px 2px 10px rgba(150&comma;150&comma;150&comma;0.2);'> <strong style='font-size: 16px; color: inherit; display: block; margin-bottom: 10px;'>Informaci\u00f3n Adicional:<\/strong> <\/p>\n<ul style='padding-left: 20px; font-size: 14px; color: inherit; list-style-type: disc; margin: 0;'>\n<li style='margin-bottom: 5px;'>Requiere el DTUPROS para su funcionamiento<\/li>\n<li style='margin-bottom: 5px;'>Requiere programaci\u00f3n desde la web HOYMILES<\/li>\n<\/ul><\/div>\n<\/p><\/div>\n<\/p><\/div>\n<\/p><\/div>\n","protected":false},"excerpt":{"rendered":"<p>Sistema de Exportaci\u00f3n y Gesti\u00f3n de Energ\u00eda Inteligente para Inyecci\u00f3n Cero<\/p>\n","protected":false},"featured_media":42953,"comment_status":"open","ping_status":"closed","template":"","meta":[],"product_brand":[],"product_cat":[1129],"product_tag":[964,1094,1130],"class_list":{"0":"post-42954","1":"product","2":"type-product","3":"status-publish","4":"has-post-thumbnail","6":"product_cat-kit-solar-interconexion","7":"product_tag-energia-solar","8":"product_tag-hoymiles","9":"product_tag-kit-solar-interconexion","11":"first","12":"instock","13":"sale","14":"shipping-taxable","15":"purchasable","16":"product-type-simple"},"_links":{"self":[{"href":"https:\/\/soydeaqui.ddns.net\/pachuca\/index.php\/wp-json\/wp\/v2\/product\/42954","targetHints":{"allow":["GET"]}}],"collection":[{"href":"https:\/\/soydeaqui.ddns.net\/pachuca\/index.php\/wp-json\/wp\/v2\/product"}],"about":[{"href":"https:\/\/soydeaqui.ddns.net\/pachuca\/index.php\/wp-json\/wp\/v2\/types\/product"}],"replies":[{"embeddable":true,"href":"https:\/\/soydeaqui.ddns.net\/pachuca\/index.php\/wp-json\/wp\/v2\/comments?post=42954"}],"wp:featuredmedia":[{"embeddable":true,"href":"https:\/\/soydeaqui.ddns.net\/pachuca\/index.php\/wp-json\/wp\/v2\/media\/42953"}],"wp:attachment":[{"href":"https:\/\/soydeaqui.ddns.net\/pachuca\/index.php\/wp-json\/wp\/v2\/media?parent=42954"}],"wp:term":[{"taxonomy":"product_brand","embeddable":true,"href":"https:\/\/soydeaqui.ddns.net\/pachuca\/index.php\/wp-json\/wp\/v2\/product_brand?post=42954"},{"taxonomy":"product_cat","embeddable":true,"href":"https:\/\/soydeaqui.ddns.net\/pachuca\/index.php\/wp-json\/wp\/v2\/product_cat?post=42954"},{"taxonomy":"product_tag","embeddable":true,"href":"https:\/\/soydeaqui.ddns.net\/pachuca\/index.php\/wp-json\/wp\/v2\/product_tag?post=42954"}],"curies":[{"name":"wp","href":"https:\/\/api.w.org\/{rel}","templated":true}]}}