{"id":42910,"date":"2026-03-18T18:55:17","date_gmt":"2026-03-18T18:55:17","guid":{"rendered":"https:\/\/soydeaqui.ddns.net\/pachuca\/index.php\/producto\/panel-led-luz-blanca-6-500-k-empotrado-o-suspendido-59-5-x-59-5-cm-40-w-127-vca60hz-vida-util-de-50000-horas-angulo-de-luz-de-140\/"},"modified":"2026-03-18T18:55:34","modified_gmt":"2026-03-18T18:55:34","slug":"panel-led-luz-blanca-6-500-k-empotrado-o-suspendido-59-5-x-59-5-cm-40-w-127-vca60hz-vida-util-de-50000-horas-angulo-de-luz-de-140","status":"publish","type":"product","link":"https:\/\/soydeaqui.ddns.net\/pachuca\/index.php\/producto\/panel-led-luz-blanca-6-500-k-empotrado-o-suspendido-59-5-x-59-5-cm-40-w-127-vca60hz-vida-util-de-50000-horas-angulo-de-luz-de-140\/","title":{"rendered":"Panel LED \/ Luz Blanca 6 500 K \/ Empotrado o Suspendido \/ 59.5 x 59.5 cm \/  40 W \/ 127 Vca~60Hz \/ Vida \u00datil de 50,000 horas \/ \u00c1ngulo de Luz de 140\u00b0"},"content":{"rendered":"<div style='width: 100%; max-width: 1200px; margin: 0 auto; font-family: sans-serif; line-height: 1.6; color: inherit; background-color: transparent;'>\n<div style='display: flex; flex-wrap: wrap; gap: 30px; margin-bottom: 30px;'>\n<div style='flex: 1 1 300px; min-width: 280px;'>\n<h3 style='font-size: 22px; border-bottom: 2px solid currentColor; padding-bottom: 5px; margin-top: 0; color: inherit; opacity: 0.8;'>Caracter\u00edsticas Principales<\/h3>\n<ul style='padding-left: 20px; font-size: 15px; color: inherit;'>\n<li style='margin-bottom: 5px;'>Libre de Mercurio&comma; eco-amigable<\/li>\n<li style='margin-bottom: 5px;'>Doble Opci\u00f3n de Montaje: Empotrado o Suspendido<\/li>\n<li style='margin-bottom: 5px;'>Voltaje de Alimentaci\u00f3n: 127V~60Hz<\/li>\n<li style='margin-bottom: 5px;'>\u00c1ngulo de Luz de 140\u00b0 para uniformidad lum\u00ednica<\/li>\n<li style='margin-bottom: 5px;'>Vida \u00datil de 50&comma;000 horas<\/li>\n<li style='margin-bottom: 5px;'>Temperatura de Color de 6 500 K<\/li>\n<\/ul><\/div>\n<div style='flex: 1 1 300px; min-width: 280px;'>\n<h3 style='font-size: 22px; border-bottom: 2px solid currentColor; padding-bottom: 5px; margin-top: 0; color: inherit; opacity: 0.8;'>Caracter\u00edsticas F\u00edsicas y El\u00e9c tricas<\/h3>\n<ul style='padding-left: 20px; font-size: 15px; color: inherit;'>\n<li style='margin-bottom: 5px;'><strong>Potencia:<\/strong> 40W<\/li>\n<li style='margin-bottom: 5px;'><strong>Flujo Luminoso:<\/strong> 4200 Im<\/li>\n<li style='margin-bottom: 5px;'><strong>Corriente El\u00e9ctrica:<\/strong> 338mA<\/li>\n<li style='margin-bottom: 5px;'><strong>Dimensiones:<\/strong> 595*595mm<\/li>\n<li style='margin-bottom: 5px;'><strong>Material:<\/strong> Aluminio y Acr\u00edlico<\/li>\n<\/ul><\/div>\n<div style='flex: 1 1 300px; min-width: 280px;'>\n<h3 style='font-size: 22px; border-bottom: 2px solid currentColor; padding-bottom: 5px; margin-top: 0; color: inherit; opacity: 0.8;'>Caracter\u00edsticas Destacadas<\/h3>\n<ul style='padding-left: 20px; font-size: 15px; color: inherit;'>\n<li style='margin-bottom: 5px;'>DRIVER INTEGRADO para f\u00e1cil instalaci\u00f3n<\/li>\n<li style='margin-bottom: 5px;'>Iluminaci\u00f3n Uniforme Sin Parpadeo<\/li>\n<li style='margin-bottom: 5px;'>Alta Calidad en Acabados<\/li>\n<li style='margin-bottom: 5px;'>Instalaci\u00f3n R\u00e1pida y Sencilla<\/li>\n<li style='margin-bottom: 5px;'>Para montaje suspendido puede emplear el modelo <strong>(Tensores-X)<\/strong><\/li>\n<li style='margin-bottom: 5px;'>Ideal para Comercios y Oficinas<\/li>\n<li style='margin-bottom: 5px;'>Certificaci\u00f3n NOM-003-SCFI-2014<\/li>\n<\/ul><\/div>\n<\/p><\/div>\n<hr style='border: 0; border-top: 1px solid rgba(150&comma; 150&comma; 150&comma; 0.3); margin: 30px 0;'> <\/div>\n","protected":false},"excerpt":{"rendered":"<p>Panel LED \/ Luz Blanca 6 500 K \/ Empotrado o Suspendido \/ 59.5 x 59.5 cm \/  40 W \/ 127 Vca~60Hz \/ Vida \u00datil de 50,000 horas \/ \u00c1ngulo de Luz de 140\u00b0<\/p>\n","protected":false},"featured_media":42909,"comment_status":"open","ping_status":"closed","template":"","meta":[],"product_brand":[],"product_cat":[1166],"product_tag":[1167,1169,1168],"class_list":{"0":"post-42910","1":"product","2":"type-product","3":"status-publish","4":"has-post-thumbnail","6":"product_cat-uso-interior","7":"product_tag-iluminacion","8":"product_tag-jwj","9":"product_tag-uso-interior","11":"first","12":"instock","13":"sale","14":"shipping-taxable","15":"purchasable","16":"product-type-simple"},"_links":{"self":[{"href":"https:\/\/soydeaqui.ddns.net\/pachuca\/index.php\/wp-json\/wp\/v2\/product\/42910","targetHints":{"allow":["GET"]}}],"collection":[{"href":"https:\/\/soydeaqui.ddns.net\/pachuca\/index.php\/wp-json\/wp\/v2\/product"}],"about":[{"href":"https:\/\/soydeaqui.ddns.net\/pachuca\/index.php\/wp-json\/wp\/v2\/types\/product"}],"replies":[{"embeddable":true,"href":"https:\/\/soydeaqui.ddns.net\/pachuca\/index.php\/wp-json\/wp\/v2\/comments?post=42910"}],"wp:featuredmedia":[{"embeddable":true,"href":"https:\/\/soydeaqui.ddns.net\/pachuca\/index.php\/wp-json\/wp\/v2\/media\/42909"}],"wp:attachment":[{"href":"https:\/\/soydeaqui.ddns.net\/pachuca\/index.php\/wp-json\/wp\/v2\/media?parent=42910"}],"wp:term":[{"taxonomy":"product_brand","embeddable":true,"href":"https:\/\/soydeaqui.ddns.net\/pachuca\/index.php\/wp-json\/wp\/v2\/product_brand?post=42910"},{"taxonomy":"product_cat","embeddable":true,"href":"https:\/\/soydeaqui.ddns.net\/pachuca\/index.php\/wp-json\/wp\/v2\/product_cat?post=42910"},{"taxonomy":"product_tag","embeddable":true,"href":"https:\/\/soydeaqui.ddns.net\/pachuca\/index.php\/wp-json\/wp\/v2\/product_tag?post=42910"}],"curies":[{"name":"wp","href":"https:\/\/api.w.org\/{rel}","templated":true}]}}