{"id":42903,"date":"2026-03-18T18:55:07","date_gmt":"2026-03-18T18:55:07","guid":{"rendered":"https:\/\/soydeaqui.ddns.net\/pachuca\/index.php\/producto\/relevador-inalambrico-par-2-piezas-en-la-caja-inteligente-16a-110-230-v-compatible-con-asistente-de-voz-alexa-google-home\/"},"modified":"2026-03-18T18:55:15","modified_gmt":"2026-03-18T18:55:15","slug":"relevador-inalambrico-par-2-piezas-en-la-caja-inteligente-16a-110-230-v-compatible-con-asistente-de-voz-alexa-google-home","status":"publish","type":"product","link":"https:\/\/soydeaqui.ddns.net\/pachuca\/index.php\/producto\/relevador-inalambrico-par-2-piezas-en-la-caja-inteligente-16a-110-230-v-compatible-con-asistente-de-voz-alexa-google-home\/","title":{"rendered":"Relevador inal\u00e1mbrico (par 2 piezas en la caja) inteligente 16A, 110-230 V, compatible con asistente de voz Alexa, Google Home"},"content":{"rendered":"<div style='width: 100%; max-width: 1200px; margin: 0 auto; font-family: sans-serif; line-height: 1.6; color: inherit; background-color: transparent;'>\n<div style='display: flex; flex-wrap: wrap; gap: 30px; margin-bottom: 30px;'>\n<div style='flex: 1 1 300px; min-width: 280px;'>\n<h3 style='font-size: 22px; border-bottom: 2px solid currentColor; padding-bottom: 5px; margin-top: 0; color: inherit; opacity: 0.8;'>Caracter\u00edsticas principales<\/h3>\n<ul style='padding-left: 20px; font-size: 15px; color: inherit;'>\n<li style='margin-bottom: 5px;'>No requiere HUB<\/li>\n<li style='margin-bottom: 5px;'>Contanto seco<\/li>\n<li style='margin-bottom: 5px;'>Proteccion temperatura<\/li>\n<li style='margin-bottom: 5px;'>Proteccion sobre carga<\/li>\n<li style='margin-bottom: 5px;'>Canales: 1<\/li>\n<li style='margin-bottom: 5px;'>Conectividad de configuraci\u00f3n y control Wifi 2.4GHz<\/li>\n<li style='margin-bottom: 5px;'>Bluetooth (solo para agregar&comma; no para control)<\/li>\n<li style='margin-bottom: 5px;'>2 piezas en la caja<\/li>\n<\/ul><\/div>\n<div style='flex: 1 1 300px; min-width: 280px;'>\n<h3 style='font-size: 22px; border-bottom: 2px solid currentColor; padding-bottom: 5px; margin-top: 0; color: inherit; opacity: 0.8;'>Caracter\u00edsticas F\u00edsicas y El\u00e9ctricas<\/h3>\n<ul style='padding-left: 20px; font-size: 15px; color: inherit;'>\n<li style='margin-bottom: 5px;'>Alimentacion AC: 110V &#8211; 230V&comma; 50\/60Hz<\/li>\n<li style='margin-bottom: 5px;'>Alimentacion DC: 12V (estabilizado)&comma; 24 &#8211; 48V<\/li>\n<li style='margin-bottom: 5px;'>Carga maxima soportada: 16A<\/li>\n<li style='margin-bottom: 5px;'>Temperatura de operacion: -20\u00b0C a +40\u00b0C<\/li>\n<li style='margin-bottom: 5px;'>Corriente de consumo: <1W<\/li>\n<li style='margin-bottom: 5px;'>Dimensiones: 41mm x 36mm x 16mm<\/li>\n<li style='margin-bottom: 5px;'>Usiarios simultaneos: 10 o compartir a 5 cuentas.<\/li>\n<\/ul><\/div>\n<div style='flex: 1 1 300px; min-width: 280px;'>\n<h3 style='font-size: 22px; border-bottom: 2px solid currentColor; padding-bottom: 5px; margin-top: 0; color: inherit; opacity: 0.8;'>Ejemplos de instalacion<\/h3>\n<ul style='padding-left: 20px; font-size: 15px; color: inherit;'>\n<li style='margin-bottom: 5px;'>Iluminacion.<\/li>\n<li style='margin-bottom: 5px;'>Sirena o Estrobo.<\/li>\n<li style='margin-bottom: 5px;'>Cerco Electrico.<\/li>\n<li style='margin-bottom: 5px;'>Chapa Electrica.<\/li>\n<li style='margin-bottom: 5px;'>Puerta de garage.<\/li>\n<li><a href='https:\/\/kb.shelly.cloud\/knowledge-base\/devices' style='color: inherit; text-decoration: underline;'>Base de datos material de apoyo.<\/a><\/li>\n<\/ul><\/div>\n<\/p><\/div>\n<hr style='border: 0; border-top: 1px solid rgba(150&comma; 150&comma; 150&comma; 0.3); margin: 30px 0;'>\n<div style='display: flex; flex-wrap: wrap; gap: 20px; margin-bottom: 30px;'>\n<div style='flex: 1 1 300px; min-width: 280px;'> <img style='width: 100%; height: auto; border: 1px solid rgba(150&comma;150&comma;150&comma;0.3); border-radius: 8px;' src='https:\/\/i.ibb.co\/hYz5w2N\/funcionalidades2.jpg' alt=''> <\/div>\n<div style='flex: 1 1 300px; min-width: 280px;'> <img style='width: 100%; height: auto; border: 1px solid rgba(150&comma;150&comma;150&comma;0.3); border-radius: 8px;' src='https:\/\/i.ibb.co\/SQfLGjm\/quemejoramos2.png' alt=''> <\/div>\n<\/p><\/div>\n<div style='background-color: #2f9cd7; border-radius: 10px; padding: 40px; margin-bottom: 30px;'>\n<div style='display: flex; flex-wrap: wrap; gap: 20px; justify-content: center;'>\n<div style='flex: 1 1 250px; text-align: center;'> <img style='width: auto; height: 80px; margin: 10px auto;' src='https:\/\/ftp3.syscom.mx\/usuarios\/ftp\/single_page\/shelly_img\/install.png' alt='Instalar'> <\/p>\n<h4 style='color: white; margin-top: 0;'>INSTALAR<\/h4>\n<p style='color: white; margin: 0;'>Instale su rel\u00e9 ShellyPLUS1 en la pared debajo de la toma de corriente o un interruptor de luz est\u00e1ndar.<\/p>\n<\/p><\/div>\n<div style='flex: 1 1 250px; text-align: center;'> <img style='width: auto; height: 80px; margin: 10px auto;' src='https:\/\/ftp3.syscom.mx\/usuarios\/ftp\/single_page\/shelly_img\/download-app.png' alt='Descargar App'> <\/p>\n<h4 style='color: white; margin-top: 0;'>INSTALAR<\/h4>\n<p style='color: white; margin: 0;'>Descargue e instale la aplicaci\u00f3n m\u00f3vil gratuita de Google Play o Apple\u00ae App Store.<\/p>\n<\/p><\/div>\n<div style='flex: 1 1 250px; text-align: center;'> <img style='width: auto; height: 80px; margin: 10px auto;' src='https:\/\/ftp3.syscom.mx\/usuarios\/ftp\/single_page\/shelly_img\/manual.png' alt='Manual'> <\/p>\n<h4 style='color: white; margin-top: 0;'>DESCARGAR<\/h4>\n<p style='color: white; margin: 0;'>Descargue nuestra Gu\u00eda de usuario y siga las instrucciones.<\/p>\n<\/p><\/div>\n<\/p><\/div>\n<\/p><\/div>\n<div style='background-color: #434342; padding: 30px; border-radius: 10px; text-align: center;'> <img style='width: auto; height: 50px; margin: 0 auto;' src='https:\/\/ftp3.syscom.mx\/usuarios\/ftp\/single_page\/shelly_img\/shelly_logo_white_std.png' alt='Shelly Logo'> <\/div>\n<\/p><\/div>\n","protected":false},"excerpt":{"rendered":"<p>Relevador inal\u00e1mbrico (par 2 piezas en la caja) inteligente 16A, 110-230 V, compatible con asistente de voz Alexa, Google Home<\/p>\n","protected":false},"featured_media":42902,"comment_status":"open","ping_status":"closed","template":"","meta":[],"product_brand":[],"product_cat":[56],"product_tag":[30,57,58],"class_list":{"0":"post-42903","1":"product","2":"type-product","3":"status-publish","4":"has-post-thumbnail","6":"product_cat-control-de-iluminacion","7":"product_tag-automatizacion-casa-inteligente","8":"product_tag-control-de-iluminacion","9":"product_tag-shelly","11":"first","12":"outofstock","13":"sale","14":"shipping-taxable","15":"purchasable","16":"product-type-simple"},"_links":{"self":[{"href":"https:\/\/soydeaqui.ddns.net\/pachuca\/index.php\/wp-json\/wp\/v2\/product\/42903","targetHints":{"allow":["GET"]}}],"collection":[{"href":"https:\/\/soydeaqui.ddns.net\/pachuca\/index.php\/wp-json\/wp\/v2\/product"}],"about":[{"href":"https:\/\/soydeaqui.ddns.net\/pachuca\/index.php\/wp-json\/wp\/v2\/types\/product"}],"replies":[{"embeddable":true,"href":"https:\/\/soydeaqui.ddns.net\/pachuca\/index.php\/wp-json\/wp\/v2\/comments?post=42903"}],"wp:featuredmedia":[{"embeddable":true,"href":"https:\/\/soydeaqui.ddns.net\/pachuca\/index.php\/wp-json\/wp\/v2\/media\/42902"}],"wp:attachment":[{"href":"https:\/\/soydeaqui.ddns.net\/pachuca\/index.php\/wp-json\/wp\/v2\/media?parent=42903"}],"wp:term":[{"taxonomy":"product_brand","embeddable":true,"href":"https:\/\/soydeaqui.ddns.net\/pachuca\/index.php\/wp-json\/wp\/v2\/product_brand?post=42903"},{"taxonomy":"product_cat","embeddable":true,"href":"https:\/\/soydeaqui.ddns.net\/pachuca\/index.php\/wp-json\/wp\/v2\/product_cat?post=42903"},{"taxonomy":"product_tag","embeddable":true,"href":"https:\/\/soydeaqui.ddns.net\/pachuca\/index.php\/wp-json\/wp\/v2\/product_tag?post=42903"}],"curies":[{"name":"wp","href":"https:\/\/api.w.org\/{rel}","templated":true}]}}