{"id":42897,"date":"2026-03-18T18:54:57","date_gmt":"2026-03-18T18:54:57","guid":{"rendered":"https:\/\/soydeaqui.ddns.net\/pachuca\/index.php\/producto\/linea-de-tiza-autorretractil-con-tiza-azul-para-trazado-en-el-trabajo\/"},"modified":"2026-03-18T18:55:01","modified_gmt":"2026-03-18T18:55:01","slug":"linea-de-tiza-autorretractil-con-tiza-azul-para-trazado-en-el-trabajo","status":"publish","type":"product","link":"https:\/\/soydeaqui.ddns.net\/pachuca\/index.php\/producto\/linea-de-tiza-autorretractil-con-tiza-azul-para-trazado-en-el-trabajo\/","title":{"rendered":"L\u00ednea de Tiza Autorretr\u00e1ctil con Tiza Azul para Trazado en el Trabajo."},"content":{"rendered":"<div style='width: 100%; max-width: 1200px; margin: 0 auto; font-family: sans-serif; line-height: 1.6; color: inherit;'>\n<div style='display: flex; flex-direction: column; margin-bottom: 30px;'>\n<h1 style='font-size: 32px; margin: 0; font-family: sans-serif; color: inherit;'><\/h1>\n<h2 style='font-size: 24px; margin: 20px 0 0; color: #666666; font-family: sans-serif; opacity: 0.8;'><\/h2>\n<\/p><\/div>\n<div style='display: flex; flex-wrap: wrap; gap: 30px; margin-bottom: 30px;'>\n<div style='flex: 1 1 300px; min-width: 280px;'>\n<h3 style='font-size: 22px; border-bottom: 2px solid currentColor; padding-bottom: 5px; margin-top: 0; color: inherit; opacity: 0.8;'>Caracter\u00edsticas<\/h3>\n<ul style='padding-left: 20px; font-size: 15px; color: inherit;'>\n<li style='margin-bottom: 5px;'>Carga de tiza r\u00e1pida y sin des\u00f3rdenes con las c\u00e1psulas reemplazables de Klein Tools (Cat. n.\u00ba CHLK00R y CHLK00B)<\/li>\n<li style='margin-bottom: 5px;'>Carrete autorretr\u00e1ctil que rebobina r\u00e1pidamente 50&#8242; (15&comma;24 m) de hilo con presionar un bot\u00f3n<\/li>\n<li style='margin-bottom: 5px;'>La l\u00ednea de nylon resistente cuenta con hilo trenzado de 1&comma;0 mm para fines de claridad y precisi\u00f3n de l\u00edneas<\/li>\n<li style='margin-bottom: 5px;'>Estuche ABS de alto impacto con agarres suaves para brindar durabilidad y comodidad a largo plazo<\/li>\n<li style='margin-bottom: 5px;'>Tiza azul de alta visibilidad incluida; se puede cambiar f\u00e1cilmente a roja con las Cat. n.\u00ba CHLK00R; se vende por separado<\/li>\n<li style='margin-bottom: 5px;'>Carcasa transparente para tiza que permite ver f\u00e1cilmente la tiza restante<\/li>\n<li style='margin-bottom: 5px;'>Reemplazo f\u00e1cil del hilo para cambiar los hilos rotos&comma; h\u00famedos o gastados<\/li>\n<li style='margin-bottom: 5px;'>Orificio para cuerda para colgar el carrete al cintur\u00f3n y a la bolsa para herramientas<\/li>\n<\/ul><\/div>\n<\/p><\/div>\n<div style='margin-bottom: 30px;'> <img style='width: 100%; height: auto; border: 1px solid rgba(150&comma;150&comma;150&comma;0.3); border-radius: 8px;' src='https:\/\/ftp3.syscom.mx\/usuarios\/fotos\/CHLK50B\/228575-chlk50b_app3.jpeg' alt=''> <\/div>\n<div style='position: relative; padding-bottom: 56.25%; height: 0; overflow: hidden; margin-bottom: 30px;'>   <\/div>\n<\/p><\/div>\n","protected":false},"excerpt":{"rendered":"<p>L\u00ednea de Tiza Autorretr\u00e1ctil con Tiza Azul para Trazado en el Trabajo.<\/p>\n","protected":false},"featured_media":42896,"comment_status":"open","ping_status":"closed","template":"","meta":[],"product_brand":[],"product_cat":[1138],"product_tag":[1058,1139,432],"class_list":{"0":"post-42897","1":"product","2":"type-product","3":"status-publish","4":"has-post-thumbnail","6":"product_cat-herramientas-mecanicas","7":"product_tag-ferreteria","8":"product_tag-herramientas-mecanicas","9":"product_tag-klein-tools","11":"first","12":"instock","13":"sale","14":"shipping-taxable","15":"purchasable","16":"product-type-simple"},"_links":{"self":[{"href":"https:\/\/soydeaqui.ddns.net\/pachuca\/index.php\/wp-json\/wp\/v2\/product\/42897","targetHints":{"allow":["GET"]}}],"collection":[{"href":"https:\/\/soydeaqui.ddns.net\/pachuca\/index.php\/wp-json\/wp\/v2\/product"}],"about":[{"href":"https:\/\/soydeaqui.ddns.net\/pachuca\/index.php\/wp-json\/wp\/v2\/types\/product"}],"replies":[{"embeddable":true,"href":"https:\/\/soydeaqui.ddns.net\/pachuca\/index.php\/wp-json\/wp\/v2\/comments?post=42897"}],"wp:featuredmedia":[{"embeddable":true,"href":"https:\/\/soydeaqui.ddns.net\/pachuca\/index.php\/wp-json\/wp\/v2\/media\/42896"}],"wp:attachment":[{"href":"https:\/\/soydeaqui.ddns.net\/pachuca\/index.php\/wp-json\/wp\/v2\/media?parent=42897"}],"wp:term":[{"taxonomy":"product_brand","embeddable":true,"href":"https:\/\/soydeaqui.ddns.net\/pachuca\/index.php\/wp-json\/wp\/v2\/product_brand?post=42897"},{"taxonomy":"product_cat","embeddable":true,"href":"https:\/\/soydeaqui.ddns.net\/pachuca\/index.php\/wp-json\/wp\/v2\/product_cat?post=42897"},{"taxonomy":"product_tag","embeddable":true,"href":"https:\/\/soydeaqui.ddns.net\/pachuca\/index.php\/wp-json\/wp\/v2\/product_tag?post=42897"}],"curies":[{"name":"wp","href":"https:\/\/api.w.org\/{rel}","templated":true}]}}