{"id":42886,"date":"2026-03-18T18:54:38","date_gmt":"2026-03-18T18:54:38","guid":{"rendered":"https:\/\/soydeaqui.ddns.net\/pachuca\/index.php\/producto\/capsulas-de-linea-de-tiza-roja-34-gr-para-trazadores-autoretractiles-chlk50b-y-chlk50r\/"},"modified":"2026-03-18T18:54:44","modified_gmt":"2026-03-18T18:54:44","slug":"capsulas-de-linea-de-tiza-roja-34-gr-para-trazadores-autoretractiles-chlk50b-y-chlk50r","status":"publish","type":"product","link":"https:\/\/soydeaqui.ddns.net\/pachuca\/index.php\/producto\/capsulas-de-linea-de-tiza-roja-34-gr-para-trazadores-autoretractiles-chlk50b-y-chlk50r\/","title":{"rendered":"C\u00e1psulas de L\u00ednea de Tiza Roja 34 gr., para Trazadores Autoretr\u00e1ctiles CHLK50B y CHLK50R"},"content":{"rendered":"<div style='width: 100%; max-width: 1200px; margin: 0 auto; font-family: sans-serif; line-height: 1.6; color: inherit; background-color: transparent;'> <!-- Secci\u00f3n de caracter\u00edsticas --> <\/p>\n<div style='display: flex; flex-wrap: wrap; gap: 30px; margin-bottom: 30px;'>\n<div style='flex: 1 1 300px; min-width: 280px;'>\n<h3 style='font-size: 22px; border-bottom: 2px solid currentColor; padding-bottom: 5px; margin-top: 0; color: inherit; opacity: 0.8;'>Caracter\u00edsticas<\/h3>\n<ul style='padding-left: 20px; font-size: 15px; color: inherit;'>\n<li style='margin-bottom: 5px;'>Tiza semipermanente para placa de yeso&comma; concreto&comma; piedra&comma; madera y pl\u00e1stico<\/li>\n<li style='margin-bottom: 5px;'>Recarga de tiza de forma r\u00e1pida y sin des\u00f3rdenes<\/li>\n<li style='margin-bottom: 5px;'>Tiza resistente a la decoloraci\u00f3n para visibilidad duradera bajo la luz solar<\/li>\n<li style='margin-bottom: 5px;'>La tiza resistente al agua no se lava ni se corre en condiciones de humedad<\/li>\n<li style='margin-bottom: 5px;'>Desechable y reciclable para desechar r\u00e1pidamente una vez vac\u00eda. (Revise a nivel local: si se pueden reciclar en \u00e1reas con instalaciones para reciclar polipropileno)<\/li>\n<li style='margin-bottom: 5px;'>Compatible con l\u00edneas de tiza de Klein Tools (Cat. n.\u00ba CHLK50R&comma; CHLK50B y CHLK100); se venden por separado<\/li>\n<li style='margin-bottom: 5px;'>Incluye 4 c\u00e1psulas&comma; cada una llena con 1&comma;2 oz de tiza<\/li>\n<\/ul><\/div>\n<\/p><\/div>\n<p> <!-- Imagen del producto --> <\/p>\n<div style='margin-bottom: 30px;'> <img style='width: 100%; height: auto; border: 1px solid rgba(150&comma;150&comma;150&comma;0.3); border-radius: 8px;' src='https:\/\/ftp3.syscom.mx\/usuarios\/fotos\/CHLK00R\/228583-chlk50r_app2.jpeg' alt=''> <\/div>\n<p> <!-- Video de YouTube --> <\/p>\n<div style='position: relative; padding-bottom: 56.25%; height: 0; overflow: hidden; margin-bottom: 30px;'>   <\/div>\n<p> <!-- Separador --> <\/p>\n<hr style='border: 0; border-top: 1px solid rgba(150&comma; 150&comma; 150&comma; 0.3); margin: 30px 0;'> <\/div>\n","protected":false},"excerpt":{"rendered":"<p>C\u00e1psulas de L\u00ednea de Tiza Roja 34 gr., para Trazadores Autoretr\u00e1ctiles CHLK50B y CHLK50R<\/p>\n","protected":false},"featured_media":42885,"comment_status":"open","ping_status":"closed","template":"","meta":[],"product_brand":[],"product_cat":[1149,1148],"product_tag":[1151,1150,1058,432],"class_list":{"0":"post-42886","1":"product","2":"type-product","3":"status-publish","4":"has-post-thumbnail","6":"product_cat-cintas-y-consumibles","7":"product_cat-corbatas","8":"product_tag-cintas-y-consumibles","9":"product_tag-corbatas","10":"product_tag-ferreteria","11":"product_tag-klein-tools","13":"first","14":"instock","15":"sale","16":"shipping-taxable","17":"purchasable","18":"product-type-simple"},"_links":{"self":[{"href":"https:\/\/soydeaqui.ddns.net\/pachuca\/index.php\/wp-json\/wp\/v2\/product\/42886","targetHints":{"allow":["GET"]}}],"collection":[{"href":"https:\/\/soydeaqui.ddns.net\/pachuca\/index.php\/wp-json\/wp\/v2\/product"}],"about":[{"href":"https:\/\/soydeaqui.ddns.net\/pachuca\/index.php\/wp-json\/wp\/v2\/types\/product"}],"replies":[{"embeddable":true,"href":"https:\/\/soydeaqui.ddns.net\/pachuca\/index.php\/wp-json\/wp\/v2\/comments?post=42886"}],"wp:featuredmedia":[{"embeddable":true,"href":"https:\/\/soydeaqui.ddns.net\/pachuca\/index.php\/wp-json\/wp\/v2\/media\/42885"}],"wp:attachment":[{"href":"https:\/\/soydeaqui.ddns.net\/pachuca\/index.php\/wp-json\/wp\/v2\/media?parent=42886"}],"wp:term":[{"taxonomy":"product_brand","embeddable":true,"href":"https:\/\/soydeaqui.ddns.net\/pachuca\/index.php\/wp-json\/wp\/v2\/product_brand?post=42886"},{"taxonomy":"product_cat","embeddable":true,"href":"https:\/\/soydeaqui.ddns.net\/pachuca\/index.php\/wp-json\/wp\/v2\/product_cat?post=42886"},{"taxonomy":"product_tag","embeddable":true,"href":"https:\/\/soydeaqui.ddns.net\/pachuca\/index.php\/wp-json\/wp\/v2\/product_tag?post=42886"}],"curies":[{"name":"wp","href":"https:\/\/api.w.org\/{rel}","templated":true}]}}