{"id":42877,"date":"2026-03-18T18:54:21","date_gmt":"2026-03-18T18:54:21","guid":{"rendered":"https:\/\/soydeaqui.ddns.net\/pachuca\/index.php\/producto\/linterna-led-portatil-recargable-500-lumenes-con-luz-frontal-y-lateral-de-trabajo-lampara-con-tapa-de-extremo-con-iman-usb-c\/"},"modified":"2026-03-18T18:54:34","modified_gmt":"2026-03-18T18:54:34","slug":"linterna-led-portatil-recargable-500-lumenes-con-luz-frontal-y-lateral-de-trabajo-lampara-con-tapa-de-extremo-con-iman-usb-c","status":"publish","type":"product","link":"https:\/\/soydeaqui.ddns.net\/pachuca\/index.php\/producto\/linterna-led-portatil-recargable-500-lumenes-con-luz-frontal-y-lateral-de-trabajo-lampara-con-tapa-de-extremo-con-iman-usb-c\/","title":{"rendered":"Linterna LED Port\u00e1til Recargable 500 L\u00famenes con Luz Frontal y Lateral de Trabajo. L\u00e1mpara con tapa de Extremo con Im\u00e1n, USB-C"},"content":{"rendered":"<div style='width: 100%; max-width: 1200px; margin: 0 auto; font-family: sans-serif; line-height: 1.6; color: inherit; background-color: transparent;'>\n<div style='margin-bottom: 20px;'>\n<h1 style='font-size: 32px; margin: 0; font-family: oswald-light; color: inherit;'>Linterna LED Recargable con Luz Frontal y Lateral de trabajo. Con Tapa M\u00e1gnetica y Puerto USB-C<\/h1>\n<h2 style='font-family: oswald-light; margin: 0 0 20px; font-size: 24px; color: #666666;'>56412<\/h2>\n<\/p><\/div>\n<div style='margin-bottom: 30px;'>\n<h3 style='font-size: 22px; border-bottom: 2px solid currentColor; padding-bottom: 5px; margin-top: 0; color: inherit; opacity: 0.8;'>Caracter\u00edsticas<\/h3>\n<ul style='padding-left: 20px; font-size: 15px; color: inherit; list-style-type: disc;'>\n<li style='margin-bottom: 5px;'>Linterna recargable con luz de trabajo integrada que es compacta y potente para usarla todos los d\u00edas&comma; y ofrece 5 modos de luz diferentes<\/li>\n<li style='margin-bottom: 5px;'>Cuenta con dos modos de linterna: alto a 500 l\u00famenes por 7 horas; bajo a 315 l\u00famenes por 10 horas y 3 modos de luz de trabajo: alto a 375 l\u00famenes por 10 horas; medio a 235 l\u00famenes por 11 horas y eco a 35 l\u00famenes por 30 horas<\/li>\n<li style='margin-bottom: 5px;'>Tapa de extremo con im\u00e1n y luces LED en el cilindro lateral para usar una luz de trabajo en modo manos libres<\/li>\n<li style='margin-bottom: 5px;'>Linterna duradera que resiste ca\u00eddas de 6&#8242; con clasificaci\u00f3n IP66 resistente al agua y a prueba de polvo<\/li>\n<li style='margin-bottom: 5px;'>Clip de bolsillo extra\u00edble para carga baja que mantiene la linterna accesible de manera que no interfiera en el trabajo<\/li>\n<li style='margin-bottom: 5px;'>Equipada con memoria del \u00faltimo modo&comma; a fin de que la linterna se encienda en el mismo modo que estaba al apagarla<\/li>\n<li style='margin-bottom: 5px;'>Luz LED tricolor que indica la vida \u00fatil de la bater\u00eda y collar\u00edn de carga que gira para recargarla usando el cable USB-C incluido<\/li>\n<li style='margin-bottom: 5px;'>Anillo localizador incandescente en la corona que se recarga cuando la linterna est\u00e1 encendida<\/li>\n<\/ul><\/div>\n<div style='display: flex; flex-wrap: wrap; gap: 20px; margin-bottom: 30px;'>\n<div style='flex: 1 1 250px; min-width: 200px;'>\n<div style='border: 1px solid rgba(150&comma; 150&comma; 150&comma; 0.4); border-radius: 8px; overflow: hidden; display: flex; flex-direction: column;'>\n<div style='padding: 15px; border-bottom: 1px solid rgba(150&comma; 150&comma; 150&comma; 0.2); font-weight: bold; font-size: 18px; color: inherit;'>Especificaciones<\/div>\n<div style='padding: 15px; color: inherit;'>\n<ul style='padding-left: 20px; margin: 0; font-size: 14px; list-style-type: disc;'>\n<li style='margin-bottom: 5px;'>2 modos de linterna: alto (500 l\u00famenes por 7 horas) y bajo (315 l\u00famenes por 10 horas)<\/li>\n<li style='margin-bottom: 5px;'>3 modos de luz de trabajo: alto (375 l\u00famenes por 10 horas)&comma; medio (235 l\u00famenes por 11 horas) y eco (35 l\u00famenes por 30 horas)<\/li>\n<li style='margin-bottom: 5px;'>Tapa de extremo con im\u00e1n para uso en modo manos libres<\/li>\n<li style='margin-bottom: 5px;'>Resistente a ca\u00eddas de 6&#8242; con clasificaci\u00f3n IP66<\/li>\n<li style='margin-bottom: 5px;'>Clip de bolsillo extra\u00edble<\/li>\n<li style='margin-bottom: 5px;'>Memoria del \u00faltimo modo de uso<\/li>\n<li style='margin-bottom: 5px;'>Indicador LED tricolor de estado de bater\u00eda<\/li>\n<li style='margin-bottom: 5px;'>Anillo localizador incandescente en la corona<\/li>\n<li style='margin-bottom: 5px;'>Puerto de carga USB-C<\/li>\n<\/ul><\/div>\n<\/p><\/div>\n<\/p><\/div>\n<div style='flex: 1 1 250px; min-width: 200px;'>\n<div style='border: 1px solid rgba(150&comma; 150&comma; 150&comma; 0.4); border-radius: 8px; overflow: hidden; display: flex; flex-direction: column;'>\n<div style='padding: 15px; border-bottom: 1px solid rgba(150&comma; 150&comma; 150&comma; 0.2); font-weight: bold; font-size: 18px; color: inherit;'>Aplicaciones<\/div>\n<div style='padding: 15px; color: inherit;'>\n<ul style='padding-left: 20px; margin: 0; font-size: 14px; list-style-type: disc;'>\n<li style='margin-bottom: 5px;'>Uso profesional en entornos industriales<\/li>\n<li style='margin-bottom: 5px;'>Trabajo en exteriores bajo condiciones clim\u00e1ticas adversas<\/li>\n<li style='margin-bottom: 5px;'>Mantenimiento y reparaci\u00f3n de equipos<\/li>\n<li style='margin-bottom: 5px;'>Situaciones de emergencia y rescate<\/li>\n<li style='margin-bottom: 5px;'>Trabajo en espacios reducidos o con poca luz<\/li>\n<\/ul><\/div>\n<\/p><\/div>\n<\/p><\/div>\n<div style='flex: 1 1 250px; min-width: 200px;'>\n<div style='border: 1px solid rgba(150&comma; 150&comma; 150&comma; 0.4); border-radius: 8px; overflow: hidden; display: flex; flex-direction: column;'>\n<div style='padding: 15px; border-bottom: 1px solid rgba(150&comma; 150&comma; 150&comma; 0.2); font-weight: bold; font-size: 18px; color: inherit;'>Caracter\u00edsticas de Seguridad<\/div>\n<div style='padding: 15px; color: inherit;'>\n<ul style='padding-left: 20px; margin: 0; font-size: 14px; list-style-type: disc;'>\n<li style='margin-bottom: 5px;'>Clasificaci\u00f3n IP66: protecci\u00f3n contra polvo y agua<\/li>\n<li style='margin-bottom: 5px;'>Resistente a ca\u00eddas de 6 pies<\/li>\n<li style='margin-bottom: 5px;'>Dise\u00f1o ergon\u00f3mico antideslizante<\/li>\n<\/ul><\/div>\n<\/p><\/div>\n<\/p><\/div>\n<\/p><\/div>\n<div style='display: flex; flex-wrap: wrap; align-items: center; gap: 20px; margin-bottom: 30px;'>\n<div style='flex: 1 1 250px; min-width: 200px;'> <img style='width: 100%; height: auto; border: 1px solid rgba(150&comma;150&comma;150&comma;0.3); border-radius: 8px;' src='https:\/\/www.kleintools.com.mx\/sites\/default\/files\/product-assets\/icons\/klein\/wf_magnetic.jpg' alt='wf_magnetic Product Icon'> <\/div>\n<\/p><\/div>\n<div style='margin-bottom: 30px;'> <img style='width: 100%; height: auto; border: 1px solid rgba(150&comma;150&comma;150&comma;0.3); border-radius: 8px;' src='https:\/\/ftp3.syscom.mx\/usuarios\/fotos\/56412\/228548-56412_app4.jpg' alt=''> <\/div>\n<div style='margin-bottom: 30px;'> <img style='width: 100%; height: auto; border: 1px solid rgba(150&comma;150&comma;150&comma;0.3); border-radius: 8px;' src='https:\/\/ftp3.syscom.mx\/usuarios\/fotos\/56412\/228548-captura_de_pantalla_2024-03-16_a_la(s)_10.47.10%E2%80%AFa.m..png' alt=''> <\/div>\n<\/p><\/div>\n","protected":false},"excerpt":{"rendered":"<p>Linterna LED Port\u00e1til Recargable 500 L\u00famenes con Luz Frontal y Lateral de Trabajo. L\u00e1mpara con tapa de Extremo con Im\u00e1n, USB-C<\/p>\n","protected":false},"featured_media":42876,"comment_status":"open","ping_status":"closed","template":"","meta":[],"product_brand":[],"product_cat":[1198],"product_tag":[1167,432,1199],"class_list":{"0":"post-42877","1":"product","2":"type-product","3":"status-publish","4":"has-post-thumbnail","6":"product_cat-uso-exterior","7":"product_tag-iluminacion","8":"product_tag-klein-tools","9":"product_tag-uso-exterior","11":"first","12":"instock","13":"sale","14":"shipping-taxable","15":"purchasable","16":"product-type-simple"},"_links":{"self":[{"href":"https:\/\/soydeaqui.ddns.net\/pachuca\/index.php\/wp-json\/wp\/v2\/product\/42877","targetHints":{"allow":["GET"]}}],"collection":[{"href":"https:\/\/soydeaqui.ddns.net\/pachuca\/index.php\/wp-json\/wp\/v2\/product"}],"about":[{"href":"https:\/\/soydeaqui.ddns.net\/pachuca\/index.php\/wp-json\/wp\/v2\/types\/product"}],"replies":[{"embeddable":true,"href":"https:\/\/soydeaqui.ddns.net\/pachuca\/index.php\/wp-json\/wp\/v2\/comments?post=42877"}],"wp:featuredmedia":[{"embeddable":true,"href":"https:\/\/soydeaqui.ddns.net\/pachuca\/index.php\/wp-json\/wp\/v2\/media\/42876"}],"wp:attachment":[{"href":"https:\/\/soydeaqui.ddns.net\/pachuca\/index.php\/wp-json\/wp\/v2\/media?parent=42877"}],"wp:term":[{"taxonomy":"product_brand","embeddable":true,"href":"https:\/\/soydeaqui.ddns.net\/pachuca\/index.php\/wp-json\/wp\/v2\/product_brand?post=42877"},{"taxonomy":"product_cat","embeddable":true,"href":"https:\/\/soydeaqui.ddns.net\/pachuca\/index.php\/wp-json\/wp\/v2\/product_cat?post=42877"},{"taxonomy":"product_tag","embeddable":true,"href":"https:\/\/soydeaqui.ddns.net\/pachuca\/index.php\/wp-json\/wp\/v2\/product_tag?post=42877"}],"curies":[{"name":"wp","href":"https:\/\/api.w.org\/{rel}","templated":true}]}}