{"id":42864,"date":"2026-03-18T18:53:57","date_gmt":"2026-03-18T18:53:57","guid":{"rendered":"https:\/\/soydeaqui.ddns.net\/pachuca\/index.php\/producto\/juego-de-dados-girados-resistentes-al-impacto-7-en-1-con-mango\/"},"modified":"2026-03-18T18:54:05","modified_gmt":"2026-03-18T18:54:05","slug":"juego-de-dados-girados-resistentes-al-impacto-7-en-1-con-mango","status":"publish","type":"product","link":"https:\/\/soydeaqui.ddns.net\/pachuca\/index.php\/producto\/juego-de-dados-girados-resistentes-al-impacto-7-en-1-con-mango\/","title":{"rendered":"Juego de Dados Girados Resistentes al Impacto 7 en 1 con Mango"},"content":{"rendered":"<div style='width: 100%; max-width: 1200px; margin: 0 auto; font-family: sans-serif; line-height: 1.6; color: inherit; background-color: transparent;'>\n<div style='display: flex; flex-wrap: wrap; gap: 30px; margin-bottom: 30px;'>\n<div style='flex: 1 1 300px; min-width: 280px;'>\n<h3 style='font-size: 22px; border-bottom: 2px solid currentColor; padding-bottom: 5px; margin-top: 0; color: inherit; opacity: 0.8;'>Caracter\u00edsticas<\/h3>\n<ul style='padding-left: 20px; font-size: 15px; color: inherit;'>\n<li style='margin-bottom: 5px;'>El juego de dados de impacto girados incluye 3 dados girados&comma; un compartimiento para puntas de 1\/4&#8221; y un mango con conexi\u00f3n r\u00e1pida<\/li>\n<li style='margin-bottom: 5px;'>Los tama\u00f1os hexagonales incluyen 1\/4&#8221;&comma; 5\/16&#8221;&comma; 3\/8&#8221;&comma; 7\/16&#8221;&comma; 1\/2&#8221; y 9\/16&#8221;<\/li>\n<li style='margin-bottom: 5px;'>La barra hexagonal y los dados son resistentes al impacto y est\u00e1n dise\u00f1ados para aplicaciones de alta resistencia<\/li>\n<li style='margin-bottom: 5px;'>Im\u00e1n de tierra rara que sostiene los sujetadores para una operaci\u00f3n pr\u00e1ctica y f\u00e1cil<\/li>\n<li style='margin-bottom: 5px;'>Tama\u00f1os hexagonales codificados por color para identificar f\u00e1cilmente los tama\u00f1os<\/li>\n<li style='margin-bottom: 5px;'>Los dados girados se pueden almacenar en cualquier orden u orientaci\u00f3n en la barra<\/li>\n<li style='margin-bottom: 5px;'>El mango Cushion-Grip\u2122 proporciona mayor torsi\u00f3n y comodidad<\/li>\n<li style='margin-bottom: 5px;'>Profundidad optimizada de la posici\u00f3n corta del dado para sujetadores de cabeza hexagonal<\/li>\n<\/ul><\/div>\n<\/p><\/div>\n<div style='display: flex; flex-wrap: wrap; justify-content: center; margin-top: 30px;'>\n<div style='width: 100%; max-width: 800px;'> <img style='width: 100%; height: auto; border: 1px solid rgba(150&comma;150&comma;150&comma;0.3); border-radius: 8px;' src='https:\/\/ftp3.syscom.mx\/usuarios\/fotos\/32910\/228538-32910_app4.jpg' alt=''> <\/div>\n<\/p><\/div>\n<\/p><\/div>\n","protected":false},"excerpt":{"rendered":"<p>Juego de Dados Girados Resistentes al Impacto 7 en 1 con Mango<\/p>\n","protected":false},"featured_media":42863,"comment_status":"open","ping_status":"closed","template":"","meta":[],"product_brand":[],"product_cat":[1138],"product_tag":[1058,1139,432],"class_list":{"0":"post-42864","1":"product","2":"type-product","3":"status-publish","4":"has-post-thumbnail","6":"product_cat-herramientas-mecanicas","7":"product_tag-ferreteria","8":"product_tag-herramientas-mecanicas","9":"product_tag-klein-tools","11":"first","12":"instock","13":"sale","14":"shipping-taxable","15":"purchasable","16":"product-type-simple"},"_links":{"self":[{"href":"https:\/\/soydeaqui.ddns.net\/pachuca\/index.php\/wp-json\/wp\/v2\/product\/42864","targetHints":{"allow":["GET"]}}],"collection":[{"href":"https:\/\/soydeaqui.ddns.net\/pachuca\/index.php\/wp-json\/wp\/v2\/product"}],"about":[{"href":"https:\/\/soydeaqui.ddns.net\/pachuca\/index.php\/wp-json\/wp\/v2\/types\/product"}],"replies":[{"embeddable":true,"href":"https:\/\/soydeaqui.ddns.net\/pachuca\/index.php\/wp-json\/wp\/v2\/comments?post=42864"}],"wp:featuredmedia":[{"embeddable":true,"href":"https:\/\/soydeaqui.ddns.net\/pachuca\/index.php\/wp-json\/wp\/v2\/media\/42863"}],"wp:attachment":[{"href":"https:\/\/soydeaqui.ddns.net\/pachuca\/index.php\/wp-json\/wp\/v2\/media?parent=42864"}],"wp:term":[{"taxonomy":"product_brand","embeddable":true,"href":"https:\/\/soydeaqui.ddns.net\/pachuca\/index.php\/wp-json\/wp\/v2\/product_brand?post=42864"},{"taxonomy":"product_cat","embeddable":true,"href":"https:\/\/soydeaqui.ddns.net\/pachuca\/index.php\/wp-json\/wp\/v2\/product_cat?post=42864"},{"taxonomy":"product_tag","embeddable":true,"href":"https:\/\/soydeaqui.ddns.net\/pachuca\/index.php\/wp-json\/wp\/v2\/product_tag?post=42864"}],"curies":[{"name":"wp","href":"https:\/\/api.w.org\/{rel}","templated":true}]}}