{"id":42825,"date":"2026-03-18T18:52:48","date_gmt":"2026-03-18T18:52:48","guid":{"rendered":"https:\/\/soydeaqui.ddns.net\/pachuca\/index.php\/producto\/nivel-laser-de-3-planos-de-color-verde-de-360o-y-30-5-m-de-alcance-compacto-con-base-magnetica-y-para-tripoide\/"},"modified":"2026-03-18T18:52:55","modified_gmt":"2026-03-18T18:52:55","slug":"nivel-laser-de-3-planos-de-color-verde-de-360o-y-30-5-m-de-alcance-compacto-con-base-magnetica-y-para-tripoide","status":"publish","type":"product","link":"https:\/\/soydeaqui.ddns.net\/pachuca\/index.php\/producto\/nivel-laser-de-3-planos-de-color-verde-de-360o-y-30-5-m-de-alcance-compacto-con-base-magnetica-y-para-tripoide\/","title":{"rendered":"Nivel L\u00e1ser de 3 Planos de Color Verde, de 360\u00ba y 30.5 m. de alcance, Compacto con Base Magn\u00e9tica y para Tripoide"},"content":{"rendered":"<div style='width: 100%; max-width: 1200px; margin: 0 auto; font-family: sans-serif; line-height: 1.6; color: inherit; background-color: transparent;'> <!-- Secci\u00f3n de caracter\u00edsticas --> <\/p>\n<div style='display: flex; flex-wrap: wrap; gap: 30px; margin-bottom: 30px;'>\n<div style='flex: 1 1 300px; min-width: 280px;'>\n<h3 style='font-size: 22px; border-bottom: 2px solid currentColor; padding-bottom: 5px; margin-top: 0; color: inherit; opacity: 0.8;'>Caracter\u00edsticas<\/h3>\n<ul style='padding-left: 20px; font-size: 15px; color: inherit;'>\n<li style='margin-bottom: 5px;'>El nivel l\u00e1ser verde autonivelante recargable tiene 3 planos l\u00e1ser verdes brillantes de 360 grados f\u00e1ciles de leer con un rango de trabajo de 100&#8242; (30&comma;5 m)&comma; hasta dos veces m\u00e1s brillantes que los haces de luz roja regulares<\/li>\n<li style='margin-bottom: 5px;'>Su dise\u00f1o compacto y liviano con l\u00e1seres en 3 planos es f\u00e1cil de utilizar en \u00e1reas estrechas y de guardar cuando no se usa<\/li>\n<li style='margin-bottom: 5px;'>El l\u00e1ser de alta precisi\u00f3n proyecta l\u00edneas limpias con una precisi\u00f3n de 3\/16&#8221; a 30&#8242; (9&comma;1 m); la detecci\u00f3n autom\u00e1tica de desnivel hace que el l\u00e1ser parpadee cuando deja de estar nivelado<\/li>\n<li style='margin-bottom: 5px;'>El modo de inclinaci\u00f3n permite encender el nivel l\u00e1ser mientras el p\u00e9ndulo est\u00e1 bloqueado para utilizarlo en diferentes \u00e1ngulos<\/li>\n<li style='margin-bottom: 5px;'>El soporte magn\u00e9tico de montaje se enrosca en el montaje para tr\u00edpode integrado de 1\/4&#8221;<\/li>\n<li style='margin-bottom: 5px;'>El tiempo de operaci\u00f3n de m\u00e1s de 6 horas proporciona energ\u00eda a los l\u00e1seres para usarlos todo el d\u00eda<\/li>\n<li style='margin-bottom: 5px;'>El duradero dise\u00f1o sobremoldeado con clasificaci\u00f3n IP54 protege el nivel l\u00e1ser del agua y el polvo<\/li>\n<\/ul><\/div>\n<\/p><\/div>\n<p> <!-- Imagen del producto --> <\/p>\n<div style='margin-bottom: 30px;'> <img style='width: 100%; height: auto; border: 1px solid rgba(150&comma;150&comma;150&comma;0.3); border-radius: 8px;' src='https:\/\/ftp3.syscom.mx\/usuarios\/fotos\/93CPLG\/228448-93cplg_app3.jpg' alt=''> <\/div>\n<p> <!-- Video de YouTube --> <\/p>\n<div style='position: relative; padding-bottom: 56.25%; height: 0; overflow: hidden; margin-bottom: 30px;'>   <\/div>\n<p> <!-- Separador --> <\/p>\n<hr style='border: 0; border-top: 1px solid rgba(150&comma; 150&comma; 150&comma; 0.3); margin: 30px 0;'> <\/div>\n","protected":false},"excerpt":{"rendered":"<p>Nivel L\u00e1ser de 3 Planos de Color Verde, de 360\u00ba y 30.5 m. de alcance, Compacto con Base Magn\u00e9tica y para Tripoide<\/p>\n","protected":false},"featured_media":42824,"comment_status":"open","ping_status":"closed","template":"","meta":[],"product_brand":[],"product_cat":[24],"product_tag":[26,25,432],"class_list":{"0":"post-42825","1":"product","2":"type-product","3":"status-publish","4":"has-post-thumbnail","6":"product_cat-accesorios-de-instalacion","7":"product_tag-accesorios-de-instalacion","8":"product_tag-herramientas","9":"product_tag-klein-tools","11":"first","12":"instock","13":"sale","14":"shipping-taxable","15":"purchasable","16":"product-type-simple"},"_links":{"self":[{"href":"https:\/\/soydeaqui.ddns.net\/pachuca\/index.php\/wp-json\/wp\/v2\/product\/42825","targetHints":{"allow":["GET"]}}],"collection":[{"href":"https:\/\/soydeaqui.ddns.net\/pachuca\/index.php\/wp-json\/wp\/v2\/product"}],"about":[{"href":"https:\/\/soydeaqui.ddns.net\/pachuca\/index.php\/wp-json\/wp\/v2\/types\/product"}],"replies":[{"embeddable":true,"href":"https:\/\/soydeaqui.ddns.net\/pachuca\/index.php\/wp-json\/wp\/v2\/comments?post=42825"}],"wp:featuredmedia":[{"embeddable":true,"href":"https:\/\/soydeaqui.ddns.net\/pachuca\/index.php\/wp-json\/wp\/v2\/media\/42824"}],"wp:attachment":[{"href":"https:\/\/soydeaqui.ddns.net\/pachuca\/index.php\/wp-json\/wp\/v2\/media?parent=42825"}],"wp:term":[{"taxonomy":"product_brand","embeddable":true,"href":"https:\/\/soydeaqui.ddns.net\/pachuca\/index.php\/wp-json\/wp\/v2\/product_brand?post=42825"},{"taxonomy":"product_cat","embeddable":true,"href":"https:\/\/soydeaqui.ddns.net\/pachuca\/index.php\/wp-json\/wp\/v2\/product_cat?post=42825"},{"taxonomy":"product_tag","embeddable":true,"href":"https:\/\/soydeaqui.ddns.net\/pachuca\/index.php\/wp-json\/wp\/v2\/product_tag?post=42825"}],"curies":[{"name":"wp","href":"https:\/\/api.w.org\/{rel}","templated":true}]}}