{"id":42823,"date":"2026-03-18T18:52:46","date_gmt":"2026-03-18T18:52:46","guid":{"rendered":"https:\/\/soydeaqui.ddns.net\/pachuca\/index.php\/producto\/zapata-terminal-de-compresion-de-cobre-electrolitico-estanado-de-canon-corto-para-tornillo-de-1-2-y-calibre-2-awg-2\/"},"modified":"2026-03-18T18:52:46","modified_gmt":"2026-03-18T18:52:46","slug":"zapata-terminal-de-compresion-de-cobre-electrolitico-estanado-de-canon-corto-para-tornillo-de-1-2-y-calibre-2-awg-2","status":"publish","type":"product","link":"https:\/\/soydeaqui.ddns.net\/pachuca\/index.php\/producto\/zapata-terminal-de-compresion-de-cobre-electrolitico-estanado-de-canon-corto-para-tornillo-de-1-2-y-calibre-2-awg-2\/","title":{"rendered":"Zapata Terminal de Compresi\u00f3n de Cobre Electrol\u00edtico Esta\u00f1ado de Ca\u00f1\u00f3n Corto para Tornillo de 1\/2&#8243; y Calibre 2 AWG."},"content":{"rendered":"<div style='width: 100%; max-width: 1200px; margin: 0 auto; font-family: sans-serif; line-height: 1.6; color: inherit; background-color: transparent;'>\n<div style='display: flex; flex-wrap: wrap; gap: 30px; margin-bottom: 30px;'>\n<div style='flex: 1 1 300px; min-width: 280px;'>\n<h3 style='font-size: 22px; border-bottom: 2px solid currentColor; padding-bottom: 5px; margin-top: 0; color: inherit; opacity: 0.8;'>Especificaciones<\/h3>\n<ul style='padding-left: 20px; font-size: 15px; color: inherit;'>\n<li style='margin-bottom: 5px;'><strong>Aplicaci\u00f3n:<\/strong> Terminal de cable<\/li>\n<li style='margin-bottom: 5px;'><strong>Tipo de Conector:<\/strong> Barril est\u00e1ndar<\/li>\n<li style='margin-bottom: 5px;'><strong>Caracter\u00edsticas:<\/strong> Barril biselado<\/li>\n<li style='margin-bottom: 5px;'><strong>Color:<\/strong> Marr\u00f3n<\/li>\n<li style='margin-bottom: 5px;'><strong>Material:<\/strong> Cobre<\/li>\n<li style='margin-bottom: 5px;'><strong>N\u00famero de orificios:<\/strong> 1<\/li>\n<li style='margin-bottom: 5px;'><strong>Tipo de Orificio:<\/strong> Est\u00e1ndar<\/li>\n<li style='margin-bottom: 5px;'><strong>Revestimiento:<\/strong> S\u00ed<\/li>\n<li style='margin-bottom: 5px;'><strong>Tipo de revestimiento:<\/strong> Esta\u00f1o &#8211; Electrochapado<\/li>\n<li style='margin-bottom: 5px;'><strong>Voltaje m\u00e1ximo:<\/strong> 35 000 \u00f3 35 Kv<\/li>\n<li style='margin-bottom: 5px;'><strong>Longitud:<\/strong> 0.88 in<\/li>\n<li style='margin-bottom: 5px;'><strong>Di\u00e1metro exterior:<\/strong> 0.42 in<\/li>\n<li style='margin-bottom: 5px;'><strong>Tama\u00f1o del tornillo:<\/strong> 1\/2<\/li>\n<li style='margin-bottom: 5px;'><strong>Tama\u00f1o del orificio:<\/strong> 0.52 in (13.2 mm)<\/li>\n<li style='margin-bottom: 5px;'><strong>Longitud Total mm:<\/strong> 58 mm<\/li>\n<li style='margin-bottom: 5px;'><strong>Longitud Total in:<\/strong> 2.30 in<\/li>\n<li style='margin-bottom: 5px;'><strong>Ancho de almohadilla:<\/strong> 0.73 in<\/li>\n<li style='margin-bottom: 5px;'><strong>Longitud de la tira:<\/strong> 15\/16 in<\/li>\n<li style='margin-bottom: 5px;'><strong>Dimensi\u00f3n Z:<\/strong> 0.55 in<\/li>\n<li style='margin-bottom: 5px;'><strong>Tama\u00f1o de Conductor:<\/strong> 2 AWG<\/li>\n<li style='margin-bottom: 5px;'><strong>Material de Conductor:<\/strong> Cobre<\/li>\n<\/ul><\/div>\n<\/p><\/div>\n<\/p><\/div>\n","protected":false},"excerpt":{"rendered":"<p>Zapata Terminal de Compresi\u00f3n de Cobre Electrol\u00edtico Esta\u00f1ado de Ca\u00f1\u00f3n Corto para Tornillo de 1\/2&#8243; y Calibre 2 AWG.<\/p>\n","protected":false},"featured_media":42822,"comment_status":"open","ping_status":"closed","template":"","meta":[],"product_brand":[],"product_cat":[633],"product_tag":[634,732,605],"class_list":{"0":"post-42823","1":"product","2":"type-product","3":"status-publish","4":"has-post-thumbnail","6":"product_cat-accesorios-para-rack-gabinetes","7":"product_tag-accesorios-para-rack-gabinetes","8":"product_tag-hubbell-burndy","9":"product_tag-racks-y-gabinetes","11":"first","12":"instock","13":"sale","14":"shipping-taxable","15":"purchasable","16":"product-type-simple"},"_links":{"self":[{"href":"https:\/\/soydeaqui.ddns.net\/pachuca\/index.php\/wp-json\/wp\/v2\/product\/42823","targetHints":{"allow":["GET"]}}],"collection":[{"href":"https:\/\/soydeaqui.ddns.net\/pachuca\/index.php\/wp-json\/wp\/v2\/product"}],"about":[{"href":"https:\/\/soydeaqui.ddns.net\/pachuca\/index.php\/wp-json\/wp\/v2\/types\/product"}],"replies":[{"embeddable":true,"href":"https:\/\/soydeaqui.ddns.net\/pachuca\/index.php\/wp-json\/wp\/v2\/comments?post=42823"}],"wp:featuredmedia":[{"embeddable":true,"href":"https:\/\/soydeaqui.ddns.net\/pachuca\/index.php\/wp-json\/wp\/v2\/media\/42822"}],"wp:attachment":[{"href":"https:\/\/soydeaqui.ddns.net\/pachuca\/index.php\/wp-json\/wp\/v2\/media?parent=42823"}],"wp:term":[{"taxonomy":"product_brand","embeddable":true,"href":"https:\/\/soydeaqui.ddns.net\/pachuca\/index.php\/wp-json\/wp\/v2\/product_brand?post=42823"},{"taxonomy":"product_cat","embeddable":true,"href":"https:\/\/soydeaqui.ddns.net\/pachuca\/index.php\/wp-json\/wp\/v2\/product_cat?post=42823"},{"taxonomy":"product_tag","embeddable":true,"href":"https:\/\/soydeaqui.ddns.net\/pachuca\/index.php\/wp-json\/wp\/v2\/product_tag?post=42823"}],"curies":[{"name":"wp","href":"https:\/\/api.w.org\/{rel}","templated":true}]}}