{"id":42810,"date":"2026-03-18T18:52:23","date_gmt":"2026-03-18T18:52:23","guid":{"rendered":"https:\/\/soydeaqui.ddns.net\/pachuca\/index.php\/producto\/nivel-laser-rojo-de-bolsillo-con-rotacion-de-360o-y-alcance-de-9-1-metros-con-montaje-magnetico-y-para-tripoide\/"},"modified":"2026-03-18T18:52:31","modified_gmt":"2026-03-18T18:52:31","slug":"nivel-laser-rojo-de-bolsillo-con-rotacion-de-360o-y-alcance-de-9-1-metros-con-montaje-magnetico-y-para-tripoide","status":"publish","type":"product","link":"https:\/\/soydeaqui.ddns.net\/pachuca\/index.php\/producto\/nivel-laser-rojo-de-bolsillo-con-rotacion-de-360o-y-alcance-de-9-1-metros-con-montaje-magnetico-y-para-tripoide\/","title":{"rendered":"Nivel L\u00e1ser Rojo de Bolsillo con Rotaci\u00f3n de 360\u00ba y Alcance de 9.1 metros. Con montaje M\u00e1gnetico y para Tripoide"},"content":{"rendered":"<div style='width: 100%; max-width: 1200px; margin: 0 auto; font-family: sans-serif; line-height: 1.6; color: inherit;'>\n<div style='display: flex; flex-direction: column; margin-bottom: 30px;'>\n<h1 style='font-size: 28px; margin: 0; font-family: sans-serif; color: inherit;'>Nivel L\u00e1ser Rojo de Bolsillo con Rotaci\u00f3n de 360\u00ba y Alcance de 9.1 metros. Con montaje M\u00e1gnetico y para Tripoide<\/h1>\n<h2 style='font-size: 20px; margin: 5px 0 0; color: #666666; font-family: sans-serif; opacity: 0.8;'>93PTL<\/h2>\n<\/p><\/div>\n<div style='display: flex; flex-wrap: wrap; gap: 30px; margin-bottom: 30px;'>\n<div style='flex: 1 1 300px; min-width: 280px;'>\n<h3 style='font-size: 22px; border-bottom: 2px solid currentColor; padding-bottom: 5px; margin-top: 0; color: inherit; opacity: 0.8;'>Caracter\u00edsticas<\/h3>\n<ul style='padding-left: 20px; font-size: 15px; color: inherit;'>\n<li style='margin-bottom: 10px;'>Proyecta una \u00fanica l\u00ednea l\u00e1ser roja hasta 30&#8242; (9&comma;1&nbsp;m) en interiores&comma; lo que proporciona una amplia cobertura para una gran variedad de aplicaciones<\/li>\n<li style='margin-bottom: 10px;'>El cuerpo del l\u00e1ser tiene una rotaci\u00f3n de 360\u00b0 para proyectar l\u00edneas en cualquier \u00e1ngulo<\/li>\n<li style='margin-bottom: 10px;'>Las perillas de ajuste preciso horizontal y vertical facilitan el ajuste de precisi\u00f3n de la l\u00ednea l\u00e1ser sin tener que mover la unidad<\/li>\n<li style='margin-bottom: 10px;'>Dise\u00f1o compacto que facilita su uso y transporte en casa&comma; en el trabajo y en cualquier lugar intermedio<\/li>\n<li style='margin-bottom: 10px;'>Las ampollas de burbuja de 3&nbsp;ejes se iluminan para una f\u00e1cil visualizaci\u00f3n y nivelaci\u00f3n<\/li>\n<li style='margin-bottom: 10px;'>Dos potentes imanes&comma; rosca de montaje en tr\u00edpode de 1\/4-20&#8221;&comma; un orificio para colgar y un pie de apoyo incorporado que ofrecen una variedad de opciones de montaje<\/li>\n<li style='margin-bottom: 10px;'>M\u00e1s de 12 horas de tiempo de operaci\u00f3n con 2 bater\u00edas alcalinas AAA&comma; y advertencia de bater\u00eda baja<\/li>\n<\/ul><\/div>\n<\/p><\/div>\n<div style='display: flex; justify-content: center; margin: 30px 0;'> <img style='width: 100%; max-width: 800px; height: auto; border: 1px solid rgba(150&comma;150&comma;150&comma;0.3); border-radius: 8px;' src='https:\/\/ftp3.syscom.mx\/usuarios\/fotos\/93PTL\/228455-93ptl_app6.jpg' alt=''> <\/div>\n<div style='position: relative; padding-bottom: 56.25%; height: 0; overflow: hidden; margin: 30px 0;'>   <\/div>\n<\/p><\/div>\n","protected":false},"excerpt":{"rendered":"<p>Nivel L\u00e1ser Rojo de Bolsillo con Rotaci\u00f3n de 360\u00ba y Alcance de 9.1 metros. Con montaje M\u00e1gnetico y para Tripoide<\/p>\n","protected":false},"featured_media":42809,"comment_status":"open","ping_status":"closed","template":"","meta":[],"product_brand":[],"product_cat":[24],"product_tag":[26,25,432],"class_list":{"0":"post-42810","1":"product","2":"type-product","3":"status-publish","4":"has-post-thumbnail","6":"product_cat-accesorios-de-instalacion","7":"product_tag-accesorios-de-instalacion","8":"product_tag-herramientas","9":"product_tag-klein-tools","11":"first","12":"instock","13":"sale","14":"shipping-taxable","15":"purchasable","16":"product-type-simple"},"_links":{"self":[{"href":"https:\/\/soydeaqui.ddns.net\/pachuca\/index.php\/wp-json\/wp\/v2\/product\/42810","targetHints":{"allow":["GET"]}}],"collection":[{"href":"https:\/\/soydeaqui.ddns.net\/pachuca\/index.php\/wp-json\/wp\/v2\/product"}],"about":[{"href":"https:\/\/soydeaqui.ddns.net\/pachuca\/index.php\/wp-json\/wp\/v2\/types\/product"}],"replies":[{"embeddable":true,"href":"https:\/\/soydeaqui.ddns.net\/pachuca\/index.php\/wp-json\/wp\/v2\/comments?post=42810"}],"wp:featuredmedia":[{"embeddable":true,"href":"https:\/\/soydeaqui.ddns.net\/pachuca\/index.php\/wp-json\/wp\/v2\/media\/42809"}],"wp:attachment":[{"href":"https:\/\/soydeaqui.ddns.net\/pachuca\/index.php\/wp-json\/wp\/v2\/media?parent=42810"}],"wp:term":[{"taxonomy":"product_brand","embeddable":true,"href":"https:\/\/soydeaqui.ddns.net\/pachuca\/index.php\/wp-json\/wp\/v2\/product_brand?post=42810"},{"taxonomy":"product_cat","embeddable":true,"href":"https:\/\/soydeaqui.ddns.net\/pachuca\/index.php\/wp-json\/wp\/v2\/product_cat?post=42810"},{"taxonomy":"product_tag","embeddable":true,"href":"https:\/\/soydeaqui.ddns.net\/pachuca\/index.php\/wp-json\/wp\/v2\/product_tag?post=42810"}],"curies":[{"name":"wp","href":"https:\/\/api.w.org\/{rel}","templated":true}]}}