{"id":42747,"date":"2026-03-18T18:50:39","date_gmt":"2026-03-18T18:50:39","guid":{"rendered":"https:\/\/soydeaqui.ddns.net\/pachuca\/index.php\/producto\/bracket-para-e-box-48100r-no-incluye-bateria-2\/"},"modified":"2026-03-18T18:50:45","modified_gmt":"2026-03-18T18:50:45","slug":"bracket-para-e-box-48100r-no-incluye-bateria-2","status":"publish","type":"product","link":"https:\/\/soydeaqui.ddns.net\/pachuca\/index.php\/producto\/bracket-para-e-box-48100r-no-incluye-bateria-2\/","title":{"rendered":"Bracket para  E-BOX-48100R (no incluye bater\u00eda)"},"content":{"rendered":"<div style='width: 100%; max-width: 1200px; margin: 0 auto; font-family: sans-serif; line-height: 1.6; color: inherit; background-color: transparent;'>\n<div style='display: flex; flex-wrap: wrap; gap: 30px; margin-bottom: 30px;'>\n<div style='flex: 1 1 300px; min-width: 280px;'>\n<h3 style='font-size: 22px; border-bottom: 2px solid currentColor; padding-bottom: 5px; margin-top: 0; color: inherit; opacity: 0.8;'>Introducci\u00f3n<\/h3>\n<p style='font-size: 15px; color: inherit;'>Para instalar la bater\u00eda E-BOX-48100R de forma m\u00e1s c\u00f3moda y reducir los costes de instalaci\u00f3n&comma; DLG ha desarrollado este soporte para bater\u00eda. Puede usarlo con una sola bater\u00eda o con varios paquetes de bater\u00edas. En comparaci\u00f3n con el almacenamiento en armarios&comma; adem\u00e1s de ocupar menos espacio&comma; el soporte puede ventilar y reducir el calor mucho m\u00e1s f\u00e1cilmente.<\/p>\n<\/p><\/div>\n<\/p><\/div>\n<div style='display: flex; flex-wrap: wrap; gap: 20px; margin-bottom: 30px;'>\n<div style='flex: 1 1 250px; border: 1px solid rgba(150&comma; 150&comma; 150&comma; 0.4); border-radius: 8px; overflow: hidden; display: flex; flex-direction: column;'>\n<div style='padding: 15px; border-bottom: 1px solid rgba(150&comma; 150&comma; 150&comma; 0.2); font-weight: bold; font-size: 18px; color: inherit;'>Par\u00e1metros<\/div>\n<div style='padding: 15px; color: inherit;'>\n<ul style='padding-left: 20px; margin: 0; font-size: 14px; list-style-type: disc;'>\n<li style='margin-bottom: 5px;'><strong>Dimensi\u00f3n unitaria:<\/strong> 146mm*50mm*447mm(2U)<\/li>\n<li style='margin-bottom: 5px;'><strong>Peso unitario:<\/strong> 1.15kg<\/li>\n<\/ul><\/div>\n<\/p><\/div>\n<\/p><\/div>\n<div style='display: flex; flex-wrap: wrap; gap: 30px; margin-bottom: 30px;'>\n<div style='flex: 1 1 300px; min-width: 280px;'>\n<h3 style='font-size: 22px; border-bottom: 2px solid currentColor; padding-bottom: 5px; margin-top: 0; color: inherit; opacity: 0.8;'>Instalaci\u00f3n<\/h3>\n<div style='font-size: 15px; color: inherit;'>\n<p><strong>Bater\u00eda \u00fanica:<\/strong> una bater\u00eda debe estar equipada con 2 soportes.<\/p>\n<p>Tenga en cuenta que los soportes delantero y trasero son diferentes.<\/p>\n<p>El soporte frontal tiene orificios para tornillos adicionales para conectar con el panel de la bater\u00eda.<\/p>\n<p>Instale la bater\u00eda y el soporte horizontalmente durante la instalaci\u00f3n para evitar rayar el revestimiento aislante de la superficie de la bater\u00eda.<\/p>\n<p> <\/p>\n<p><strong>Varias bater\u00edas:<\/strong> El primer paso es instalar una sola bater\u00eda en el soporte.<\/p>\n<p>El m\u00e9todo de instalaci\u00f3n es el mismo que el m\u00e9todo anterior.<\/p>\n<p>El segundo paso requiere el montaje de la bater\u00eda.<\/p>\n<p>Hay cuatro hebillas en cada soporte.<\/p>\n<p>Despu\u00e9s de apilar las dos bater\u00edas&comma; se deben bloquear las hebillas de los soportes superior e inferior.<\/p>\n<p>Se recomienda apilar hasta 3 bater\u00edas.<\/p>\n<\/p><\/div>\n<\/p><\/div>\n<\/p><\/div>\n<hr style='border: 0; border-top: 1px solid rgba(150&comma; 150&comma; 150&comma; 0.3); margin: 30px 0;'> <\/div>\n","protected":false},"excerpt":{"rendered":"<p>Bracket para  E-BOX-48100R (no incluye bater\u00eda)<\/p>\n","protected":false},"featured_media":42746,"comment_status":"open","ping_status":"closed","template":"","meta":[],"product_brand":[],"product_cat":[1127],"product_tag":[1085,741,1128],"class_list":{"0":"post-42747","1":"product","2":"type-product","3":"status-publish","4":"has-post-thumbnail","6":"product_cat-terminales-y-accesorios","7":"product_tag-baterias-y-cargadores","8":"product_tag-pytes","9":"product_tag-terminales-y-accesorios","11":"first","12":"instock","13":"sale","14":"shipping-taxable","15":"purchasable","16":"product-type-simple"},"_links":{"self":[{"href":"https:\/\/soydeaqui.ddns.net\/pachuca\/index.php\/wp-json\/wp\/v2\/product\/42747","targetHints":{"allow":["GET"]}}],"collection":[{"href":"https:\/\/soydeaqui.ddns.net\/pachuca\/index.php\/wp-json\/wp\/v2\/product"}],"about":[{"href":"https:\/\/soydeaqui.ddns.net\/pachuca\/index.php\/wp-json\/wp\/v2\/types\/product"}],"replies":[{"embeddable":true,"href":"https:\/\/soydeaqui.ddns.net\/pachuca\/index.php\/wp-json\/wp\/v2\/comments?post=42747"}],"wp:featuredmedia":[{"embeddable":true,"href":"https:\/\/soydeaqui.ddns.net\/pachuca\/index.php\/wp-json\/wp\/v2\/media\/42746"}],"wp:attachment":[{"href":"https:\/\/soydeaqui.ddns.net\/pachuca\/index.php\/wp-json\/wp\/v2\/media?parent=42747"}],"wp:term":[{"taxonomy":"product_brand","embeddable":true,"href":"https:\/\/soydeaqui.ddns.net\/pachuca\/index.php\/wp-json\/wp\/v2\/product_brand?post=42747"},{"taxonomy":"product_cat","embeddable":true,"href":"https:\/\/soydeaqui.ddns.net\/pachuca\/index.php\/wp-json\/wp\/v2\/product_cat?post=42747"},{"taxonomy":"product_tag","embeddable":true,"href":"https:\/\/soydeaqui.ddns.net\/pachuca\/index.php\/wp-json\/wp\/v2\/product_tag?post=42747"}],"curies":[{"name":"wp","href":"https:\/\/api.w.org\/{rel}","templated":true}]}}