{"id":42670,"date":"2026-03-18T18:48:25","date_gmt":"2026-03-18T18:48:25","guid":{"rendered":"https:\/\/soydeaqui.ddns.net\/pachuca\/index.php\/producto\/1-tornillo-allen-milimetrico-de-acero-inoxidable-m8-1-25-x-60-con-1-tuerca-1-arandela-de-presion-y-1-plana-para-montajes-de-modulos-foto-voltaicos\/"},"modified":"2026-03-18T18:48:26","modified_gmt":"2026-03-18T18:48:26","slug":"1-tornillo-allen-milimetrico-de-acero-inoxidable-m8-1-25-x-60-con-1-tuerca-1-arandela-de-presion-y-1-plana-para-montajes-de-modulos-foto-voltaicos","status":"publish","type":"product","link":"https:\/\/soydeaqui.ddns.net\/pachuca\/index.php\/producto\/1-tornillo-allen-milimetrico-de-acero-inoxidable-m8-1-25-x-60-con-1-tuerca-1-arandela-de-presion-y-1-plana-para-montajes-de-modulos-foto-voltaicos\/","title":{"rendered":"1 Tornillo Allen Milim\u00e9trico de Acero Inoxidable  M8-1.25 x 60\/ Con 1 Tuerca, 1 Arandela de Presi\u00f3n y 1 Plana \/ Para Montajes de M\u00f3dulos Foto Voltaicos ."},"content":{"rendered":"<div style='width: 100%; max-width: 1200px; margin: 0 auto; font-family: sans-serif; line-height: 1.6; color: inherit; background-color: transparent;'> <!-- Secci\u00f3n de caracter\u00edsticas principales --> <\/p>\n<div style='display: flex; flex-wrap: wrap; gap: 30px; margin-bottom: 30px;'>\n<div style='flex: 1 1 300px; min-width: 280px;'>\n<h3 style='font-size: 22px; border-bottom: 2px solid currentColor; padding-bottom: 5px; margin-top: 0; color: inherit; opacity: 0.8;'>Caracter\u00edsticas Principales<\/h3>\n<ul style='padding-left: 20px; font-size: 15px; color: inherit;'>\n<li style='margin-bottom: 5px;'>Tornillo M8x60 de acero inoxidable robusto<\/li>\n<li style='margin-bottom: 5px;'>Incluye arandela plana para estabilidad<\/li>\n<li style='margin-bottom: 5px;'>Arandela de presi\u00f3n para mayor sujeci\u00f3n<\/li>\n<li style='margin-bottom: 5px;'>Ideal para m\u00f3dulos fotovoltaicos<\/li>\n<li style='margin-bottom: 5px;'>Componentes individuales para estructuras personalizadas<\/li>\n<\/ul><\/div>\n<\/p><\/div>\n<p> <!-- Secci\u00f3n de especificaciones t\u00e9cnicas --> <\/p>\n<div style='display: flex; flex-wrap: wrap; gap: 20px; margin-bottom: 30px;'>\n<div style='flex: 1 1 250px; border: 1px solid rgba(150&comma; 150&comma; 150&comma; 0.4); border-radius: 8px; overflow: hidden; display: flex; flex-direction: column;'>\n<div style='padding: 15px; border-bottom: 1px solid rgba(150&comma; 150&comma; 150&comma; 0.2); font-weight: bold; font-size: 18px; color: inherit;'>Especificaciones T\u00e9cnicas<\/div>\n<div style='padding: 15px; color: inherit;'>\n<ul style='padding-left: 20px; margin: 0; font-size: 14px; list-style-type: disc;'>\n<li style='margin-bottom: 5px;'><strong>Di\u00e1metro:<\/strong> M8<\/li>\n<li style='margin-bottom: 5px;'><strong>Paso:<\/strong> 1.25 mm<\/li>\n<li style='margin-bottom: 5px;'><strong>Longitud:<\/strong> 60 mm<\/li>\n<li style='margin-bottom: 5px;'><strong>Material:<\/strong> Acero inoxidable 304<\/li>\n<li style='margin-bottom: 5px;'><strong>Norma dimensional:<\/strong> DIN 127<\/li>\n<li style='margin-bottom: 5px;'><strong>Resistencia a la tracci\u00f3n:<\/strong> 85&comma;000 &#8211; 150&comma;000 PSI<\/li>\n<li style='margin-bottom: 5px;'><strong>Tensi\u00f3n de fluencia m\u00ednima:<\/strong> 40&comma;000 PSI<\/li>\n<li style='margin-bottom: 5px;'><strong>Dureza m\u00ednima:<\/strong> HRB 85<\/li>\n<\/ul><\/div>\n<\/p><\/div>\n<p> <!-- Secci\u00f3n de composici\u00f3n qu\u00edmica --> <\/p>\n<div style='flex: 1 1 250px; border: 1px solid rgba(150&comma; 150&comma; 150&comma; 0.4); border-radius: 8px; overflow: hidden; display: flex; flex-direction: column;'>\n<div style='padding: 15px; border-bottom: 1px solid rgba(150&comma; 150&comma; 150&comma; 0.2); font-weight: bold; font-size: 18px; color: inherit;'>Composici\u00f3n Qu\u00edmica (Acero Inoxidable 304)<\/div>\n<div style='padding: 15px; color: inherit;'>\n<ul style='padding-left: 20px; margin: 0; font-size: 14px; list-style-type: disc;'>\n<li style='margin-bottom: 5px;'><strong>Carb\u00f3n:<\/strong> M\u00e1x. 0.08%<\/li>\n<li style='margin-bottom: 5px;'><strong>Manganeso:<\/strong> M\u00e1x. 2%<\/li>\n<li style='margin-bottom: 5px;'><strong>Silicio:<\/strong> M\u00e1x. 1%<\/li>\n<li style='margin-bottom: 5px;'><strong>F\u00f3sforo:<\/strong> M\u00e1x. 0.045%<\/li>\n<li style='margin-bottom: 5px;'><strong>Azufre:<\/strong> M\u00e1x. 0.03%<\/li>\n<li style='margin-bottom: 5px;'><strong>Cromo:<\/strong> 18 &#8211; 20%<\/li>\n<li style='margin-bottom: 5px;'><strong>N\u00edquel:<\/strong> 8 &#8211; 10%<\/li>\n<\/ul><\/div>\n<\/p><\/div>\n<\/p><\/div>\n<p> <!-- Secci\u00f3n de observaciones --> <\/p>\n<div style='display: flex; flex-wrap: wrap; gap: 30px; margin-bottom: 30px;'>\n<div style='flex: 1 1 300px; min-width: 280px;'>\n<h3 style='font-size: 22px; border-bottom: 2px solid currentColor; padding-bottom: 5px; margin-top: 0; color: inherit; opacity: 0.8;'>Observaciones<\/h3>\n<ul style='padding-left: 20px; font-size: 15px; color: inherit;'>\n<li style='margin-bottom: 5px;'>El uso de piezas individuales fuera de kits&comma; para armado de estructuras a medidas es responsabilidad del instalador<\/li>\n<\/ul><\/div>\n<\/p><\/div>\n<p> <!-- Separador --> <\/p>\n<hr style='border: 0; border-top: 1px solid rgba(150&comma; 150&comma; 150&comma; 0.3); margin: 30px 0;'> <\/div>\n","protected":false},"excerpt":{"rendered":"<p>1 Tornillo Allen Milim\u00e9trico de Acero Inoxidable  M8-1.25 x 60\/ Con 1 Tuerca, 1 Arandela de Presi\u00f3n y 1 Plana \/ Para Montajes de M\u00f3dulos Foto Voltaicos .<\/p>\n","protected":false},"featured_media":42669,"comment_status":"open","ping_status":"closed","template":"","meta":[],"product_brand":[],"product_cat":[574],"product_tag":[572,700,575],"class_list":{"0":"post-42670","1":"product","2":"type-product","3":"status-publish","4":"has-post-thumbnail","6":"product_cat-fijacion","7":"product_tag-canalizacion","8":"product_tag-dmt","9":"product_tag-fijacion","11":"first","12":"instock","13":"sale","14":"shipping-taxable","15":"purchasable","16":"product-type-simple"},"_links":{"self":[{"href":"https:\/\/soydeaqui.ddns.net\/pachuca\/index.php\/wp-json\/wp\/v2\/product\/42670","targetHints":{"allow":["GET"]}}],"collection":[{"href":"https:\/\/soydeaqui.ddns.net\/pachuca\/index.php\/wp-json\/wp\/v2\/product"}],"about":[{"href":"https:\/\/soydeaqui.ddns.net\/pachuca\/index.php\/wp-json\/wp\/v2\/types\/product"}],"replies":[{"embeddable":true,"href":"https:\/\/soydeaqui.ddns.net\/pachuca\/index.php\/wp-json\/wp\/v2\/comments?post=42670"}],"wp:featuredmedia":[{"embeddable":true,"href":"https:\/\/soydeaqui.ddns.net\/pachuca\/index.php\/wp-json\/wp\/v2\/media\/42669"}],"wp:attachment":[{"href":"https:\/\/soydeaqui.ddns.net\/pachuca\/index.php\/wp-json\/wp\/v2\/media?parent=42670"}],"wp:term":[{"taxonomy":"product_brand","embeddable":true,"href":"https:\/\/soydeaqui.ddns.net\/pachuca\/index.php\/wp-json\/wp\/v2\/product_brand?post=42670"},{"taxonomy":"product_cat","embeddable":true,"href":"https:\/\/soydeaqui.ddns.net\/pachuca\/index.php\/wp-json\/wp\/v2\/product_cat?post=42670"},{"taxonomy":"product_tag","embeddable":true,"href":"https:\/\/soydeaqui.ddns.net\/pachuca\/index.php\/wp-json\/wp\/v2\/product_tag?post=42670"}],"curies":[{"name":"wp","href":"https:\/\/api.w.org\/{rel}","templated":true}]}}