{"id":4266,"date":"2026-03-18T06:17:15","date_gmt":"2026-03-18T06:17:15","guid":{"rendered":"https:\/\/soydeaqui.ddns.net\/pachuca\/index.php\/producto\/sensor-de-movimiento-360-de-deteccion-cableado-montado-en-techo-aplicacion-de-encendido-de-luces\/"},"modified":"2026-03-18T06:17:16","modified_gmt":"2026-03-18T06:17:16","slug":"sensor-de-movimiento-360-de-deteccion-cableado-montado-en-techo-aplicacion-de-encendido-de-luces","status":"publish","type":"product","link":"https:\/\/soydeaqui.ddns.net\/pachuca\/index.php\/producto\/sensor-de-movimiento-360-de-deteccion-cableado-montado-en-techo-aplicacion-de-encendido-de-luces\/","title":{"rendered":"Sensor de movimiento \/ 360\u00b0 De detecci\u00f3n \/ Cableado \/ Montado en techo \/ Aplicaci\u00f3n de Encendido de luces"},"content":{"rendered":"<div style='width: 100%; max-width: 1200px; margin: 0 auto; font-family: sans-serif; line-height: 1.6; color: inherit; background-color: transparent;'> <!-- Descripci\u00f3n principal --> <\/p>\n<div style='margin-bottom: 30px;'>\n<h2 style='font-size: 24px; margin-top: 0; margin-bottom: 15px; color: inherit; opacity: 0.9;'>Detalles del producto<\/h2>\n<p style='font-size: 15px; color: inherit; margin-bottom: 20px; text-align: justify;'>Con su lente esf\u00e9rica \u00fanica y de larga duraci\u00f3n&comma; el detector para montaje en techo FX-360 ofrece una detecci\u00f3n incomparable de 360\u00b0 y 12m de di\u00e1metro&comma; ideal para proteger vest\u00edbulos. El dise\u00f1o elegante y compacto del FX-360 se adapta a todo tipo de instalaciones. Cuenta con tecnolog\u00eda de protecci\u00f3n contra falsas alarmas (protecci\u00f3n RFI&comma; protecci\u00f3n contra la temperatura y reducci\u00f3n de ruidos) de manera est\u00e1ndar&comma; ofreciendo gran fiabilidad de detecci\u00f3n.<\/p>\n<\/p><\/div>\n<p> <!-- Secciones en grid --> <\/p>\n<div style='display: grid; grid-template-columns: 1fr 1fr; gap: 30px; margin-bottom: 30px;'>\n<div>\n<h3 style='font-size: 20px; border-bottom: 2px solid currentColor; padding-bottom: 5px; margin-top: 0; color: inherit; opacity: 0.8;'>Aplicaciones<\/h3>\n<ul style='padding-left: 20px; font-size: 14px; color: inherit;'>\n<li style='margin-bottom: 5px;'>Edificios<\/li>\n<\/ul><\/div>\n<div>\n<h3 style='font-size: 20px; border-bottom: 2px solid currentColor; padding-bottom: 5px; margin-top: 0; color: inherit; opacity: 0.8;'>Caracter\u00edsticas<\/h3>\n<ul style='padding-left: 20px; font-size: 14px; color: inherit;'>\n<li style='margin-bottom: 5px;'>Salida de alarma y tamper contra sabotaje<\/li>\n<li style='margin-bottom: 5px;'>Lente esf\u00e9rica dura<\/li>\n<li style='margin-bottom: 5px;'>Control de calidad avanzado<\/li>\n<li style='margin-bottom: 5px;'>Protecci\u00f3n de temperatura<\/li>\n<\/ul><\/div>\n<\/p><\/div>\n<p> <!-- Imagen --> <\/p>\n<div style='margin-bottom: 30px;'> <img style='width: 100%; height: auto; border: 1px solid rgba(150&comma;150&comma;150&comma;0.3); border-radius: 8px;' src='https:\/\/s3-eu-west-1.amazonaws.com\/optex-europe\/sensor-downloads\/optex-fx-360-specifications.JPG' alt=''> <\/div>\n<p> <!-- Separador --> <\/p>\n<hr style='border: 0; border-top: 1px solid rgba(150&comma; 150&comma; 150&comma; 0.3); margin: 30px 0;'> <\/div>\n","protected":false},"excerpt":{"rendered":"<p>Sensor de movimiento \/ 360\u00b0 De detecci\u00f3n \/ Cableado \/ Montado en techo \/ Aplicaci\u00f3n de Encendido de luces<\/p>\n","protected":false},"featured_media":4265,"comment_status":"open","ping_status":"closed","template":"","meta":[],"product_brand":[],"product_cat":[18],"product_tag":[19,20,106],"class_list":{"0":"post-4266","1":"product","2":"type-product","3":"status-publish","4":"has-post-thumbnail","6":"product_cat-movimiento-para-interior","7":"product_tag-detectores-sensores","8":"product_tag-movimiento-para-interior","9":"product_tag-optex","11":"first","12":"outofstock","13":"sale","14":"shipping-taxable","15":"purchasable","16":"product-type-simple"},"_links":{"self":[{"href":"https:\/\/soydeaqui.ddns.net\/pachuca\/index.php\/wp-json\/wp\/v2\/product\/4266","targetHints":{"allow":["GET"]}}],"collection":[{"href":"https:\/\/soydeaqui.ddns.net\/pachuca\/index.php\/wp-json\/wp\/v2\/product"}],"about":[{"href":"https:\/\/soydeaqui.ddns.net\/pachuca\/index.php\/wp-json\/wp\/v2\/types\/product"}],"replies":[{"embeddable":true,"href":"https:\/\/soydeaqui.ddns.net\/pachuca\/index.php\/wp-json\/wp\/v2\/comments?post=4266"}],"wp:featuredmedia":[{"embeddable":true,"href":"https:\/\/soydeaqui.ddns.net\/pachuca\/index.php\/wp-json\/wp\/v2\/media\/4265"}],"wp:attachment":[{"href":"https:\/\/soydeaqui.ddns.net\/pachuca\/index.php\/wp-json\/wp\/v2\/media?parent=4266"}],"wp:term":[{"taxonomy":"product_brand","embeddable":true,"href":"https:\/\/soydeaqui.ddns.net\/pachuca\/index.php\/wp-json\/wp\/v2\/product_brand?post=4266"},{"taxonomy":"product_cat","embeddable":true,"href":"https:\/\/soydeaqui.ddns.net\/pachuca\/index.php\/wp-json\/wp\/v2\/product_cat?post=4266"},{"taxonomy":"product_tag","embeddable":true,"href":"https:\/\/soydeaqui.ddns.net\/pachuca\/index.php\/wp-json\/wp\/v2\/product_tag?post=4266"}],"curies":[{"name":"wp","href":"https:\/\/api.w.org\/{rel}","templated":true}]}}